{"id":1806409,"date":"2023-03-22T09:56:43","date_gmt":"2023-03-22T08:56:43","guid":{"rendered":"https:\/\/marketing.harmonelo.io\/mikrobiom-zhrnutie-zakladnych-informacii-2\/"},"modified":"2024-03-01T17:08:36","modified_gmt":"2024-03-01T16:08:36","slug":"mikrobiom-zhrnutie-zakladnych-informacii-2","status":"publish","type":"page","link":"https:\/\/marketing.harmonelo.io\/sk\/mikrobiom-zhrnutie-zakladnych-informacii-2\/","title":{"rendered":"Mikrobi\u00f3m: zhrnutie z\u00e1kladn\u00fdch inform\u00e1ci\u00ed"},"content":{"rendered":"\n<p class=\"has-text-align-center\">Ako sa hovor\u00ed, opakovanie je matkou m\u00fadrosti. M\u00e1te <mark style=\"background-color:rgba(0, 0, 0, 0)\" class=\"has-inline-color has-primary-color\">z\u00e1kladn\u00e9 fakty <\/mark>o mikrobi\u00f3me v mal\u00ed\u010dku? Ak nie, d\u00fafame, \u017ee tento pr\u00edspevok bude pre v\u00e1s u\u017eito\u010dn\u00fd.<\/p>\n\n<hr class=\"wp-block-separator has-alpha-channel-opacity\"\/>\n\n<figure class=\"wp-block-image size-large\"><img loading=\"lazy\" decoding=\"async\" width=\"1024\" height=\"683\" src=\"https:\/\/marketing.harmonelo.io\/wp-content\/uploads\/2023\/03\/pexels-alexander-mils-2103949-1024x683.jpg\" alt=\"\" class=\"wp-image-1070145\" srcset=\"https:\/\/marketing.harmonelo.io\/wp-content\/uploads\/2023\/03\/pexels-alexander-mils-2103949-1024x683.jpg 1024w, https:\/\/marketing.harmonelo.io\/wp-content\/uploads\/2023\/03\/pexels-alexander-mils-2103949-300x200.jpg 300w, https:\/\/marketing.harmonelo.io\/wp-content\/uploads\/2023\/03\/pexels-alexander-mils-2103949-768x512.jpg 768w, https:\/\/marketing.harmonelo.io\/wp-content\/uploads\/2023\/03\/pexels-alexander-mils-2103949-1536x1024.jpg 1536w, https:\/\/marketing.harmonelo.io\/wp-content\/uploads\/2023\/03\/pexels-alexander-mils-2103949-2048x1365.jpg 2048w, https:\/\/marketing.harmonelo.io\/wp-content\/uploads\/2023\/03\/pexels-alexander-mils-2103949-18x12.jpg 18w\" sizes=\"auto, (max-width: 1024px) 100vw, 1024px\" \/><\/figure>\n\n<p class=\"has-text-align-center\"><mark style=\"background-color:rgba(0, 0, 0, 0)\" class=\"has-inline-color has-primary-color\"><strong>\u010co je to mikrobi\u00f3m?<\/strong><\/mark>  S\u00fabor v\u0161etk\u00fdch g\u00e9nov v\u0161etk\u00fdch mikroorganizmov \u017eij\u00facich v na\u0161om organizme. V\u00e4\u010d\u0161ina z n\u00e1s u\u017e pravdepodobne po\u010dula o \u010drevnom mikrobi\u00f3me, ale existuje napr\u00edklad aj ko\u017en\u00fd, vagin\u00e1lny alebo \u00fastny mikrobi\u00f3m.<\/p>\n\n<p class=\"has-text-align-center\"><strong><mark style=\"background-color:rgba(0, 0, 0, 0)\" class=\"has-inline-color has-primary-color\">\u010co v\u0161etko m\u00f4\u017ee ovplyvni\u0165 n\u00e1\u0161 mikrobi\u00f3m?<\/mark><\/strong>  Mikrobi\u00f3m je v s\u00fa\u010dasnosti predmetom mnoh\u00fdch v\u00fdskumov. Mnoh\u00e9 veci n\u00e1m m\u00f4\u017eu zosta\u0165 skryt\u00e9. Je v\u0161ak jasn\u00e9, \u017ee n\u00e1\u0161 mikrobi\u00f3m ovplyv\u0148uje viacero faktorov.<\/p>\n\n<h1 class=\"has-text-align-center wp-block-heading\"><strong><mark style=\"background-color:rgba(0, 0, 0, 0)\" class=\"has-inline-color has-primary-color\">\u010co s\u00fa to napr\u00edklad?<\/mark><\/strong><\/h1>\n\n<ol class=\"wp-block-list\">\n<li>N\u00e1\u0161 celkov\u00fd \u017eivotn\u00fd \u0161t\u00fdl<\/li>\n\n\n\n<li>P\u00f4rod (prirodzen\u00fd\/ cis\u00e1rsky rez)<\/li>\n\n\n\n<li>Doj\u010denie<\/li>\n\n\n\n<li>Doplnenie liekov<\/li>\n\n\n\n<li>V\u0161eobecn\u00fd sp\u00f4sob \u017eivota<\/li>\n\n\n\n<li>Hygiena sp\u00e1nku<\/li>\n\n\n\n<li>Prostredie, v ktorom \u017eijeme<\/li>\n<\/ol>\n\n<div style=\"height:30px\" aria-hidden=\"true\" class=\"wp-block-spacer\"><\/div>\n\n<figure class=\"wp-block-image size-large\"><img loading=\"lazy\" decoding=\"async\" width=\"1024\" height=\"683\" src=\"https:\/\/marketing.harmonelo.io\/wp-content\/uploads\/2023\/03\/pexels-andrea-piacquadio-712413-1024x683.jpg\" alt=\"\" class=\"wp-image-1070146\" srcset=\"https:\/\/marketing.harmonelo.io\/wp-content\/uploads\/2023\/03\/pexels-andrea-piacquadio-712413-1024x683.jpg 1024w, https:\/\/marketing.harmonelo.io\/wp-content\/uploads\/2023\/03\/pexels-andrea-piacquadio-712413-300x200.jpg 300w, https:\/\/marketing.harmonelo.io\/wp-content\/uploads\/2023\/03\/pexels-andrea-piacquadio-712413-768x512.jpg 768w, https:\/\/marketing.harmonelo.io\/wp-content\/uploads\/2023\/03\/pexels-andrea-piacquadio-712413-1536x1024.jpg 1536w, https:\/\/marketing.harmonelo.io\/wp-content\/uploads\/2023\/03\/pexels-andrea-piacquadio-712413-2048x1365.jpg 2048w, https:\/\/marketing.harmonelo.io\/wp-content\/uploads\/2023\/03\/pexels-andrea-piacquadio-712413-18x12.jpg 18w\" sizes=\"auto, (max-width: 1024px) 100vw, 1024px\" \/><\/figure>\n\n<div style=\"height:20px\" aria-hidden=\"true\" class=\"wp-block-spacer\"><\/div>\n\n<p class=\"has-text-align-center\">Ako je u\u017e pravdepodobne jasn\u00e9 z vy\u0161\u0161ie uveden\u00fdch bodov, mikrobi\u00f3m nie je v\u00f4bec jednozna\u010dn\u00fd. Naopak, je to <mark style=\"background-color:rgba(0, 0, 0, 0)\" class=\"has-inline-color has-primary-color\">\n  <strong>komplex mnoh\u00fdch faktorov<\/strong>\n<\/mark>ktor\u00e9 potom formuj\u00fa a ovplyv\u0148uj\u00fa n\u00e1\u0161 mikrobi\u00f3m, ktor\u00fd je <mark style=\"background-color:rgba(0, 0, 0, 0)\" class=\"has-inline-color has-primary-color\">\n  <strong>jedine\u010dn\u00fd<\/strong>\n<\/mark>. Na\u0161e &#8222;desa\u0165 prik\u00e1zan\u00ed&#8220; starostlivosti o mikrobi\u00f3m v\u00e1m m\u00f4\u017ee pom\u00f4c\u0165.<\/p>\n\n<h1 class=\"has-text-align-center wp-block-heading\">Desa\u0165 vec\u00ed, ktor\u00e9 sa postaraj\u00fa o v\u00e1\u0161 mikrobi\u00f3m<\/h1>\n\n<ol class=\"wp-block-list\">\n<li>Podporujte rozmanitos\u0165 svojej mikrobi\u00e1lnej diverzity pestrou stravou.<\/li>\n\n\n\n<li>Ak to nie je absol\u00fatne nevyhnutn\u00e9 (potravinov\u00e1 intolerancia, alergia alebo in\u00e9 probl\u00e9my), sna\u017ete sa zbyto\u010dne nevylu\u010dova\u0165 zo stravy cel\u00e9 skupiny potrav\u00edn.<\/li>\n\n\n\n<li>Nezab\u00fadajte na zeleninu a ovocie, dbajte na sez\u00f3nnos\u0165 a lok\u00e1lnos\u0165.<\/li>\n\n\n\n<li>Jedzte striedmo a pravidelne.<\/li>\n\n\n\n<li>Do svojho jed\u00e1lni\u010dka zara\u010fte potraviny bohat\u00e9 na vl\u00e1kninu.<\/li>\n\n\n\n<li>Vyh\u00fdbajte sa vysoko spracovan\u00fdm potravin\u00e1m.<\/li>\n\n\n\n<li>Myslite na cvi\u010denie a pobyt v pr\u00edrode.<\/li>\n\n\n\n<li>Starajte sa o svoju du\u0161evn\u00fa pohodu.<\/li>\n\n\n\n<li>Nepripravujte sa o kvalitn\u00fd sp\u00e1nok.<\/li>\n\n\n\n<li>D\u00e1vajte si pozor na pitn\u00fd re\u017eim.<\/li>\n<\/ol>\n\n<div style=\"height:27px\" aria-hidden=\"true\" class=\"wp-block-spacer\"><\/div>\n\n<figure class=\"wp-block-image size-large\"><img loading=\"lazy\" decoding=\"async\" width=\"1024\" height=\"683\" src=\"https:\/\/marketing.harmonelo.io\/wp-content\/uploads\/2023\/03\/pexels-alexy-almond-3758053-1-1024x683.jpg\" alt=\"\" class=\"wp-image-1070148\" srcset=\"https:\/\/marketing.harmonelo.io\/wp-content\/uploads\/2023\/03\/pexels-alexy-almond-3758053-1-1024x683.jpg 1024w, https:\/\/marketing.harmonelo.io\/wp-content\/uploads\/2023\/03\/pexels-alexy-almond-3758053-1-300x200.jpg 300w, https:\/\/marketing.harmonelo.io\/wp-content\/uploads\/2023\/03\/pexels-alexy-almond-3758053-1-768x512.jpg 768w, https:\/\/marketing.harmonelo.io\/wp-content\/uploads\/2023\/03\/pexels-alexy-almond-3758053-1-1536x1024.jpg 1536w, https:\/\/marketing.harmonelo.io\/wp-content\/uploads\/2023\/03\/pexels-alexy-almond-3758053-1-2048x1365.jpg 2048w, https:\/\/marketing.harmonelo.io\/wp-content\/uploads\/2023\/03\/pexels-alexy-almond-3758053-1-18x12.jpg 18w\" sizes=\"auto, (max-width: 1024px) 100vw, 1024px\" \/><\/figure>\n\n<h1 class=\"has-text-align-center wp-block-heading\">\u010co to znamen\u00e1?<\/h1>\n\n<p class=\"has-text-align-center\">Mikrobi\u00f3m by sa nemal <mark style=\"background-color:rgba(0, 0, 0, 0)\" class=\"has-inline-color has-primary-color\">podce\u0148ova\u0165<\/mark>. Je \u017eiaduce uva\u017eova\u0165 o t\u00fdchto veciach z <mark style=\"background-color:rgba(0, 0, 0, 0)\" class=\"has-inline-color has-primary-color\">prevent\u00edvneho h\u013eadiska<\/mark> a pozera\u0165 sa na mikrobi\u00f3m ako na nie\u010do <mark style=\"background-color:rgba(0, 0, 0, 0)\" class=\"has-inline-color has-primary-color\">komplexn\u00e9<\/mark>. Zdravie m\u00e1me len jedno, tak <mark style=\"background-color:rgba(0, 0, 0, 0)\" class=\"has-inline-color has-primary-color\">si<\/mark> ho <mark style=\"background-color:rgba(0, 0, 0, 0)\" class=\"has-inline-color has-primary-color\">nepresta\u0148te v\u00e1\u017ei\u0165<\/mark> a stara\u0165 sa o\u0148.<\/p>\n\n<div class=\"wp-block-buttons is-layout-flex wp-block-buttons-is-layout-flex\">\n<div class=\"wp-block-button aligncenter\"><a class=\"wp-block-button__link wp-element-button\" href=\"https:\/\/harmonelo.com\/harmonelo-smart-probio-d610\/\" target=\"_blank\" rel=\"noreferrer noopener\">CHCEM PRESK\u00daMA\u0164 HARMONELO SMART PROBIO<\/a><\/div>\n<\/div>\n\n<div class=\"wp-block-buttons is-layout-flex wp-block-buttons-is-layout-flex\">\n<div class=\"wp-block-button aligncenter\"><a class=\"wp-block-button__link wp-element-button\" href=\"https:\/\/harmonelo.com\/harmonelo-probione-d611\/\" target=\"_blank\" rel=\"noreferrer noopener\">CHCEM TO SK\u00daSI\u0164 HARMONELO PROBIONE<\/a><\/div>\n<\/div>\n","protected":false},"excerpt":{"rendered":"<p>Ako sa hovor\u00ed, opakovanie je matkou m\u00fadrosti. M\u00e1te z\u00e1kladn\u00e9 fakty o mikrobi\u00f3me v mal\u00ed\u010dku? Ak nie, d\u00fafame, \u017ee tento pr\u00edspevok bude pre v\u00e1s u\u017eito\u010dn\u00fd. \u010co je to mikrobi\u00f3m? S\u00fabor v\u0161etk\u00fdch g\u00e9nov v\u0161etk\u00fdch mikroorganizmov \u017eij\u00facich v na\u0161om organizme. V\u00e4\u010d\u0161ina z n\u00e1s u\u017e pravdepodobne po\u010dula o \u010drevnom mikrobi\u00f3me, ale existuje napr\u00edklad aj ko\u017en\u00fd, vagin\u00e1lny alebo \u00fastny mikrobi\u00f3m. [&hellip;]<\/p>\n","protected":false},"author":5,"featured_media":0,"parent":0,"menu_order":0,"comment_status":"closed","ping_status":"closed","template":"","meta":{"_eb_attr":"","footnotes":""},"class_list":["post-1806409","page","type-page","status-publish","hentry"],"_links":{"self":[{"href":"https:\/\/marketing.harmonelo.io\/sk\/wp-json\/wp\/v2\/pages\/1806409","targetHints":{"allow":["GET"]}}],"collection":[{"href":"https:\/\/marketing.harmonelo.io\/sk\/wp-json\/wp\/v2\/pages"}],"about":[{"href":"https:\/\/marketing.harmonelo.io\/sk\/wp-json\/wp\/v2\/types\/page"}],"author":[{"embeddable":true,"href":"https:\/\/marketing.harmonelo.io\/sk\/wp-json\/wp\/v2\/users\/5"}],"replies":[{"embeddable":true,"href":"https:\/\/marketing.harmonelo.io\/sk\/wp-json\/wp\/v2\/comments?post=1806409"}],"version-history":[{"count":1,"href":"https:\/\/marketing.harmonelo.io\/sk\/wp-json\/wp\/v2\/pages\/1806409\/revisions"}],"predecessor-version":[{"id":1806410,"href":"https:\/\/marketing.harmonelo.io\/sk\/wp-json\/wp\/v2\/pages\/1806409\/revisions\/1806410"}],"wp:attachment":[{"href":"https:\/\/marketing.harmonelo.io\/sk\/wp-json\/wp\/v2\/media?parent=1806409"}],"curies":[{"name":"wp","href":"https:\/\/api.w.org\/{rel}","templated":true}]}}