{"id":1806352,"date":"2023-03-10T16:40:49","date_gmt":"2023-03-10T15:40:49","guid":{"rendered":"https:\/\/marketing.harmonelo.io\/novy-cisty-clanok-2\/"},"modified":"2024-03-01T17:07:42","modified_gmt":"2024-03-01T16:07:42","slug":"novy-cisty-clanok-2","status":"publish","type":"page","link":"https:\/\/marketing.harmonelo.io\/sk\/novy-cisty-clanok-2\/","title":{"rendered":"Nov\u00fd \u010dist\u00fd \u010dl\u00e1nok"},"content":{"rendered":"\n<p>Tu sta\u010d\u00ed ak\u00fdko\u013evek text \ud83d\ude42 A najlep\u0161ie na tom je, \u017ee budeme ma\u0165 aj automatick\u00fd preklad. Sta\u010d\u00ed prepn\u00fa\u0165 jazyk v spodnej \u010dasti.<\/p>\n","protected":false},"excerpt":{"rendered":"<p>Tu sta\u010d\u00ed ak\u00fdko\u013evek text \ud83d\ude42 A najlep\u0161ie na tom je, \u017ee budeme ma\u0165 aj automatick\u00fd preklad. Sta\u010d\u00ed prepn\u00fa\u0165 jazyk v spodnej \u010dasti.<\/p>\n","protected":false},"author":2,"featured_media":0,"parent":0,"menu_order":0,"comment_status":"closed","ping_status":"closed","template":"","meta":{"_eb_attr":"","footnotes":""},"class_list":["post-1806352","page","type-page","status-publish","hentry"],"_links":{"self":[{"href":"https:\/\/marketing.harmonelo.io\/sk\/wp-json\/wp\/v2\/pages\/1806352","targetHints":{"allow":["GET"]}}],"collection":[{"href":"https:\/\/marketing.harmonelo.io\/sk\/wp-json\/wp\/v2\/pages"}],"about":[{"href":"https:\/\/marketing.harmonelo.io\/sk\/wp-json\/wp\/v2\/types\/page"}],"author":[{"embeddable":true,"href":"https:\/\/marketing.harmonelo.io\/sk\/wp-json\/wp\/v2\/users\/2"}],"replies":[{"embeddable":true,"href":"https:\/\/marketing.harmonelo.io\/sk\/wp-json\/wp\/v2\/comments?post=1806352"}],"version-history":[{"count":3,"href":"https:\/\/marketing.harmonelo.io\/sk\/wp-json\/wp\/v2\/pages\/1806352\/revisions"}],"predecessor-version":[{"id":1806357,"href":"https:\/\/marketing.harmonelo.io\/sk\/wp-json\/wp\/v2\/pages\/1806352\/revisions\/1806357"}],"wp:attachment":[{"href":"https:\/\/marketing.harmonelo.io\/sk\/wp-json\/wp\/v2\/media?parent=1806352"}],"curies":[{"name":"wp","href":"https:\/\/api.w.org\/{rel}","templated":true}]}}