{"id":1806096,"date":"2023-04-12T10:07:05","date_gmt":"2023-04-12T08:07:05","guid":{"rendered":"https:\/\/marketing.harmonelo.io\/harmonelo-hope-%f0%9f%a6%8b-2\/"},"modified":"2024-03-01T17:01:29","modified_gmt":"2024-03-01T16:01:29","slug":"harmonelo-hope-%f0%9f%a6%8b-2","status":"publish","type":"page","link":"https:\/\/marketing.harmonelo.io\/sk\/harmonelo-hope-%f0%9f%a6%8b-2\/","title":{"rendered":"Harmonelo Hope \ud83e\udd8b"},"content":{"rendered":"\n<hr class=\"wp-block-separator has-alpha-channel-opacity\"\/>\n\n<div style=\"height:20px\" aria-hidden=\"true\" class=\"wp-block-spacer\"><\/div>\n\n<h2 class=\"wp-block-heading has-text-align-center\"> <strong>\n  <em>Laurinkyho cesta<\/em>\n<\/strong> \ud83d\udc63<\/h2>\n\n<figure class=\"wp-block-image aligncenter size-large is-resized\"><img loading=\"lazy\" decoding=\"async\" width=\"1024\" height=\"1024\" src=\"https:\/\/marketing.harmonelo.io\/wp-content\/uploads\/2023\/04\/version1uuid804C32DA-19BB-45FF-A8A5-B28C52B29925modecompatiblenoloc0.jpeg-1024x1024.jpg\" alt=\"\" class=\"wp-image-1333282\" style=\"width:569px;height:569px\" srcset=\"https:\/\/marketing.harmonelo.io\/wp-content\/uploads\/2023\/04\/version1uuid804C32DA-19BB-45FF-A8A5-B28C52B29925modecompatiblenoloc0.jpeg-1024x1024.jpg 1024w, https:\/\/marketing.harmonelo.io\/wp-content\/uploads\/2023\/04\/version1uuid804C32DA-19BB-45FF-A8A5-B28C52B29925modecompatiblenoloc0.jpeg-300x300.jpg 300w, https:\/\/marketing.harmonelo.io\/wp-content\/uploads\/2023\/04\/version1uuid804C32DA-19BB-45FF-A8A5-B28C52B29925modecompatiblenoloc0.jpeg-150x150.jpg 150w, https:\/\/marketing.harmonelo.io\/wp-content\/uploads\/2023\/04\/version1uuid804C32DA-19BB-45FF-A8A5-B28C52B29925modecompatiblenoloc0.jpeg-768x768.jpg 768w, https:\/\/marketing.harmonelo.io\/wp-content\/uploads\/2023\/04\/version1uuid804C32DA-19BB-45FF-A8A5-B28C52B29925modecompatiblenoloc0.jpeg-12x12.jpg 12w, https:\/\/marketing.harmonelo.io\/wp-content\/uploads\/2023\/04\/version1uuid804C32DA-19BB-45FF-A8A5-B28C52B29925modecompatiblenoloc0.jpeg.jpg 1080w\" sizes=\"auto, (max-width: 1024px) 100vw, 1024px\" \/><\/figure>\n\n<h2 class=\"wp-block-heading has-text-align-center\"><em>\u0164a\u017ek\u00fd pr\u00edbeh Laury:<\/em><\/h2>\n\n<p class=\"has-text-align-center\">\ud83e\udd0d \u0160ekmars si 17.2.2022 priviezol Laurinku z nemocnice. Od toho d\u0148a ju maj\u00fa v pest\u00fanskej starostlivosti, ktor\u00fa ur\u010dil s\u00fad. Ako jej star\u00ed rodi\u010dia s\u00fa opr\u00e1vnen\u00ed zastupova\u0165 Laurinku vo v\u0161etk\u00fdch oh\u013eadoch a maj\u00fa rovnak\u00e9 pr\u00e1va ako jej rodi\u010dia. Teraz v\u0161ak s\u00fad st\u00e1le \u010dak\u00e1 na rozhodnutie, \u010di rodi\u010dov zbav\u00ed ich pr\u00e1v a za opatrovn\u00edkov ustanov\u00ed star\u00fdch rodi\u010dov.<\/p>\n\n<p class=\"has-text-align-center\">\ud83e\udd0d Nebolo to \u00faplne jednoduch\u00e9. Pani \u0160ekmarov\u00e1 musela s Laurinkou str\u00e1vi\u0165 10 dn\u00ed v nemocnici v Hradci Kr\u00e1lov\u00e9, kde ju zdravotn\u00edcky person\u00e1l u\u010dil pod\u00e1va\u0165 lieky a stara\u0165 sa o diev\u010datko. N\u00e1sledne zaslali s\u00fadu spr\u00e1vu, ktor\u00e1 sved\u010dila o tom, \u017ee pani \u0160ekmarov\u00e1 sa o chor\u00e9 die\u0165a dok\u00e1zala postara\u0165 a \u017ee bolo zrejm\u00e9, \u017ee Laurinka m\u00e1 k starej mame vr\u00facny vz\u0165ah. \ud83d\udc69\u200d\ud83c\udf7c<\/p>\n\n<p class=\"has-text-align-center\">\ud83e\udd0d Toto odpor\u00fa\u010danie viedlo s\u00fad k rozhodnutiu, \u017ee star\u00ed rodi\u010dia sa o die\u0165a dobre postaraj\u00fa. Ke\u010f\u017ee rodi\u010dia sa o die\u0165a od narodenia <mark style=\"background-color:rgba(0, 0, 0, 0)\" class=\"has-inline-color has-primary-color\">nestaraj\u00fa<\/mark> a u\u017e\u00edvaj\u00fa n\u00e1vykov\u00e9 l\u00e1tky, org\u00e1n soci\u00e1lnopr\u00e1vnej ochrany det\u00ed navrhuje, aby boli rodi\u010dia zbaven\u00ed rodi\u010dovsk\u00fdch pr\u00e1v.<\/p>\n\n<figure class=\"wp-block-image aligncenter size-large is-resized\"><img loading=\"lazy\" decoding=\"async\" width=\"1024\" height=\"1024\" src=\"https:\/\/marketing.harmonelo.io\/wp-content\/uploads\/2023\/03\/2-1024x1024.jpg\" alt=\"\" class=\"wp-image-981759\" style=\"width:577px;height:577px\" srcset=\"https:\/\/marketing.harmonelo.io\/wp-content\/uploads\/2023\/03\/2-1024x1024.jpg 1024w, https:\/\/marketing.harmonelo.io\/wp-content\/uploads\/2023\/03\/2-300x300.jpg 300w, https:\/\/marketing.harmonelo.io\/wp-content\/uploads\/2023\/03\/2-150x150.jpg 150w, https:\/\/marketing.harmonelo.io\/wp-content\/uploads\/2023\/03\/2-768x768.jpg 768w, https:\/\/marketing.harmonelo.io\/wp-content\/uploads\/2023\/03\/2-12x12.jpg 12w, https:\/\/marketing.harmonelo.io\/wp-content\/uploads\/2023\/03\/2.jpg 1200w\" sizes=\"auto, (max-width: 1024px) 100vw, 1024px\" \/><\/figure>\n\n<p class=\"has-text-align-center\">Pom\u00e1hajte n\u00e1m aj na\u010falej prostredn\u00edctvom \u010fal\u0161\u00edch kr\u00e1snych projektov, ktor\u00e9 v\u00e1m postupne predstav\u00edme.<\/p>\n\n<p class=\"has-text-align-center\">Na transparentn\u00e9 \u00fa\u010dty v Raiffeisenbank m\u00f4\u017eete posla\u0165 sumu, ktor\u00fa ste si vybrali:<\/p>\n\n<blockquote class=\"wp-block-quote is-layout-flow wp-block-quote-is-layout-flow\">\n<p class=\"has-text-align-center has-primary-color has-text-color\"><strong>\n  <a href=\"https:\/\/www.rb.cz\/povinne-zverejnovane-informace\/transparentni-ucty?path=transactions&amp;accountNumber=2022102250\" target=\"_blank\" rel=\"noreferrer noopener\">\n    <mark style=\"background-color:rgba(0, 0, 0, 0)\" class=\"has-inline-color has-contrast-color\">2022102250\/5500 K\u010c<\/mark>\n  <\/a>\n<\/strong> (pre pr\u00edspevky v CZK); IBAN: CZ6655000000002022102250 (pre pr\u00edspevky z in\u00fdch kraj\u00edn ako CZ); BIC: RZBCCZP<\/p>\n<\/blockquote>\n\n<blockquote class=\"wp-block-quote is-layout-flow wp-block-quote-is-layout-flow\">\n<p class=\"has-text-align-center has-primary-color has-text-color\"><mark style=\"background-color:rgba(0, 0, 0, 0)\" class=\"has-inline-color has-primary-color\"><a href=\"https:\/\/www.rb.cz\/povinne-zverejnovane-informace\/transparentni-ucty?path=transactions&amp;accountNumber=2022102285\" target=\"_blank\" rel=\"noreferrer noopener\"><strong>EUR 2022102285\/5500<\/strong><\/a> <\/mark>(pre pr\u00edspevky v EUR); IBAN: CZ91550000000000002022102285 (pre pr\u00edspevky z in\u00fdch kraj\u00edn ako CZ); BIC: RZBCCZPP<\/p>\n<\/blockquote>\n\n<div style=\"height:20px\" aria-hidden=\"true\" class=\"wp-block-spacer\"><\/div>\n\n<h2 class=\"wp-block-heading has-text-align-center\">\u010eakujeme, \u017ee n\u00e1m pom\u00e1hate tam, kde je to potrebn\u00e9.<\/h2>\n\n<h2 class=\"wp-block-heading has-text-align-center\">\ud83e\udd8b\ud83e\udd8b\ud83e\udd8b<\/h2>\n\n<p class=\"has-text-align-center has-base-color has-base-background-color has-text-color has-background\"><\/p>\n","protected":false},"excerpt":{"rendered":"<p>Laurinkyho cesta \ud83d\udc63 \u0164a\u017ek\u00fd pr\u00edbeh Laury: \ud83e\udd0d \u0160ekmars si 17.2.2022 priviezol Laurinku z nemocnice. Od toho d\u0148a ju maj\u00fa v pest\u00fanskej starostlivosti, ktor\u00fa ur\u010dil s\u00fad. Ako jej star\u00ed rodi\u010dia s\u00fa opr\u00e1vnen\u00ed zastupova\u0165 Laurinku vo v\u0161etk\u00fdch oh\u013eadoch a maj\u00fa rovnak\u00e9 pr\u00e1va ako jej rodi\u010dia. Teraz v\u0161ak s\u00fad st\u00e1le \u010dak\u00e1 na rozhodnutie, \u010di rodi\u010dov zbav\u00ed ich pr\u00e1v [&hellip;]<\/p>\n","protected":false},"author":5,"featured_media":0,"parent":0,"menu_order":0,"comment_status":"closed","ping_status":"closed","template":"","meta":{"_eb_attr":"","footnotes":""},"class_list":["post-1806096","page","type-page","status-publish","hentry"],"_links":{"self":[{"href":"https:\/\/marketing.harmonelo.io\/sk\/wp-json\/wp\/v2\/pages\/1806096","targetHints":{"allow":["GET"]}}],"collection":[{"href":"https:\/\/marketing.harmonelo.io\/sk\/wp-json\/wp\/v2\/pages"}],"about":[{"href":"https:\/\/marketing.harmonelo.io\/sk\/wp-json\/wp\/v2\/types\/page"}],"author":[{"embeddable":true,"href":"https:\/\/marketing.harmonelo.io\/sk\/wp-json\/wp\/v2\/users\/5"}],"replies":[{"embeddable":true,"href":"https:\/\/marketing.harmonelo.io\/sk\/wp-json\/wp\/v2\/comments?post=1806096"}],"version-history":[{"count":1,"href":"https:\/\/marketing.harmonelo.io\/sk\/wp-json\/wp\/v2\/pages\/1806096\/revisions"}],"predecessor-version":[{"id":1806097,"href":"https:\/\/marketing.harmonelo.io\/sk\/wp-json\/wp\/v2\/pages\/1806096\/revisions\/1806097"}],"wp:attachment":[{"href":"https:\/\/marketing.harmonelo.io\/sk\/wp-json\/wp\/v2\/media?parent=1806096"}],"curies":[{"name":"wp","href":"https:\/\/api.w.org\/{rel}","templated":true}]}}