{"id":1806063,"date":"2023-01-20T20:10:46","date_gmt":"2023-01-20T19:10:46","guid":{"rendered":"https:\/\/marketing.harmonelo.io\/cz-sk-webove-seminare-2\/"},"modified":"2026-04-28T18:08:48","modified_gmt":"2026-04-28T16:08:48","slug":"cz-sk-webove-seminare-2","status":"publish","type":"page","link":"https:\/\/marketing.harmonelo.io\/sk\/cz-sk-webove-seminare-2\/","title":{"rendered":"CZ + SK webov\u00e9 semin\u00e1re"},"content":{"rendered":"\n<h1 class=\"wp-block-heading has-text-align-center\"><em>Z\u00c1ZNAMY PROFESION\u00c1LNYCH LIVESTREAMOV, KTOR\u00c9 SA U\u017d USKUTO\u010cNILI, N\u00c1JDETE V KANCEL\u00c1RII AKO VIP Z\u00c1ZNAMY (80+ PV)<\/em><\/h1>\n\n<figure class=\"wp-block-image size-large\"><img loading=\"lazy\" decoding=\"async\" width=\"1024\" height=\"714\" src=\"https:\/\/marketing.harmonelo.io\/wp-content\/uploads\/2026\/04\/Snimek-obrazovky-2026-04-24-v-9.56.40-1024x714.png\" alt=\"\" class=\"wp-image-1838452\" srcset=\"https:\/\/marketing.harmonelo.io\/wp-content\/uploads\/2026\/04\/Snimek-obrazovky-2026-04-24-v-9.56.40-1024x714.png 1024w, https:\/\/marketing.harmonelo.io\/wp-content\/uploads\/2026\/04\/Snimek-obrazovky-2026-04-24-v-9.56.40-300x209.png 300w, https:\/\/marketing.harmonelo.io\/wp-content\/uploads\/2026\/04\/Snimek-obrazovky-2026-04-24-v-9.56.40-768x536.png 768w, https:\/\/marketing.harmonelo.io\/wp-content\/uploads\/2026\/04\/Snimek-obrazovky-2026-04-24-v-9.56.40-1536x1071.png 1536w, https:\/\/marketing.harmonelo.io\/wp-content\/uploads\/2026\/04\/Snimek-obrazovky-2026-04-24-v-9.56.40-2048x1429.png 2048w\" sizes=\"auto, (max-width: 1024px) 100vw, 1024px\" \/><\/figure>\n\n<hr class=\"wp-block-separator has-alpha-channel-opacity is-style-wide\"\/>\n\n<hr class=\"wp-block-separator has-alpha-channel-opacity is-style-wide\"\/>\n\n<h1 class=\"wp-block-heading has-text-align-center\">OCHUTN\u00c1VKA ZADARMO Z VIP RECORDS: PL\u00c1N KOMPENZ\u00c1CI\u00cd, KTOR\u00dd UMO\u017dNIL VZNIK VIAC AKO 100 MILION\u00c1ROV<\/h1>\n\n<p class=\"has-text-align-center\">Ak si obchodn\u00edk nedok\u00e1\u017ee zarobi\u0165 a u\u017eivi\u0165 sa, potom nem\u00f4\u017ee dlhodobo vykon\u00e1va\u0165 \u017eiadnu \u010dinnos\u0165, aj keby bola sebakres\u0165anskej\u0161ia, a pravdepodobne nakoniec skon\u010d\u00ed s podnikan\u00edm.  <\/p>\n\n<p class=\"has-text-align-center\">Preto je d\u00f4le\u017eit\u00e9 vedie\u0165, \u017ee Harmonelo m\u00e1 nielen prepracovan\u00fd produkt a syst\u00e9m, ale aj cel\u00fd kompenza\u010dn\u00fd pl\u00e1n, ktor\u00fd naj\u0161tedrej\u0161ie odme\u0148uje svojich \u010dlenov za ich pr\u00e1cu, preto\u017ee spolo\u010dnos\u0165 si ve\u013emi cen\u00ed v\u0161etk\u00fdch distrib\u00fatorov.<\/p>\n\n<figure class=\"wp-block-image size-large\"><a href=\"https:\/\/cloud.harmonelo.com\/apps\/sharingpath\/mkarmazin\/HARMONELO\/RECORDINGS\/CZ%20+%20SK\/MLM%20&amp;%20KOMPENZA%C4%8CN%C3%8D%20PL%C3%81N\/Marketing%20Harmonelo%2022.3.2026.mp4\" target=\"_blank\" rel=\" noreferrer noopener\"><img loading=\"lazy\" decoding=\"async\" width=\"1024\" height=\"572\" src=\"https:\/\/marketing.harmonelo.io\/wp-content\/uploads\/2026\/04\/Snimek-obrazovky-2026-04-24-v-10.21.40-1024x572.jpg\" alt=\"\" class=\"wp-image-1838508\" srcset=\"https:\/\/marketing.harmonelo.io\/wp-content\/uploads\/2026\/04\/Snimek-obrazovky-2026-04-24-v-10.21.40-1024x572.jpg 1024w, https:\/\/marketing.harmonelo.io\/wp-content\/uploads\/2026\/04\/Snimek-obrazovky-2026-04-24-v-10.21.40-300x168.jpg 300w, https:\/\/marketing.harmonelo.io\/wp-content\/uploads\/2026\/04\/Snimek-obrazovky-2026-04-24-v-10.21.40-768x429.jpg 768w, https:\/\/marketing.harmonelo.io\/wp-content\/uploads\/2026\/04\/Snimek-obrazovky-2026-04-24-v-10.21.40-1536x858.jpg 1536w, https:\/\/marketing.harmonelo.io\/wp-content\/uploads\/2026\/04\/Snimek-obrazovky-2026-04-24-v-10.21.40-2048x1145.jpg 2048w\" sizes=\"auto, (max-width: 1024px) 100vw, 1024px\" \/><\/a><figcaption class=\"wp-element-caption\">Sn\u00edmka obrazovky zo \u0161kolenia o marketingu a kompenza\u010dnom pl\u00e1ne Harmonelo 3.0<\/figcaption><\/figure>\n\n<p class=\"has-text-align-center has-small-font-size\">Pom\u00e1ha\u0165 \u013eu\u010fom s t\u00fdm najcennej\u0161\u00edm, \u010do maj\u00fa &#8211; s ich zdrav\u00edm &#8211; existuje kraj\u0161ie poslanie? Harmonelo nie je len pr\u00e1ca alebo podnikanie &#8211; je to skuto\u010dn\u00e9 poslanie, ktor\u00e9 m\u00e1 silu lie\u010di\u0165 nielen hlavu a telo, ale dokonca aj pe\u0148a\u017eenku. <\/p>\n\n<p class=\"has-text-align-center has-small-font-size\">\u017dia\u013e, \u017eijeme v materi\u00e1lnom svete, a ak chcete n\u00e1js\u0165 pokoj v du\u0161i, mus\u00edte ma\u0165 vyrie\u0161en\u00fa aj pr\u00edjmov\u00fa str\u00e1nku a dobrou spr\u00e1vou je, \u017ee ak ste naozaj zap\u00e1len\u00ed pre Harmonelo, nemus\u00edte si h\u013eada\u0165 in\u00fa &#8222;pr\u00e1cu&#8220;. Preto\u017ee aj t\u00fa Harmonelo efekt\u00edvne rie\u0161i. Odkia\u013e presne poch\u00e1dzaj\u00fa v\u0161etky tie \u0161tedr\u00e9 odmeny?    <\/p>\n\n<p class=\"has-text-align-center has-small-font-size\">Dozviete sa to na \u010fal\u0161om \u0161kolen\u00ed, ktor\u00e9 bolo predt\u00fdm ur\u010den\u00e9 len pre na\u0161ich najakt\u00edvnej\u0161\u00edch \u010dlenov a teraz, preto\u017ee v\u00e1s spolo\u010dnos\u0165 chce podpori\u0165, m\u00e1te k tomuto z\u00e1znamu pr\u00edstup aj vy &#8211; tak na \u010do \u010dak\u00e1te, vyu\u017eite to! \ud83d\ude42  <\/p>\n\n<div class=\"wp-block-buttons is-content-justification-center is-layout-flex wp-container-core-buttons-is-layout-a89b3969 wp-block-buttons-is-layout-flex\">\n<div class=\"wp-block-button\"><a class=\"wp-block-button__link wp-element-button\" href=\"https:\/\/cloud.harmonelo.com\/apps\/sharingpath\/mkarmazin\/HARMONELO\/RECORDINGS\/CZ%20+%20SK\/MLM%20&amp;%20KOMPENZA%C4%8CN%C3%8D%20PL%C3%81N\/Marketing%20Harmonelo%2022.3.2026.mp4\" target=\"_blank\" rel=\"noreferrer noopener\">CHCEM ZISTI\u0164, PRE\u010cO JE HARMONELO MARKETING NAJLEP\u0160\u00cd<\/a><\/div>\n<\/div>\n\n<hr class=\"wp-block-separator has-alpha-channel-opacity is-style-wide\"\/>\n\n<hr class=\"wp-block-separator has-alpha-channel-opacity is-style-wide\"\/>\n\n<h1 class=\"wp-block-heading has-text-align-center\" style=\"margin-top:var(--wp--preset--spacing--medium);margin-right:var(--wp--preset--spacing--medium);margin-bottom:var(--wp--preset--spacing--medium);margin-left:var(--wp--preset--spacing--medium)\"><em>MLM KURZ &#8211; 8 KROKOV K VYBUDOVANIU SIETE (MLM BIBLIA OD &#8222;A&#8220; PO &#8222;Z&#8220;)<\/em><\/h1>\n\n<figure class=\"wp-block-image size-large\"><a href=\"https:\/\/harmonelo.com\/cs\/products\/MLM_SYSTEM\" target=\"_blank\" rel=\"noreferrer noopener\"><img loading=\"lazy\" decoding=\"async\" width=\"1024\" height=\"857\" src=\"https:\/\/marketing.harmonelo.io\/wp-content\/uploads\/2026\/04\/Snimek-obrazovky-2026-04-24-v-10.01.09-1024x857.png\" alt=\"\" class=\"wp-image-1838466\" srcset=\"https:\/\/marketing.harmonelo.io\/wp-content\/uploads\/2026\/04\/Snimek-obrazovky-2026-04-24-v-10.01.09-1024x857.png 1024w, https:\/\/marketing.harmonelo.io\/wp-content\/uploads\/2026\/04\/Snimek-obrazovky-2026-04-24-v-10.01.09-300x251.png 300w, https:\/\/marketing.harmonelo.io\/wp-content\/uploads\/2026\/04\/Snimek-obrazovky-2026-04-24-v-10.01.09-768x643.png 768w, https:\/\/marketing.harmonelo.io\/wp-content\/uploads\/2026\/04\/Snimek-obrazovky-2026-04-24-v-10.01.09-1536x1285.png 1536w, https:\/\/marketing.harmonelo.io\/wp-content\/uploads\/2026\/04\/Snimek-obrazovky-2026-04-24-v-10.01.09.png 1678w\" sizes=\"auto, (max-width: 1024px) 100vw, 1024px\" \/><\/a><\/figure>\n\n<h2 class=\"wp-block-heading has-text-align-center\">\u010co v\u00e1s nau\u010d\u00ed tento 11-hodinov\u00fd video kurz?<\/h2>\n\n<h2 class=\"wp-block-heading has-text-align-center\">(8 z\u00e1kladn\u00fdch krokov MLM):<\/h2>\n\n<ol class=\"wp-block-list\">\n<li>Pre\u010do je dnes MLM jednou z m\u00e1la pr\u00edle\u017eitost\u00ed pre v\u00e4\u010d\u0161inu \u013eud\u00ed<\/li>\n\n\n\n<li>Ako nastavi\u0165 spr\u00e1vne o\u010dak\u00e1vania\/strat\u00e9giu<\/li>\n\n\n\n<li>Kde z\u00edskame spr\u00e1vne kontakty, aby n\u00e1m nedo\u0161li<\/li>\n\n\n\n<li>Ako spr\u00e1vne oslovova\u0165 studen\u00e9 a tepl\u00e9 kontakty, pr\u00edklady<\/li>\n\n\n\n<li>Ako spr\u00e1vne prezentova\u0165 pr\u00edle\u017eitos\u0165 a produkty<\/li>\n\n\n\n<li>Ako nadviaza\u0165 kontakty po prezent\u00e1cii BEZ n\u00e1tlaku<\/li>\n\n\n\n<li>Ako u\u010di\u0165 nov\u00e1\u010dikov, ako spr\u00e1vne za\u010da\u0165, \u010do robi\u0165<\/li>\n\n\n\n<li>Ako vybudova\u0165 sie\u0165, aby sa duplikovala a neust\u00e1le r\u00e1stla?<\/li>\n<\/ol>\n\n<h3 class=\"wp-block-heading has-text-align-center\"><strong>\u00daryvok z 1. modulu kurzu MLM OTHER way: <\/strong><a href=\"https:\/\/youtu.be\/adfCGON5Wkw\"><strong>https:\/\/youtu.be\/adfCGON5Wkw<\/strong><\/a><\/h3>\n\n<p style=\"margin-top:var(--wp--preset--spacing--20);margin-right:0;margin-bottom:var(--wp--preset--spacing--20);margin-left:0\">Vyu\u017eite t\u00fato skratku a budujte svoju firmu dobre od za\u010diatku.<\/p>\n\n<p class=\"has-text-align-center\">U\u010dte sa od \u00faspe\u0161n\u00fdch a vyu\u017eite 11 hod\u00edn know-how priamo od n\u00e1\u0161ho obchodn\u00e9ho riadite\u013ea Michala Karmaz\u00edna.  <\/p>\n\n<div class=\"wp-block-buttons is-content-justification-center is-layout-flex wp-container-core-buttons-is-layout-a89b3969 wp-block-buttons-is-layout-flex\">\n<div class=\"wp-block-button\"><a class=\"wp-block-button__link wp-element-button\" href=\"https:\/\/harmonelo.com\/cs\/products\/MLM_SYSTEM\" target=\"_blank\" rel=\"noreferrer noopener\">CHCEM ZVL\u00c1DNU\u0164 UMENIE MLM &#8211; CHCEM MLM VIDEO KURZ (CZ)<\/a><\/div>\n<\/div>\n\n<hr class=\"wp-block-separator has-alpha-channel-opacity is-style-wide\"\/>\n\n<h1 class=\"wp-block-heading has-text-align-center\"><em>AKO SI VYBUDOVA\u0164 STABILN\u00dd PR\u00cdJEM (PENOV\u00c9 POTRUBIE)?  <\/em><\/h1>\n\n<hr class=\"wp-block-separator has-alpha-channel-opacity\"\/>\n\n<h1 class=\"wp-block-heading has-text-align-center\">ODPOVE\u010eOU JE SYST\u00c9M MLM!<\/h1>\n\n<p class=\"has-text-align-center\">Harmonelo je o <mark style=\"background-color:rgba(0, 0, 0, 0)\" class=\"has-inline-color has-primary-color\">rovnov\u00e1he<\/mark> v <mark style=\"background-color:rgba(0, 0, 0, 0)\" class=\"has-inline-color has-primary-color\">nieko\u013ek\u00fdch<\/mark> oblastiach \u017eivota. Db\u00e1me na harmoniz\u00e1ciu <mark style=\"background-color:rgba(0, 0, 0, 0)\" class=\"has-inline-color has-primary-color\">fyzick\u00e9ho<\/mark> a <mark style=\"background-color:rgba(0, 0, 0, 0)\" class=\"has-inline-color has-primary-color\">du\u0161evn\u00e9ho<\/mark> zdravia, ako aj na <mark style=\"background-color:rgba(0, 0, 0, 0)\" class=\"has-inline-color has-primary-color\">finan\u010dn\u00e9<\/mark> zdravie.<\/p>\n\n<p class=\"has-text-align-center\">M\u00e1te naozaj jedine\u010dn\u00fa pr\u00edle\u017eitos\u0165 z\u00edska\u0165 mno\u017estvo cenn\u00fdch r\u00e1d od n\u00e1\u0161ho obchodn\u00e9ho riadite\u013ea <strong><mark style=\"background-color:rgba(0, 0, 0, 0)\" class=\"has-inline-color has-primary-color\">Michala Karmaz\u00edna,<\/mark><\/strong> ktor\u00fd v\u00e1m <mark style=\"background-color:rgba(0, 0, 0, 0)\" class=\"has-inline-color has-primary-color\"> vo svojom skvelom<\/mark> MLM <strong>SYST\u00c9ME<\/strong> porad\u00ed &#8220; <mark style=\"background-color:rgba(0, 0, 0, 0)\" class=\"has-inline-color has-primary-color\">ako na to&#8220;<\/mark> <strong>.<\/strong> <\/p>\n\n<p class=\"has-text-align-center\">Budete o krok bli\u017e\u0161ie k FINAN\u010cNEJ NEZ\u00c1VISLOSTI. Verte mi, tento kurz stoj\u00ed za to.<\/p>\n\n<figure class=\"wp-block-embed is-type-video is-provider-youtube wp-block-embed-youtube wp-embed-aspect-16-9 wp-has-aspect-ratio\"><div class=\"wp-block-embed__wrapper\">\n<iframe loading=\"lazy\" title=\"MODUL 1\" width=\"500\" height=\"281\" src=\"https:\/\/www.youtube.com\/embed\/PuFtedaOfjE?feature=oembed\" frameborder=\"0\" allow=\"accelerometer; autoplay; clipboard-write; encrypted-media; gyroscope; picture-in-picture; web-share\" referrerpolicy=\"strict-origin-when-cross-origin\" allowfullscreen><\/iframe>\n<\/div><\/figure>\n\n<p class=\"has-text-align-center\">M\u00f4\u017eete si ho k\u00fapi\u0165 v ich <mark style=\"background-color:rgba(0, 0, 0, 0)\" class=\"has-inline-color has-primary-color\">e-shope<\/mark>. Ne\u010dakajte a za\u010dnite sa vzdel\u00e1va\u0165 <mark style=\"background-color:rgba(0, 0, 0, 0)\" class=\"has-inline-color has-primary-color\">e\u0161te DNES<\/mark>!<\/p>\n\n<p class=\"has-text-align-center\">Tento skvel\u00fd <mark style=\"background-color:rgba(0, 0, 0, 0)\" class=\"has-inline-color has-primary-color\">trailer<\/mark> bol prelo\u017een\u00fd do t\u00fdchto jazykov:<\/p>\n\n<p class=\"has-text-align-center\">CZ, SK, EN, DE, HU, RO, IT, ES, FR, PL, BG, GR, RU<\/p>\n\n<p class=\"has-text-align-center\">Bohu\u017eia\u013e, cel\u00fd kurz je zatia\u013e dostupn\u00fd len v CZ, ale nielen pre dom\u00e1ci, ale aj pre zahrani\u010dn\u00fd trh m\u00e1me <strong>\u00faplne nov\u00fa gener\u00e1ciu vzdel\u00e1vania s podporou viac ako 90 jazykov &#8211; priv\u00edtajme<\/strong> EDU SYSTEM 2.0 s va\u0161\u00edm s\u00fakromn\u00fdm AI sponzorom Harmonelo, ktor\u00fd nikdy nesp\u00ed a vie \u00faplne v\u0161etko!<\/p>\n\n<h1 class=\"wp-block-heading has-text-align-center\"><em>PERSON\u00c1LNE<\/em> <em>AI SPONZOR &#8211; V\u00c1\u0160 K\u013d\u00da\u010c K \u00daPLN\u00ddM VEDOMOSTIAM O SVETE HARMONELO <\/em> <\/h1>\n\n<figure class=\"wp-block-image aligncenter size-full is-resized\"><a href=\"https:\/\/harmonelo.com\/cs\/products\/CHATBOT\" target=\"_blank\" rel=\" noreferrer noopener\"><img loading=\"lazy\" decoding=\"async\" width=\"1280\" height=\"1024\" src=\"https:\/\/marketing.harmonelo.io\/wp-content\/uploads\/2026\/04\/ChatGPT-Image-27.-3.-2026-14_08_21.png\" alt=\"\" class=\"wp-image-1838480\" style=\"width:600px;height:undefinedpx\" srcset=\"https:\/\/marketing.harmonelo.io\/wp-content\/uploads\/2026\/04\/ChatGPT-Image-27.-3.-2026-14_08_21.png 1280w, https:\/\/marketing.harmonelo.io\/wp-content\/uploads\/2026\/04\/ChatGPT-Image-27.-3.-2026-14_08_21-300x240.png 300w, https:\/\/marketing.harmonelo.io\/wp-content\/uploads\/2026\/04\/ChatGPT-Image-27.-3.-2026-14_08_21-1024x819.png 1024w, https:\/\/marketing.harmonelo.io\/wp-content\/uploads\/2026\/04\/ChatGPT-Image-27.-3.-2026-14_08_21-768x614.png 768w\" sizes=\"auto, (max-width: 1280px) 100vw, 1280px\" \/><\/a><\/figure>\n\n<p class=\"has-text-align-center\">Odomknite silu umelej inteligencie prisp\u00f4sobenej v\u00e1\u0161mu podnikaniu. Z\u00edskajte okam\u017eit\u00fd pr\u00edstup k n\u00e1\u0161mu najpokro\u010dilej\u0161iemu chatbotovi ur\u010den\u00e9mu pre podniky Harmonelo a MLM.   <\/p>\n\n<p class=\"has-text-align-center\">N\u00e1\u0161 AI sponzor bol vy\u0161kolen\u00fd vo v\u0161etkom, \u010do m\u00f4\u017eete v podnikan\u00ed Harmonelo potrebova\u0165 &#8211; pozn\u00e1 nielen v\u0161etky produkty, cel\u00fd kompenza\u010dn\u00fd pl\u00e1n, ale aj to, ako spr\u00e1vne vybudova\u0165 neust\u00e1le sa duplikuj\u00facu obchodn\u00fa sie\u0165!  <\/p>\n\n<p class=\"has-text-align-center\">Jednoducho povedan\u00e9, sponzor AI v r\u00e1mci EDU SYSTEM 2.0 vie o svete Harmonelo v\u0161etko a navy\u0161e sa nikdy neprest\u00e1va u\u010di\u0165!  <\/p>\n\n<div class=\"wp-block-buttons is-content-justification-center is-layout-flex wp-container-core-buttons-is-layout-a89b3969 wp-block-buttons-is-layout-flex\">\n<div class=\"wp-block-button\"><a class=\"wp-block-button__link wp-element-button\" href=\"https:\/\/harmonelo.com\/cs\/products\/CHATBOT\" target=\"_blank\" rel=\"noreferrer noopener\">CHCEM SVOJHO SPONZORA AI A S N\u00cdM VYBUDOVA\u0164 CEL\u00da EUR\u00d3PU<\/a><\/div>\n<\/div>\n\n<p class=\"has-text-align-center\">Toto digit\u00e1lne predplatn\u00e9 v\u00e1m poskytne nepretr\u017eit\u00fa pomoc, ktor\u00e1 v\u00e1m pom\u00f4\u017ee zorientova\u0165 sa v zlo\u017eit\u00fdch ot\u00e1zkach a okam\u017eite zv\u00fd\u0161i va\u0161u produktivitu.  <\/p>\n\n<p class=\"has-text-align-center\">Podporuje viac ako 90 jazykov a pon\u00faka v\u00e1m mo\u017enos\u0165 budova\u0165 medzin\u00e1rodn\u00e9 podnikanie bez jazykov\u00fdch bari\u00e9r.  <\/p>\n\n<p class=\"has-text-align-center\">Cel\u00fa Eur\u00f3pu m\u00e1te teraz na dosah ruky.  <\/p>\n\n<p class=\"has-text-align-center\">Aj bez jazykov\u00fdch znalost\u00ed.<\/p>\n","protected":false},"excerpt":{"rendered":"<p>Z\u00c1ZNAMY PROFESION\u00c1LNYCH LIVESTREAMOV, KTOR\u00c9 SA U\u017d USKUTO\u010cNILI, N\u00c1JDETE V KANCEL\u00c1RII AKO VIP Z\u00c1ZNAMY (80+ PV) OCHUTN\u00c1VKA ZADARMO Z VIP RECORDS: PL\u00c1N KOMPENZ\u00c1CI\u00cd, KTOR\u00dd UMO\u017dNIL VZNIK VIAC AKO 100 MILION\u00c1ROV Ak si obchodn\u00edk nedok\u00e1\u017ee zarobi\u0165 a u\u017eivi\u0165 sa, potom nem\u00f4\u017ee dlhodobo vykon\u00e1va\u0165 \u017eiadnu \u010dinnos\u0165, aj keby bola sebakres\u0165anskej\u0161ia, a pravdepodobne nakoniec skon\u010d\u00ed s podnikan\u00edm. Preto je [&hellip;]<\/p>\n","protected":false},"author":2,"featured_media":0,"parent":0,"menu_order":0,"comment_status":"closed","ping_status":"closed","template":"","meta":{"_eb_attr":"","footnotes":""},"class_list":["post-1806063","page","type-page","status-publish","hentry"],"_links":{"self":[{"href":"https:\/\/marketing.harmonelo.io\/sk\/wp-json\/wp\/v2\/pages\/1806063","targetHints":{"allow":["GET"]}}],"collection":[{"href":"https:\/\/marketing.harmonelo.io\/sk\/wp-json\/wp\/v2\/pages"}],"about":[{"href":"https:\/\/marketing.harmonelo.io\/sk\/wp-json\/wp\/v2\/types\/page"}],"author":[{"embeddable":true,"href":"https:\/\/marketing.harmonelo.io\/sk\/wp-json\/wp\/v2\/users\/2"}],"replies":[{"embeddable":true,"href":"https:\/\/marketing.harmonelo.io\/sk\/wp-json\/wp\/v2\/comments?post=1806063"}],"version-history":[{"count":181,"href":"https:\/\/marketing.harmonelo.io\/sk\/wp-json\/wp\/v2\/pages\/1806063\/revisions"}],"predecessor-version":[{"id":1838651,"href":"https:\/\/marketing.harmonelo.io\/sk\/wp-json\/wp\/v2\/pages\/1806063\/revisions\/1838651"}],"wp:attachment":[{"href":"https:\/\/marketing.harmonelo.io\/sk\/wp-json\/wp\/v2\/media?parent=1806063"}],"curies":[{"name":"wp","href":"https:\/\/api.w.org\/{rel}","templated":true}]}}