{"id":1804841,"date":"2023-04-05T16:27:28","date_gmt":"2023-04-05T14:27:28","guid":{"rendered":"https:\/\/marketing.harmonelo.io\/velkonocny-special%f0%9f%a5%9a\/"},"modified":"2024-02-26T22:56:56","modified_gmt":"2024-02-26T21:56:56","slug":"velkonocny-special%f0%9f%a5%9a","status":"publish","type":"page","link":"https:\/\/marketing.harmonelo.io\/sk\/velkonocny-special%f0%9f%a5%9a\/","title":{"rendered":"Ve\u013ekono\u010dn\u00fd \u0161peci\u00e1l\ud83e\udd5a"},"content":{"rendered":"\n<hr class=\"wp-block-separator has-alpha-channel-opacity\"\/>\n\n<p class=\"has-text-align-center has-large-font-size\">\ud83d\udc9b\ud83d\udc9c\ud83d\udc9a<\/p>\n\n<p class=\"has-text-align-center\">Ve\u013ek\u00e1 noc je tu! Z tohto d\u00f4vodu sme pripravili \u0161peci\u00e1lne vydanie s ve\u013ekono\u010dnou tematikou.  <em><mark style=\"background-color:rgba(0, 0, 0, 0)\" class=\"has-inline-color has-primary-color\">Viete, ako dlho skladova\u0165 varen\u00e9 vajcia?<\/mark><\/em> <em><mark style=\"background-color:rgba(0, 0, 0, 0)\" class=\"has-inline-color has-primary-color\">Ako si m\u00f4\u017eete doma zafarbi\u0165 vaj\u00ed\u010dka pomocou pr\u00edrodn\u00fdch zlo\u017eiek?<\/mark><\/em> <em><mark style=\"background-color:rgba(0, 0, 0, 0)\" class=\"has-inline-color has-primary-color\">\u010c\u00edm m\u00f4\u017eete tento rok prekvapi\u0165 koledn\u00edkov?<\/mark> <\/em>Toto a mnoho \u010fal\u0161ieho n\u00e1jdete v tomto pr\u00edspevku.<\/p>\n\n<figure class=\"wp-block-image size-large\"><img loading=\"lazy\" decoding=\"async\" width=\"1024\" height=\"1024\" src=\"https:\/\/marketing.harmonelo.io\/wp-content\/uploads\/2023\/04\/IMG_1138-1024x1024.png\" alt=\"\" class=\"wp-image-1245900\" srcset=\"https:\/\/marketing.harmonelo.io\/wp-content\/uploads\/2023\/04\/IMG_1138-1024x1024.png 1024w, https:\/\/marketing.harmonelo.io\/wp-content\/uploads\/2023\/04\/IMG_1138-300x300.png 300w, https:\/\/marketing.harmonelo.io\/wp-content\/uploads\/2023\/04\/IMG_1138-150x150.png 150w, https:\/\/marketing.harmonelo.io\/wp-content\/uploads\/2023\/04\/IMG_1138-768x768.png 768w, https:\/\/marketing.harmonelo.io\/wp-content\/uploads\/2023\/04\/IMG_1138-12x12.png 12w, https:\/\/marketing.harmonelo.io\/wp-content\/uploads\/2023\/04\/IMG_1138.png 1080w\" sizes=\"auto, (max-width: 1024px) 100vw, 1024px\" \/><\/figure>\n\n<h1 class=\"wp-block-heading has-text-align-center\"><strong>\n  <mark style=\"background-color:rgba(0, 0, 0, 0)\" class=\"has-inline-color has-primary-color\">Ako farbi\u0165 vaj\u00ed\u010dka pomocou pr\u00edrodn\u00fdch zlo\u017eiek?<\/mark>\n<\/strong>\ud83e\udd5a<\/h1>\n\n<p>V\u0161ade s\u00fa k dispoz\u00edcii v\u0161etky druhy farieb na vajcia. Vedeli ste v\u0161ak, \u017ee vaj\u00ed\u010dka m\u00f4\u017eete ozdobi\u0165 z pohodlia domova a pou\u017ei\u0165 komponenty, ktor\u00e9 by v\u00e1m mo\u017eno na za\u010diatku ani nenapadli?<\/p>\n\n<h2 class=\"wp-block-heading has-text-align-center\">Ako to rob\u00edte? \ud83d\udd11<\/h2>\n\n<p class=\"has-text-align-center\">\ud83e\udd5a Najprv je potrebn\u00e9 ka\u017ed\u00e9 vaj\u00ed\u010dko pred farben\u00edm vy\u010disti\u0165 a umy\u0165 (odmasti\u0165). Na pomoc m\u00f4\u017eete pou\u017ei\u0165 napr\u00edklad prostriedok na um\u00fdvanie riadu alebo kombin\u00e1ciu teplej vody a s\u00f3dy. Tieto kroky zabezpe\u010dia, \u017ee sa po\u017eadovan\u00e1 farba na vaj\u00ed\u010dku lep\u0161ie zachyt\u00ed. Teraz si u\u017e len mus\u00edte vybra\u0165 kone\u010dn\u00fa farbu pod\u013ea vlastn\u00e9ho v\u00fdberu.  <\/p>\n\n<ol class=\"wp-block-list\">\n<li><mark style=\"background-color:rgba(0, 0, 0, 0)\" class=\"has-inline-color has-primary-color\"><strong>Cibu\u013ea<\/strong>: Cibu\u013eov\u00e9<\/mark> \u0161upky m\u00f4\u017eu vajcia sfarbi\u0165 do kr\u00e1snej karamelovo-hnedej farby.<\/li>\n\n\n\n<li><strong>\n  <mark style=\"background-color:rgba(0, 0, 0, 0)\" class=\"has-inline-color has-primary-color\">KURKUM<\/mark>\n<\/strong><mark style=\"background-color:rgba(0, 0, 0, 0)\" class=\"has-inline-color has-primary-color\"><strong>Odpove\u010f<\/strong> <\/mark>: S kurkumou m\u00f4\u017eete vy\u010darova\u0165 zodpovedaj\u00faci odtie\u0148 karamelovej \u017eltej.  <\/li>\n\n\n\n<li><mark style=\"background-color:rgba(0, 0, 0, 0)\" class=\"has-inline-color has-primary-color\">\n  <strong>\u010cERVEN\u00c9 ZLATO:<\/strong>\n<\/mark> \u010cerven\u00e1 kapusta v\u00e1m pom\u00f4\u017ee vyk\u00fazli\u0165 prekvapiv\u00fd odtie\u0148 modrej.<\/li>\n\n\n\n<li><mark style=\"background-color:rgba(0, 0, 0, 0)\" class=\"has-inline-color has-primary-color\"><strong>\u010cERVEN\u00c1 L\u00cdNIA<\/strong> <\/mark>: V tomto pr\u00edpade dosiahnete kr\u00e1snu \u010derven\u00fa farbu.<\/li>\n\n\n\n<li><strong>\n  <mark style=\"background-color:rgba(0, 0, 0, 0)\" class=\"has-inline-color has-primary-color\">PETR\u017dEL: <\/mark>\n<\/strong>S petr\u017elenom m\u00f4\u017eete dosiahnu\u0165 pekn\u00fd zelen\u00fd odtie\u0148.<\/li>\n<\/ol>\n\n<p class=\"has-text-align-center\">Do hrnca vlo\u017ete v\u0161etky zlo\u017eky, ktor\u00e9 chcete na vaj\u00ed\u010dka pou\u017ei\u0165 (cibu\u013eov\u00e9 \u0161upky, kurkumu at\u010f.), a zalejte ich 700-800 ml vody. Pridajte 2 polievkov\u00e9 ly\u017eice octu a \u0161tipku soli. Potom prive\u010fte do varu. Potom pridajte vajcia, ktor\u00e9 chcete zafarbi\u0165, a varte 10 min\u00fat. Odstavte plame\u0148 a vajcia nechajte v odkalenej vode, k\u00fdm nevychladn\u00fa. V\u00fdsledn\u00e9 farby v\u00e1s ur\u010dite pote\u0161ia rovnako ako n\u00e1s \ud83d\udc9b\ud83d\udc9c\ud83d\udc9a.<\/p>\n\n<div style=\"height:30px\" aria-hidden=\"true\" class=\"wp-block-spacer\"><\/div>\n\n<figure class=\"wp-block-image size-large\"><img loading=\"lazy\" decoding=\"async\" width=\"1024\" height=\"684\" src=\"https:\/\/marketing.harmonelo.io\/wp-content\/uploads\/2023\/04\/pexels-ksenia-chernaya-3980600-1024x684.jpg\" alt=\"\" class=\"wp-image-1245905\" srcset=\"https:\/\/marketing.harmonelo.io\/wp-content\/uploads\/2023\/04\/pexels-ksenia-chernaya-3980600-1024x684.jpg 1024w, https:\/\/marketing.harmonelo.io\/wp-content\/uploads\/2023\/04\/pexels-ksenia-chernaya-3980600-300x200.jpg 300w, https:\/\/marketing.harmonelo.io\/wp-content\/uploads\/2023\/04\/pexels-ksenia-chernaya-3980600-768x513.jpg 768w, https:\/\/marketing.harmonelo.io\/wp-content\/uploads\/2023\/04\/pexels-ksenia-chernaya-3980600-1536x1025.jpg 1536w, https:\/\/marketing.harmonelo.io\/wp-content\/uploads\/2023\/04\/pexels-ksenia-chernaya-3980600-2048x1367.jpg 2048w, https:\/\/marketing.harmonelo.io\/wp-content\/uploads\/2023\/04\/pexels-ksenia-chernaya-3980600-18x12.jpg 18w\" sizes=\"auto, (max-width: 1024px) 100vw, 1024px\" \/><\/figure>\n\n<div style=\"height:20px\" aria-hidden=\"true\" class=\"wp-block-spacer\"><\/div>\n\n<h1 class=\"wp-block-heading has-text-align-center\">Ako skladova\u0165 varen\u00e9 vajcia? \ud83d\udca1<\/h1>\n\n<ol class=\"wp-block-list\">\n<li>Aj varen\u00e9 vajce m\u00e1 obmedzen\u00fa trvanlivos\u0165.<\/li>\n\n\n\n<li>Pri izbovej teplote sa trvanlivos\u0165 varen\u00fdch vajec r\u00fdchlo zni\u017euje. Ich trvanlivos\u0165 je pribli\u017ene 2-3 dni.<\/li>\n\n\n\n<li>Vaj\u00ed\u010dka v\u0161ak vydr\u017eia v chladni\u010dke 7-14 dn\u00ed (ak ich po uvaren\u00ed schlad\u00edte a ulo\u017e\u00edte do chladni\u010dky).<\/li>\n\n\n\n<li>Samozrejme, ide\u00e1lne je vajcia spotrebova\u0165 alebo spracova\u0165 \u010do najr\u00fdchlej\u0161ie.<\/li>\n<\/ol>\n\n<div style=\"height:27px\" aria-hidden=\"true\" class=\"wp-block-spacer\"><\/div>\n\n<figure class=\"wp-block-image size-large\"><img loading=\"lazy\" decoding=\"async\" width=\"1024\" height=\"683\" src=\"https:\/\/marketing.harmonelo.io\/wp-content\/uploads\/2023\/04\/pexels-roman-odintsov-6897341-1024x683.jpg\" alt=\"\" class=\"wp-image-1245904\" srcset=\"https:\/\/marketing.harmonelo.io\/wp-content\/uploads\/2023\/04\/pexels-roman-odintsov-6897341-1024x683.jpg 1024w, https:\/\/marketing.harmonelo.io\/wp-content\/uploads\/2023\/04\/pexels-roman-odintsov-6897341-300x200.jpg 300w, https:\/\/marketing.harmonelo.io\/wp-content\/uploads\/2023\/04\/pexels-roman-odintsov-6897341-768x512.jpg 768w, https:\/\/marketing.harmonelo.io\/wp-content\/uploads\/2023\/04\/pexels-roman-odintsov-6897341-1536x1024.jpg 1536w, https:\/\/marketing.harmonelo.io\/wp-content\/uploads\/2023\/04\/pexels-roman-odintsov-6897341-2048x1365.jpg 2048w, https:\/\/marketing.harmonelo.io\/wp-content\/uploads\/2023\/04\/pexels-roman-odintsov-6897341-18x12.jpg 18w\" sizes=\"auto, (max-width: 1024px) 100vw, 1024px\" \/><\/figure>\n\n<h1 class=\"wp-block-heading has-text-align-center\">\u010c\u00edm m\u00f4\u017eete tento rok prekvapi\u0165 koledn\u00edkov? \ud83d\udca1<\/h1>\n\n<p class=\"has-text-align-center\">Tento rok m\u00f4\u017eete svojich koledn\u00edkov oslni\u0165 origin\u00e1lnym gestom. Namiesto ozdobn\u00fdch vaj\u00ed\u010dok, \u010dokol\u00e1dov\u00e9ho zaja\u010dika alebo poctiv\u00e9ho pan\u00e1ka dom\u00e1cej slivovice m\u00f4\u017eete n\u00e1v\u0161tevn\u00edkom pon\u00faknu\u0165 odpor\u00fa\u010dan\u00e9 denn\u00e9 mno\u017estvo niektor\u00e9ho z na\u0161ich tekut\u00fdch doplnkov. Najm\u00e4 t\u00ed, ktor\u00ed e\u0161te nemali t\u00fa \u010des\u0165 s Harmonelo, bud\u00fa ur\u010dite <mark style=\"background-color:rgba(0, 0, 0, 0)\" class=\"has-inline-color has-primary-color\">nad\u0161en\u00ed!<\/mark><\/p>\n\n<figure class=\"wp-block-image size-large\"><img loading=\"lazy\" decoding=\"async\" width=\"1024\" height=\"1024\" src=\"https:\/\/marketing.harmonelo.io\/wp-content\/uploads\/2023\/04\/37-1024x1024.jpg\" alt=\"\" class=\"wp-image-1245903\" srcset=\"https:\/\/marketing.harmonelo.io\/wp-content\/uploads\/2023\/04\/37-1024x1024.jpg 1024w, https:\/\/marketing.harmonelo.io\/wp-content\/uploads\/2023\/04\/37-300x300.jpg 300w, https:\/\/marketing.harmonelo.io\/wp-content\/uploads\/2023\/04\/37-150x150.jpg 150w, https:\/\/marketing.harmonelo.io\/wp-content\/uploads\/2023\/04\/37-768x768.jpg 768w, https:\/\/marketing.harmonelo.io\/wp-content\/uploads\/2023\/04\/37-12x12.jpg 12w, https:\/\/marketing.harmonelo.io\/wp-content\/uploads\/2023\/04\/37.jpg 1200w\" sizes=\"auto, (max-width: 1024px) 100vw, 1024px\" \/><\/figure>\n\n<div class=\"wp-block-buttons is-content-justification-center is-layout-flex wp-container-core-buttons-is-layout-a89b3969 wp-block-buttons-is-layout-flex\">\n<div class=\"wp-block-button\"><a class=\"wp-block-button__link wp-element-button\" href=\"https:\/\/harmonelo.com\/harmonelo-life-d512\/\" target=\"_blank\" rel=\"noreferrer noopener\">VYSK\u00da\u0160AJTE TO S HARMONELO LIFE<\/a><\/div>\n<\/div>\n\n<p class=\"has-text-align-center\">Jeho pr\u00edjemn\u00e1 a vyv\u00e1\u017een\u00e1 chu\u0165 si z\u00edska nejedn\u00e9ho koledn\u00edka.  <\/p>\n\n<p class=\"has-text-align-center has-large-font-size\">\ud83d\udc9b\ud83d\udc9c\ud83d\udc9a<\/p>\n","protected":false},"excerpt":{"rendered":"<p>\ud83d\udc9b\ud83d\udc9c\ud83d\udc9a Ve\u013ek\u00e1 noc je tu! Z tohto d\u00f4vodu sme pripravili \u0161peci\u00e1lne vydanie s ve\u013ekono\u010dnou tematikou. Viete, ako dlho skladova\u0165 varen\u00e9 vajcia? Ako si m\u00f4\u017eete doma zafarbi\u0165 vaj\u00ed\u010dka pomocou pr\u00edrodn\u00fdch zlo\u017eiek? \u010c\u00edm m\u00f4\u017eete tento rok prekvapi\u0165 koledn\u00edkov? Toto a mnoho \u010fal\u0161ieho n\u00e1jdete v tomto pr\u00edspevku. Ako farbi\u0165 vaj\u00ed\u010dka pomocou pr\u00edrodn\u00fdch zlo\u017eiek? \ud83e\udd5a V\u0161ade s\u00fa k dispoz\u00edcii [&hellip;]<\/p>\n","protected":false},"author":5,"featured_media":0,"parent":0,"menu_order":0,"comment_status":"closed","ping_status":"closed","template":"","meta":{"_eb_attr":"","footnotes":""},"class_list":["post-1804841","page","type-page","status-publish","hentry"],"_links":{"self":[{"href":"https:\/\/marketing.harmonelo.io\/sk\/wp-json\/wp\/v2\/pages\/1804841","targetHints":{"allow":["GET"]}}],"collection":[{"href":"https:\/\/marketing.harmonelo.io\/sk\/wp-json\/wp\/v2\/pages"}],"about":[{"href":"https:\/\/marketing.harmonelo.io\/sk\/wp-json\/wp\/v2\/types\/page"}],"author":[{"embeddable":true,"href":"https:\/\/marketing.harmonelo.io\/sk\/wp-json\/wp\/v2\/users\/5"}],"replies":[{"embeddable":true,"href":"https:\/\/marketing.harmonelo.io\/sk\/wp-json\/wp\/v2\/comments?post=1804841"}],"version-history":[{"count":1,"href":"https:\/\/marketing.harmonelo.io\/sk\/wp-json\/wp\/v2\/pages\/1804841\/revisions"}],"predecessor-version":[{"id":1804842,"href":"https:\/\/marketing.harmonelo.io\/sk\/wp-json\/wp\/v2\/pages\/1804841\/revisions\/1804842"}],"wp:attachment":[{"href":"https:\/\/marketing.harmonelo.io\/sk\/wp-json\/wp\/v2\/media?parent=1804841"}],"curies":[{"name":"wp","href":"https:\/\/api.w.org\/{rel}","templated":true}]}}