{"id":1804753,"date":"2023-04-12T10:59:49","date_gmt":"2023-04-12T08:59:49","guid":{"rendered":"https:\/\/marketing.harmonelo.io\/%e2%9c%a8-musli-ktore-si-vas-mikrobiom-zamiluje\/"},"modified":"2024-02-26T22:56:18","modified_gmt":"2024-02-26T21:56:18","slug":"%e2%9c%a8-musli-ktore-si-vas-mikrobiom-zamiluje","status":"publish","type":"page","link":"https:\/\/marketing.harmonelo.io\/sk\/%e2%9c%a8-musli-ktore-si-vas-mikrobiom-zamiluje\/","title":{"rendered":"\u2728 M\u00fcsli, ktor\u00e9 si v\u00e1\u0161 mikrobi\u00f3m zamiluje"},"content":{"rendered":"\n<figure class=\"wp-block-image size-large\"><img loading=\"lazy\" decoding=\"async\" width=\"1024\" height=\"1024\" src=\"https:\/\/marketing.harmonelo.io\/wp-content\/uploads\/2023\/04\/version1uuidD5F9E477-ACC1-4087-ACFD-1B70E5597FBAmodecompatiblenoloc0.jpeg-1024x1024.jpg\" alt=\"\" class=\"wp-image-1333216\" srcset=\"https:\/\/marketing.harmonelo.io\/wp-content\/uploads\/2023\/04\/version1uuidD5F9E477-ACC1-4087-ACFD-1B70E5597FBAmodecompatiblenoloc0.jpeg-1024x1024.jpg 1024w, https:\/\/marketing.harmonelo.io\/wp-content\/uploads\/2023\/04\/version1uuidD5F9E477-ACC1-4087-ACFD-1B70E5597FBAmodecompatiblenoloc0.jpeg-300x300.jpg 300w, https:\/\/marketing.harmonelo.io\/wp-content\/uploads\/2023\/04\/version1uuidD5F9E477-ACC1-4087-ACFD-1B70E5597FBAmodecompatiblenoloc0.jpeg-150x150.jpg 150w, https:\/\/marketing.harmonelo.io\/wp-content\/uploads\/2023\/04\/version1uuidD5F9E477-ACC1-4087-ACFD-1B70E5597FBAmodecompatiblenoloc0.jpeg-768x768.jpg 768w, https:\/\/marketing.harmonelo.io\/wp-content\/uploads\/2023\/04\/version1uuidD5F9E477-ACC1-4087-ACFD-1B70E5597FBAmodecompatiblenoloc0.jpeg-12x12.jpg 12w, https:\/\/marketing.harmonelo.io\/wp-content\/uploads\/2023\/04\/version1uuidD5F9E477-ACC1-4087-ACFD-1B70E5597FBAmodecompatiblenoloc0.jpeg.jpg 1200w\" sizes=\"auto, (max-width: 1024px) 100vw, 1024px\" \/><\/figure>\n\n<p><\/p>\n\n<h2 class=\"wp-block-heading\">\ud83d\udd38Zlo\u017eenie:<\/h2>\n\n<ul class=\"wp-block-list\">\n<li>4 jablk\u00e1 (neol\u00fapan\u00e9, nakr\u00e1jan\u00e9 na men\u0161ie k\u00fasky)<\/li>\n\n\n\n<li>2 \u0161\u00e1lky nesladen\u00e9ho kef\u00edru<\/li>\n\n\n\n<li>1\/2 \u0161\u00e1lky obiln\u00fdch vlo\u010diek<\/li>\n\n\n\n<li>1\/4 \u0161\u00e1lky nasekan\u00fdch orechov<\/li>\n\n\n\n<li>2 polievkov\u00e9 ly\u017eice mlet\u00e9ho \u013eanov\u00e9ho semienka<\/li>\n\n\n\n<li>2 polievkov\u00e9 ly\u017eice citr\u00f3novej \u0161\u0165avy<\/li>\n\n\n\n<li>1\/4 \u010dajovej ly\u017ei\u010dky mu\u0161k\u00e1tov\u00e9ho orie\u0161ka<\/li>\n\n\n\n<li>1\/4 \u010dajovej ly\u017ei\u010dky soli<\/li>\n\n\n\n<li>\u010dakankov\u00fd sirup na dochutenie<\/li>\n\n\n\n<li>20 ml Harmonelo Vitality<\/li>\n<\/ul>\n\n<h2 class=\"wp-block-heading\">\ud83d\udd38Pokrok:  <\/h2>\n\n<ul class=\"wp-block-list\">\n<li>Nakr\u00e1jan\u00e9 jablk\u00e1 zmie\u0161ajte s kef\u00edrom, vlo\u010dkami, orechmi, \u013eanov\u00fdm semienkom, citr\u00f3novou \u0161\u0165avou, mu\u0161k\u00e1tov\u00fdm orie\u0161kom, so\u013eou a pr\u00edpravkom Harmonel Vitality. Uskladnite v chladni\u010dke cez noc. Pod\u00e1vajte \u013eahko pokvapkan\u00e9 \u010dakankov\u00fdm sirupom.<\/li>\n<\/ul>\n\n<p><strong><mark style=\"background-color:rgba(0, 0, 0, 0)\" class=\"has-inline-color has-primary-color\">\ud83d\udca1Takto<em>pripraven\u00e9 m\u00fcsli vydr\u017e\u00ed v chladni\u010dke aj nieko\u013eko dn\u00ed!<\/em><\/mark><\/strong><\/p>\n\n<p class=\"has-text-align-center\">Po\u010fme do toho s chu\u0165ou! D\u00fafam, \u017ee v\u00e1m tieto \u010dasovo \u00fasporn\u00e9 a nutri\u010dne vyv\u00e1\u017een\u00e9 ra\u0148ajky zlep\u0161ia de\u0148 \ud83c\udf1e.<\/p>\n\n<div class=\"wp-block-buttons is-content-justification-center is-layout-flex wp-container-core-buttons-is-layout-a89b3969 wp-block-buttons-is-layout-flex\">\n<div class=\"wp-block-button\"><a class=\"wp-block-button__link has-text-align-center wp-element-button\" href=\"https:\/\/harmonelo.com\/harmonelo-vitality-d513\/\" target=\"_blank\" rel=\"noreferrer noopener\">ZAUJ\u00cdMA MA HARMONELO VITALITY<\/a><\/div>\n<\/div>\n","protected":false},"excerpt":{"rendered":"<p>\ud83d\udd38Zlo\u017eenie: \ud83d\udd38Pokrok: \ud83d\udca1Taktopripraven\u00e9 m\u00fcsli vydr\u017e\u00ed v chladni\u010dke aj nieko\u013eko dn\u00ed! Po\u010fme do toho s chu\u0165ou! D\u00fafam, \u017ee v\u00e1m tieto \u010dasovo \u00fasporn\u00e9 a nutri\u010dne vyv\u00e1\u017een\u00e9 ra\u0148ajky zlep\u0161ia de\u0148 \ud83c\udf1e.<\/p>\n","protected":false},"author":5,"featured_media":0,"parent":0,"menu_order":0,"comment_status":"closed","ping_status":"closed","template":"","meta":{"_eb_attr":"","footnotes":""},"class_list":["post-1804753","page","type-page","status-publish","hentry"],"_links":{"self":[{"href":"https:\/\/marketing.harmonelo.io\/sk\/wp-json\/wp\/v2\/pages\/1804753","targetHints":{"allow":["GET"]}}],"collection":[{"href":"https:\/\/marketing.harmonelo.io\/sk\/wp-json\/wp\/v2\/pages"}],"about":[{"href":"https:\/\/marketing.harmonelo.io\/sk\/wp-json\/wp\/v2\/types\/page"}],"author":[{"embeddable":true,"href":"https:\/\/marketing.harmonelo.io\/sk\/wp-json\/wp\/v2\/users\/5"}],"replies":[{"embeddable":true,"href":"https:\/\/marketing.harmonelo.io\/sk\/wp-json\/wp\/v2\/comments?post=1804753"}],"version-history":[{"count":1,"href":"https:\/\/marketing.harmonelo.io\/sk\/wp-json\/wp\/v2\/pages\/1804753\/revisions"}],"predecessor-version":[{"id":1804755,"href":"https:\/\/marketing.harmonelo.io\/sk\/wp-json\/wp\/v2\/pages\/1804753\/revisions\/1804755"}],"wp:attachment":[{"href":"https:\/\/marketing.harmonelo.io\/sk\/wp-json\/wp\/v2\/media?parent=1804753"}],"curies":[{"name":"wp","href":"https:\/\/api.w.org\/{rel}","templated":true}]}}