{"id":1804690,"date":"2023-04-17T17:00:32","date_gmt":"2023-04-17T15:00:32","guid":{"rendered":"https:\/\/marketing.harmonelo.io\/ako-vytvorit-vysnivanu-postavu\/"},"modified":"2024-02-26T22:54:09","modified_gmt":"2024-02-26T21:54:09","slug":"ako-vytvorit-vysnivanu-postavu","status":"publish","type":"page","link":"https:\/\/marketing.harmonelo.io\/sk\/ako-vytvorit-vysnivanu-postavu\/","title":{"rendered":"AKO VYTVORI\u0164 VYSN\u00cdVAN\u00da POSTAVU ?"},"content":{"rendered":"\n<p class=\"has-text-align-center\">Vytvorenie va\u0161ej vysn\u00edvanej postavy nemus\u00ed by\u0165 a\u017e tak\u00e1 ve\u013ek\u00e1 z\u00e1le\u017eitos\u0165, ako sa na prv\u00fd poh\u013ead zd\u00e1. Je d\u00f4le\u017eit\u00e9 si uvedomi\u0165, \u017ee ka\u017ed\u00fd krok sa po\u010d\u00edta!  <\/p>\n\n<figure class=\"wp-block-image size-large\"><img loading=\"lazy\" decoding=\"async\" width=\"1024\" height=\"683\" src=\"https:\/\/marketing.harmonelo.io\/wp-content\/uploads\/2023\/04\/pexels-karolina-grabowska-4498606-1024x683.jpg\" alt=\"\" class=\"wp-image-1420303\" srcset=\"https:\/\/marketing.harmonelo.io\/wp-content\/uploads\/2023\/04\/pexels-karolina-grabowska-4498606-1024x683.jpg 1024w, https:\/\/marketing.harmonelo.io\/wp-content\/uploads\/2023\/04\/pexels-karolina-grabowska-4498606-300x200.jpg 300w, https:\/\/marketing.harmonelo.io\/wp-content\/uploads\/2023\/04\/pexels-karolina-grabowska-4498606-768x512.jpg 768w, https:\/\/marketing.harmonelo.io\/wp-content\/uploads\/2023\/04\/pexels-karolina-grabowska-4498606-1536x1024.jpg 1536w, https:\/\/marketing.harmonelo.io\/wp-content\/uploads\/2023\/04\/pexels-karolina-grabowska-4498606-2048x1365.jpg 2048w, https:\/\/marketing.harmonelo.io\/wp-content\/uploads\/2023\/04\/pexels-karolina-grabowska-4498606-18x12.jpg 18w\" sizes=\"auto, (max-width: 1024px) 100vw, 1024px\" \/><\/figure>\n\n<h2 class=\"wp-block-heading has-text-align-center\">\ud83d\udccc Men\u0161ie kroky = z\u00e1klad \u00faspechu<\/h2>\n\n<p class=\"has-text-align-center\">Hoci je pekn\u00e9 dosiahnu\u0165 \u010do najlep\u0161ie v\u00fdsledky, je d\u00f4le\u017eit\u00e9 ma\u0165 na pam\u00e4ti, \u017ee samotn\u00fd <mark style=\"background-color:rgba(0, 0, 0, 0)\" class=\"has-inline-color has-primary-color\">START<\/mark> sa m\u00f4\u017ee pomerne r\u00fdchlo a \u013eahko sp\u00e1li\u0165.<\/p>\n\n<h2 class=\"wp-block-heading has-text-align-center\">\ud83d\udccc Udr\u017eate\u013en\u00e1 zmena<\/h2>\n\n<p class=\"has-text-align-center\">D\u00f4le\u017eit\u00e1 je udr\u017eate\u013enos\u0165 ako k\u013e\u00fa\u010d k \u00faspechu nielen v oblasti stravovania, ale aj v \u0161porte. Preto je nevyhnutn\u00e9 zamera\u0165 sa na to, \u010do je dlhodobo <mark style=\"background-color:rgba(0, 0, 0, 0)\" class=\"has-inline-color has-primary-color\">udr\u017eate\u013en\u00e9<\/mark>.<\/p>\n\n<figure class=\"wp-block-image size-large\"><img loading=\"lazy\" decoding=\"async\" width=\"1024\" height=\"684\" src=\"https:\/\/marketing.harmonelo.io\/wp-content\/uploads\/2023\/04\/pexels-tirachard-kumtanom-347134-1024x684.jpg\" alt=\"\" class=\"wp-image-1420301\" srcset=\"https:\/\/marketing.harmonelo.io\/wp-content\/uploads\/2023\/04\/pexels-tirachard-kumtanom-347134-1024x684.jpg 1024w, https:\/\/marketing.harmonelo.io\/wp-content\/uploads\/2023\/04\/pexels-tirachard-kumtanom-347134-300x200.jpg 300w, https:\/\/marketing.harmonelo.io\/wp-content\/uploads\/2023\/04\/pexels-tirachard-kumtanom-347134-768x513.jpg 768w, https:\/\/marketing.harmonelo.io\/wp-content\/uploads\/2023\/04\/pexels-tirachard-kumtanom-347134-1536x1025.jpg 1536w, https:\/\/marketing.harmonelo.io\/wp-content\/uploads\/2023\/04\/pexels-tirachard-kumtanom-347134-2048x1367.jpg 2048w, https:\/\/marketing.harmonelo.io\/wp-content\/uploads\/2023\/04\/pexels-tirachard-kumtanom-347134-18x12.jpg 18w\" sizes=\"auto, (max-width: 1024px) 100vw, 1024px\" \/><\/figure>\n\n<h2 class=\"wp-block-heading has-text-align-center\">\ud83d\udccc Mali\u010dkosti, ktor\u00e9 nebolia<\/h2>\n\n<p class=\"has-text-align-center\">Ako za\u010da\u0165? Ste unaven\u00ed zo \u0161portu alebo k nemu m\u00e1te dokonca odpor? \u010co tak za\u010da\u0165 pekne pomaly? Na za\u010diatok m\u00f4\u017ee by\u0165 vhodn\u00e1 svi\u017enej\u0161ia ch\u00f4dza. Postupne m\u00f4\u017eete zvy\u0161ova\u0165 trasu aj tempo.<em>  Cestujete do pr\u00e1ce autobusom?<\/em>  Vystupte o 1-2 zast\u00e1vky sk\u00f4r! Verte mi, aj tieto mal\u00e9 zmeny m\u00f4\u017eu urobi\u0165 ve\u013ea.<\/p>\n\n<h2 class=\"wp-block-heading has-text-align-center\">\ud83d\udccc S dvoma to ide lep\u0161ie<\/h2>\n\n<p class=\"has-text-align-center\">Je prirodzen\u00e9, \u017ee aj t\u00ed najmotivovanej\u0161\u00ed \u013eudia m\u00f4\u017eu \u010dasom strati\u0165 motiv\u00e1ciu. Preto je skvel\u00e9 ma\u0165<mark style=\"background-color:rgba(0, 0, 0, 0)\" class=\"has-inline-color has-primary-color\"> partnera,<\/mark> s ktor\u00fdm sa m\u00f4\u017eete navz\u00e1jom motivova\u0165 a povzbudzova\u0165.<\/p>\n\n<figure class=\"wp-block-image aligncenter size-large\"><img loading=\"lazy\" decoding=\"async\" width=\"1024\" height=\"683\" src=\"https:\/\/marketing.harmonelo.io\/wp-content\/uploads\/2023\/04\/pexels-andrea-piacquadio-3768722-1024x683.jpg\" alt=\"\" class=\"wp-image-1420302\" srcset=\"https:\/\/marketing.harmonelo.io\/wp-content\/uploads\/2023\/04\/pexels-andrea-piacquadio-3768722-1024x683.jpg 1024w, https:\/\/marketing.harmonelo.io\/wp-content\/uploads\/2023\/04\/pexels-andrea-piacquadio-3768722-300x200.jpg 300w, https:\/\/marketing.harmonelo.io\/wp-content\/uploads\/2023\/04\/pexels-andrea-piacquadio-3768722-768x512.jpg 768w, https:\/\/marketing.harmonelo.io\/wp-content\/uploads\/2023\/04\/pexels-andrea-piacquadio-3768722-1536x1024.jpg 1536w, https:\/\/marketing.harmonelo.io\/wp-content\/uploads\/2023\/04\/pexels-andrea-piacquadio-3768722-2048x1365.jpg 2048w, https:\/\/marketing.harmonelo.io\/wp-content\/uploads\/2023\/04\/pexels-andrea-piacquadio-3768722-18x12.jpg 18w\" sizes=\"auto, (max-width: 1024px) 100vw, 1024px\" \/><\/figure>\n\n<h2 class=\"wp-block-heading has-text-align-center\">\ud83d\udccc Vysk\u00fa\u0161ajte nov\u00e9 veci  <\/h2>\n\n<p class=\"has-text-align-center\">Niekedy nie je na \u0161kodu vyst\u00fapi\u0165 zo svojej komfortnej z\u00f3ny. Sk\u00faste sa prihl\u00e1si\u0165 na lekciu nie\u010doho, \u010do by v\u00e1m predt\u00fdm nenapadlo. Potom m\u00f4\u017eete sami lep\u0161ie pos\u00fadi\u0165, ktor\u00fd druh \u0161portu je v\u00e1m bli\u017e\u0161\u00ed a ktor\u00fd nie.<\/p>\n\n<h2 class=\"wp-block-heading has-text-align-center\">Za\u010dnite e\u0161te dnes!<\/h2>\n\n<p class=\"has-text-align-center\">Jeden z na\u0161ich jedine\u010dn\u00fdch produktov m\u00f4\u017ee by\u0165 aj skvel\u00fdm partnerom!<\/p>\n\n<div class=\"wp-block-buttons is-content-justification-center is-layout-flex wp-container-core-buttons-is-layout-a89b3969 wp-block-buttons-is-layout-flex\">\n<div class=\"wp-block-button\"><a class=\"wp-block-button__link has-text-align-center wp-element-button\" href=\"https:\/\/harmonelo.com\/harmonelo-slim-d596\/\" target=\"_blank\" rel=\"noreferrer noopener\">VYBRAL SOM SI HARMONELO SLIM<\/a><\/div>\n<\/div>\n\n<div class=\"wp-block-buttons is-content-justification-center is-layout-flex wp-container-core-buttons-is-layout-a89b3969 wp-block-buttons-is-layout-flex\">\n<div class=\"wp-block-button\"><a class=\"wp-block-button__link has-text-align-center wp-element-button\" href=\"https:\/\/catalog.harmonelo.com\/produkty\/slim\" target=\"_blank\" rel=\"noreferrer noopener\">PRE\u010cO HARMONELO SLIM?<\/a><\/div>\n<\/div>\n\n<p class=\"has-text-align-center has-x-large-font-size\">\ud83e\udd38\ud83e\uddd8\u200d\u2642\ufe0f\ud83c\udfc4\u200d\u2640\ufe0f<\/p>\n","protected":false},"excerpt":{"rendered":"<p>Vytvorenie va\u0161ej vysn\u00edvanej postavy nemus\u00ed by\u0165 a\u017e tak\u00e1 ve\u013ek\u00e1 z\u00e1le\u017eitos\u0165, ako sa na prv\u00fd poh\u013ead zd\u00e1. Je d\u00f4le\u017eit\u00e9 si uvedomi\u0165, \u017ee ka\u017ed\u00fd krok sa po\u010d\u00edta! \ud83d\udccc Men\u0161ie kroky = z\u00e1klad \u00faspechu Hoci je pekn\u00e9 dosiahnu\u0165 \u010do najlep\u0161ie v\u00fdsledky, je d\u00f4le\u017eit\u00e9 ma\u0165 na pam\u00e4ti, \u017ee samotn\u00fd START sa m\u00f4\u017ee pomerne r\u00fdchlo a \u013eahko sp\u00e1li\u0165. \ud83d\udccc Udr\u017eate\u013en\u00e1 [&hellip;]<\/p>\n","protected":false},"author":5,"featured_media":0,"parent":0,"menu_order":0,"comment_status":"closed","ping_status":"closed","template":"","meta":{"_eb_attr":"","footnotes":""},"class_list":["post-1804690","page","type-page","status-publish","hentry"],"_links":{"self":[{"href":"https:\/\/marketing.harmonelo.io\/sk\/wp-json\/wp\/v2\/pages\/1804690","targetHints":{"allow":["GET"]}}],"collection":[{"href":"https:\/\/marketing.harmonelo.io\/sk\/wp-json\/wp\/v2\/pages"}],"about":[{"href":"https:\/\/marketing.harmonelo.io\/sk\/wp-json\/wp\/v2\/types\/page"}],"author":[{"embeddable":true,"href":"https:\/\/marketing.harmonelo.io\/sk\/wp-json\/wp\/v2\/users\/5"}],"replies":[{"embeddable":true,"href":"https:\/\/marketing.harmonelo.io\/sk\/wp-json\/wp\/v2\/comments?post=1804690"}],"version-history":[{"count":1,"href":"https:\/\/marketing.harmonelo.io\/sk\/wp-json\/wp\/v2\/pages\/1804690\/revisions"}],"predecessor-version":[{"id":1804692,"href":"https:\/\/marketing.harmonelo.io\/sk\/wp-json\/wp\/v2\/pages\/1804690\/revisions\/1804692"}],"wp:attachment":[{"href":"https:\/\/marketing.harmonelo.io\/sk\/wp-json\/wp\/v2\/media?parent=1804690"}],"curies":[{"name":"wp","href":"https:\/\/api.w.org\/{rel}","templated":true}]}}