{"id":1806348,"date":"2023-03-10T16:40:49","date_gmt":"2023-03-10T15:40:49","guid":{"rendered":"https:\/\/marketing.harmonelo.io\/un-nou-articol-curat-2\/"},"modified":"2024-03-01T17:07:40","modified_gmt":"2024-03-01T16:07:40","slug":"un-nou-articol-curat-2","status":"publish","type":"page","link":"https:\/\/marketing.harmonelo.io\/ro\/un-nou-articol-curat-2\/","title":{"rendered":"Un nou articol curat"},"content":{"rendered":"\n<p>Orice text este bun aici \ud83d\ude42 \u0218i partea cea mai bun\u0103 este c\u0103 vom avea traducere automat\u0103 \u0219i pentru asta. Trebuie doar s\u0103 schimba\u021bi limba \u00een partea de jos.<\/p>\n","protected":false},"excerpt":{"rendered":"<p>Orice text este bun aici \ud83d\ude42 \u0218i partea cea mai bun\u0103 este c\u0103 vom avea traducere automat\u0103 \u0219i pentru asta. Trebuie doar s\u0103 schimba\u021bi limba \u00een partea de jos.<\/p>\n","protected":false},"author":2,"featured_media":0,"parent":0,"menu_order":0,"comment_status":"closed","ping_status":"closed","template":"","meta":{"_eb_attr":"","footnotes":""},"class_list":["post-1806348","page","type-page","status-publish","hentry"],"_links":{"self":[{"href":"https:\/\/marketing.harmonelo.io\/ro\/wp-json\/wp\/v2\/pages\/1806348","targetHints":{"allow":["GET"]}}],"collection":[{"href":"https:\/\/marketing.harmonelo.io\/ro\/wp-json\/wp\/v2\/pages"}],"about":[{"href":"https:\/\/marketing.harmonelo.io\/ro\/wp-json\/wp\/v2\/types\/page"}],"author":[{"embeddable":true,"href":"https:\/\/marketing.harmonelo.io\/ro\/wp-json\/wp\/v2\/users\/2"}],"replies":[{"embeddable":true,"href":"https:\/\/marketing.harmonelo.io\/ro\/wp-json\/wp\/v2\/comments?post=1806348"}],"version-history":[{"count":1,"href":"https:\/\/marketing.harmonelo.io\/ro\/wp-json\/wp\/v2\/pages\/1806348\/revisions"}],"predecessor-version":[{"id":1806350,"href":"https:\/\/marketing.harmonelo.io\/ro\/wp-json\/wp\/v2\/pages\/1806348\/revisions\/1806350"}],"wp:attachment":[{"href":"https:\/\/marketing.harmonelo.io\/ro\/wp-json\/wp\/v2\/media?parent=1806348"}],"curies":[{"name":"wp","href":"https:\/\/api.w.org\/{rel}","templated":true}]}}