{"id":1806088,"date":"2023-04-12T10:07:05","date_gmt":"2023-04-12T08:07:05","guid":{"rendered":"https:\/\/marketing.harmonelo.io\/harmonelo-hope-%f0%9f%a6%8b-2\/"},"modified":"2024-03-01T17:01:30","modified_gmt":"2024-03-01T16:01:30","slug":"harmonelo-hope-%f0%9f%a6%8b-2","status":"publish","type":"page","link":"https:\/\/marketing.harmonelo.io\/ro\/harmonelo-hope-%f0%9f%a6%8b-2\/","title":{"rendered":"Harmonelo Hope \ud83e\udd8b"},"content":{"rendered":"\n<hr class=\"wp-block-separator has-alpha-channel-opacity\"\/>\n\n<div style=\"height:20px\" aria-hidden=\"true\" class=\"wp-block-spacer\"><\/div>\n\n<h2 class=\"wp-block-heading has-text-align-center\"> <strong>\n  <em>C\u0103l\u0103toria lui Laurinky<\/em>\n<\/strong> \ud83d\udc63<\/h2>\n\n<figure class=\"wp-block-image aligncenter size-large is-resized\"><img loading=\"lazy\" decoding=\"async\" width=\"1024\" height=\"1024\" src=\"https:\/\/marketing.harmonelo.io\/wp-content\/uploads\/2023\/04\/version1uuid804C32DA-19BB-45FF-A8A5-B28C52B29925modecompatiblenoloc0.jpeg-1024x1024.jpg\" alt=\"\" class=\"wp-image-1333282\" style=\"width:569px;height:569px\" srcset=\"https:\/\/marketing.harmonelo.io\/wp-content\/uploads\/2023\/04\/version1uuid804C32DA-19BB-45FF-A8A5-B28C52B29925modecompatiblenoloc0.jpeg-1024x1024.jpg 1024w, https:\/\/marketing.harmonelo.io\/wp-content\/uploads\/2023\/04\/version1uuid804C32DA-19BB-45FF-A8A5-B28C52B29925modecompatiblenoloc0.jpeg-300x300.jpg 300w, https:\/\/marketing.harmonelo.io\/wp-content\/uploads\/2023\/04\/version1uuid804C32DA-19BB-45FF-A8A5-B28C52B29925modecompatiblenoloc0.jpeg-150x150.jpg 150w, https:\/\/marketing.harmonelo.io\/wp-content\/uploads\/2023\/04\/version1uuid804C32DA-19BB-45FF-A8A5-B28C52B29925modecompatiblenoloc0.jpeg-768x768.jpg 768w, https:\/\/marketing.harmonelo.io\/wp-content\/uploads\/2023\/04\/version1uuid804C32DA-19BB-45FF-A8A5-B28C52B29925modecompatiblenoloc0.jpeg-12x12.jpg 12w, https:\/\/marketing.harmonelo.io\/wp-content\/uploads\/2023\/04\/version1uuid804C32DA-19BB-45FF-A8A5-B28C52B29925modecompatiblenoloc0.jpeg.jpg 1080w\" sizes=\"auto, (max-width: 1024px) 100vw, 1024px\" \/><\/figure>\n\n<h2 class=\"wp-block-heading has-text-align-center\"><em>Povestea dificil\u0103 a Laurei:<\/em><\/h2>\n\n<p class=\"has-text-align-center\">\ud83e\udd0d \u0160ekmars a adus-o pe Laurinka din spital pe 17.2.2022. Din acea zi, ea a fost dat\u0103 \u00een plasament familial din oficiu. \u00cen calitate de bunici, ace\u0219tia au dreptul de a o reprezenta pe Laurinka \u00een toate privin\u021bele \u0219i au acelea\u0219i drepturi ca \u0219i p\u0103rin\u021bii ei. Acum, \u00eens\u0103, instan\u021ba \u00eenc\u0103 a\u0219teapt\u0103 s\u0103 decid\u0103 dac\u0103 \u00eei va dec\u0103dea pe p\u0103rin\u021bi din drepturile lor \u0219i \u00eei va numi pe bunici \u00een calitate de tutori.<\/p>\n\n<p class=\"has-text-align-center\">\ud83e\udd0d Nu a fost tocmai u\u0219or. Dna \u0160ekmarov\u00e1 a trebuit s\u0103 petreac\u0103 10 zile cu Laurinka la spitalul din Hradec Kr\u00e1lov\u00e9, unde personalul medical a \u00eenv\u0103\u021bat-o cum s\u0103 administreze medicamente \u0219i cum s\u0103 aib\u0103 grij\u0103 de feti\u021b\u0103. Ulterior, ace\u0219tia au trimis instan\u021bei un raport care atest\u0103 faptul c\u0103 dna \u0160ekmarov\u00e1 a fost capabil\u0103 s\u0103 aib\u0103 grij\u0103 de copilul bolnav \u0219i c\u0103 era evident c\u0103 Laurinka avea o rela\u021bie cald\u0103 cu bunica sa. \ud83d\udc69\u200d\ud83c\udf7c<\/p>\n\n<p class=\"has-text-align-center\">\ud83e\udd0d Aceast\u0103 recomandare a determinat instan\u021ba s\u0103 decid\u0103 c\u0103 copilul va fi bine \u00eengrijit de bunici. Deoarece p\u0103rin\u021bii <mark style=\"background-color:rgba(0, 0, 0, 0)\" class=\"has-inline-color has-primary-color\">nu<\/mark> au avut grij\u0103 de copil de la na\u0219tere \u0219i au consumat substan\u021be care creeaz\u0103 dependen\u021b\u0103, autoritatea pentru protec\u021bia copilului propune ca p\u0103rin\u021bii s\u0103 fie dec\u0103zu\u021bi din drepturile p\u0103rinte\u0219ti.<\/p>\n\n<figure class=\"wp-block-image aligncenter size-large is-resized\"><img loading=\"lazy\" decoding=\"async\" width=\"1024\" height=\"1024\" src=\"https:\/\/marketing.harmonelo.io\/wp-content\/uploads\/2023\/03\/2-1024x1024.jpg\" alt=\"\" class=\"wp-image-981759\" style=\"width:577px;height:577px\" srcset=\"https:\/\/marketing.harmonelo.io\/wp-content\/uploads\/2023\/03\/2-1024x1024.jpg 1024w, https:\/\/marketing.harmonelo.io\/wp-content\/uploads\/2023\/03\/2-300x300.jpg 300w, https:\/\/marketing.harmonelo.io\/wp-content\/uploads\/2023\/03\/2-150x150.jpg 150w, https:\/\/marketing.harmonelo.io\/wp-content\/uploads\/2023\/03\/2-768x768.jpg 768w, https:\/\/marketing.harmonelo.io\/wp-content\/uploads\/2023\/03\/2-12x12.jpg 12w, https:\/\/marketing.harmonelo.io\/wp-content\/uploads\/2023\/03\/2.jpg 1200w\" sizes=\"auto, (max-width: 1024px) 100vw, 1024px\" \/><\/figure>\n\n<p class=\"has-text-align-center\">Continua\u021bi s\u0103 ne ajuta\u021bi prin alte proiecte frumoase pe care vi le vom prezenta treptat.<\/p>\n\n<p class=\"has-text-align-center\">Pute\u021bi trimite suma de bani pe care a\u021bi ales-o \u00een conturi transparente la Raiffeisenbank:<\/p>\n\n<blockquote class=\"wp-block-quote is-layout-flow wp-block-quote-is-layout-flow\">\n<p class=\"has-text-align-center has-primary-color has-text-color\"><strong>\n  <a href=\"https:\/\/www.rb.cz\/povinne-zverejnovane-informace\/transparentni-ucty?path=transactions&amp;accountNumber=2022102250\" target=\"_blank\" rel=\"noreferrer noopener\">\n    <mark style=\"background-color:rgba(0, 0, 0, 0)\" class=\"has-inline-color has-contrast-color\">CZK 2022102250\/5500<\/mark>\n  <\/a>\n<\/strong> (pentru contribu\u021bii \u00een CZK); IBAN: CZ6655000000000000202210222250 (pentru contribu\u021bii din alte \u021b\u0103ri dec\u00e2t CZ); BIC: RZBCCZP<\/p>\n<\/blockquote>\n\n<blockquote class=\"wp-block-quote is-layout-flow wp-block-quote-is-layout-flow\">\n<p class=\"has-text-align-center has-primary-color has-text-color\"><mark style=\"background-color:rgba(0, 0, 0, 0)\" class=\"has-inline-color has-primary-color\"><a href=\"https:\/\/www.rb.cz\/povinne-zverejnovane-informace\/transparentni-ucty?path=transactions&amp;accountNumber=2022102285\" target=\"_blank\" rel=\"noreferrer noopener\"><strong>EUR 2022102285\/5500<\/strong><\/a> <\/mark>(pentru contribu\u021bii \u00een EUR); IBAN: CZ915500000000000000002022102285 (pentru contribu\u021bii din alte \u021b\u0103ri dec\u00e2t CZ); BIC: RZBCCZPP<\/p>\n<\/blockquote>\n\n<div style=\"height:20px\" aria-hidden=\"true\" class=\"wp-block-spacer\"><\/div>\n\n<h2 class=\"wp-block-heading has-text-align-center\">V\u0103 mul\u021bumim c\u0103 ne ajuta\u021bi acolo unde este nevoie.<\/h2>\n\n<h2 class=\"wp-block-heading has-text-align-center\">\ud83e\udd8b\ud83e\udd8b\ud83e\udd8b<\/h2>\n\n<p class=\"has-text-align-center has-base-color has-base-background-color has-text-color has-background\"><\/p>\n","protected":false},"excerpt":{"rendered":"<p>C\u0103l\u0103toria lui Laurinky \ud83d\udc63 Povestea dificil\u0103 a Laurei: \ud83e\udd0d \u0160ekmars a adus-o pe Laurinka din spital pe 17.2.2022. Din acea zi, ea a fost dat\u0103 \u00een plasament familial din oficiu. \u00cen calitate de bunici, ace\u0219tia au dreptul de a o reprezenta pe Laurinka \u00een toate privin\u021bele \u0219i au acelea\u0219i drepturi ca \u0219i p\u0103rin\u021bii ei. Acum, [&hellip;]<\/p>\n","protected":false},"author":5,"featured_media":0,"parent":0,"menu_order":0,"comment_status":"closed","ping_status":"closed","template":"","meta":{"_eb_attr":"","footnotes":""},"class_list":["post-1806088","page","type-page","status-publish","hentry"],"_links":{"self":[{"href":"https:\/\/marketing.harmonelo.io\/ro\/wp-json\/wp\/v2\/pages\/1806088","targetHints":{"allow":["GET"]}}],"collection":[{"href":"https:\/\/marketing.harmonelo.io\/ro\/wp-json\/wp\/v2\/pages"}],"about":[{"href":"https:\/\/marketing.harmonelo.io\/ro\/wp-json\/wp\/v2\/types\/page"}],"author":[{"embeddable":true,"href":"https:\/\/marketing.harmonelo.io\/ro\/wp-json\/wp\/v2\/users\/5"}],"replies":[{"embeddable":true,"href":"https:\/\/marketing.harmonelo.io\/ro\/wp-json\/wp\/v2\/comments?post=1806088"}],"version-history":[{"count":3,"href":"https:\/\/marketing.harmonelo.io\/ro\/wp-json\/wp\/v2\/pages\/1806088\/revisions"}],"predecessor-version":[{"id":1806095,"href":"https:\/\/marketing.harmonelo.io\/ro\/wp-json\/wp\/v2\/pages\/1806088\/revisions\/1806095"}],"wp:attachment":[{"href":"https:\/\/marketing.harmonelo.io\/ro\/wp-json\/wp\/v2\/media?parent=1806088"}],"curies":[{"name":"wp","href":"https:\/\/api.w.org\/{rel}","templated":true}]}}