{"id":1806067,"date":"2023-01-20T20:10:46","date_gmt":"2023-01-20T19:10:46","guid":{"rendered":"https:\/\/marketing.harmonelo.io\/seminarii-web-cz-sk-2\/"},"modified":"2026-04-24T05:52:45","modified_gmt":"2026-04-24T03:52:45","slug":"seminarii-web-cz-sk-2","status":"publish","type":"page","link":"https:\/\/marketing.harmonelo.io\/ro\/seminarii-web-cz-sk-2\/","title":{"rendered":"Seminarii web CZ + SK"},"content":{"rendered":"\n<h1 class=\"wp-block-heading has-text-align-center\"><em>\u00ceNREGISTR\u0102RILE LIVESTREAM-URILOR PROFESIONALE CARE AU AVUT DEJA LOC POT FI G\u0102SITE \u00ceN BIROU CA \u00ceNREGISTR\u0102RI VIP (80+ PV)<\/em><\/h1>\n\n<figure class=\"wp-block-image size-large\"><img loading=\"lazy\" decoding=\"async\" width=\"1024\" height=\"714\" src=\"https:\/\/marketing.harmonelo.io\/wp-content\/uploads\/2026\/04\/Snimek-obrazovky-2026-04-24-v-9.56.40-1024x714.png\" alt=\"\" class=\"wp-image-1838452\" srcset=\"https:\/\/marketing.harmonelo.io\/wp-content\/uploads\/2026\/04\/Snimek-obrazovky-2026-04-24-v-9.56.40-1024x714.png 1024w, https:\/\/marketing.harmonelo.io\/wp-content\/uploads\/2026\/04\/Snimek-obrazovky-2026-04-24-v-9.56.40-300x209.png 300w, https:\/\/marketing.harmonelo.io\/wp-content\/uploads\/2026\/04\/Snimek-obrazovky-2026-04-24-v-9.56.40-768x536.png 768w, https:\/\/marketing.harmonelo.io\/wp-content\/uploads\/2026\/04\/Snimek-obrazovky-2026-04-24-v-9.56.40-1536x1071.png 1536w, https:\/\/marketing.harmonelo.io\/wp-content\/uploads\/2026\/04\/Snimek-obrazovky-2026-04-24-v-9.56.40-2048x1429.png 2048w\" sizes=\"auto, (max-width: 1024px) 100vw, 1024px\" \/><\/figure>\n\n<hr class=\"wp-block-separator has-alpha-channel-opacity is-style-wide\"\/>\n\n<hr class=\"wp-block-separator has-alpha-channel-opacity is-style-wide\"\/>\n\n<h1 class=\"wp-block-heading has-text-align-center\">DEGUSTARE GRATUIT\u0102 DE LA VIP RECORDS: PLANUL DE COMPENSARE CARE A F\u0102CUT POSIBIL\u0102 APARI\u021aIA A PESTE 100 DE MILIONARI<\/h1>\n\n<p class=\"has-text-align-center\">Dac\u0103 un comerciant nu poate s\u0103 c\u00e2\u0219tige \u0219i s\u0103 se \u00eentre\u021bin\u0103 singur, atunci nu se poate angaja pe termen lung \u00een nicio activitate, chiar dac\u0103 este una mai evlavioas\u0103, \u0219i este posibil ca \u00een cele din urm\u0103 s\u0103 \u00ee\u0219i \u00eenceteze activitatea.  <\/p>\n\n<p class=\"has-text-align-center\">De aceea, este important s\u0103 \u0219ti\u021bi c\u0103 HARMONELO nu are doar un produs \u0219i un sistem sofisticat, ci \u0219i un \u00eentreg plan de compensare care \u00ee\u0219i recompenseaz\u0103 cu generozitate membrii pentru munca lor, deoarece compania apreciaz\u0103 foarte mult to\u021bi distribuitorii.<\/p>\n\n<figure class=\"wp-block-image size-large\"><a href=\"https:\/\/cloud.harmonelo.com\/apps\/sharingpath\/mkarmazin\/HARMONELO\/RECORDINGS\/CZ%20+%20SK\/MLM%20&amp;%20KOMPENZA%C4%8CN%C3%8D%20PL%C3%81N\/Marketing%20Harmonelo%2022.3.2026.mp4\" target=\"_blank\" rel=\" noreferrer noopener\"><img loading=\"lazy\" decoding=\"async\" width=\"1024\" height=\"572\" src=\"https:\/\/marketing.harmonelo.io\/wp-content\/uploads\/2026\/04\/Snimek-obrazovky-2026-04-24-v-10.21.40-1024x572.jpg\" alt=\"\" class=\"wp-image-1838508\" srcset=\"https:\/\/marketing.harmonelo.io\/wp-content\/uploads\/2026\/04\/Snimek-obrazovky-2026-04-24-v-10.21.40-1024x572.jpg 1024w, https:\/\/marketing.harmonelo.io\/wp-content\/uploads\/2026\/04\/Snimek-obrazovky-2026-04-24-v-10.21.40-300x168.jpg 300w, https:\/\/marketing.harmonelo.io\/wp-content\/uploads\/2026\/04\/Snimek-obrazovky-2026-04-24-v-10.21.40-768x429.jpg 768w, https:\/\/marketing.harmonelo.io\/wp-content\/uploads\/2026\/04\/Snimek-obrazovky-2026-04-24-v-10.21.40-1536x858.jpg 1536w, https:\/\/marketing.harmonelo.io\/wp-content\/uploads\/2026\/04\/Snimek-obrazovky-2026-04-24-v-10.21.40-2048x1145.jpg 2048w\" sizes=\"auto, (max-width: 1024px) 100vw, 1024px\" \/><\/a><figcaption class=\"wp-element-caption\">Captur\u0103 de ecran din planul de marketing \u0219i compensare Harmonelo 3.0<\/figcaption><\/figure>\n\n<p class=\"has-text-align-center has-small-font-size\">S\u0103 aju\u021bi oamenii cu cel mai pre\u021bios lucru pe care \u00eel au &#8211; s\u0103n\u0103tatea lor &#8211; exist\u0103 o misiune mai frumoas\u0103? HARMONELO nu este doar o slujb\u0103 sau o afacere &#8211; este cu adev\u0103rat o misiune care are puterea de a vindeca nu doar capul \u0219i corpul, ci chiar \u0219i portofelul. <\/p>\n\n<p class=\"has-text-align-center has-small-font-size\">Din p\u0103cate, tr\u0103im \u00eentr-o lume material\u0103 \u0219i, dac\u0103 dori\u021bi s\u0103 v\u0103 g\u0103si\u021bi lini\u0219tea sufleteasc\u0103, trebuie s\u0103 ave\u021bi partea de venituri rezolvat\u0103 \u0219i vestea bun\u0103 este c\u0103, dac\u0103 sunte\u021bi cu adev\u0103rat pasionat de Harmonelo, atunci nu este nevoie s\u0103 c\u0103uta\u021bi un alt &#8222;loc de munc\u0103&#8221;. Pentru c\u0103 \u0219i asta, Harmonelo rezolv\u0103 \u00een mod eficient. De unde vin mai exact toate aceste recompense generoase?    <\/p>\n\n<p class=\"has-text-align-center has-small-font-size\">Ve\u021bi afla \u00een acest urm\u0103tor curs, care a fost anterior doar pentru membrii no\u0219tri cei mai activi, iar acum, deoarece compania dore\u0219te s\u0103 v\u0103 sprijine, ave\u021bi acces \u0219i la aceast\u0103 \u00eenregistrare &#8211; a\u0219a c\u0103 ce mai a\u0219tepta\u021bi, profita\u021bi de ea! \ud83d\ude42  <\/p>\n\n<div class=\"wp-block-buttons is-content-justification-center is-layout-flex wp-container-core-buttons-is-layout-a89b3969 wp-block-buttons-is-layout-flex\">\n<div class=\"wp-block-button\"><a class=\"wp-block-button__link wp-element-button\" href=\"https:\/\/cloud.harmonelo.com\/apps\/sharingpath\/mkarmazin\/HARMONELO\/RECORDINGS\/CZ%20+%20SK\/MLM%20&amp;%20KOMPENZA%C4%8CN%C3%8D%20PL%C3%81N\/Marketing%20Harmonelo%2022.3.2026.mp4\" target=\"_blank\" rel=\"noreferrer noopener\">VREAU S\u0102 AFLU DE CE HARMONELO MARKETING ESTE CEL MAI BUN<\/a><\/div>\n<\/div>\n\n<hr class=\"wp-block-separator has-alpha-channel-opacity is-style-wide\"\/>\n\n<hr class=\"wp-block-separator has-alpha-channel-opacity is-style-wide\"\/>\n\n<h1 class=\"wp-block-heading has-text-align-center\" style=\"margin-top:var(--wp--preset--spacing--medium);margin-right:var(--wp--preset--spacing--medium);margin-bottom:var(--wp--preset--spacing--medium);margin-left:var(--wp--preset--spacing--medium)\"><em>CURS MLM &#8211; 8 PA\u0218I PENTRU A CONSTRUI O RE\u021aEA (BIBLIA MLM DE LA &#8222;A&#8221; LA &#8222;Z&#8221;)<\/em><\/h1>\n\n<figure class=\"wp-block-image size-large\"><a href=\"https:\/\/harmonelo.com\/cs\/products\/MLM_SYSTEM\" target=\"_blank\" rel=\"noreferrer noopener\"><img loading=\"lazy\" decoding=\"async\" width=\"1024\" height=\"857\" src=\"https:\/\/marketing.harmonelo.io\/wp-content\/uploads\/2026\/04\/Snimek-obrazovky-2026-04-24-v-10.01.09-1024x857.png\" alt=\"\" class=\"wp-image-1838466\" srcset=\"https:\/\/marketing.harmonelo.io\/wp-content\/uploads\/2026\/04\/Snimek-obrazovky-2026-04-24-v-10.01.09-1024x857.png 1024w, https:\/\/marketing.harmonelo.io\/wp-content\/uploads\/2026\/04\/Snimek-obrazovky-2026-04-24-v-10.01.09-300x251.png 300w, https:\/\/marketing.harmonelo.io\/wp-content\/uploads\/2026\/04\/Snimek-obrazovky-2026-04-24-v-10.01.09-768x643.png 768w, https:\/\/marketing.harmonelo.io\/wp-content\/uploads\/2026\/04\/Snimek-obrazovky-2026-04-24-v-10.01.09-1536x1285.png 1536w, https:\/\/marketing.harmonelo.io\/wp-content\/uploads\/2026\/04\/Snimek-obrazovky-2026-04-24-v-10.01.09.png 1678w\" sizes=\"auto, (max-width: 1024px) 100vw, 1024px\" \/><\/a><\/figure>\n\n<h2 class=\"wp-block-heading has-text-align-center\">Ce v\u0103 va \u00eenv\u0103\u021ba acest curs video de 11 ore?<\/h2>\n\n<h2 class=\"wp-block-heading has-text-align-center\">(8 pa\u0219i de baz\u0103 MLM):<\/h2>\n\n<ol class=\"wp-block-list\">\n<li>De ce MLM este una dintre pu\u021binele oportunit\u0103\u021bi pentru majoritatea oamenilor din ziua de azi<\/li>\n\n\n\n<li>Cum s\u0103 stabili\u021bi a\u0219tept\u0103rile\/strategii corecte<\/li>\n\n\n\n<li>De unde ob\u021binem contactele potrivite \u0219i ca s\u0103 nu r\u0103m\u00e2nem f\u0103r\u0103<\/li>\n\n\n\n<li>Cum s\u0103 v\u0103 adresa\u021bi \u00een mod corespunz\u0103tor contactelor reci, calde, exemple<\/li>\n\n\n\n<li>Cum s\u0103 prezenta\u021bi corect oportunitatea \u0219i produsele<\/li>\n\n\n\n<li>Cum s\u0103 stabile\u0219ti contacte dup\u0103 o prezentare F\u0102R\u0102 presiune<\/li>\n\n\n\n<li>Cum s\u0103 \u00eenve\u021bi noii veni\u021bi, cum s\u0103 \u00eencepi corect, ce s\u0103 faci<\/li>\n\n\n\n<li>Cum construie\u0219ti o re\u021bea astfel \u00eenc\u00e2t s\u0103 existe o duplicare \u0219i o cre\u0219tere constant\u0103?<\/li>\n<\/ol>\n\n<h3 class=\"wp-block-heading has-text-align-center\"><strong>Extras din modulul 1 al cursului MLM OTHER way: <\/strong><a href=\"https:\/\/youtu.be\/adfCGON5Wkw\"><strong>https:\/\/youtu.be\/adfCGON5Wkw<\/strong><\/a><\/h3>\n\n<p style=\"margin-top:var(--wp--preset--spacing--20);margin-right:0;margin-bottom:var(--wp--preset--spacing--20);margin-left:0\">Lua\u021bi aceast\u0103 scurt\u0103tur\u0103 \u0219i construi\u021bi-v\u0103 afacerea bine de la \u00eenceput.<\/p>\n\n<p class=\"has-text-align-center\">\u00cenv\u0103\u021ba\u021bi de la cei de succes \u0219i beneficia\u021bi de 11 ore de know-how direct de la directorul nostru de v\u00e2nz\u0103ri, Michal Karmaz\u00edn.  <\/p>\n\n<div class=\"wp-block-buttons is-content-justification-center is-layout-flex wp-container-core-buttons-is-layout-a89b3969 wp-block-buttons-is-layout-flex\">\n<div class=\"wp-block-button\"><a class=\"wp-block-button__link wp-element-button\" href=\"https:\/\/harmonelo.com\/cs\/products\/MLM_SYSTEM\" target=\"_blank\" rel=\"noreferrer noopener\">VREAU S\u0102 ST\u0102P\u00c2NESC ARTA MLM &#8211; VREAU CURS VIDEO MLM (CZ)<\/a><\/div>\n<\/div>\n\n<hr class=\"wp-block-separator has-alpha-channel-opacity is-style-wide\"\/>\n\n<h1 class=\"wp-block-heading has-text-align-center\"><em>CUM S\u0102 CONSTRUIE\u0218TI UN VENIT CONSTANT (FOAM PIPELINE)?  <\/em><\/h1>\n\n<hr class=\"wp-block-separator has-alpha-channel-opacity\"\/>\n\n<h1 class=\"wp-block-heading has-text-align-center\">R\u0102SPUNSUL ESTE SISTEMUL MLM!<\/h1>\n\n<p class=\"has-text-align-center\">Harmonelo se refer\u0103 la <mark style=\"background-color:rgba(0, 0, 0, 0)\" class=\"has-inline-color has-primary-color\">echilibrarea<\/mark> mai multor domenii ale vie\u021bii. Avem grij\u0103 s\u0103 armoniz\u0103m s\u0103n\u0103tatea <mark style=\"background-color:rgba(0, 0, 0, 0)\" class=\"has-inline-color has-primary-color\">fizic\u0103<\/mark> \u0219i <mark style=\"background-color:rgba(0, 0, 0, 0)\" class=\"has-inline-color has-primary-color\">mental\u0103<\/mark>, precum \u0219i s\u0103n\u0103tatea <mark style=\"background-color:rgba(0, 0, 0, 0)\" class=\"has-inline-color has-primary-color\">financiar\u0103<\/mark>.<\/p>\n\n<p class=\"has-text-align-center\">Ave\u021bi o ocazie unic\u0103 de a primi o mul\u021bime de sfaturi valoroase de la directorul nostru de v\u00e2nz\u0103ri <strong><mark style=\"background-color:rgba(0, 0, 0, 0)\" class=\"has-inline-color has-primary-color\">Michal Karmaz\u00edn,<\/mark><\/strong> care v\u0103 va sf\u0103tui <mark style=\"background-color:rgba(0, 0, 0, 0)\" class=\"has-inline-color has-primary-color\">&#8222;cum s\u0103 face\u021bi&#8221;<\/mark> \u00een marele s\u0103u <strong>SISTEM MLM<\/strong>.  <\/p>\n\n<p class=\"has-text-align-center\">Ve\u021bi fi cu un pas mai aproape de INDEPENDEN\u021aA FINANCIAR\u0102. Crede\u021bi-m\u0103, acest curs merit\u0103.<\/p>\n\n<figure class=\"wp-block-embed is-type-video is-provider-youtube wp-block-embed-youtube wp-embed-aspect-16-9 wp-has-aspect-ratio\"><div class=\"wp-block-embed__wrapper\">\n<iframe loading=\"lazy\" title=\"MODUL 1\" width=\"500\" height=\"281\" src=\"https:\/\/www.youtube.com\/embed\/PuFtedaOfjE?feature=oembed\" frameborder=\"0\" allow=\"accelerometer; autoplay; clipboard-write; encrypted-media; gyroscope; picture-in-picture; web-share\" referrerpolicy=\"strict-origin-when-cross-origin\" allowfullscreen><\/iframe>\n<\/div><\/figure>\n\n<p class=\"has-text-align-center\">\u00cel pute\u021bi cump\u0103ra din magazinul lor <mark style=\"background-color:rgba(0, 0, 0, 0)\" class=\"has-inline-color has-primary-color\">electronic<\/mark>. Nu a\u0219tepta\u021bi \u0219i \u00eencepe\u021bi-v\u0103 educa\u021bia <mark style=\"background-color:rgba(0, 0, 0, 0)\" class=\"has-inline-color has-primary-color\">AZI<\/mark>!<\/p>\n\n<p class=\"has-text-align-center\">Acest <mark style=\"background-color:rgba(0, 0, 0, 0)\" class=\"has-inline-color has-primary-color\">trailer<\/mark> grozav a fost tradus \u00een aceste limbi:<\/p>\n\n<p class=\"has-text-align-center\">CZ, SK, EN, EN, DE, HU, RO, IT, ES, FR, PL, BG, GR, RU<\/p>\n\n<p class=\"has-text-align-center\">Din p\u0103cate, \u00eentregul curs este disponibil doar \u00een CZ deocamdat\u0103, dar nu numai pentru pia\u021ba intern\u0103, ci \u0219i pentru pia\u021ba extern\u0103, avem o <strong>genera\u021bie complet nou\u0103 de educa\u021bie care suport\u0103 peste 90 de limbi<\/strong> &#8211; s\u0103 \u00eent\u00e2mpin\u0103m EDU SYSTEM 2.0 cu sponsorul dvs. privat AI HARMONELO, care nu doarme niciodat\u0103 \u0219i care \u0219tie absolut totul!<\/p>\n\n<h1 class=\"wp-block-heading has-text-align-center\"><em>PERSONAL<\/em> <em>SPONSOR AI &#8211; CHEIA DVS. PENTRU CUNO\u0218TIN\u021aE COMPLETE DESPRE LUMEA HARMONELO <\/em> <\/h1>\n\n<figure class=\"wp-block-image aligncenter size-full is-resized\"><a href=\"https:\/\/harmonelo.com\/cs\/products\/CHATBOT\" target=\"_blank\" rel=\" noreferrer noopener\"><img loading=\"lazy\" decoding=\"async\" width=\"1280\" height=\"1024\" src=\"https:\/\/marketing.harmonelo.io\/wp-content\/uploads\/2026\/04\/ChatGPT-Image-27.-3.-2026-14_08_21.png\" alt=\"\" class=\"wp-image-1838480\" style=\"width:600px;height:undefinedpx\" srcset=\"https:\/\/marketing.harmonelo.io\/wp-content\/uploads\/2026\/04\/ChatGPT-Image-27.-3.-2026-14_08_21.png 1280w, https:\/\/marketing.harmonelo.io\/wp-content\/uploads\/2026\/04\/ChatGPT-Image-27.-3.-2026-14_08_21-300x240.png 300w, https:\/\/marketing.harmonelo.io\/wp-content\/uploads\/2026\/04\/ChatGPT-Image-27.-3.-2026-14_08_21-1024x819.png 1024w, https:\/\/marketing.harmonelo.io\/wp-content\/uploads\/2026\/04\/ChatGPT-Image-27.-3.-2026-14_08_21-768x614.png 768w\" sizes=\"auto, (max-width: 1280px) 100vw, 1280px\" \/><\/a><\/figure>\n\n<p class=\"has-text-align-center\">Elibera\u021bi puterea inteligen\u021bei artificiale adaptat\u0103 la afacerea dvs. Ob\u021bine\u021bi acces instantaneu la cel mai avansat chatbot al nostru dedicat afacerilor Harmonelo \u0219i MLM.   <\/p>\n\n<p class=\"has-text-align-center\">Sponsorul nostru AI a fost instruit cu privire la tot ceea ce a\u021bi putea avea nevoie \u00een afacerea Harmonelo &#8211; el nu numai c\u0103 \u0219tie toate produsele, \u00eentregul plan de compensare, dar, de asemenea, cum s\u0103 construiasc\u0103 \u00een mod corespunz\u0103tor o re\u021bea de afaceri de duplicare constant\u0103!  <\/p>\n\n<p class=\"has-text-align-center\">Pe scurt, AI Sponsor din cadrul EDU SYSTEM 2.0 \u0219tie totul despre lumea Harmonelo \u0219i, mai mult, nu se opre\u0219te niciodat\u0103 din \u00eenv\u0103\u021bat!  <\/p>\n\n<div class=\"wp-block-buttons is-content-justification-center is-layout-flex wp-container-core-buttons-is-layout-a89b3969 wp-block-buttons-is-layout-flex\">\n<div class=\"wp-block-button\"><a class=\"wp-block-button__link wp-element-button\" href=\"https:\/\/harmonelo.com\/cs\/products\/CHATBOT\" target=\"_blank\" rel=\"noreferrer noopener\">VREAU SPONSORUL MEU AI \u0218I CU EL S\u0102 CONSTRUIESC \u00ceNTREAGA EUROP\u0102<\/a><\/div>\n<\/div>\n\n<p class=\"has-text-align-center\">Acest abonament digital v\u0103 ofer\u0103 asisten\u021b\u0103 24 de ore din 24 pentru a v\u0103 ajuta s\u0103 r\u0103spunde\u021bi la \u00eentreb\u0103ri complexe \u0219i pentru a v\u0103 cre\u0219te instantaneu productivitatea.  <\/p>\n\n<p class=\"has-text-align-center\">Suport\u0103 peste 90 de limbi \u0219i este o \u0219ans\u0103 pentru dvs. de a construi o afacere interna\u021bional\u0103 f\u0103r\u0103 bariere lingvistice.  <\/p>\n\n<p class=\"has-text-align-center\">Toat\u0103 Europa este acum la \u00eendem\u00e2na dumneavoastr\u0103.  <\/p>\n\n<p class=\"has-text-align-center\">Chiar \u0219i f\u0103r\u0103 competen\u021be lingvistice.<\/p>\n","protected":false},"excerpt":{"rendered":"<p>\u00ceNREGISTR\u0102RILE LIVESTREAM-URILOR PROFESIONALE CARE AU AVUT DEJA LOC POT FI G\u0102SITE \u00ceN BIROU CA \u00ceNREGISTR\u0102RI VIP (80+ PV) DEGUSTARE GRATUIT\u0102 DE LA VIP RECORDS: PLANUL DE COMPENSARE CARE A F\u0102CUT POSIBIL\u0102 APARI\u021aIA A PESTE 100 DE MILIONARI Dac\u0103 un comerciant nu poate s\u0103 c\u00e2\u0219tige \u0219i s\u0103 se \u00eentre\u021bin\u0103 singur, atunci nu se poate angaja pe [&hellip;]<\/p>\n","protected":false},"author":2,"featured_media":0,"parent":0,"menu_order":0,"comment_status":"closed","ping_status":"closed","template":"","meta":{"_eb_attr":"","footnotes":""},"class_list":["post-1806067","page","type-page","status-publish","hentry"],"_links":{"self":[{"href":"https:\/\/marketing.harmonelo.io\/ro\/wp-json\/wp\/v2\/pages\/1806067","targetHints":{"allow":["GET"]}}],"collection":[{"href":"https:\/\/marketing.harmonelo.io\/ro\/wp-json\/wp\/v2\/pages"}],"about":[{"href":"https:\/\/marketing.harmonelo.io\/ro\/wp-json\/wp\/v2\/types\/page"}],"author":[{"embeddable":true,"href":"https:\/\/marketing.harmonelo.io\/ro\/wp-json\/wp\/v2\/users\/2"}],"replies":[{"embeddable":true,"href":"https:\/\/marketing.harmonelo.io\/ro\/wp-json\/wp\/v2\/comments?post=1806067"}],"version-history":[{"count":207,"href":"https:\/\/marketing.harmonelo.io\/ro\/wp-json\/wp\/v2\/pages\/1806067\/revisions"}],"predecessor-version":[{"id":1838640,"href":"https:\/\/marketing.harmonelo.io\/ro\/wp-json\/wp\/v2\/pages\/1806067\/revisions\/1838640"}],"wp:attachment":[{"href":"https:\/\/marketing.harmonelo.io\/ro\/wp-json\/wp\/v2\/media?parent=1806067"}],"curies":[{"name":"wp","href":"https:\/\/api.w.org\/{rel}","templated":true}]}}