{"id":1804949,"date":"2023-03-10T16:40:49","date_gmt":"2023-03-10T15:40:49","guid":{"rendered":"https:\/\/marketing.harmonelo.io\/un-nou-articol-curat\/"},"modified":"2024-02-26T22:57:14","modified_gmt":"2024-02-26T21:57:14","slug":"un-nou-articol-curat","status":"publish","type":"page","link":"https:\/\/marketing.harmonelo.io\/ro\/un-nou-articol-curat\/","title":{"rendered":"Un nou articol curat"},"content":{"rendered":"\n<p>Orice text este bun aici \ud83d\ude42 \u0218i partea cea mai bun\u0103 este c\u0103 vom avea traducere automat\u0103 \u0219i pentru asta. Trebuie doar s\u0103 schimba\u021bi limba \u00een partea de jos.<\/p>\n","protected":false},"excerpt":{"rendered":"<p>Orice text este bun aici \ud83d\ude42 \u0218i partea cea mai bun\u0103 este c\u0103 vom avea traducere automat\u0103 \u0219i pentru asta. Trebuie doar s\u0103 schimba\u021bi limba \u00een partea de jos.<\/p>\n","protected":false},"author":2,"featured_media":0,"parent":0,"menu_order":0,"comment_status":"closed","ping_status":"closed","template":"","meta":{"_eb_attr":"","footnotes":""},"class_list":["post-1804949","page","type-page","status-publish","hentry"],"_links":{"self":[{"href":"https:\/\/marketing.harmonelo.io\/ro\/wp-json\/wp\/v2\/pages\/1804949","targetHints":{"allow":["GET"]}}],"collection":[{"href":"https:\/\/marketing.harmonelo.io\/ro\/wp-json\/wp\/v2\/pages"}],"about":[{"href":"https:\/\/marketing.harmonelo.io\/ro\/wp-json\/wp\/v2\/types\/page"}],"author":[{"embeddable":true,"href":"https:\/\/marketing.harmonelo.io\/ro\/wp-json\/wp\/v2\/users\/2"}],"replies":[{"embeddable":true,"href":"https:\/\/marketing.harmonelo.io\/ro\/wp-json\/wp\/v2\/comments?post=1804949"}],"version-history":[{"count":1,"href":"https:\/\/marketing.harmonelo.io\/ro\/wp-json\/wp\/v2\/pages\/1804949\/revisions"}],"predecessor-version":[{"id":1804951,"href":"https:\/\/marketing.harmonelo.io\/ro\/wp-json\/wp\/v2\/pages\/1804949\/revisions\/1804951"}],"wp:attachment":[{"href":"https:\/\/marketing.harmonelo.io\/ro\/wp-json\/wp\/v2\/media?parent=1804949"}],"curies":[{"name":"wp","href":"https:\/\/api.w.org\/{rel}","templated":true}]}}