{"id":1804919,"date":"2023-03-22T09:56:43","date_gmt":"2023-03-22T08:56:43","guid":{"rendered":"https:\/\/marketing.harmonelo.io\/microbiomul-un-rezumat-al-elementelor-esentiale\/"},"modified":"2024-02-26T22:57:09","modified_gmt":"2024-02-26T21:57:09","slug":"microbiomul-un-rezumat-al-elementelor-esentiale","status":"publish","type":"page","link":"https:\/\/marketing.harmonelo.io\/ro\/microbiomul-un-rezumat-al-elementelor-esentiale\/","title":{"rendered":"Microbiomul: un rezumat al elementelor esen\u021biale"},"content":{"rendered":"\n<p class=\"has-text-align-center\">A\u0219a cum se spune, repeti\u021bia este mama \u00een\u021belepciunii. Ave\u021bi <mark style=\"background-color:rgba(0, 0, 0, 0)\" class=\"has-inline-color has-primary-color\">datele de baz\u0103 <\/mark>despre microbiom \u00een degetul mic? Dac\u0103 nu, sper\u0103m c\u0103 aceast\u0103 postare v\u0103 este de folos.<\/p>\n\n<hr class=\"wp-block-separator has-alpha-channel-opacity\"\/>\n\n<figure class=\"wp-block-image size-large\"><img loading=\"lazy\" decoding=\"async\" width=\"1024\" height=\"683\" src=\"https:\/\/marketing.harmonelo.io\/wp-content\/uploads\/2023\/03\/pexels-alexander-mils-2103949-1024x683.jpg\" alt=\"\" class=\"wp-image-1070145\" srcset=\"https:\/\/marketing.harmonelo.io\/wp-content\/uploads\/2023\/03\/pexels-alexander-mils-2103949-1024x683.jpg 1024w, https:\/\/marketing.harmonelo.io\/wp-content\/uploads\/2023\/03\/pexels-alexander-mils-2103949-300x200.jpg 300w, https:\/\/marketing.harmonelo.io\/wp-content\/uploads\/2023\/03\/pexels-alexander-mils-2103949-768x512.jpg 768w, https:\/\/marketing.harmonelo.io\/wp-content\/uploads\/2023\/03\/pexels-alexander-mils-2103949-1536x1024.jpg 1536w, https:\/\/marketing.harmonelo.io\/wp-content\/uploads\/2023\/03\/pexels-alexander-mils-2103949-2048x1365.jpg 2048w, https:\/\/marketing.harmonelo.io\/wp-content\/uploads\/2023\/03\/pexels-alexander-mils-2103949-18x12.jpg 18w\" sizes=\"auto, (max-width: 1024px) 100vw, 1024px\" \/><\/figure>\n\n<p class=\"has-text-align-center\"><mark style=\"background-color:rgba(0, 0, 0, 0)\" class=\"has-inline-color has-primary-color\"><strong>Ce este microbiomul?<\/strong><\/mark>  Ansamblul tuturor genelor tuturor microorganismelor care locuiesc \u00een organismul nostru. Cei mai mul\u021bi dintre noi au auzit, probabil, de microbiomul intestinal, dar exist\u0103, de asemenea, de exemplu, un microbiom al pielii, vaginal sau oral.<\/p>\n\n<p class=\"has-text-align-center\"><strong><mark style=\"background-color:rgba(0, 0, 0, 0)\" class=\"has-inline-color has-primary-color\">Ce anume poate influen\u021ba microbiomul nostru?<\/mark><\/strong>  Microbiomul este \u00een prezent subiectul a numeroase cercet\u0103ri. Este posibil ca multe lucruri s\u0103 r\u0103m\u00e2n\u0103 \u00eenc\u0103 ascunse de noi. Ceea ce este clar, \u00eens\u0103, este c\u0103 microbiomul nostru este influen\u021bat de o serie de factori.<\/p>\n\n<h1 class=\"has-text-align-center wp-block-heading\"><strong><mark style=\"background-color:rgba(0, 0, 0, 0)\" class=\"has-inline-color has-primary-color\">De exemplu, ce sunt acestea?<\/mark><\/strong><\/h1>\n\n<ol class=\"wp-block-list\">\n<li>Stilul nostru general de via\u021b\u0103<\/li>\n\n\n\n<li>Na\u0219terea (natural\u0103\/cezarian\u0103)<\/li>\n\n\n\n<li>Al\u0103ptarea<\/li>\n\n\n\n<li>Suplimentarea medicamentelor<\/li>\n\n\n\n<li>Modul general de via\u021b\u0103<\/li>\n\n\n\n<li>Igiena somnului<\/li>\n\n\n\n<li>Mediul \u00een care tr\u0103im<\/li>\n<\/ol>\n\n<div style=\"height:30px\" aria-hidden=\"true\" class=\"wp-block-spacer\"><\/div>\n\n<figure class=\"wp-block-image size-large\"><img loading=\"lazy\" decoding=\"async\" width=\"1024\" height=\"683\" src=\"https:\/\/marketing.harmonelo.io\/wp-content\/uploads\/2023\/03\/pexels-andrea-piacquadio-712413-1024x683.jpg\" alt=\"\" class=\"wp-image-1070146\" srcset=\"https:\/\/marketing.harmonelo.io\/wp-content\/uploads\/2023\/03\/pexels-andrea-piacquadio-712413-1024x683.jpg 1024w, https:\/\/marketing.harmonelo.io\/wp-content\/uploads\/2023\/03\/pexels-andrea-piacquadio-712413-300x200.jpg 300w, https:\/\/marketing.harmonelo.io\/wp-content\/uploads\/2023\/03\/pexels-andrea-piacquadio-712413-768x512.jpg 768w, https:\/\/marketing.harmonelo.io\/wp-content\/uploads\/2023\/03\/pexels-andrea-piacquadio-712413-1536x1024.jpg 1536w, https:\/\/marketing.harmonelo.io\/wp-content\/uploads\/2023\/03\/pexels-andrea-piacquadio-712413-2048x1365.jpg 2048w, https:\/\/marketing.harmonelo.io\/wp-content\/uploads\/2023\/03\/pexels-andrea-piacquadio-712413-18x12.jpg 18w\" sizes=\"auto, (max-width: 1024px) 100vw, 1024px\" \/><\/figure>\n\n<div style=\"height:20px\" aria-hidden=\"true\" class=\"wp-block-spacer\"><\/div>\n\n<p class=\"has-text-align-center\">Dup\u0103 cum probabil c\u0103 este deja clar din cele de mai sus, microbiomul nu este deloc clar. Dimpotriv\u0103, este <mark style=\"background-color:rgba(0, 0, 0, 0)\" class=\"has-inline-color has-primary-color\">\n  <strong>un complex de mai mul\u021bi factori<\/strong>\n<\/mark>care apoi modeleaz\u0103 \u0219i influen\u021beaz\u0103 microbiomul nostru, care este <mark style=\"background-color:rgba(0, 0, 0, 0)\" class=\"has-inline-color has-primary-color\">\n  <strong>unic<\/strong>\n<\/mark>. Cele &#8222;zece porunci&#8221; ale noastre pentru a avea grij\u0103 de microbiom v\u0103 pot ajuta.<\/p>\n\n<h1 class=\"has-text-align-center wp-block-heading\">Zece lucruri pentru a avea grij\u0103 de microbiomul t\u0103u<\/h1>\n\n<ol class=\"wp-block-list\">\n<li>Sprijini\u021bi diversitatea microbienelor dvs. cu o diet\u0103 variat\u0103.<\/li>\n\n\n\n<li>Cu excep\u021bia cazului \u00een care este absolut necesar (intoleran\u021be alimentare, alergii sau alte probleme), \u00eencerca\u021bi s\u0103 nu elimina\u021bi inutil grupuri \u00eentregi de alimente din dieta dumneavoastr\u0103.<\/li>\n\n\n\n<li>Nu uita\u021bi de legume \u0219i fructe, \u021bine\u021bi cont de sezonalitate \u0219i de specificul local.<\/li>\n\n\n\n<li>M\u00e2nca\u021bi cu modera\u021bie \u0219i \u00een mod regulat.<\/li>\n\n\n\n<li>Include\u021bi \u00een dieta dumneavoastr\u0103 alimente bogate \u00een fibre.<\/li>\n\n\n\n<li>Evita\u021bi alimentele foarte procesate.<\/li>\n\n\n\n<li>G\u00e2ndi\u021bi-v\u0103 la exerci\u021bii fizice \u0219i la a fi \u00een natur\u0103.<\/li>\n\n\n\n<li>Ave\u021bi grij\u0103 de bun\u0103starea voastr\u0103 mental\u0103.<\/li>\n\n\n\n<li>Nu v\u0103 priva\u021bi de un somn de calitate.<\/li>\n\n\n\n<li>Supraveghea\u021bi-v\u0103 regimul de consum.<\/li>\n<\/ol>\n\n<div style=\"height:27px\" aria-hidden=\"true\" class=\"wp-block-spacer\"><\/div>\n\n<figure class=\"wp-block-image size-large\"><img loading=\"lazy\" decoding=\"async\" width=\"1024\" height=\"683\" src=\"https:\/\/marketing.harmonelo.io\/wp-content\/uploads\/2023\/03\/pexels-alexy-almond-3758053-1-1024x683.jpg\" alt=\"\" class=\"wp-image-1070148\" srcset=\"https:\/\/marketing.harmonelo.io\/wp-content\/uploads\/2023\/03\/pexels-alexy-almond-3758053-1-1024x683.jpg 1024w, https:\/\/marketing.harmonelo.io\/wp-content\/uploads\/2023\/03\/pexels-alexy-almond-3758053-1-300x200.jpg 300w, https:\/\/marketing.harmonelo.io\/wp-content\/uploads\/2023\/03\/pexels-alexy-almond-3758053-1-768x512.jpg 768w, https:\/\/marketing.harmonelo.io\/wp-content\/uploads\/2023\/03\/pexels-alexy-almond-3758053-1-1536x1024.jpg 1536w, https:\/\/marketing.harmonelo.io\/wp-content\/uploads\/2023\/03\/pexels-alexy-almond-3758053-1-2048x1365.jpg 2048w, https:\/\/marketing.harmonelo.io\/wp-content\/uploads\/2023\/03\/pexels-alexy-almond-3758053-1-18x12.jpg 18w\" sizes=\"auto, (max-width: 1024px) 100vw, 1024px\" \/><\/figure>\n\n<h1 class=\"has-text-align-center wp-block-heading\">Ce implic\u0103 acest lucru?<\/h1>\n\n<p class=\"has-text-align-center\">Microbiomul nu trebuie <mark style=\"background-color:rgba(0, 0, 0, 0)\" class=\"has-inline-color has-primary-color\">subestimat<\/mark>. Este de dorit s\u0103 ne g\u00e2ndim la aceste lucruri din punct de vedere <mark style=\"background-color:rgba(0, 0, 0, 0)\" class=\"has-inline-color has-primary-color\">preventiv<\/mark> \u0219i s\u0103 privim microbiomul ca pe ceva <mark style=\"background-color:rgba(0, 0, 0, 0)\" class=\"has-inline-color has-primary-color\">complex<\/mark>. Avem doar o singur\u0103 s\u0103n\u0103tate, a\u0219a c\u0103 <mark style=\"background-color:rgba(0, 0, 0, 0)\" class=\"has-inline-color has-primary-color\">nu \u00eenceta\u021bi s\u0103 o aprecia\u021bi<\/mark> \u0219i s\u0103 ave\u021bi grij\u0103 de ea.<\/p>\n\n<div class=\"wp-block-buttons is-layout-flex wp-block-buttons-is-layout-flex\">\n<div class=\"wp-block-button aligncenter\"><a class=\"wp-block-button__link wp-element-button\" href=\"https:\/\/harmonelo.com\/harmonelo-smart-probio-d610\/\" target=\"_blank\" rel=\"noreferrer noopener\">VREAU S\u0102 EXAMINEZ HARMONELO SMART PROBIO<\/a><\/div>\n<\/div>\n\n<div class=\"wp-block-buttons is-layout-flex wp-block-buttons-is-layout-flex\">\n<div class=\"wp-block-button aligncenter\"><a class=\"wp-block-button__link wp-element-button\" href=\"https:\/\/harmonelo.com\/harmonelo-probione-d611\/\" target=\"_blank\" rel=\"noreferrer noopener\">VREAU S\u0102 \u00ceNCERC HARMONELO PROBIONE<\/a><\/div>\n<\/div>\n","protected":false},"excerpt":{"rendered":"<p>A\u0219a cum se spune, repeti\u021bia este mama \u00een\u021belepciunii. Ave\u021bi datele de baz\u0103 despre microbiom \u00een degetul mic? Dac\u0103 nu, sper\u0103m c\u0103 aceast\u0103 postare v\u0103 este de folos. Ce este microbiomul? Ansamblul tuturor genelor tuturor microorganismelor care locuiesc \u00een organismul nostru. Cei mai mul\u021bi dintre noi au auzit, probabil, de microbiomul intestinal, dar exist\u0103, de asemenea, [&hellip;]<\/p>\n","protected":false},"author":5,"featured_media":0,"parent":0,"menu_order":0,"comment_status":"closed","ping_status":"closed","template":"","meta":{"_eb_attr":"","footnotes":""},"class_list":["post-1804919","page","type-page","status-publish","hentry"],"_links":{"self":[{"href":"https:\/\/marketing.harmonelo.io\/ro\/wp-json\/wp\/v2\/pages\/1804919","targetHints":{"allow":["GET"]}}],"collection":[{"href":"https:\/\/marketing.harmonelo.io\/ro\/wp-json\/wp\/v2\/pages"}],"about":[{"href":"https:\/\/marketing.harmonelo.io\/ro\/wp-json\/wp\/v2\/types\/page"}],"author":[{"embeddable":true,"href":"https:\/\/marketing.harmonelo.io\/ro\/wp-json\/wp\/v2\/users\/5"}],"replies":[{"embeddable":true,"href":"https:\/\/marketing.harmonelo.io\/ro\/wp-json\/wp\/v2\/comments?post=1804919"}],"version-history":[{"count":1,"href":"https:\/\/marketing.harmonelo.io\/ro\/wp-json\/wp\/v2\/pages\/1804919\/revisions"}],"predecessor-version":[{"id":1804921,"href":"https:\/\/marketing.harmonelo.io\/ro\/wp-json\/wp\/v2\/pages\/1804919\/revisions\/1804921"}],"wp:attachment":[{"href":"https:\/\/marketing.harmonelo.io\/ro\/wp-json\/wp\/v2\/media?parent=1804919"}],"curies":[{"name":"wp","href":"https:\/\/api.w.org\/{rel}","templated":true}]}}