{"id":1804852,"date":"2023-04-05T16:27:28","date_gmt":"2023-04-05T14:27:28","guid":{"rendered":"https:\/\/marketing.harmonelo.io\/special-de-paste%f0%9f%a5%9a\/"},"modified":"2024-02-26T22:56:51","modified_gmt":"2024-02-26T21:56:51","slug":"special-de-paste%f0%9f%a5%9a","status":"publish","type":"page","link":"https:\/\/marketing.harmonelo.io\/ro\/special-de-paste%f0%9f%a5%9a\/","title":{"rendered":"Special de Pa\u0219te\ud83e\udd5a"},"content":{"rendered":"\n<hr class=\"wp-block-separator has-alpha-channel-opacity\"\/>\n\n<p class=\"has-text-align-center has-large-font-size\">\ud83d\udc9b\ud83d\udc9c\ud83d\udc9a<\/p>\n\n<p class=\"has-text-align-center\">A venit Pa\u0219tele! Din acest motiv, am preg\u0103tit un num\u0103r special pe tema Pa\u0219telui.  <em><mark style=\"background-color:rgba(0, 0, 0, 0)\" class=\"has-inline-color has-primary-color\">\u0218ti\u021bi c\u00e2t timp s\u0103 p\u0103stra\u021bi ou\u0103le fierte?<\/mark><\/em> <em><mark style=\"background-color:rgba(0, 0, 0, 0)\" class=\"has-inline-color has-primary-color\">Cum pute\u021bi vopsi ou\u0103le acas\u0103 folosind componente naturale?<\/mark><\/em> <em><mark style=\"background-color:rgba(0, 0, 0, 0)\" class=\"has-inline-color has-primary-color\">Cu ce \u00eei po\u021bi surprinde anul acesta pe cei care vor face colindatul?<\/mark> <\/em>Acest lucru \u0219i multe altele pot fi g\u0103site \u00een aceast\u0103 postare.<\/p>\n\n<figure class=\"wp-block-image size-large\"><img loading=\"lazy\" decoding=\"async\" width=\"1024\" height=\"1024\" src=\"https:\/\/marketing.harmonelo.io\/wp-content\/uploads\/2023\/04\/IMG_1138-1024x1024.png\" alt=\"\" class=\"wp-image-1245900\" srcset=\"https:\/\/marketing.harmonelo.io\/wp-content\/uploads\/2023\/04\/IMG_1138-1024x1024.png 1024w, https:\/\/marketing.harmonelo.io\/wp-content\/uploads\/2023\/04\/IMG_1138-300x300.png 300w, https:\/\/marketing.harmonelo.io\/wp-content\/uploads\/2023\/04\/IMG_1138-150x150.png 150w, https:\/\/marketing.harmonelo.io\/wp-content\/uploads\/2023\/04\/IMG_1138-768x768.png 768w, https:\/\/marketing.harmonelo.io\/wp-content\/uploads\/2023\/04\/IMG_1138-12x12.png 12w, https:\/\/marketing.harmonelo.io\/wp-content\/uploads\/2023\/04\/IMG_1138.png 1080w\" sizes=\"auto, (max-width: 1024px) 100vw, 1024px\" \/><\/figure>\n\n<h1 class=\"wp-block-heading has-text-align-center\"><strong>\n  <mark style=\"background-color:rgba(0, 0, 0, 0)\" class=\"has-inline-color has-primary-color\">Cum s\u0103 v\u0103 vopsi\u021bi ou\u0103le folosind componente naturale?<\/mark>\n<\/strong>\ud83e\udd5a<\/h1>\n\n<p>Peste tot exist\u0103 tot felul de coloran\u021bi pentru ou\u0103. Dar \u0219tia\u021bi c\u0103 v\u0103 pute\u021bi decora ou\u0103le din confortul casei dumneavoastr\u0103 \u0219i pute\u021bi folosi componente la care nu v-a\u021bi fi g\u00e2ndit la \u00eenceput?<\/p>\n\n<h2 class=\"wp-block-heading has-text-align-center\">Cum faci asta? \ud83d\udd11<\/h2>\n\n<p class=\"has-text-align-center\">\ud83e\udd5a \u00cen primul r\u00e2nd, fiecare ou trebuie cur\u0103\u021bat \u0219i sp\u0103lat (degresat) \u00eenainte de vopsire. De exemplu, pute\u021bi folosi un lichid de sp\u0103lat vase sau o combina\u021bie de ap\u0103 cald\u0103 \u0219i sifon pentru a v\u0103 ajuta. Ace\u0219ti pa\u0219i vor asigura o mai bun\u0103 fixare a culorii dorite pe ou. Acum tot ce trebuie s\u0103 face\u021bi este s\u0103 alege\u021bi culoarea final\u0103 pe care o dori\u021bi.  <\/p>\n\n<ol class=\"wp-block-list\">\n<li><mark style=\"background-color:rgba(0, 0, 0, 0)\" class=\"has-inline-color has-primary-color\"><strong>CEAPA<\/strong><\/mark>: Cojile de <mark style=\"background-color:rgba(0, 0, 0, 0)\" class=\"has-inline-color has-primary-color\">ceap\u0103<\/mark> pot da ou\u0103lor tale o frumoas\u0103 culoare maro caramel.<\/li>\n\n\n\n<li><strong>\n  <mark style=\"background-color:rgba(0, 0, 0, 0)\" class=\"has-inline-color has-primary-color\">KURKUM<\/mark>\n<\/strong><mark style=\"background-color:rgba(0, 0, 0, 0)\" class=\"has-inline-color has-primary-color\"><strong>R<\/strong> <\/mark>: Cu turmericul, pute\u021bi evoca o nuan\u021b\u0103 potrivit\u0103 de galben caramel.  <\/li>\n\n\n\n<li><mark style=\"background-color:rgba(0, 0, 0, 0)\" class=\"has-inline-color has-primary-color\">\n  <strong>AUR RO\u0218U:<\/strong>\n<\/mark> Varza ro\u0219ie v\u0103 va ajuta s\u0103 ob\u021bine\u021bi o nuan\u021b\u0103 surprinz\u0103toare de albastru.<\/li>\n\n\n\n<li><mark style=\"background-color:rgba(0, 0, 0, 0)\" class=\"has-inline-color has-primary-color\"><strong>LINIA<\/strong> <\/mark>RO\u0218IE: \u00cen acest caz, ve\u021bi ob\u021bine o culoare ro\u0219ie frumoas\u0103.<\/li>\n\n\n\n<li><strong>\n  <mark style=\"background-color:rgba(0, 0, 0, 0)\" class=\"has-inline-color has-primary-color\">PETR\u017dEL: <\/mark>\n<\/strong>Cu p\u0103trunjel se poate ob\u021bine o nuan\u021b\u0103 verde frumoas\u0103.<\/li>\n<\/ol>\n\n<p class=\"has-text-align-center\">Pune\u021bi \u00een oal\u0103 orice component\u0103 pe care dori\u021bi s\u0103 colora\u021bi ou\u0103le (coji de ceap\u0103, turmeric etc.) \u0219i acoperi\u021bi cu 700-800 ml de ap\u0103. Se adaug\u0103 2 linguri de o\u021bet \u0219i un v\u00e2rf de cu\u021bit de sare. Apoi se aduce la fierbere. Apoi ad\u0103uga\u021bi ou\u0103le pe care dori\u021bi s\u0103 le colora\u021bi \u0219i g\u0103ti\u021bi timp de 10 minute. Se opre\u0219te focul \u0219i se las\u0103 ou\u0103le \u00een apa degresat\u0103 p\u00e2n\u0103 se r\u0103cesc. Culorile rezultate v\u0103 vor \u00eenc\u00e2nta cu siguran\u021b\u0103 la fel de mult ca \u0219i pe noi \ud83d\udc9b\ud83d\udc9c\ud83d\udc9a.<\/p>\n\n<div style=\"height:30px\" aria-hidden=\"true\" class=\"wp-block-spacer\"><\/div>\n\n<figure class=\"wp-block-image size-large\"><img loading=\"lazy\" decoding=\"async\" width=\"1024\" height=\"684\" src=\"https:\/\/marketing.harmonelo.io\/wp-content\/uploads\/2023\/04\/pexels-ksenia-chernaya-3980600-1024x684.jpg\" alt=\"\" class=\"wp-image-1245905\" srcset=\"https:\/\/marketing.harmonelo.io\/wp-content\/uploads\/2023\/04\/pexels-ksenia-chernaya-3980600-1024x684.jpg 1024w, https:\/\/marketing.harmonelo.io\/wp-content\/uploads\/2023\/04\/pexels-ksenia-chernaya-3980600-300x200.jpg 300w, https:\/\/marketing.harmonelo.io\/wp-content\/uploads\/2023\/04\/pexels-ksenia-chernaya-3980600-768x513.jpg 768w, https:\/\/marketing.harmonelo.io\/wp-content\/uploads\/2023\/04\/pexels-ksenia-chernaya-3980600-1536x1025.jpg 1536w, https:\/\/marketing.harmonelo.io\/wp-content\/uploads\/2023\/04\/pexels-ksenia-chernaya-3980600-2048x1367.jpg 2048w, https:\/\/marketing.harmonelo.io\/wp-content\/uploads\/2023\/04\/pexels-ksenia-chernaya-3980600-18x12.jpg 18w\" sizes=\"auto, (max-width: 1024px) 100vw, 1024px\" \/><\/figure>\n\n<div style=\"height:20px\" aria-hidden=\"true\" class=\"wp-block-spacer\"><\/div>\n\n<h1 class=\"wp-block-heading has-text-align-center\">Cum se p\u0103streaz\u0103 ou\u0103le fierte? \ud83d\udca1<\/h1>\n\n<ol class=\"wp-block-list\">\n<li>Chiar \u0219i un ou fiert are un termen de valabilitate limitat.<\/li>\n\n\n\n<li>La temperatura camerei, termenul de valabilitate al ou\u0103lor fierte scade rapid. Termenul de valabilitate al acestora este de aproximativ 2-3 zile.<\/li>\n\n\n\n<li>Cu toate acestea, ou\u0103le pot rezista 7-14 zile \u00een frigider (dac\u0103 le r\u0103ci\u021bi dup\u0103 ce le g\u0103ti\u021bi \u0219i le pune\u021bi \u00een frigider).<\/li>\n\n\n\n<li>Desigur, este ideal s\u0103 consuma\u021bi sau s\u0103 procesa\u021bi ou\u0103le c\u00e2t mai repede posibil.<\/li>\n<\/ol>\n\n<div style=\"height:27px\" aria-hidden=\"true\" class=\"wp-block-spacer\"><\/div>\n\n<figure class=\"wp-block-image size-large\"><img loading=\"lazy\" decoding=\"async\" width=\"1024\" height=\"683\" src=\"https:\/\/marketing.harmonelo.io\/wp-content\/uploads\/2023\/04\/pexels-roman-odintsov-6897341-1024x683.jpg\" alt=\"\" class=\"wp-image-1245904\" srcset=\"https:\/\/marketing.harmonelo.io\/wp-content\/uploads\/2023\/04\/pexels-roman-odintsov-6897341-1024x683.jpg 1024w, https:\/\/marketing.harmonelo.io\/wp-content\/uploads\/2023\/04\/pexels-roman-odintsov-6897341-300x200.jpg 300w, https:\/\/marketing.harmonelo.io\/wp-content\/uploads\/2023\/04\/pexels-roman-odintsov-6897341-768x512.jpg 768w, https:\/\/marketing.harmonelo.io\/wp-content\/uploads\/2023\/04\/pexels-roman-odintsov-6897341-1536x1024.jpg 1536w, https:\/\/marketing.harmonelo.io\/wp-content\/uploads\/2023\/04\/pexels-roman-odintsov-6897341-2048x1365.jpg 2048w, https:\/\/marketing.harmonelo.io\/wp-content\/uploads\/2023\/04\/pexels-roman-odintsov-6897341-18x12.jpg 18w\" sizes=\"auto, (max-width: 1024px) 100vw, 1024px\" \/><\/figure>\n\n<h1 class=\"wp-block-heading has-text-align-center\">Cu ce \u00eei po\u021bi surprinde anul acesta pe cei care vor face colindatul? \ud83d\udca1<\/h1>\n\n<p class=\"has-text-align-center\">\u00cen acest an, pute\u021bi s\u0103-i uimi\u021bi pe cei care v\u0103 vor colinda cu un gest original. \u00cen loc de ou\u0103 decorative, de un iepura\u0219 de ciocolat\u0103 sau de un shot cinstit de slivovitz de cas\u0103, pute\u021bi oferi vizitatorului dvs. cantitatea zilnic\u0103 recomandat\u0103 din unul dintre suplimentele noastre lichide. Mai ales cei care nu au avut pl\u0103cerea de a asculta Harmonelo p\u00e2n\u0103 acum vor fi cu siguran\u021b\u0103 <mark style=\"background-color:rgba(0, 0, 0, 0)\" class=\"has-inline-color has-primary-color\">\u00eenc\u00e2nta\u021bi!<\/mark><\/p>\n\n<figure class=\"wp-block-image size-large\"><img loading=\"lazy\" decoding=\"async\" width=\"1024\" height=\"1024\" src=\"https:\/\/marketing.harmonelo.io\/wp-content\/uploads\/2023\/04\/37-1024x1024.jpg\" alt=\"\" class=\"wp-image-1245903\" srcset=\"https:\/\/marketing.harmonelo.io\/wp-content\/uploads\/2023\/04\/37-1024x1024.jpg 1024w, https:\/\/marketing.harmonelo.io\/wp-content\/uploads\/2023\/04\/37-300x300.jpg 300w, https:\/\/marketing.harmonelo.io\/wp-content\/uploads\/2023\/04\/37-150x150.jpg 150w, https:\/\/marketing.harmonelo.io\/wp-content\/uploads\/2023\/04\/37-768x768.jpg 768w, https:\/\/marketing.harmonelo.io\/wp-content\/uploads\/2023\/04\/37-12x12.jpg 12w, https:\/\/marketing.harmonelo.io\/wp-content\/uploads\/2023\/04\/37.jpg 1200w\" sizes=\"auto, (max-width: 1024px) 100vw, 1024px\" \/><\/figure>\n\n<div class=\"wp-block-buttons is-content-justification-center is-layout-flex wp-container-core-buttons-is-layout-a89b3969 wp-block-buttons-is-layout-flex\">\n<div class=\"wp-block-button\"><a class=\"wp-block-button__link wp-element-button\" href=\"https:\/\/harmonelo.com\/harmonelo-life-d512\/\" target=\"_blank\" rel=\"noreferrer noopener\">\u00ceNCERCA\u021aI CU HARMONELO LIFE<\/a><\/div>\n<\/div>\n\n<p class=\"has-text-align-center\">Gustul s\u0103u pl\u0103cut \u0219i echilibrat \u00eei va cuceri pe mul\u021bi dintre cei care vor face colindul sau colindatul.  <\/p>\n\n<p class=\"has-text-align-center has-large-font-size\">\ud83d\udc9b\ud83d\udc9c\ud83d\udc9a<\/p>\n","protected":false},"excerpt":{"rendered":"<p>\ud83d\udc9b\ud83d\udc9c\ud83d\udc9a A venit Pa\u0219tele! Din acest motiv, am preg\u0103tit un num\u0103r special pe tema Pa\u0219telui. \u0218ti\u021bi c\u00e2t timp s\u0103 p\u0103stra\u021bi ou\u0103le fierte? Cum pute\u021bi vopsi ou\u0103le acas\u0103 folosind componente naturale? Cu ce \u00eei po\u021bi surprinde anul acesta pe cei care vor face colindatul? Acest lucru \u0219i multe altele pot fi g\u0103site \u00een aceast\u0103 postare. Cum [&hellip;]<\/p>\n","protected":false},"author":5,"featured_media":0,"parent":0,"menu_order":0,"comment_status":"closed","ping_status":"closed","template":"","meta":{"_eb_attr":"","footnotes":""},"class_list":["post-1804852","page","type-page","status-publish","hentry"],"_links":{"self":[{"href":"https:\/\/marketing.harmonelo.io\/ro\/wp-json\/wp\/v2\/pages\/1804852","targetHints":{"allow":["GET"]}}],"collection":[{"href":"https:\/\/marketing.harmonelo.io\/ro\/wp-json\/wp\/v2\/pages"}],"about":[{"href":"https:\/\/marketing.harmonelo.io\/ro\/wp-json\/wp\/v2\/types\/page"}],"author":[{"embeddable":true,"href":"https:\/\/marketing.harmonelo.io\/ro\/wp-json\/wp\/v2\/users\/5"}],"replies":[{"embeddable":true,"href":"https:\/\/marketing.harmonelo.io\/ro\/wp-json\/wp\/v2\/comments?post=1804852"}],"version-history":[{"count":1,"href":"https:\/\/marketing.harmonelo.io\/ro\/wp-json\/wp\/v2\/pages\/1804852\/revisions"}],"predecessor-version":[{"id":1804853,"href":"https:\/\/marketing.harmonelo.io\/ro\/wp-json\/wp\/v2\/pages\/1804852\/revisions\/1804853"}],"wp:attachment":[{"href":"https:\/\/marketing.harmonelo.io\/ro\/wp-json\/wp\/v2\/media?parent=1804852"}],"curies":[{"name":"wp","href":"https:\/\/api.w.org\/{rel}","templated":true}]}}