{"id":1804752,"date":"2023-04-12T10:59:49","date_gmt":"2023-04-12T08:59:49","guid":{"rendered":"https:\/\/marketing.harmonelo.io\/%e2%9c%a8-muesli-pe-care-microbiomul-tau-il-va-iubi\/"},"modified":"2024-02-26T22:56:16","modified_gmt":"2024-02-26T21:56:16","slug":"%e2%9c%a8-muesli-pe-care-microbiomul-tau-il-va-iubi","status":"publish","type":"page","link":"https:\/\/marketing.harmonelo.io\/ro\/%e2%9c%a8-muesli-pe-care-microbiomul-tau-il-va-iubi\/","title":{"rendered":"\u2728 Muesli pe care microbiomul t\u0103u \u00eel va iubi"},"content":{"rendered":"\n<figure class=\"wp-block-image size-large\"><img loading=\"lazy\" decoding=\"async\" width=\"1024\" height=\"1024\" src=\"https:\/\/marketing.harmonelo.io\/wp-content\/uploads\/2023\/04\/version1uuidD5F9E477-ACC1-4087-ACFD-1B70E5597FBAmodecompatiblenoloc0.jpeg-1024x1024.jpg\" alt=\"\" class=\"wp-image-1333216\" srcset=\"https:\/\/marketing.harmonelo.io\/wp-content\/uploads\/2023\/04\/version1uuidD5F9E477-ACC1-4087-ACFD-1B70E5597FBAmodecompatiblenoloc0.jpeg-1024x1024.jpg 1024w, https:\/\/marketing.harmonelo.io\/wp-content\/uploads\/2023\/04\/version1uuidD5F9E477-ACC1-4087-ACFD-1B70E5597FBAmodecompatiblenoloc0.jpeg-300x300.jpg 300w, https:\/\/marketing.harmonelo.io\/wp-content\/uploads\/2023\/04\/version1uuidD5F9E477-ACC1-4087-ACFD-1B70E5597FBAmodecompatiblenoloc0.jpeg-150x150.jpg 150w, https:\/\/marketing.harmonelo.io\/wp-content\/uploads\/2023\/04\/version1uuidD5F9E477-ACC1-4087-ACFD-1B70E5597FBAmodecompatiblenoloc0.jpeg-768x768.jpg 768w, https:\/\/marketing.harmonelo.io\/wp-content\/uploads\/2023\/04\/version1uuidD5F9E477-ACC1-4087-ACFD-1B70E5597FBAmodecompatiblenoloc0.jpeg-12x12.jpg 12w, https:\/\/marketing.harmonelo.io\/wp-content\/uploads\/2023\/04\/version1uuidD5F9E477-ACC1-4087-ACFD-1B70E5597FBAmodecompatiblenoloc0.jpeg.jpg 1200w\" sizes=\"auto, (max-width: 1024px) 100vw, 1024px\" \/><\/figure>\n\n<p><\/p>\n\n<h2 class=\"wp-block-heading\">\ud83d\udd38Ingrediente:<\/h2>\n\n<ul class=\"wp-block-list\">\n<li>4 mere (necur\u0103\u021bate, t\u0103iate \u00een buc\u0103\u021bi mai mici)<\/li>\n\n\n\n<li>2 c\u0103ni de kefir ne\u00eendulcit<\/li>\n\n\n\n<li>1\/2 can\u0103 de fulgi de cereale<\/li>\n\n\n\n<li>1\/4 can\u0103 de nuci tocate<\/li>\n\n\n\n<li>2 linguri de semin\u021be de in m\u0103cinate<\/li>\n\n\n\n<li>2 linguri de suc de l\u0103m\u00e2ie<\/li>\n\n\n\n<li>1\/4 linguri\u021b\u0103 de nuc\u0219oar\u0103<\/li>\n\n\n\n<li>1\/4 linguri\u021b\u0103 de sare<\/li>\n\n\n\n<li>sirop de cicoare pentru aromatizare<\/li>\n\n\n\n<li>20 ml Harmonelo Vitality<\/li>\n<\/ul>\n\n<h2 class=\"wp-block-heading\">\ud83d\udd38Progres:  <\/h2>\n\n<ul class=\"wp-block-list\">\n<li>Se amestec\u0103 merele tocate cu chefirul, fulgii, nucile, semin\u021bele de in, sucul de l\u0103m\u00e2ie, nuc\u0219oara, sarea \u0219i Harmonel Vitality. Se p\u0103streaz\u0103 \u00een frigider peste noapte. Se serve\u0219te u\u0219or stropit\u0103 cu sirop de cicoare.<\/li>\n<\/ul>\n\n<p><strong><mark style=\"background-color:rgba(0, 0, 0, 0)\" class=\"has-inline-color has-primary-color\"><em>\ud83d\udca1\u00cen<\/em> acest fel,<em>muesli-ul preg\u0103tit va rezista c\u00e2teva zile \u00een frigider!<\/em><\/mark><\/strong><\/p>\n\n<p class=\"has-text-align-center\">S\u0103 o facem cu pl\u0103cere! Sper c\u0103 acest mic dejun care salveaz\u0103 timp \u0219i este echilibrat din punct de vedere nutri\u021bional v-a f\u0103cut ziua mai bun\u0103 \ud83c\udf1e.<\/p>\n\n<div class=\"wp-block-buttons is-content-justification-center is-layout-flex wp-container-core-buttons-is-layout-a89b3969 wp-block-buttons-is-layout-flex\">\n<div class=\"wp-block-button\"><a class=\"wp-block-button__link has-text-align-center wp-element-button\" href=\"https:\/\/harmonelo.com\/harmonelo-vitality-d513\/\" target=\"_blank\" rel=\"noreferrer noopener\">M\u0102 INTERESEAZ\u0102 HARMONELO VITALITY<\/a><\/div>\n<\/div>\n","protected":false},"excerpt":{"rendered":"<p>\ud83d\udd38Ingrediente: \ud83d\udd38Progres: \ud83d\udca1\u00cen acest fel,muesli-ul preg\u0103tit va rezista c\u00e2teva zile \u00een frigider! S\u0103 o facem cu pl\u0103cere! Sper c\u0103 acest mic dejun care salveaz\u0103 timp \u0219i este echilibrat din punct de vedere nutri\u021bional v-a f\u0103cut ziua mai bun\u0103 \ud83c\udf1e.<\/p>\n","protected":false},"author":5,"featured_media":0,"parent":0,"menu_order":0,"comment_status":"closed","ping_status":"closed","template":"","meta":{"_eb_attr":"","footnotes":""},"class_list":["post-1804752","page","type-page","status-publish","hentry"],"_links":{"self":[{"href":"https:\/\/marketing.harmonelo.io\/ro\/wp-json\/wp\/v2\/pages\/1804752","targetHints":{"allow":["GET"]}}],"collection":[{"href":"https:\/\/marketing.harmonelo.io\/ro\/wp-json\/wp\/v2\/pages"}],"about":[{"href":"https:\/\/marketing.harmonelo.io\/ro\/wp-json\/wp\/v2\/types\/page"}],"author":[{"embeddable":true,"href":"https:\/\/marketing.harmonelo.io\/ro\/wp-json\/wp\/v2\/users\/5"}],"replies":[{"embeddable":true,"href":"https:\/\/marketing.harmonelo.io\/ro\/wp-json\/wp\/v2\/comments?post=1804752"}],"version-history":[{"count":1,"href":"https:\/\/marketing.harmonelo.io\/ro\/wp-json\/wp\/v2\/pages\/1804752\/revisions"}],"predecessor-version":[{"id":1804756,"href":"https:\/\/marketing.harmonelo.io\/ro\/wp-json\/wp\/v2\/pages\/1804752\/revisions\/1804756"}],"wp:attachment":[{"href":"https:\/\/marketing.harmonelo.io\/ro\/wp-json\/wp\/v2\/media?parent=1804752"}],"curies":[{"name":"wp","href":"https:\/\/api.w.org\/{rel}","templated":true}]}}