{"id":1804681,"date":"2023-04-17T17:00:32","date_gmt":"2023-04-17T15:00:32","guid":{"rendered":"https:\/\/marketing.harmonelo.io\/cum-sa-faci-un-personaj-de-vis\/"},"modified":"2024-02-26T22:54:09","modified_gmt":"2024-02-26T21:54:09","slug":"cum-sa-faci-un-personaj-de-vis","status":"publish","type":"page","link":"https:\/\/marketing.harmonelo.io\/ro\/cum-sa-faci-un-personaj-de-vis\/","title":{"rendered":"CUM S\u0102 FACI UN PERSONAJ DE VIS ?"},"content":{"rendered":"\n<p class=\"has-text-align-center\">Construirea personajului t\u0103u de vis nu trebuie s\u0103 fie o problem\u0103 at\u00e2t de mare pe c\u00e2t pare la prima vedere. Este important s\u0103 ne amintim c\u0103 fiecare pas conteaz\u0103!  <\/p>\n\n<figure class=\"wp-block-image size-large\"><img loading=\"lazy\" decoding=\"async\" width=\"1024\" height=\"683\" src=\"https:\/\/marketing.harmonelo.io\/wp-content\/uploads\/2023\/04\/pexels-karolina-grabowska-4498606-1024x683.jpg\" alt=\"\" class=\"wp-image-1420303\" srcset=\"https:\/\/marketing.harmonelo.io\/wp-content\/uploads\/2023\/04\/pexels-karolina-grabowska-4498606-1024x683.jpg 1024w, https:\/\/marketing.harmonelo.io\/wp-content\/uploads\/2023\/04\/pexels-karolina-grabowska-4498606-300x200.jpg 300w, https:\/\/marketing.harmonelo.io\/wp-content\/uploads\/2023\/04\/pexels-karolina-grabowska-4498606-768x512.jpg 768w, https:\/\/marketing.harmonelo.io\/wp-content\/uploads\/2023\/04\/pexels-karolina-grabowska-4498606-1536x1024.jpg 1536w, https:\/\/marketing.harmonelo.io\/wp-content\/uploads\/2023\/04\/pexels-karolina-grabowska-4498606-2048x1365.jpg 2048w, https:\/\/marketing.harmonelo.io\/wp-content\/uploads\/2023\/04\/pexels-karolina-grabowska-4498606-18x12.jpg 18w\" sizes=\"auto, (max-width: 1024px) 100vw, 1024px\" \/><\/figure>\n\n<h2 class=\"wp-block-heading has-text-align-center\">\ud83d\udccc Pa\u0219i mai mici = baza succesului<\/h2>\n\n<p class=\"has-text-align-center\">De\u0219i este bine s\u0103 ob\u021bine\u021bi cele mai bune rezultate, este important s\u0103 \u021bine\u021bi cont de faptul c\u0103 <mark style=\"background-color:rgba(0, 0, 0, 0)\" class=\"has-inline-color has-primary-color\">START<\/mark> \u00eensu\u0219i poate fi ars destul de repede \u0219i u\u0219or.<\/p>\n\n<h2 class=\"wp-block-heading has-text-align-center\">\ud83d\udccc Schimbare durabil\u0103<\/h2>\n\n<p class=\"has-text-align-center\">Este important\u0103 durabilitatea, care reprezint\u0103 cheia succesului, nu numai \u00een alimenta\u021bie, ci \u0219i \u00een sport. Prin urmare, este esen\u021bial s\u0103 ne concentr\u0103m pe ceea ce este <mark style=\"background-color:rgba(0, 0, 0, 0)\" class=\"has-inline-color has-primary-color\">durabil<\/mark> pe termen lung.<\/p>\n\n<figure class=\"wp-block-image size-large\"><img loading=\"lazy\" decoding=\"async\" width=\"1024\" height=\"684\" src=\"https:\/\/marketing.harmonelo.io\/wp-content\/uploads\/2023\/04\/pexels-tirachard-kumtanom-347134-1024x684.jpg\" alt=\"\" class=\"wp-image-1420301\" srcset=\"https:\/\/marketing.harmonelo.io\/wp-content\/uploads\/2023\/04\/pexels-tirachard-kumtanom-347134-1024x684.jpg 1024w, https:\/\/marketing.harmonelo.io\/wp-content\/uploads\/2023\/04\/pexels-tirachard-kumtanom-347134-300x200.jpg 300w, https:\/\/marketing.harmonelo.io\/wp-content\/uploads\/2023\/04\/pexels-tirachard-kumtanom-347134-768x513.jpg 768w, https:\/\/marketing.harmonelo.io\/wp-content\/uploads\/2023\/04\/pexels-tirachard-kumtanom-347134-1536x1025.jpg 1536w, https:\/\/marketing.harmonelo.io\/wp-content\/uploads\/2023\/04\/pexels-tirachard-kumtanom-347134-2048x1367.jpg 2048w, https:\/\/marketing.harmonelo.io\/wp-content\/uploads\/2023\/04\/pexels-tirachard-kumtanom-347134-18x12.jpg 18w\" sizes=\"auto, (max-width: 1024px) 100vw, 1024px\" \/><\/figure>\n\n<h2 class=\"wp-block-heading has-text-align-center\">\ud83d\udccc Lucruri m\u0103runte care nu fac r\u0103u<\/h2>\n\n<p class=\"has-text-align-center\">Cum s\u0103 \u00eencepi? V-a\u021bi s\u0103turat de sport sau chiar ave\u021bi o aversiune fa\u021b\u0103 de el? Ce-ar fi s\u0103 \u00eencepi \u00eencet \u0219i frumos? Pentru \u00eenceput, o plimbare mai vioaie poate fi bun\u0103. Pute\u021bi cre\u0219te treptat traseul \u0219i ritmul.<em>  V\u0103 deplasa\u021bi la locul de munc\u0103 cu autobuzul sau autocarul?<\/em>  Cobor\u00e2\u021bi cu 1-2 sta\u021bii mai devreme! Crede\u021bi-m\u0103, chiar \u0219i aceste mici schimb\u0103ri pot face multe.<\/p>\n\n<h2 class=\"wp-block-heading has-text-align-center\">\ud83d\udccc Merge mai bine cu doi<\/h2>\n\n<p class=\"has-text-align-center\">Este firesc ca \u0219i cele mai motivate persoane s\u0103-\u0219i piard\u0103 motiva\u021bia \u00een timp. De aceea, este minunat s\u0103 ai un<mark style=\"background-color:rgba(0, 0, 0, 0)\" class=\"has-inline-color has-primary-color\"> partener<\/mark> cu care s\u0103 te po\u021bi motiva \u0219i \u00eencuraja reciproc.<\/p>\n\n<figure class=\"wp-block-image aligncenter size-large\"><img loading=\"lazy\" decoding=\"async\" width=\"1024\" height=\"683\" src=\"https:\/\/marketing.harmonelo.io\/wp-content\/uploads\/2023\/04\/pexels-andrea-piacquadio-3768722-1024x683.jpg\" alt=\"\" class=\"wp-image-1420302\" srcset=\"https:\/\/marketing.harmonelo.io\/wp-content\/uploads\/2023\/04\/pexels-andrea-piacquadio-3768722-1024x683.jpg 1024w, https:\/\/marketing.harmonelo.io\/wp-content\/uploads\/2023\/04\/pexels-andrea-piacquadio-3768722-300x200.jpg 300w, https:\/\/marketing.harmonelo.io\/wp-content\/uploads\/2023\/04\/pexels-andrea-piacquadio-3768722-768x512.jpg 768w, https:\/\/marketing.harmonelo.io\/wp-content\/uploads\/2023\/04\/pexels-andrea-piacquadio-3768722-1536x1024.jpg 1536w, https:\/\/marketing.harmonelo.io\/wp-content\/uploads\/2023\/04\/pexels-andrea-piacquadio-3768722-2048x1365.jpg 2048w, https:\/\/marketing.harmonelo.io\/wp-content\/uploads\/2023\/04\/pexels-andrea-piacquadio-3768722-18x12.jpg 18w\" sizes=\"auto, (max-width: 1024px) 100vw, 1024px\" \/><\/figure>\n\n<h2 class=\"wp-block-heading has-text-align-center\">\ud83d\udccc \u00cencearc\u0103 lucruri noi  <\/h2>\n\n<p class=\"has-text-align-center\">Uneori nu stric\u0103 s\u0103 ie\u0219i din zona de confort. \u00cencerca\u021bi s\u0103 v\u0103 \u00eenscrie\u021bi la o lec\u021bie \u00een ceva la care nu v-a\u021bi fi g\u00e2ndit \u00eenainte. Astfel, ve\u021bi putea judeca mai bine ce fel de sport v\u0103 place mai mult \u0219i ce nu.<\/p>\n\n<h2 class=\"wp-block-heading has-text-align-center\">\u00cencepe\u021bi ast\u0103zi!<\/h2>\n\n<p class=\"has-text-align-center\">Unul dintre produsele noastre unice poate fi, de asemenea, un partener excelent!<\/p>\n\n<div class=\"wp-block-buttons is-content-justification-center is-layout-flex wp-container-core-buttons-is-layout-a89b3969 wp-block-buttons-is-layout-flex\">\n<div class=\"wp-block-button\"><a class=\"wp-block-button__link has-text-align-center wp-element-button\" href=\"https:\/\/harmonelo.com\/harmonelo-slim-d596\/\" target=\"_blank\" rel=\"noreferrer noopener\">ALEG HARMONELO SLIM<\/a><\/div>\n<\/div>\n\n<div class=\"wp-block-buttons is-content-justification-center is-layout-flex wp-container-core-buttons-is-layout-a89b3969 wp-block-buttons-is-layout-flex\">\n<div class=\"wp-block-button\"><a class=\"wp-block-button__link has-text-align-center wp-element-button\" href=\"https:\/\/catalog.harmonelo.com\/produkty\/slim\" target=\"_blank\" rel=\"noreferrer noopener\">DE CE HARMONELO SLIM?<\/a><\/div>\n<\/div>\n\n<p class=\"has-text-align-center has-x-large-font-size\">\ud83e\udd38\ud83e\uddd8\u200d\u2642\ufe0f\ud83c\udfc4\u200d\u2640\ufe0f<\/p>\n","protected":false},"excerpt":{"rendered":"<p>Construirea personajului t\u0103u de vis nu trebuie s\u0103 fie o problem\u0103 at\u00e2t de mare pe c\u00e2t pare la prima vedere. Este important s\u0103 ne amintim c\u0103 fiecare pas conteaz\u0103! \ud83d\udccc Pa\u0219i mai mici = baza succesului De\u0219i este bine s\u0103 ob\u021bine\u021bi cele mai bune rezultate, este important s\u0103 \u021bine\u021bi cont de faptul c\u0103 START \u00eensu\u0219i [&hellip;]<\/p>\n","protected":false},"author":5,"featured_media":0,"parent":0,"menu_order":0,"comment_status":"closed","ping_status":"closed","template":"","meta":{"_eb_attr":"","footnotes":""},"class_list":["post-1804681","page","type-page","status-publish","hentry"],"_links":{"self":[{"href":"https:\/\/marketing.harmonelo.io\/ro\/wp-json\/wp\/v2\/pages\/1804681","targetHints":{"allow":["GET"]}}],"collection":[{"href":"https:\/\/marketing.harmonelo.io\/ro\/wp-json\/wp\/v2\/pages"}],"about":[{"href":"https:\/\/marketing.harmonelo.io\/ro\/wp-json\/wp\/v2\/types\/page"}],"author":[{"embeddable":true,"href":"https:\/\/marketing.harmonelo.io\/ro\/wp-json\/wp\/v2\/users\/5"}],"replies":[{"embeddable":true,"href":"https:\/\/marketing.harmonelo.io\/ro\/wp-json\/wp\/v2\/comments?post=1804681"}],"version-history":[{"count":1,"href":"https:\/\/marketing.harmonelo.io\/ro\/wp-json\/wp\/v2\/pages\/1804681\/revisions"}],"predecessor-version":[{"id":1804683,"href":"https:\/\/marketing.harmonelo.io\/ro\/wp-json\/wp\/v2\/pages\/1804681\/revisions\/1804683"}],"wp:attachment":[{"href":"https:\/\/marketing.harmonelo.io\/ro\/wp-json\/wp\/v2\/media?parent=1804681"}],"curies":[{"name":"wp","href":"https:\/\/api.w.org\/{rel}","templated":true}]}}