{"id":1806430,"date":"2023-04-17T17:00:32","date_gmt":"2023-04-17T15:00:32","guid":{"rendered":"https:\/\/marketing.harmonelo.io\/jak-stworzyc-wymarzona-postac-2\/"},"modified":"2024-03-01T17:08:55","modified_gmt":"2024-03-01T16:08:55","slug":"jak-stworzyc-wymarzona-postac-2","status":"publish","type":"page","link":"https:\/\/marketing.harmonelo.io\/pl\/jak-stworzyc-wymarzona-postac-2\/","title":{"rendered":"JAK STWORZY\u0106 WYMARZON\u0104 POSTA\u0106?"},"content":{"rendered":"\n<p class=\"has-text-align-center\">Zbudowanie wymarzonej postaci nie musi by\u0107 tak wielkim przedsi\u0119wzi\u0119ciem, jak si\u0119 pocz\u0105tkowo wydaje. Wa\u017cne jest, aby pami\u0119ta\u0107, \u017ce liczy si\u0119 ka\u017cdy krok!  <\/p>\n\n<figure class=\"wp-block-image size-large\"><img loading=\"lazy\" decoding=\"async\" width=\"1024\" height=\"683\" src=\"https:\/\/marketing.harmonelo.io\/wp-content\/uploads\/2023\/04\/pexels-karolina-grabowska-4498606-1024x683.jpg\" alt=\"\" class=\"wp-image-1420303\" srcset=\"https:\/\/marketing.harmonelo.io\/wp-content\/uploads\/2023\/04\/pexels-karolina-grabowska-4498606-1024x683.jpg 1024w, https:\/\/marketing.harmonelo.io\/wp-content\/uploads\/2023\/04\/pexels-karolina-grabowska-4498606-300x200.jpg 300w, https:\/\/marketing.harmonelo.io\/wp-content\/uploads\/2023\/04\/pexels-karolina-grabowska-4498606-768x512.jpg 768w, https:\/\/marketing.harmonelo.io\/wp-content\/uploads\/2023\/04\/pexels-karolina-grabowska-4498606-1536x1024.jpg 1536w, https:\/\/marketing.harmonelo.io\/wp-content\/uploads\/2023\/04\/pexels-karolina-grabowska-4498606-2048x1365.jpg 2048w, https:\/\/marketing.harmonelo.io\/wp-content\/uploads\/2023\/04\/pexels-karolina-grabowska-4498606-18x12.jpg 18w\" sizes=\"auto, (max-width: 1024px) 100vw, 1024px\" \/><\/figure>\n\n<h2 class=\"wp-block-heading has-text-align-center\">\ud83d\udccc Mniejsze kroki = podstawa sukcesu<\/h2>\n\n<p class=\"has-text-align-center\">Chocia\u017c mi\u0142o jest osi\u0105gn\u0105\u0107 najlepsze wyniki, wa\u017cne jest, aby pami\u0119ta\u0107, \u017ce sam <mark style=\"background-color:rgba(0, 0, 0, 0)\" class=\"has-inline-color has-primary-color\">START<\/mark> mo\u017ce zosta\u0107 wypalony do\u015b\u0107 szybko i \u0142atwo.<\/p>\n\n<h2 class=\"wp-block-heading has-text-align-center\">Zr\u00f3wnowa\u017cona zmiana<\/h2>\n\n<p class=\"has-text-align-center\">Zr\u00f3wnowa\u017cony rozw\u00f3j, jako klucz do sukcesu, nie tylko w diecie, ale tak\u017ce w sporcie, jest wa\u017cny. Dlatego wa\u017cne jest, aby skupi\u0107 si\u0119 na tym, co jest <mark style=\"background-color:rgba(0, 0, 0, 0)\" class=\"has-inline-color has-primary-color\">zr\u00f3wnowa\u017cone<\/mark> w d\u0142u\u017cszej perspektywie.<\/p>\n\n<figure class=\"wp-block-image size-large\"><img loading=\"lazy\" decoding=\"async\" width=\"1024\" height=\"684\" src=\"https:\/\/marketing.harmonelo.io\/wp-content\/uploads\/2023\/04\/pexels-tirachard-kumtanom-347134-1024x684.jpg\" alt=\"\" class=\"wp-image-1420301\" srcset=\"https:\/\/marketing.harmonelo.io\/wp-content\/uploads\/2023\/04\/pexels-tirachard-kumtanom-347134-1024x684.jpg 1024w, https:\/\/marketing.harmonelo.io\/wp-content\/uploads\/2023\/04\/pexels-tirachard-kumtanom-347134-300x200.jpg 300w, https:\/\/marketing.harmonelo.io\/wp-content\/uploads\/2023\/04\/pexels-tirachard-kumtanom-347134-768x513.jpg 768w, https:\/\/marketing.harmonelo.io\/wp-content\/uploads\/2023\/04\/pexels-tirachard-kumtanom-347134-1536x1025.jpg 1536w, https:\/\/marketing.harmonelo.io\/wp-content\/uploads\/2023\/04\/pexels-tirachard-kumtanom-347134-2048x1367.jpg 2048w, https:\/\/marketing.harmonelo.io\/wp-content\/uploads\/2023\/04\/pexels-tirachard-kumtanom-347134-18x12.jpg 18w\" sizes=\"auto, (max-width: 1024px) 100vw, 1024px\" \/><\/figure>\n\n<h2 class=\"wp-block-heading has-text-align-center\">Ma\u0142e rzeczy, kt\u00f3re nie bol\u0105<\/h2>\n\n<p class=\"has-text-align-center\">Jak zacz\u0105\u0107? Jeste\u015b zm\u0119czony sportem lub nawet masz do niego awersj\u0119? A mo\u017ce by tak zacz\u0105\u0107 spokojnie i powoli? Na pocz\u0105tek, bardziej energiczny spacer mo\u017ce by\u0107 w porz\u0105dku. Mo\u017cesz stopniowo zwi\u0119ksza\u0107 tras\u0119 i tempo.<em>  Czy doje\u017cd\u017casz do pracy autobusem lub busem?<\/em>  Wysi\u0105\u015b\u0107 1-2 przystanki wcze\u015bniej! Uwierz mi, nawet te niewielkie zmiany mog\u0105 wiele zdzia\u0142a\u0107.<\/p>\n\n<h2 class=\"wp-block-heading has-text-align-center\">\ud83d\udccc To idzie lepiej z dwoma<\/h2>\n\n<p class=\"has-text-align-center\">To naturalne, \u017ce nawet najbardziej zmotywowane osoby mog\u0105 z czasem straci\u0107 motywacj\u0119. Dlatego warto mie\u0107<mark style=\"background-color:rgba(0, 0, 0, 0)\" class=\"has-inline-color has-primary-color\"> partnera<\/mark>, z kt\u00f3rym mo\u017cna si\u0119 wzajemnie motywowa\u0107 i zach\u0119ca\u0107.<\/p>\n\n<figure class=\"wp-block-image aligncenter size-large\"><img loading=\"lazy\" decoding=\"async\" width=\"1024\" height=\"683\" src=\"https:\/\/marketing.harmonelo.io\/wp-content\/uploads\/2023\/04\/pexels-andrea-piacquadio-3768722-1024x683.jpg\" alt=\"\" class=\"wp-image-1420302\" srcset=\"https:\/\/marketing.harmonelo.io\/wp-content\/uploads\/2023\/04\/pexels-andrea-piacquadio-3768722-1024x683.jpg 1024w, https:\/\/marketing.harmonelo.io\/wp-content\/uploads\/2023\/04\/pexels-andrea-piacquadio-3768722-300x200.jpg 300w, https:\/\/marketing.harmonelo.io\/wp-content\/uploads\/2023\/04\/pexels-andrea-piacquadio-3768722-768x512.jpg 768w, https:\/\/marketing.harmonelo.io\/wp-content\/uploads\/2023\/04\/pexels-andrea-piacquadio-3768722-1536x1024.jpg 1536w, https:\/\/marketing.harmonelo.io\/wp-content\/uploads\/2023\/04\/pexels-andrea-piacquadio-3768722-2048x1365.jpg 2048w, https:\/\/marketing.harmonelo.io\/wp-content\/uploads\/2023\/04\/pexels-andrea-piacquadio-3768722-18x12.jpg 18w\" sizes=\"auto, (max-width: 1024px) 100vw, 1024px\" \/><\/figure>\n\n<h2 class=\"wp-block-heading has-text-align-center\">Pr\u00f3bowanie nowych rzeczy  <\/h2>\n\n<p class=\"has-text-align-center\">Czasami nie zaszkodzi wyj\u015b\u0107 ze swojej strefy komfortu. Spr\u00f3buj zapisa\u0107 si\u0119 na lekcj\u0119 czego\u015b, o czym wcze\u015bniej by\u015b nie pomy\u015bla\u0142. Wtedy b\u0119dziesz m\u00f3g\u0142 lepiej oceni\u0107, kt\u00f3ry rodzaj sportu jest dla Ciebie bardziej odpowiedni, a kt\u00f3ry nie.<\/p>\n\n<h2 class=\"wp-block-heading has-text-align-center\">Zacznij ju\u017c dzi\u015b!<\/h2>\n\n<p class=\"has-text-align-center\">Jeden z naszych wyj\u0105tkowych produkt\u00f3w mo\u017ce by\u0107 r\u00f3wnie\u017c \u015bwietnym partnerem!<\/p>\n\n<div class=\"wp-block-buttons is-content-justification-center is-layout-flex wp-container-core-buttons-is-layout-a89b3969 wp-block-buttons-is-layout-flex\">\n<div class=\"wp-block-button\"><a class=\"wp-block-button__link has-text-align-center wp-element-button\" href=\"https:\/\/harmonelo.com\/harmonelo-slim-d596\/\" target=\"_blank\" rel=\"noreferrer noopener\">WYBIERAM HARMONELO SLIM<\/a><\/div>\n<\/div>\n\n<div class=\"wp-block-buttons is-content-justification-center is-layout-flex wp-container-core-buttons-is-layout-a89b3969 wp-block-buttons-is-layout-flex\">\n<div class=\"wp-block-button\"><a class=\"wp-block-button__link has-text-align-center wp-element-button\" href=\"https:\/\/catalog.harmonelo.com\/produkty\/slim\" target=\"_blank\" rel=\"noreferrer noopener\">DLACZEGO HARMONELO SLIM?<\/a><\/div>\n<\/div>\n\n<p class=\"has-text-align-center has-x-large-font-size\">\ud83e\udd38\ud83e\uddd8\u200d\u2642\ufe0f\ud83c\udfc4\u200d\u2640\ufe0f<\/p>\n","protected":false},"excerpt":{"rendered":"<p>Zbudowanie wymarzonej postaci nie musi by\u0107 tak wielkim przedsi\u0119wzi\u0119ciem, jak si\u0119 pocz\u0105tkowo wydaje. Wa\u017cne jest, aby pami\u0119ta\u0107, \u017ce liczy si\u0119 ka\u017cdy krok! \ud83d\udccc Mniejsze kroki = podstawa sukcesu Chocia\u017c mi\u0142o jest osi\u0105gn\u0105\u0107 najlepsze wyniki, wa\u017cne jest, aby pami\u0119ta\u0107, \u017ce sam START mo\u017ce zosta\u0107 wypalony do\u015b\u0107 szybko i \u0142atwo. Zr\u00f3wnowa\u017cona zmiana Zr\u00f3wnowa\u017cony rozw\u00f3j, jako klucz do [&hellip;]<\/p>\n","protected":false},"author":5,"featured_media":0,"parent":0,"menu_order":0,"comment_status":"closed","ping_status":"closed","template":"","meta":{"_eb_attr":"","footnotes":""},"class_list":["post-1806430","page","type-page","status-publish","hentry"],"_links":{"self":[{"href":"https:\/\/marketing.harmonelo.io\/pl\/wp-json\/wp\/v2\/pages\/1806430","targetHints":{"allow":["GET"]}}],"collection":[{"href":"https:\/\/marketing.harmonelo.io\/pl\/wp-json\/wp\/v2\/pages"}],"about":[{"href":"https:\/\/marketing.harmonelo.io\/pl\/wp-json\/wp\/v2\/types\/page"}],"author":[{"embeddable":true,"href":"https:\/\/marketing.harmonelo.io\/pl\/wp-json\/wp\/v2\/users\/5"}],"replies":[{"embeddable":true,"href":"https:\/\/marketing.harmonelo.io\/pl\/wp-json\/wp\/v2\/comments?post=1806430"}],"version-history":[{"count":1,"href":"https:\/\/marketing.harmonelo.io\/pl\/wp-json\/wp\/v2\/pages\/1806430\/revisions"}],"predecessor-version":[{"id":1806431,"href":"https:\/\/marketing.harmonelo.io\/pl\/wp-json\/wp\/v2\/pages\/1806430\/revisions\/1806431"}],"wp:attachment":[{"href":"https:\/\/marketing.harmonelo.io\/pl\/wp-json\/wp\/v2\/media?parent=1806430"}],"curies":[{"name":"wp","href":"https:\/\/api.w.org\/{rel}","templated":true}]}}