{"id":1806397,"date":"2023-03-22T09:56:43","date_gmt":"2023-03-22T08:56:43","guid":{"rendered":"https:\/\/marketing.harmonelo.io\/mikrobiom-podsumowanie-najwazniejszych-rzeczy-2\/"},"modified":"2024-03-01T17:08:32","modified_gmt":"2024-03-01T16:08:32","slug":"mikrobiom-podsumowanie-najwazniejszych-rzeczy-2","status":"publish","type":"page","link":"https:\/\/marketing.harmonelo.io\/pl\/mikrobiom-podsumowanie-najwazniejszych-rzeczy-2\/","title":{"rendered":"Mikrobiom: podsumowanie najwa\u017cniejszych rzeczy"},"content":{"rendered":"\n<p class=\"has-text-align-center\">Jak m\u00f3wi\u0105, powtarzanie jest matk\u0105 m\u0105dro\u015bci. Czy masz w ma\u0142ym palcu <mark style=\"background-color:rgba(0, 0, 0, 0)\" class=\"has-inline-color has-primary-color\">podstawowe fakty <\/mark>na temat mikrobiomu? Je\u015bli nie, mamy nadziej\u0119, \u017ce ten post oka\u017ce si\u0119 przydatny.<\/p>\n\n<hr class=\"wp-block-separator has-alpha-channel-opacity\"\/>\n\n<figure class=\"wp-block-image size-large\"><img loading=\"lazy\" decoding=\"async\" width=\"1024\" height=\"683\" src=\"https:\/\/marketing.harmonelo.io\/wp-content\/uploads\/2023\/03\/pexels-alexander-mils-2103949-1024x683.jpg\" alt=\"\" class=\"wp-image-1070145\" srcset=\"https:\/\/marketing.harmonelo.io\/wp-content\/uploads\/2023\/03\/pexels-alexander-mils-2103949-1024x683.jpg 1024w, https:\/\/marketing.harmonelo.io\/wp-content\/uploads\/2023\/03\/pexels-alexander-mils-2103949-300x200.jpg 300w, https:\/\/marketing.harmonelo.io\/wp-content\/uploads\/2023\/03\/pexels-alexander-mils-2103949-768x512.jpg 768w, https:\/\/marketing.harmonelo.io\/wp-content\/uploads\/2023\/03\/pexels-alexander-mils-2103949-1536x1024.jpg 1536w, https:\/\/marketing.harmonelo.io\/wp-content\/uploads\/2023\/03\/pexels-alexander-mils-2103949-2048x1365.jpg 2048w, https:\/\/marketing.harmonelo.io\/wp-content\/uploads\/2023\/03\/pexels-alexander-mils-2103949-18x12.jpg 18w\" sizes=\"auto, (max-width: 1024px) 100vw, 1024px\" \/><\/figure>\n\n<p class=\"has-text-align-center\"><mark style=\"background-color:rgba(0, 0, 0, 0)\" class=\"has-inline-color has-primary-color\"><strong>Czym jest mikrobiom?<\/strong><\/mark>  Zestaw wszystkich gen\u00f3w wszystkich mikroorganizm\u00f3w zamieszkuj\u0105cych nasz organizm. Wi\u0119kszo\u015b\u0107 z nas prawdopodobnie s\u0142ysza\u0142a o mikrobiomie jelitowym, ale istnieje r\u00f3wnie\u017c na przyk\u0142ad mikrobiom sk\u00f3ry, pochwy lub jamy ustnej.<\/p>\n\n<p class=\"has-text-align-center\"><strong><mark style=\"background-color:rgba(0, 0, 0, 0)\" class=\"has-inline-color has-primary-color\">Co mo\u017ce wp\u0142ywa\u0107 na nasz mikrobiom?<\/mark><\/strong>  Mikrobiom jest obecnie przedmiotem wielu bada\u0144. Wiele rzeczy mo\u017ce wci\u0105\u017c pozostawa\u0107 przed nami ukrytych. Jasne jest jednak, \u017ce na nasz mikrobiom wp\u0142ywa wiele czynnik\u00f3w.<\/p>\n\n<h1 class=\"has-text-align-center wp-block-heading\"><strong><mark style=\"background-color:rgba(0, 0, 0, 0)\" class=\"has-inline-color has-primary-color\">Na przyk\u0142ad, czym one s\u0105?<\/mark><\/strong><\/h1>\n\n<ol class=\"wp-block-list\">\n<li>Nasz og\u00f3lny styl \u017cycia<\/li>\n\n\n\n<li>Por\u00f3d (naturalny\/ cesarskie ci\u0119cie)<\/li>\n\n\n\n<li>Karmienie piersi\u0105<\/li>\n\n\n\n<li>Suplementacja lek\u00f3w<\/li>\n\n\n\n<li>Og\u00f3lny styl \u017cycia<\/li>\n\n\n\n<li>Higiena snu<\/li>\n\n\n\n<li>\u015arodowisko, w kt\u00f3rym \u017cyjemy<\/li>\n<\/ol>\n\n<div style=\"height:30px\" aria-hidden=\"true\" class=\"wp-block-spacer\"><\/div>\n\n<figure class=\"wp-block-image size-large\"><img loading=\"lazy\" decoding=\"async\" width=\"1024\" height=\"683\" src=\"https:\/\/marketing.harmonelo.io\/wp-content\/uploads\/2023\/03\/pexels-andrea-piacquadio-712413-1024x683.jpg\" alt=\"\" class=\"wp-image-1070146\" srcset=\"https:\/\/marketing.harmonelo.io\/wp-content\/uploads\/2023\/03\/pexels-andrea-piacquadio-712413-1024x683.jpg 1024w, https:\/\/marketing.harmonelo.io\/wp-content\/uploads\/2023\/03\/pexels-andrea-piacquadio-712413-300x200.jpg 300w, https:\/\/marketing.harmonelo.io\/wp-content\/uploads\/2023\/03\/pexels-andrea-piacquadio-712413-768x512.jpg 768w, https:\/\/marketing.harmonelo.io\/wp-content\/uploads\/2023\/03\/pexels-andrea-piacquadio-712413-1536x1024.jpg 1536w, https:\/\/marketing.harmonelo.io\/wp-content\/uploads\/2023\/03\/pexels-andrea-piacquadio-712413-2048x1365.jpg 2048w, https:\/\/marketing.harmonelo.io\/wp-content\/uploads\/2023\/03\/pexels-andrea-piacquadio-712413-18x12.jpg 18w\" sizes=\"auto, (max-width: 1024px) 100vw, 1024px\" \/><\/figure>\n\n<div style=\"height:20px\" aria-hidden=\"true\" class=\"wp-block-spacer\"><\/div>\n\n<p class=\"has-text-align-center\">Jak prawdopodobnie wynika ju\u017c z powy\u017cszych punkt\u00f3w, mikrobiom nie jest wcale jednoznaczny. Wr\u0119cz przeciwnie, jest to <mark style=\"background-color:rgba(0, 0, 0, 0)\" class=\"has-inline-color has-primary-color\">\n  <strong>kompleks wielu czynnik\u00f3w<\/strong>\n<\/mark>kt\u00f3re nast\u0119pnie kszta\u0142tuj\u0105 i wp\u0142ywaj\u0105 na nasz mikrobiom, kt\u00f3ry jest <mark style=\"background-color:rgba(0, 0, 0, 0)\" class=\"has-inline-color has-primary-color\">\n  <strong>wyj\u0105tkowy<\/strong>\n<\/mark>. Nasze &#8222;dziesi\u0119\u0107 przykaza\u0144&#8221; dotycz\u0105cych dbania o mikrobiom mo\u017ce okaza\u0107 si\u0119 pomocne.<\/p>\n\n<h1 class=\"has-text-align-center wp-block-heading\">Dziesi\u0119\u0107 rzeczy, kt\u00f3re pomog\u0105 zadba\u0107 o mikrobiom<\/h1>\n\n<ol class=\"wp-block-list\">\n<li>Wspieraj r\u00f3\u017cnorodno\u015b\u0107 swojego mikrobiomu poprzez zr\u00f3\u017cnicowan\u0105 diet\u0119.<\/li>\n\n\n\n<li>O ile nie jest to absolutnie konieczne (nietolerancje pokarmowe, alergie lub inne problemy), staraj si\u0119 nie eliminowa\u0107 niepotrzebnie ca\u0142ych grup \u017cywno\u015bci z diety.<\/li>\n\n\n\n<li>Nie zapomnij o warzywach i owocach, pami\u0119taj o sezonowo\u015bci i lokalno\u015bci.<\/li>\n\n\n\n<li>Jedz oszcz\u0119dnie i regularnie.<\/li>\n\n\n\n<li>W\u0142\u0105cz do swojej diety pokarmy bogate w b\u0142onnik.<\/li>\n\n\n\n<li>Unikaj wysoko przetworzonej \u017cywno\u015bci.<\/li>\n\n\n\n<li>Pomy\u015bl o \u0107wiczeniach i przebywaniu na \u0142onie natury.<\/li>\n\n\n\n<li>Zadbaj o swoje dobre samopoczucie psychiczne.<\/li>\n\n\n\n<li>Nie pozbawiaj si\u0119 dobrej jako\u015bci snu.<\/li>\n\n\n\n<li>Miej oko na sw\u00f3j re\u017cim picia.<\/li>\n<\/ol>\n\n<div style=\"height:27px\" aria-hidden=\"true\" class=\"wp-block-spacer\"><\/div>\n\n<figure class=\"wp-block-image size-large\"><img loading=\"lazy\" decoding=\"async\" width=\"1024\" height=\"683\" src=\"https:\/\/marketing.harmonelo.io\/wp-content\/uploads\/2023\/03\/pexels-alexy-almond-3758053-1-1024x683.jpg\" alt=\"\" class=\"wp-image-1070148\" srcset=\"https:\/\/marketing.harmonelo.io\/wp-content\/uploads\/2023\/03\/pexels-alexy-almond-3758053-1-1024x683.jpg 1024w, https:\/\/marketing.harmonelo.io\/wp-content\/uploads\/2023\/03\/pexels-alexy-almond-3758053-1-300x200.jpg 300w, https:\/\/marketing.harmonelo.io\/wp-content\/uploads\/2023\/03\/pexels-alexy-almond-3758053-1-768x512.jpg 768w, https:\/\/marketing.harmonelo.io\/wp-content\/uploads\/2023\/03\/pexels-alexy-almond-3758053-1-1536x1024.jpg 1536w, https:\/\/marketing.harmonelo.io\/wp-content\/uploads\/2023\/03\/pexels-alexy-almond-3758053-1-2048x1365.jpg 2048w, https:\/\/marketing.harmonelo.io\/wp-content\/uploads\/2023\/03\/pexels-alexy-almond-3758053-1-18x12.jpg 18w\" sizes=\"auto, (max-width: 1024px) 100vw, 1024px\" \/><\/figure>\n\n<h1 class=\"has-text-align-center wp-block-heading\">Co to oznacza?<\/h1>\n\n<p class=\"has-text-align-center\">Nie nale\u017cy <mark style=\"background-color:rgba(0, 0, 0, 0)\" class=\"has-inline-color has-primary-color\">lekcewa\u017cy\u0107<\/mark> mikrobiomu. Po\u017c\u0105dane jest my\u015blenie o tych rzeczach z <mark style=\"background-color:rgba(0, 0, 0, 0)\" class=\"has-inline-color has-primary-color\">prewencyjnego punktu<\/mark> widzenia i spojrzenie na mikrobiom jako na co\u015b <mark style=\"background-color:rgba(0, 0, 0, 0)\" class=\"has-inline-color has-primary-color\">z\u0142o\u017conego<\/mark>. Mamy tylko jedno zdrowie, wi\u0119c nie <mark style=\"background-color:rgba(0, 0, 0, 0)\" class=\"has-inline-color has-primary-color\">przestawajmy<\/mark> go <mark style=\"background-color:rgba(0, 0, 0, 0)\" class=\"has-inline-color has-primary-color\">docenia\u0107<\/mark> i dba\u0107 o nie.<\/p>\n\n<div class=\"wp-block-buttons is-layout-flex wp-block-buttons-is-layout-flex\">\n<div class=\"wp-block-button aligncenter\"><a class=\"wp-block-button__link wp-element-button\" href=\"https:\/\/harmonelo.com\/harmonelo-smart-probio-d610\/\" target=\"_blank\" rel=\"noreferrer noopener\">CHC\u0118 ZBADA\u0106 HARMONELO SMART PROBIO<\/a><\/div>\n<\/div>\n\n<div class=\"wp-block-buttons is-layout-flex wp-block-buttons-is-layout-flex\">\n<div class=\"wp-block-button aligncenter\"><a class=\"wp-block-button__link wp-element-button\" href=\"https:\/\/harmonelo.com\/harmonelo-probione-d611\/\" target=\"_blank\" rel=\"noreferrer noopener\">CHC\u0118 SPR\u00d3BOWA\u0106 HARMONELO PROBIONE<\/a><\/div>\n<\/div>\n","protected":false},"excerpt":{"rendered":"<p>Jak m\u00f3wi\u0105, powtarzanie jest matk\u0105 m\u0105dro\u015bci. Czy masz w ma\u0142ym palcu podstawowe fakty na temat mikrobiomu? Je\u015bli nie, mamy nadziej\u0119, \u017ce ten post oka\u017ce si\u0119 przydatny. Czym jest mikrobiom? Zestaw wszystkich gen\u00f3w wszystkich mikroorganizm\u00f3w zamieszkuj\u0105cych nasz organizm. Wi\u0119kszo\u015b\u0107 z nas prawdopodobnie s\u0142ysza\u0142a o mikrobiomie jelitowym, ale istnieje r\u00f3wnie\u017c na przyk\u0142ad mikrobiom sk\u00f3ry, pochwy lub jamy [&hellip;]<\/p>\n","protected":false},"author":5,"featured_media":0,"parent":0,"menu_order":0,"comment_status":"closed","ping_status":"closed","template":"","meta":{"_eb_attr":"","footnotes":""},"class_list":["post-1806397","page","type-page","status-publish","hentry"],"_links":{"self":[{"href":"https:\/\/marketing.harmonelo.io\/pl\/wp-json\/wp\/v2\/pages\/1806397","targetHints":{"allow":["GET"]}}],"collection":[{"href":"https:\/\/marketing.harmonelo.io\/pl\/wp-json\/wp\/v2\/pages"}],"about":[{"href":"https:\/\/marketing.harmonelo.io\/pl\/wp-json\/wp\/v2\/types\/page"}],"author":[{"embeddable":true,"href":"https:\/\/marketing.harmonelo.io\/pl\/wp-json\/wp\/v2\/users\/5"}],"replies":[{"embeddable":true,"href":"https:\/\/marketing.harmonelo.io\/pl\/wp-json\/wp\/v2\/comments?post=1806397"}],"version-history":[{"count":1,"href":"https:\/\/marketing.harmonelo.io\/pl\/wp-json\/wp\/v2\/pages\/1806397\/revisions"}],"predecessor-version":[{"id":1806398,"href":"https:\/\/marketing.harmonelo.io\/pl\/wp-json\/wp\/v2\/pages\/1806397\/revisions\/1806398"}],"wp:attachment":[{"href":"https:\/\/marketing.harmonelo.io\/pl\/wp-json\/wp\/v2\/media?parent=1806397"}],"curies":[{"name":"wp","href":"https:\/\/api.w.org\/{rel}","templated":true}]}}