{"id":1806346,"date":"2023-03-10T16:40:49","date_gmt":"2023-03-10T15:40:49","guid":{"rendered":"https:\/\/marketing.harmonelo.io\/nowy-czysty-artykul-2\/"},"modified":"2024-03-01T17:07:40","modified_gmt":"2024-03-01T16:07:40","slug":"nowy-czysty-artykul-2","status":"publish","type":"page","link":"https:\/\/marketing.harmonelo.io\/pl\/nowy-czysty-artykul-2\/","title":{"rendered":"Nowy czysty artyku\u0142"},"content":{"rendered":"\n<p>Wystarczy dowolny tekst \ud83d\ude42 A najlepsze jest to, \u017ce b\u0119dziemy mie\u0107 r\u00f3wnie\u017c automatyczne t\u0142umaczenie. Wystarczy prze\u0142\u0105czy\u0107 j\u0119zyk na dole.<\/p>\n","protected":false},"excerpt":{"rendered":"<p>Wystarczy dowolny tekst \ud83d\ude42 A najlepsze jest to, \u017ce b\u0119dziemy mie\u0107 r\u00f3wnie\u017c automatyczne t\u0142umaczenie. Wystarczy prze\u0142\u0105czy\u0107 j\u0119zyk na dole.<\/p>\n","protected":false},"author":2,"featured_media":0,"parent":0,"menu_order":0,"comment_status":"closed","ping_status":"closed","template":"","meta":{"_eb_attr":"","footnotes":""},"class_list":["post-1806346","page","type-page","status-publish","hentry"],"_links":{"self":[{"href":"https:\/\/marketing.harmonelo.io\/pl\/wp-json\/wp\/v2\/pages\/1806346","targetHints":{"allow":["GET"]}}],"collection":[{"href":"https:\/\/marketing.harmonelo.io\/pl\/wp-json\/wp\/v2\/pages"}],"about":[{"href":"https:\/\/marketing.harmonelo.io\/pl\/wp-json\/wp\/v2\/types\/page"}],"author":[{"embeddable":true,"href":"https:\/\/marketing.harmonelo.io\/pl\/wp-json\/wp\/v2\/users\/2"}],"replies":[{"embeddable":true,"href":"https:\/\/marketing.harmonelo.io\/pl\/wp-json\/wp\/v2\/comments?post=1806346"}],"version-history":[{"count":1,"href":"https:\/\/marketing.harmonelo.io\/pl\/wp-json\/wp\/v2\/pages\/1806346\/revisions"}],"predecessor-version":[{"id":1806347,"href":"https:\/\/marketing.harmonelo.io\/pl\/wp-json\/wp\/v2\/pages\/1806346\/revisions\/1806347"}],"wp:attachment":[{"href":"https:\/\/marketing.harmonelo.io\/pl\/wp-json\/wp\/v2\/media?parent=1806346"}],"curies":[{"name":"wp","href":"https:\/\/api.w.org\/{rel}","templated":true}]}}