{"id":1806086,"date":"2023-04-12T10:07:05","date_gmt":"2023-04-12T08:07:05","guid":{"rendered":"https:\/\/marketing.harmonelo.io\/harmonelo-hope-%f0%9f%a6%8b-2\/"},"modified":"2024-03-01T17:01:30","modified_gmt":"2024-03-01T16:01:30","slug":"harmonelo-hope-%f0%9f%a6%8b-2","status":"publish","type":"page","link":"https:\/\/marketing.harmonelo.io\/pl\/harmonelo-hope-%f0%9f%a6%8b-2\/","title":{"rendered":"Harmonelo Hope \ud83e\udd8b"},"content":{"rendered":"\n<hr class=\"wp-block-separator has-alpha-channel-opacity\"\/>\n\n<div style=\"height:20px\" aria-hidden=\"true\" class=\"wp-block-spacer\"><\/div>\n\n<h2 class=\"wp-block-heading has-text-align-center\"> <strong>\n  <em>Podr\u00f3\u017c Laurinky&#8217;ego<\/em>\n<\/strong> \ud83d\udc63<\/h2>\n\n<figure class=\"wp-block-image aligncenter size-large is-resized\"><img loading=\"lazy\" decoding=\"async\" width=\"1024\" height=\"1024\" src=\"https:\/\/marketing.harmonelo.io\/wp-content\/uploads\/2023\/04\/version1uuid804C32DA-19BB-45FF-A8A5-B28C52B29925modecompatiblenoloc0.jpeg-1024x1024.jpg\" alt=\"\" class=\"wp-image-1333282\" style=\"width:569px;height:569px\" srcset=\"https:\/\/marketing.harmonelo.io\/wp-content\/uploads\/2023\/04\/version1uuid804C32DA-19BB-45FF-A8A5-B28C52B29925modecompatiblenoloc0.jpeg-1024x1024.jpg 1024w, https:\/\/marketing.harmonelo.io\/wp-content\/uploads\/2023\/04\/version1uuid804C32DA-19BB-45FF-A8A5-B28C52B29925modecompatiblenoloc0.jpeg-300x300.jpg 300w, https:\/\/marketing.harmonelo.io\/wp-content\/uploads\/2023\/04\/version1uuid804C32DA-19BB-45FF-A8A5-B28C52B29925modecompatiblenoloc0.jpeg-150x150.jpg 150w, https:\/\/marketing.harmonelo.io\/wp-content\/uploads\/2023\/04\/version1uuid804C32DA-19BB-45FF-A8A5-B28C52B29925modecompatiblenoloc0.jpeg-768x768.jpg 768w, https:\/\/marketing.harmonelo.io\/wp-content\/uploads\/2023\/04\/version1uuid804C32DA-19BB-45FF-A8A5-B28C52B29925modecompatiblenoloc0.jpeg-12x12.jpg 12w, https:\/\/marketing.harmonelo.io\/wp-content\/uploads\/2023\/04\/version1uuid804C32DA-19BB-45FF-A8A5-B28C52B29925modecompatiblenoloc0.jpeg.jpg 1080w\" sizes=\"auto, (max-width: 1024px) 100vw, 1024px\" \/><\/figure>\n\n<h2 class=\"wp-block-heading has-text-align-center\"><em>Trudna historia Laury:<\/em><\/h2>\n\n<p class=\"has-text-align-center\">\ud83e\udd0d \u0160ekmars przywi\u00f3z\u0142 Laurink\u0119 ze szpitala 17.2.2022. Od tego dnia przebywa w wyznaczonej przez s\u0105d rodzinie zast\u0119pczej. Jako jej dziadkowie s\u0105 uprawnieni do reprezentowania Laurinki we wszystkich aspektach i maj\u0105 takie same prawa jak jej rodzice. Teraz jednak s\u0105d nadal czeka na decyzj\u0119, czy pozbawi\u0107 rodzic\u00f3w ich praw i wyznaczy\u0107 dziadk\u00f3w jako opiekun\u00f3w.<\/p>\n\n<p class=\"has-text-align-center\">Nie by\u0142o to do ko\u0144ca \u0142atwe. Pani \u0160ekmarov\u00e1 musia\u0142a sp\u0119dzi\u0107 10 dni z Laurink\u0105 w szpitalu w Hradec Kr\u00e1lov\u00e9, gdzie personel medyczny nauczy\u0142 j\u0105, jak podawa\u0107 leki i opiekowa\u0107 si\u0119 dziewczynk\u0105. Nast\u0119pnie przes\u0142ali s\u0105dowi raport, w kt\u00f3rym zeznali, \u017ce pani \u0160ekmarov\u00e1 by\u0142a w stanie opiekowa\u0107 si\u0119 chorym dzieckiem i \u017ce by\u0142o oczywiste, \u017ce Laurinka mia\u0142a ciep\u0142e relacje z babci\u0105. \ud83d\udc69\u200d\ud83c\udf7c<\/p>\n\n<p class=\"has-text-align-center\">Zalecenie to sk\u0142oni\u0142o s\u0105d do podj\u0119cia decyzji, \u017ce dziadkowie zapewni\u0105 dziecku dobr\u0105 opiek\u0119. Poniewa\u017c rodzice <mark style=\"background-color:rgba(0, 0, 0, 0)\" class=\"has-inline-color has-primary-color\">nie<\/mark> opiekowali si\u0119 dzieckiem od urodzenia i za\u017cywali substancje uzale\u017cniaj\u0105ce, urz\u0105d ds. opieki nad dzie\u0107mi wnioskuje o pozbawienie rodzic\u00f3w praw rodzicielskich.<\/p>\n\n<figure class=\"wp-block-image aligncenter size-large is-resized\"><img loading=\"lazy\" decoding=\"async\" width=\"1024\" height=\"1024\" src=\"https:\/\/marketing.harmonelo.io\/wp-content\/uploads\/2023\/03\/2-1024x1024.jpg\" alt=\"\" class=\"wp-image-981759\" style=\"width:577px;height:577px\" srcset=\"https:\/\/marketing.harmonelo.io\/wp-content\/uploads\/2023\/03\/2-1024x1024.jpg 1024w, https:\/\/marketing.harmonelo.io\/wp-content\/uploads\/2023\/03\/2-300x300.jpg 300w, https:\/\/marketing.harmonelo.io\/wp-content\/uploads\/2023\/03\/2-150x150.jpg 150w, https:\/\/marketing.harmonelo.io\/wp-content\/uploads\/2023\/03\/2-768x768.jpg 768w, https:\/\/marketing.harmonelo.io\/wp-content\/uploads\/2023\/03\/2-12x12.jpg 12w, https:\/\/marketing.harmonelo.io\/wp-content\/uploads\/2023\/03\/2.jpg 1200w\" sizes=\"auto, (max-width: 1024px) 100vw, 1024px\" \/><\/figure>\n\n<p class=\"has-text-align-center\">Kontynuuj pomaganie nam poprzez inne pi\u0119kne projekty, kt\u00f3re b\u0119dziemy stopniowo przedstawia\u0107.<\/p>\n\n<p class=\"has-text-align-center\">Mo\u017cesz wys\u0142a\u0107 wybran\u0105 kwot\u0119 na przejrzyste konta w Raiffeisenbank:<\/p>\n\n<blockquote class=\"wp-block-quote is-layout-flow wp-block-quote-is-layout-flow\">\n<p class=\"has-text-align-center has-primary-color has-text-color\"><strong>\n  <a href=\"https:\/\/www.rb.cz\/povinne-zverejnovane-informace\/transparentni-ucty?path=transactions&amp;accountNumber=2022102250\" target=\"_blank\" rel=\"noreferrer noopener\">\n    <mark style=\"background-color:rgba(0, 0, 0, 0)\" class=\"has-inline-color has-contrast-color\">CZK 2022102250\/5500<\/mark>\n  <\/a>\n<\/strong> (dla wp\u0142at w CZK); IBAN: CZ6655000000002022102250 (dla wp\u0142at z kraj\u00f3w innych ni\u017c CZ); BIC: RZBCCZP<\/p>\n<\/blockquote>\n\n<blockquote class=\"wp-block-quote is-layout-flow wp-block-quote-is-layout-flow\">\n<p class=\"has-text-align-center has-primary-color has-text-color\"><mark style=\"background-color:rgba(0, 0, 0, 0)\" class=\"has-inline-color has-primary-color\"><a href=\"https:\/\/www.rb.cz\/povinne-zverejnovane-informace\/transparentni-ucty?path=transactions&amp;accountNumber=2022102285\" target=\"_blank\" rel=\"noreferrer noopener\"><strong>EUR 2022102285\/5500<\/strong><\/a> <\/mark>(dla wp\u0142at w EUR); IBAN: CZ91550000000000002022102285 (dla wp\u0142at z kraj\u00f3w innych ni\u017c CZ); BIC: RZBCCZPP<\/p>\n<\/blockquote>\n\n<div style=\"height:20px\" aria-hidden=\"true\" class=\"wp-block-spacer\"><\/div>\n\n<h2 class=\"wp-block-heading has-text-align-center\">Dzi\u0119kujemy za pomoc tam, gdzie jest ona potrzebna.<\/h2>\n\n<h2 class=\"wp-block-heading has-text-align-center\">\ud83e\udd8b\ud83e\udd8b\ud83e\udd8b<\/h2>\n\n<p class=\"has-text-align-center has-base-color has-base-background-color has-text-color has-background\"><\/p>\n","protected":false},"excerpt":{"rendered":"<p>Podr\u00f3\u017c Laurinky&#8217;ego \ud83d\udc63 Trudna historia Laury: \ud83e\udd0d \u0160ekmars przywi\u00f3z\u0142 Laurink\u0119 ze szpitala 17.2.2022. Od tego dnia przebywa w wyznaczonej przez s\u0105d rodzinie zast\u0119pczej. Jako jej dziadkowie s\u0105 uprawnieni do reprezentowania Laurinki we wszystkich aspektach i maj\u0105 takie same prawa jak jej rodzice. Teraz jednak s\u0105d nadal czeka na decyzj\u0119, czy pozbawi\u0107 rodzic\u00f3w ich praw i [&hellip;]<\/p>\n","protected":false},"author":5,"featured_media":0,"parent":0,"menu_order":0,"comment_status":"closed","ping_status":"closed","template":"","meta":{"_eb_attr":"","footnotes":""},"class_list":["post-1806086","page","type-page","status-publish","hentry"],"_links":{"self":[{"href":"https:\/\/marketing.harmonelo.io\/pl\/wp-json\/wp\/v2\/pages\/1806086","targetHints":{"allow":["GET"]}}],"collection":[{"href":"https:\/\/marketing.harmonelo.io\/pl\/wp-json\/wp\/v2\/pages"}],"about":[{"href":"https:\/\/marketing.harmonelo.io\/pl\/wp-json\/wp\/v2\/types\/page"}],"author":[{"embeddable":true,"href":"https:\/\/marketing.harmonelo.io\/pl\/wp-json\/wp\/v2\/users\/5"}],"replies":[{"embeddable":true,"href":"https:\/\/marketing.harmonelo.io\/pl\/wp-json\/wp\/v2\/comments?post=1806086"}],"version-history":[{"count":3,"href":"https:\/\/marketing.harmonelo.io\/pl\/wp-json\/wp\/v2\/pages\/1806086\/revisions"}],"predecessor-version":[{"id":1806091,"href":"https:\/\/marketing.harmonelo.io\/pl\/wp-json\/wp\/v2\/pages\/1806086\/revisions\/1806091"}],"wp:attachment":[{"href":"https:\/\/marketing.harmonelo.io\/pl\/wp-json\/wp\/v2\/media?parent=1806086"}],"curies":[{"name":"wp","href":"https:\/\/api.w.org\/{rel}","templated":true}]}}