{"id":1806052,"date":"2023-01-20T20:10:46","date_gmt":"2023-01-20T19:10:46","guid":{"rendered":"https:\/\/marketing.harmonelo.io\/webinaria-cz-sk-2\/"},"modified":"2026-03-18T03:55:51","modified_gmt":"2026-03-18T02:55:51","slug":"webinaria-cz-sk-2","status":"publish","type":"page","link":"https:\/\/marketing.harmonelo.io\/pl\/webinaria-cz-sk-2\/","title":{"rendered":"Webinaria CZ + SK"},"content":{"rendered":"\n<h1 class=\"wp-block-heading has-text-align-center\"><em>NAGRANIA PROFESJONALNYCH LIVESTREAM\u00d3W, KT\u00d3RE JU\u017b SI\u0118 ODBY\u0141Y, MO\u017bNA ZNALE\u0179\u0106 W BIURZE (80+ PV).<\/em><\/h1>\n\n<figure class=\"wp-block-image size-large\"><a href=\"https:\/\/harmonelo.com\/office\/vimeo.php\" target=\"_blank\" rel=\"noreferrer noopener\"><img loading=\"lazy\" decoding=\"async\" width=\"1024\" height=\"479\" src=\"https:\/\/marketing.harmonelo.io\/wp-content\/uploads\/2023\/07\/Snimek-obrazovky-2023-07-01-v-18.20.11-1024x479.png\" alt=\"\" class=\"wp-image-1765311\" srcset=\"https:\/\/marketing.harmonelo.io\/wp-content\/uploads\/2023\/07\/Snimek-obrazovky-2023-07-01-v-18.20.11-1024x479.png 1024w, https:\/\/marketing.harmonelo.io\/wp-content\/uploads\/2023\/07\/Snimek-obrazovky-2023-07-01-v-18.20.11-300x140.png 300w, https:\/\/marketing.harmonelo.io\/wp-content\/uploads\/2023\/07\/Snimek-obrazovky-2023-07-01-v-18.20.11-768x359.png 768w, https:\/\/marketing.harmonelo.io\/wp-content\/uploads\/2023\/07\/Snimek-obrazovky-2023-07-01-v-18.20.11-18x8.png 18w, https:\/\/marketing.harmonelo.io\/wp-content\/uploads\/2023\/07\/Snimek-obrazovky-2023-07-01-v-18.20.11.png 1103w\" sizes=\"auto, (max-width: 1024px) 100vw, 1024px\" \/><\/a><\/figure>\n\n<hr class=\"wp-block-separator has-alpha-channel-opacity is-style-wide\"\/>\n\n<hr class=\"wp-block-separator has-alpha-channel-opacity is-style-wide\"\/>\n\n<h1 class=\"wp-block-heading has-text-align-center\">PLAN KOMPENSACYJNY HARMONELO, KT\u00d3RY UCZYNI\u0141 PONAD 100 MILIONER\u00d3W<\/h1>\n\n<p class=\"has-text-align-center\"><br\/><em>Czy wiesz, jak to dzia\u0142a?<br\/>Dlaczego jest najbardziej hojny i zr\u00f3wnowa\u017cony?<br\/>Sk\u0105d pochodzi ca\u0142y zysk?<br\/>Jak prawid\u0142owo zbudowa\u0107 sie\u0107 HARMONELO?<br\/>Dlaczego warto robi\u0107 interesy w HARMONELO?<\/em><\/p>\n\n<figure class=\"wp-block-image size-large\"><img loading=\"lazy\" decoding=\"async\" width=\"1024\" height=\"576\" src=\"https:\/\/marketing.harmonelo.io\/wp-content\/uploads\/2026\/03\/foto-1024x576.jpeg\" alt=\"\" class=\"wp-image-1837150\" srcset=\"https:\/\/marketing.harmonelo.io\/wp-content\/uploads\/2026\/03\/foto-1024x576.jpeg 1024w, https:\/\/marketing.harmonelo.io\/wp-content\/uploads\/2026\/03\/foto-300x169.jpeg 300w, https:\/\/marketing.harmonelo.io\/wp-content\/uploads\/2026\/03\/foto-768x432.jpeg 768w, https:\/\/marketing.harmonelo.io\/wp-content\/uploads\/2026\/03\/foto-1536x864.jpeg 1536w, https:\/\/marketing.harmonelo.io\/wp-content\/uploads\/2026\/03\/foto.jpeg 1600w\" sizes=\"auto, (max-width: 1024px) 100vw, 1024px\" \/><\/figure>\n\n<p class=\"has-text-align-center has-small-font-size\">Dobrze b\u0119dzie sobie to wszystko przypomnie\u0107 na nowym szkoleniu HARMONELO MARKETINGU w niedziel\u0119<strong><mark style=\"background-color:rgba(0, 0, 0, 0);color:#bc9763\" class=\"has-inline-color\">  22.3. od 20:00 w naszym biurze w HARMONELO  <\/mark><\/strong><mark style=\"background-color:rgba(0, 0, 0, 0);color:#bc9763\" class=\"has-inline-color\"><strong>TV<\/strong>:<\/mark><\/p>\n\n<figure class=\"wp-block-image size-large\"><img loading=\"lazy\" decoding=\"async\" width=\"1024\" height=\"515\" src=\"https:\/\/marketing.harmonelo.io\/wp-content\/uploads\/2026\/03\/harmonelo-tv-1024x515.jpeg\" alt=\"\" class=\"wp-image-1837176\" srcset=\"https:\/\/marketing.harmonelo.io\/wp-content\/uploads\/2026\/03\/harmonelo-tv-1024x515.jpeg 1024w, https:\/\/marketing.harmonelo.io\/wp-content\/uploads\/2026\/03\/harmonelo-tv-300x151.jpeg 300w, https:\/\/marketing.harmonelo.io\/wp-content\/uploads\/2026\/03\/harmonelo-tv-768x386.jpeg 768w, https:\/\/marketing.harmonelo.io\/wp-content\/uploads\/2026\/03\/harmonelo-tv-1536x773.jpeg 1536w, https:\/\/marketing.harmonelo.io\/wp-content\/uploads\/2026\/03\/harmonelo-tv.jpeg 1600w\" sizes=\"auto, (max-width: 1024px) 100vw, 1024px\" \/><\/figure>\n\n<p class=\"has-text-align-center\"><a href=\"https:\/\/harmonelo.com\/cs\/office\/education\/harmonelo-tv\">https:\/\/harmonelo.com\/cs\/office\/education\/harmonelo-tv<\/a><\/p>\n\n<p class=\"has-text-align-center has-small-font-size\">Po\u0142\u0105cz siebie i ca\u0142\u0105 swoj\u0105 grup\u0119, je\u015bli chcesz obudzi\u0107 ducha przedsi\u0119biorczo\u015bci i budowania w ludziach w swoim zespole!<\/p>\n\n<hr class=\"wp-block-separator has-alpha-channel-opacity is-style-wide\"\/>\n\n<hr class=\"wp-block-separator has-alpha-channel-opacity is-style-wide\"\/>\n\n<h1 class=\"wp-block-heading has-text-align-center\"><em>NAGRANIE Z NOWOROCZNEJ AUDYCJI Z MICHA\u0141EM KARMAZYNEM!<\/em><\/h1>\n\n<hr class=\"wp-block-separator has-alpha-channel-opacity\"\/>\n\n<figure class=\"wp-block-embed is-type-video is-provider-youtube wp-block-embed-youtube wp-embed-aspect-16-9 wp-has-aspect-ratio\"><div class=\"wp-block-embed__wrapper\">\n<iframe loading=\"lazy\" title=\"PF 2026 \u2013 Michal Karmazin | Partner Harmonelo | CZ &amp; EN Message\" width=\"500\" height=\"281\" src=\"https:\/\/www.youtube.com\/embed\/uEpgs01oeeE?start=1&#038;feature=oembed\" frameborder=\"0\" allow=\"accelerometer; autoplay; clipboard-write; encrypted-media; gyroscope; picture-in-picture; web-share\" referrerpolicy=\"strict-origin-when-cross-origin\" allowfullscreen><\/iframe>\n<\/div><\/figure>\n\n<hr class=\"wp-block-separator has-alpha-channel-opacity is-style-wide\"\/>\n\n<hr class=\"wp-block-separator has-alpha-channel-opacity is-style-wide\"\/>\n\n<h1 class=\"wp-block-heading has-text-align-center\" style=\"margin-top:var(--wp--preset--spacing--medium);margin-right:var(--wp--preset--spacing--medium);margin-bottom:var(--wp--preset--spacing--medium);margin-left:var(--wp--preset--spacing--medium)\"><em>KURS MLM &#8211; 8 KROK\u00d3W DO ZBUDOWANIA SIECI (BIBLIA MLM OD &#8222;A&#8221; DO &#8222;Z&#8221;)<\/em><\/h1>\n\n<figure class=\"wp-block-image size-large\"><a href=\"https:\/\/youtu.be\/adfCGON5Wkw\" target=\"_blank\" rel=\"noreferrer noopener\"><img loading=\"lazy\" decoding=\"async\" width=\"1024\" height=\"573\" src=\"https:\/\/marketing.harmonelo.io\/wp-content\/uploads\/2023\/01\/Snimek-obrazovky-2023-01-20-v-21.28.07-1024x573.png\" alt=\"\" class=\"wp-image-245076\" srcset=\"https:\/\/marketing.harmonelo.io\/wp-content\/uploads\/2023\/01\/Snimek-obrazovky-2023-01-20-v-21.28.07-1024x573.png 1024w, https:\/\/marketing.harmonelo.io\/wp-content\/uploads\/2023\/01\/Snimek-obrazovky-2023-01-20-v-21.28.07-300x168.png 300w, https:\/\/marketing.harmonelo.io\/wp-content\/uploads\/2023\/01\/Snimek-obrazovky-2023-01-20-v-21.28.07-768x430.png 768w, https:\/\/marketing.harmonelo.io\/wp-content\/uploads\/2023\/01\/Snimek-obrazovky-2023-01-20-v-21.28.07-18x10.png 18w, https:\/\/marketing.harmonelo.io\/wp-content\/uploads\/2023\/01\/Snimek-obrazovky-2023-01-20-v-21.28.07.png 1437w\" sizes=\"auto, (max-width: 1024px) 100vw, 1024px\" \/><\/a><\/figure>\n\n<h2 class=\"wp-block-heading has-text-align-center\">Czego nauczy Ci\u0119 ten 11-godzinny kurs wideo?<\/h2>\n\n<h2 class=\"wp-block-heading has-text-align-center\">(8 podstawowych krok\u00f3w MLM):<\/h2>\n\n<ol class=\"wp-block-list\">\n<li>Dlaczego MLM jest obecnie jedn\u0105 z niewielu mo\u017cliwo\u015bci dla wi\u0119kszo\u015bci ludzi?<\/li>\n\n\n\n<li>Jak ustali\u0107 w\u0142a\u015bciwe oczekiwania\/strategi\u0119<\/li>\n\n\n\n<li>Sk\u0105d wzi\u0105\u0107 odpowiednie kontakty i \u017ceby nam ich nie zabrak\u0142o?<\/li>\n\n\n\n<li>Jak prawid\u0142owo odnosi\u0107 si\u0119 do zimnych i ciep\u0142ych kontakt\u00f3w, przyk\u0142ady<\/li>\n\n\n\n<li>Jak w\u0142a\u015bciwie zaprezentowa\u0107 mo\u017cliwo\u015bci i produkty<\/li>\n\n\n\n<li>Jak nawi\u0105zywa\u0107 kontakty po prezentacji BEZ presji?<\/li>\n\n\n\n<li>Jak uczy\u0107 nowicjuszy, jak prawid\u0142owo zacz\u0105\u0107, co robi\u0107<\/li>\n\n\n\n<li>Jak zbudowa\u0107 sie\u0107, aby si\u0119 powiela\u0142a i stale rozwija\u0142a?<\/li>\n<\/ol>\n\n<h3 class=\"wp-block-heading has-text-align-center\"><strong>Fragment 1 modu\u0142u kursu MLM INNY SPOS\u00d3B: <\/strong><a href=\"https:\/\/youtu.be\/adfCGON5Wkw\"><strong>https:\/\/youtu.be\/adfCGON5Wkw<\/strong><\/a><\/h3>\n\n<p style=\"margin-top:0;margin-right:0;margin-bottom:0;margin-left:0\">Skorzystaj z tego skr\u00f3tu i zbuduj sw\u00f3j biznes od samego pocz\u0105tku.<\/p>\n\n<p class=\"has-text-align-center\"><a href=\"https:\/\/harmonelo.com\/8-kroku-jak-vybudovat-mlm-sit-offline-a-online-11-hodin-know-how-d526\/\">Ucz si\u0119 od odnosz\u0105cych sukcesy i skorzystaj z 11 godzin know-how<\/a> bezpo\u015brednio od naszego dyrektora sprzeda\u017cy Micha\u0142a Karmaz\u00edna.  <\/p>\n\n<div class=\"wp-block-buttons is-content-justification-center is-layout-flex wp-container-core-buttons-is-layout-a89b3969 wp-block-buttons-is-layout-flex\">\n<div class=\"wp-block-button\"><a class=\"wp-block-button__link wp-element-button\" href=\"https:\/\/harmonelo.com\/8-kroku-jak-vybudovat-mlm-sit-offline-a-online-11-hodin-know-how-d526\/\" target=\"_blank\" rel=\"noreferrer noopener\">TAK, CHC\u0118 OPANOWA\u0106 SZTUK\u0118 MLM<\/a><\/div>\n<\/div>\n\n<hr class=\"wp-block-separator has-alpha-channel-opacity is-style-wide\"\/>\n\n<h1 class=\"wp-block-heading has-text-align-center\"><em>JAK ZBUDOWA\u0106 STA\u0141Y DOCH\u00d3D (RUROCI\u0104G PIANKOWY)?  <\/em><\/h1>\n\n<hr class=\"wp-block-separator has-alpha-channel-opacity\"\/>\n\n<h1 class=\"wp-block-heading has-text-align-center\">ODPOWIEDZI\u0104 JEST SYSTEM MLM!<\/h1>\n\n<p class=\"has-text-align-center\">Harmonelo polega na<mark style=\"background-color:rgba(0, 0, 0, 0)\" class=\"has-inline-color has-primary-color\"> r\u00f3wnowa\u017ceniu<\/mark> kilku obszar\u00f3w \u017cycia. Dbamy o harmoni\u0119 zdrowia <mark style=\"background-color:rgba(0, 0, 0, 0)\" class=\"has-inline-color has-primary-color\">fizycznego<\/mark> i <mark style=\"background-color:rgba(0, 0, 0, 0)\" class=\"has-inline-color has-primary-color\">psychicznego<\/mark>, a tak\u017ce <mark style=\"background-color:rgba(0, 0, 0, 0)\" class=\"has-inline-color has-primary-color\">finansowego<\/mark>.<\/p>\n\n<p class=\"has-text-align-center\">Masz naprawd\u0119 wyj\u0105tkow\u0105 okazj\u0119, aby uzyska\u0107 wiele cennych porad od naszego dyrektora sprzeda\u017cy <strong><mark style=\"background-color:rgba(0, 0, 0, 0)\" class=\"has-inline-color has-primary-color\">Michal Karmaz\u00edn,<\/mark><\/strong> kt\u00f3ry doradzi Ci <mark style=\"background-color:rgba(0, 0, 0, 0)\" class=\"has-inline-color has-primary-color\">&#8222;jak to zrobi\u0107&#8221;<\/mark> w swoim wielkim <strong>SYSTEMIE MLM<\/strong>. B\u0119dziesz o krok bli\u017cej do NIEZALE\u017bNO\u015aCI FINANSOWEJ. Uwierz mi, ten kurs jest tego wart.<\/p>\n\n<figure class=\"wp-block-embed is-type-video is-provider-youtube wp-block-embed-youtube wp-embed-aspect-16-9 wp-has-aspect-ratio\"><div class=\"wp-block-embed__wrapper\">\n<iframe loading=\"lazy\" title=\"MODUL 1\" width=\"500\" height=\"281\" src=\"https:\/\/www.youtube.com\/embed\/PuFtedaOfjE?feature=oembed\" frameborder=\"0\" allow=\"accelerometer; autoplay; clipboard-write; encrypted-media; gyroscope; picture-in-picture; web-share\" referrerpolicy=\"strict-origin-when-cross-origin\" allowfullscreen><\/iframe>\n<\/div><\/figure>\n\n<p class=\"has-text-align-center\">Mo\u017cna go kupi\u0107 w ich <mark style=\"background-color:rgba(0, 0, 0, 0)\" class=\"has-inline-color has-primary-color\">sklepie internetowym<\/mark>. Nie czekaj i rozpocznij swoj\u0105 edukacj\u0119 <mark style=\"background-color:rgba(0, 0, 0, 0)\" class=\"has-inline-color has-primary-color\">JU\u017b DZI\u015a<\/mark>!<\/p>\n\n<p class=\"has-text-align-center\">Ten \u015bwietny <mark style=\"background-color:rgba(0, 0, 0, 0)\" class=\"has-inline-color has-primary-color\">zwiastun<\/mark> zosta\u0142 przet\u0142umaczony na nast\u0119puj\u0105ce j\u0119zyki:<\/p>\n\n<p class=\"has-text-align-center\">CZ, SK, EN, DE, HU, RO, IT, ES, FR, PL, BG, GR, RU<\/p>\n\n<p class=\"has-text-align-center\">Niestety, ca\u0142y kurs jest na razie dost\u0119pny tylko w CZ.<\/p>\n\n<h2 class=\"wp-block-heading has-text-align-center\">Czym jest &#8222;ruroci\u0105g pieni\u0119\u017cny&#8221;?<\/h2>\n\n<blockquote class=\"wp-block-quote has-text-align-center has-primary-background-color has-background is-layout-flow wp-block-quote-is-layout-flow\">\n<p>Jest to <em>doch\u00f3d, kt\u00f3ry otrzymujesz nawet wtedy, gdy nie prac<\/em>ujesz.<\/p>\n<\/blockquote>\n\n<h1 class=\"wp-block-heading has-text-align-center\"><em>POTRZEBUJESZ PORADY LUB POMOCY? OTO NAJCZ\u0118\u015aCIEJ ZADAWANE PYTANIA<\/em><\/h1>\n\n<figure class=\"wp-block-image aligncenter size-full is-resized\"><img loading=\"lazy\" decoding=\"async\" width=\"480\" height=\"268\" src=\"https:\/\/marketing.harmonelo.io\/wp-content\/uploads\/2023\/01\/73720dd0-c17e-0f28-821d-2e70a051fa42.gif\" alt=\"\" class=\"wp-image-245095\" style=\"width:600px;height:undefinedpx\"\/><\/figure>\n\n<p class=\"has-text-align-center\">Zebrali\u015bmy 34 najcz\u0119\u015bciej zadawane pytania, wi\u0119c prosimy o zapoznanie si\u0119 z nimi przed skontaktowaniem si\u0119 ze sponsorem lub lini\u0105 wsparcia &#8211; dzi\u0119kujemy.<\/p>\n\n<div class=\"wp-block-buttons is-content-justification-center is-layout-flex wp-container-core-buttons-is-layout-a89b3969 wp-block-buttons-is-layout-flex\">\n<div class=\"wp-block-button\"><a class=\"wp-block-button__link wp-element-button\" href=\"https:\/\/harmonelo.com\/faq\/\" target=\"_blank\" rel=\"noreferrer noopener\">CZ\u0118STO ZADAWANE PYTANIA I ODPOWIEDZI<\/a><\/div>\n<\/div>\n\n<h1 class=\"wp-block-heading has-text-align-center\"><em>INWESTYCJA DO 36% GWARANTOWANA<\/em><\/h1>\n\n<figure class=\"wp-block-image size-full is-resized\"><img loading=\"lazy\" decoding=\"async\" width=\"378\" height=\"212\" src=\"https:\/\/marketing.harmonelo.io\/wp-content\/uploads\/2023\/01\/a46f5f90-3920-a5c8-e95f-390a86af0573.gif\" alt=\"\" class=\"wp-image-245098\" style=\"width:600px;height:undefinedpx\"\/><\/figure>\n\n<p class=\"has-text-align-center\">W czasach rekordowej inflacji ochrona funduszy uznaniowych jest wa\u017cniejsza ni\u017c kiedykolwiek wcze\u015bniej. HARMONELO mo\u017ce w tym pom\u00f3c.<\/p>\n\n<p class=\"has-text-align-center\"><strong>Zainwestuj w HARMONELO z gwarantowanym zwrotem do 36 procent w horyzoncie inwestycyjnym do 5 lat.<\/strong><\/p>\n\n<div class=\"wp-block-buttons is-content-justification-center is-layout-flex wp-container-core-buttons-is-layout-a89b3969 wp-block-buttons-is-layout-flex\">\n<div class=\"wp-block-button\"><a class=\"wp-block-button__link wp-element-button\" href=\"https:\/\/harmoneloinvestment.com\/\" target=\"_blank\" rel=\"noreferrer noopener\">ABY PRZEJ\u015a\u0106 DO INWESTYCJI W HARMONELO <\/a><\/div>\n<\/div>\n","protected":false},"excerpt":{"rendered":"<p>NAGRANIA PROFESJONALNYCH LIVESTREAM\u00d3W, KT\u00d3RE JU\u017b SI\u0118 ODBY\u0141Y, MO\u017bNA ZNALE\u0179\u0106 W BIURZE (80+ PV). PLAN KOMPENSACYJNY HARMONELO, KT\u00d3RY UCZYNI\u0141 PONAD 100 MILIONER\u00d3W Czy wiesz, jak to dzia\u0142a?Dlaczego jest najbardziej hojny i zr\u00f3wnowa\u017cony?Sk\u0105d pochodzi ca\u0142y zysk?Jak prawid\u0142owo zbudowa\u0107 sie\u0107 HARMONELO?Dlaczego warto robi\u0107 interesy w HARMONELO? Dobrze b\u0119dzie sobie to wszystko przypomnie\u0107 na nowym szkoleniu HARMONELO MARKETINGU w [&hellip;]<\/p>\n","protected":false},"author":2,"featured_media":0,"parent":0,"menu_order":0,"comment_status":"closed","ping_status":"closed","template":"","meta":{"_eb_attr":"","footnotes":""},"class_list":["post-1806052","page","type-page","status-publish","hentry"],"_links":{"self":[{"href":"https:\/\/marketing.harmonelo.io\/pl\/wp-json\/wp\/v2\/pages\/1806052","targetHints":{"allow":["GET"]}}],"collection":[{"href":"https:\/\/marketing.harmonelo.io\/pl\/wp-json\/wp\/v2\/pages"}],"about":[{"href":"https:\/\/marketing.harmonelo.io\/pl\/wp-json\/wp\/v2\/types\/page"}],"author":[{"embeddable":true,"href":"https:\/\/marketing.harmonelo.io\/pl\/wp-json\/wp\/v2\/users\/2"}],"replies":[{"embeddable":true,"href":"https:\/\/marketing.harmonelo.io\/pl\/wp-json\/wp\/v2\/comments?post=1806052"}],"version-history":[{"count":197,"href":"https:\/\/marketing.harmonelo.io\/pl\/wp-json\/wp\/v2\/pages\/1806052\/revisions"}],"predecessor-version":[{"id":1837214,"href":"https:\/\/marketing.harmonelo.io\/pl\/wp-json\/wp\/v2\/pages\/1806052\/revisions\/1837214"}],"wp:attachment":[{"href":"https:\/\/marketing.harmonelo.io\/pl\/wp-json\/wp\/v2\/media?parent=1806052"}],"curies":[{"name":"wp","href":"https:\/\/api.w.org\/{rel}","templated":true}]}}