{"id":1804848,"date":"2023-04-05T16:27:28","date_gmt":"2023-04-05T14:27:28","guid":{"rendered":"https:\/\/marketing.harmonelo.io\/wielkanocna-oferta-specjalna%f0%9f%a5%9a\/"},"modified":"2024-02-26T22:56:51","modified_gmt":"2024-02-26T21:56:51","slug":"wielkanocna-oferta-specjalna%f0%9f%a5%9a","status":"publish","type":"page","link":"https:\/\/marketing.harmonelo.io\/pl\/wielkanocna-oferta-specjalna%f0%9f%a5%9a\/","title":{"rendered":"Wielkanocna oferta specjalna\ud83e\udd5a"},"content":{"rendered":"\n<hr class=\"wp-block-separator has-alpha-channel-opacity\"\/>\n\n<p class=\"has-text-align-center has-large-font-size\">\ud83d\udc9b\ud83d\udc9c\ud83d\udc9a<\/p>\n\n<p class=\"has-text-align-center\">Nadesz\u0142a Wielkanoc! Z tego powodu przygotowali\u015bmy specjalne wydanie o tematyce wielkanocnej.  <em><mark style=\"background-color:rgba(0, 0, 0, 0)\" class=\"has-inline-color has-primary-color\">Czy wiesz, jak d\u0142ugo przechowywa\u0107 ugotowane jajka?<\/mark><\/em> <em><mark style=\"background-color:rgba(0, 0, 0, 0)\" class=\"has-inline-color has-primary-color\">Jak farbowa\u0107 jajka w domu przy u\u017cyciu naturalnych sk\u0142adnik\u00f3w?<\/mark><\/em> <em><mark style=\"background-color:rgba(0, 0, 0, 0)\" class=\"has-inline-color has-primary-color\">Czym w tym roku mo\u017cesz zaskoczy\u0107 cukierek albo psikus?<\/mark> <\/em>To i wiele wi\u0119cej mo\u017cna znale\u017a\u0107 w tym po\u015bcie.<\/p>\n\n<figure class=\"wp-block-image size-large\"><img loading=\"lazy\" decoding=\"async\" width=\"1024\" height=\"1024\" src=\"https:\/\/marketing.harmonelo.io\/wp-content\/uploads\/2023\/04\/IMG_1138-1024x1024.png\" alt=\"\" class=\"wp-image-1245900\" srcset=\"https:\/\/marketing.harmonelo.io\/wp-content\/uploads\/2023\/04\/IMG_1138-1024x1024.png 1024w, https:\/\/marketing.harmonelo.io\/wp-content\/uploads\/2023\/04\/IMG_1138-300x300.png 300w, https:\/\/marketing.harmonelo.io\/wp-content\/uploads\/2023\/04\/IMG_1138-150x150.png 150w, https:\/\/marketing.harmonelo.io\/wp-content\/uploads\/2023\/04\/IMG_1138-768x768.png 768w, https:\/\/marketing.harmonelo.io\/wp-content\/uploads\/2023\/04\/IMG_1138-12x12.png 12w, https:\/\/marketing.harmonelo.io\/wp-content\/uploads\/2023\/04\/IMG_1138.png 1080w\" sizes=\"auto, (max-width: 1024px) 100vw, 1024px\" \/><\/figure>\n\n<h1 class=\"wp-block-heading has-text-align-center\"><strong>\n  <mark style=\"background-color:rgba(0, 0, 0, 0)\" class=\"has-inline-color has-primary-color\">Jak farbowa\u0107 jajka przy u\u017cyciu naturalnych sk\u0142adnik\u00f3w?<\/mark>\n<\/strong>\ud83e\udd5a<\/h1>\n\n<p>Wsz\u0119dzie s\u0105 wszelkiego rodzaju barwniki do jajek. Ale czy wiesz, \u017ce mo\u017cesz udekorowa\u0107 swoje jajka w zaciszu w\u0142asnego domu i u\u017cy\u0107 komponent\u00f3w, o kt\u00f3rych by\u0107 mo\u017ce nie pomy\u015bla\u0142e\u015b na pocz\u0105tku?<\/p>\n\n<h2 class=\"wp-block-heading has-text-align-center\">Jak to zrobi\u0107? \ud83d\udd11<\/h2>\n\n<p class=\"has-text-align-center\">Najpierw ka\u017cde jajko musi zosta\u0107 oczyszczone i umyte (odt\u0142uszczone) przed farbowaniem. Mo\u017cna na przyk\u0142ad u\u017cy\u0107 p\u0142ynu do mycia naczy\u0144 lub kombinacji ciep\u0142ej wody i sody. Kroki te zapewni\u0105, \u017ce po\u017c\u0105dany kolor b\u0119dzie lepiej widoczny na jajku. Teraz wystarczy wybra\u0107 ostateczny kolor.  <\/p>\n\n<ol class=\"wp-block-list\">\n<li><mark style=\"background-color:rgba(0, 0, 0, 0)\" class=\"has-inline-color has-primary-color\"><strong>Cebula<\/strong>:<\/mark> \u0141uski <mark style=\"background-color:rgba(0, 0, 0, 0)\" class=\"has-inline-color has-primary-color\">cebuli<\/mark> mog\u0105 nada\u0107 jajkom pi\u0119kny karmelowo-br\u0105zowy kolor.<\/li>\n\n\n\n<li><strong>\n  <mark style=\"background-color:rgba(0, 0, 0, 0)\" class=\"has-inline-color has-primary-color\">KURKUM<\/mark>\n<\/strong><mark style=\"background-color:rgba(0, 0, 0, 0)\" class=\"has-inline-color has-primary-color\"><strong>O<\/strong>: <\/mark>Z kurkum\u0105 mo\u017cna wyczarowa\u0107 pasuj\u0105cy odcie\u0144 karmelowej \u017c\u00f3\u0142ci.  <\/li>\n\n\n\n<li><mark style=\"background-color:rgba(0, 0, 0, 0)\" class=\"has-inline-color has-primary-color\">\n  <strong>CZERWONE Z\u0141OTO:<\/strong>\n<\/mark> Czerwona kapusta pomo\u017ce ci wyczarowa\u0107 zaskakuj\u0105cy odcie\u0144 niebieskiego.<\/li>\n\n\n\n<li><mark style=\"background-color:rgba(0, 0, 0, 0)\" class=\"has-inline-color has-primary-color\"><strong>RED LINE<\/strong>: <\/mark>W tym przypadku uzyskasz pi\u0119kny czerwony kolor.<\/li>\n\n\n\n<li><strong>\n  <mark style=\"background-color:rgba(0, 0, 0, 0)\" class=\"has-inline-color has-primary-color\">PETR\u017dEL: <\/mark>\n<\/strong>Dzi\u0119ki pietruszce mo\u017cna uzyska\u0107 \u0142adny zielony odcie\u0144.<\/li>\n<\/ol>\n\n<p class=\"has-text-align-center\">W\u0142\u00f3\u017c do garnka dowolny sk\u0142adnik, kt\u00f3ry chcesz zabarwi\u0107 jajka (sk\u00f3rki cebuli, kurkum\u0119 itp.) i zalej 700-800 ml wody. Dodaj 2 \u0142y\u017cki octu i szczypt\u0119 soli. Nast\u0119pnie doprowadzi\u0107 do wrzenia. Nast\u0119pnie dodaj jajka, kt\u00f3re chcesz zabarwi\u0107 i gotuj przez 10 minut. Zdj\u0105\u0107 z ognia i pozostawi\u0107 jajka w wodzie do ostygni\u0119cia. Uzyskane kolory z pewno\u015bci\u0105 zachwyc\u0105 Ci\u0119 tak samo jak nas \ud83d\udc9b\ud83d\udc9c\ud83d\udc9a.<\/p>\n\n<div style=\"height:30px\" aria-hidden=\"true\" class=\"wp-block-spacer\"><\/div>\n\n<figure class=\"wp-block-image size-large\"><img loading=\"lazy\" decoding=\"async\" width=\"1024\" height=\"684\" src=\"https:\/\/marketing.harmonelo.io\/wp-content\/uploads\/2023\/04\/pexels-ksenia-chernaya-3980600-1024x684.jpg\" alt=\"\" class=\"wp-image-1245905\" srcset=\"https:\/\/marketing.harmonelo.io\/wp-content\/uploads\/2023\/04\/pexels-ksenia-chernaya-3980600-1024x684.jpg 1024w, https:\/\/marketing.harmonelo.io\/wp-content\/uploads\/2023\/04\/pexels-ksenia-chernaya-3980600-300x200.jpg 300w, https:\/\/marketing.harmonelo.io\/wp-content\/uploads\/2023\/04\/pexels-ksenia-chernaya-3980600-768x513.jpg 768w, https:\/\/marketing.harmonelo.io\/wp-content\/uploads\/2023\/04\/pexels-ksenia-chernaya-3980600-1536x1025.jpg 1536w, https:\/\/marketing.harmonelo.io\/wp-content\/uploads\/2023\/04\/pexels-ksenia-chernaya-3980600-2048x1367.jpg 2048w, https:\/\/marketing.harmonelo.io\/wp-content\/uploads\/2023\/04\/pexels-ksenia-chernaya-3980600-18x12.jpg 18w\" sizes=\"auto, (max-width: 1024px) 100vw, 1024px\" \/><\/figure>\n\n<div style=\"height:20px\" aria-hidden=\"true\" class=\"wp-block-spacer\"><\/div>\n\n<h1 class=\"wp-block-heading has-text-align-center\">Jak przechowywa\u0107 jajka na twardo? \ud83d\udca1<\/h1>\n\n<ol class=\"wp-block-list\">\n<li>Nawet ugotowane jajko ma ograniczony okres przydatno\u015bci do spo\u017cycia.<\/li>\n\n\n\n<li>W temperaturze pokojowej okres przydatno\u015bci do spo\u017cycia gotowanych jajek szybko si\u0119 skraca. Ich okres przydatno\u015bci do spo\u017cycia wynosi oko\u0142o 2-3 dni.<\/li>\n\n\n\n<li>Jajka mog\u0105 jednak przetrwa\u0107 7-14 dni w lod\u00f3wce (je\u015bli po ugotowaniu zostan\u0105 sch\u0142odzone i w\u0142o\u017cone do lod\u00f3wki).<\/li>\n\n\n\n<li>Oczywi\u015bcie idealnym rozwi\u0105zaniem jest jak najszybsze spo\u017cycie lub przetworzenie jaj.<\/li>\n<\/ol>\n\n<div style=\"height:27px\" aria-hidden=\"true\" class=\"wp-block-spacer\"><\/div>\n\n<figure class=\"wp-block-image size-large\"><img loading=\"lazy\" decoding=\"async\" width=\"1024\" height=\"683\" src=\"https:\/\/marketing.harmonelo.io\/wp-content\/uploads\/2023\/04\/pexels-roman-odintsov-6897341-1024x683.jpg\" alt=\"\" class=\"wp-image-1245904\" srcset=\"https:\/\/marketing.harmonelo.io\/wp-content\/uploads\/2023\/04\/pexels-roman-odintsov-6897341-1024x683.jpg 1024w, https:\/\/marketing.harmonelo.io\/wp-content\/uploads\/2023\/04\/pexels-roman-odintsov-6897341-300x200.jpg 300w, https:\/\/marketing.harmonelo.io\/wp-content\/uploads\/2023\/04\/pexels-roman-odintsov-6897341-768x512.jpg 768w, https:\/\/marketing.harmonelo.io\/wp-content\/uploads\/2023\/04\/pexels-roman-odintsov-6897341-1536x1024.jpg 1536w, https:\/\/marketing.harmonelo.io\/wp-content\/uploads\/2023\/04\/pexels-roman-odintsov-6897341-2048x1365.jpg 2048w, https:\/\/marketing.harmonelo.io\/wp-content\/uploads\/2023\/04\/pexels-roman-odintsov-6897341-18x12.jpg 18w\" sizes=\"auto, (max-width: 1024px) 100vw, 1024px\" \/><\/figure>\n\n<h1 class=\"wp-block-heading has-text-align-center\">Czym w tym roku mo\u017cesz zaskoczy\u0107 cukierek albo psikus? \ud83d\udca1<\/h1>\n\n<p class=\"has-text-align-center\">W tym roku mo\u017cesz ol\u015bni\u0107 swoich \u0142akomczuch\u00f3w oryginalnym gestem. Zamiast ozdobnych jajek, czekoladowego zaj\u0105czka lub uczciwego zastrzyku domowej roboty \u015bliwowicy, mo\u017cesz zaoferowa\u0107 swojemu go\u015bciowi zalecan\u0105 dzienn\u0105 dawk\u0119 jednego z naszych p\u0142ynnych suplement\u00f3w. Zw\u0142aszcza ci, kt\u00f3rzy nie mieli wcze\u015bniej przyjemno\u015bci z Harmonelo, z pewno\u015bci\u0105 b\u0119d\u0105 <mark style=\"background-color:rgba(0, 0, 0, 0)\" class=\"has-inline-color has-primary-color\">zachwyceni!<\/mark><\/p>\n\n<figure class=\"wp-block-image size-large\"><img loading=\"lazy\" decoding=\"async\" width=\"1024\" height=\"1024\" src=\"https:\/\/marketing.harmonelo.io\/wp-content\/uploads\/2023\/04\/37-1024x1024.jpg\" alt=\"\" class=\"wp-image-1245903\" srcset=\"https:\/\/marketing.harmonelo.io\/wp-content\/uploads\/2023\/04\/37-1024x1024.jpg 1024w, https:\/\/marketing.harmonelo.io\/wp-content\/uploads\/2023\/04\/37-300x300.jpg 300w, https:\/\/marketing.harmonelo.io\/wp-content\/uploads\/2023\/04\/37-150x150.jpg 150w, https:\/\/marketing.harmonelo.io\/wp-content\/uploads\/2023\/04\/37-768x768.jpg 768w, https:\/\/marketing.harmonelo.io\/wp-content\/uploads\/2023\/04\/37-12x12.jpg 12w, https:\/\/marketing.harmonelo.io\/wp-content\/uploads\/2023\/04\/37.jpg 1200w\" sizes=\"auto, (max-width: 1024px) 100vw, 1024px\" \/><\/figure>\n\n<div class=\"wp-block-buttons is-content-justification-center is-layout-flex wp-container-core-buttons-is-layout-a89b3969 wp-block-buttons-is-layout-flex\">\n<div class=\"wp-block-button\"><a class=\"wp-block-button__link wp-element-button\" href=\"https:\/\/harmonelo.com\/harmonelo-life-d512\/\" target=\"_blank\" rel=\"noreferrer noopener\">SPR\u00d3BUJ Z HARMONELO LIFE<\/a><\/div>\n<\/div>\n\n<p class=\"has-text-align-center\">Jego przyjemny i zr\u00f3wnowa\u017cony smak przekona niejednego \u0142akomczucha.  <\/p>\n\n<p class=\"has-text-align-center has-large-font-size\">\ud83d\udc9b\ud83d\udc9c\ud83d\udc9a<\/p>\n","protected":false},"excerpt":{"rendered":"<p>\ud83d\udc9b\ud83d\udc9c\ud83d\udc9a Nadesz\u0142a Wielkanoc! Z tego powodu przygotowali\u015bmy specjalne wydanie o tematyce wielkanocnej. Czy wiesz, jak d\u0142ugo przechowywa\u0107 ugotowane jajka? Jak farbowa\u0107 jajka w domu przy u\u017cyciu naturalnych sk\u0142adnik\u00f3w? Czym w tym roku mo\u017cesz zaskoczy\u0107 cukierek albo psikus? To i wiele wi\u0119cej mo\u017cna znale\u017a\u0107 w tym po\u015bcie. Jak farbowa\u0107 jajka przy u\u017cyciu naturalnych sk\u0142adnik\u00f3w? \ud83e\udd5a Wsz\u0119dzie [&hellip;]<\/p>\n","protected":false},"author":5,"featured_media":0,"parent":0,"menu_order":0,"comment_status":"closed","ping_status":"closed","template":"","meta":{"_eb_attr":"","footnotes":""},"class_list":["post-1804848","page","type-page","status-publish","hentry"],"_links":{"self":[{"href":"https:\/\/marketing.harmonelo.io\/pl\/wp-json\/wp\/v2\/pages\/1804848","targetHints":{"allow":["GET"]}}],"collection":[{"href":"https:\/\/marketing.harmonelo.io\/pl\/wp-json\/wp\/v2\/pages"}],"about":[{"href":"https:\/\/marketing.harmonelo.io\/pl\/wp-json\/wp\/v2\/types\/page"}],"author":[{"embeddable":true,"href":"https:\/\/marketing.harmonelo.io\/pl\/wp-json\/wp\/v2\/users\/5"}],"replies":[{"embeddable":true,"href":"https:\/\/marketing.harmonelo.io\/pl\/wp-json\/wp\/v2\/comments?post=1804848"}],"version-history":[{"count":1,"href":"https:\/\/marketing.harmonelo.io\/pl\/wp-json\/wp\/v2\/pages\/1804848\/revisions"}],"predecessor-version":[{"id":1804850,"href":"https:\/\/marketing.harmonelo.io\/pl\/wp-json\/wp\/v2\/pages\/1804848\/revisions\/1804850"}],"wp:attachment":[{"href":"https:\/\/marketing.harmonelo.io\/pl\/wp-json\/wp\/v2\/media?parent=1804848"}],"curies":[{"name":"wp","href":"https:\/\/api.w.org\/{rel}","templated":true}]}}