{"id":1804744,"date":"2023-04-12T10:59:49","date_gmt":"2023-04-12T08:59:49","guid":{"rendered":"https:\/\/marketing.harmonelo.io\/musli-ktore-pokocha-twoj-mikrobiom\/"},"modified":"2024-02-26T22:56:16","modified_gmt":"2024-02-26T21:56:16","slug":"musli-ktore-pokocha-twoj-mikrobiom","status":"publish","type":"page","link":"https:\/\/marketing.harmonelo.io\/pl\/musli-ktore-pokocha-twoj-mikrobiom\/","title":{"rendered":"Musli, kt\u00f3re pokocha Tw\u00f3j mikrobiom"},"content":{"rendered":"\n<figure class=\"wp-block-image size-large\"><img loading=\"lazy\" decoding=\"async\" width=\"1024\" height=\"1024\" src=\"https:\/\/marketing.harmonelo.io\/wp-content\/uploads\/2023\/04\/version1uuidD5F9E477-ACC1-4087-ACFD-1B70E5597FBAmodecompatiblenoloc0.jpeg-1024x1024.jpg\" alt=\"\" class=\"wp-image-1333216\" srcset=\"https:\/\/marketing.harmonelo.io\/wp-content\/uploads\/2023\/04\/version1uuidD5F9E477-ACC1-4087-ACFD-1B70E5597FBAmodecompatiblenoloc0.jpeg-1024x1024.jpg 1024w, https:\/\/marketing.harmonelo.io\/wp-content\/uploads\/2023\/04\/version1uuidD5F9E477-ACC1-4087-ACFD-1B70E5597FBAmodecompatiblenoloc0.jpeg-300x300.jpg 300w, https:\/\/marketing.harmonelo.io\/wp-content\/uploads\/2023\/04\/version1uuidD5F9E477-ACC1-4087-ACFD-1B70E5597FBAmodecompatiblenoloc0.jpeg-150x150.jpg 150w, https:\/\/marketing.harmonelo.io\/wp-content\/uploads\/2023\/04\/version1uuidD5F9E477-ACC1-4087-ACFD-1B70E5597FBAmodecompatiblenoloc0.jpeg-768x768.jpg 768w, https:\/\/marketing.harmonelo.io\/wp-content\/uploads\/2023\/04\/version1uuidD5F9E477-ACC1-4087-ACFD-1B70E5597FBAmodecompatiblenoloc0.jpeg-12x12.jpg 12w, https:\/\/marketing.harmonelo.io\/wp-content\/uploads\/2023\/04\/version1uuidD5F9E477-ACC1-4087-ACFD-1B70E5597FBAmodecompatiblenoloc0.jpeg.jpg 1200w\" sizes=\"auto, (max-width: 1024px) 100vw, 1024px\" \/><\/figure>\n\n<p><\/p>\n\n<h2 class=\"wp-block-heading\">Sk\u0142adniki:<\/h2>\n\n<ul class=\"wp-block-list\">\n<li>4 jab\u0142ka (nieobrane, pokrojone na mniejsze kawa\u0142ki)<\/li>\n\n\n\n<li>2 szklanki nies\u0142odzonego kefiru<\/li>\n\n\n\n<li>1\/2 szklanki p\u0142atk\u00f3w zbo\u017cowych<\/li>\n\n\n\n<li>1\/4 szklanki posiekanych orzech\u00f3w<\/li>\n\n\n\n<li>2 \u0142y\u017cki mielonego siemienia lnianego<\/li>\n\n\n\n<li>2 \u0142y\u017cki soku z cytryny<\/li>\n\n\n\n<li>1\/4 \u0142y\u017ceczki ga\u0142ki muszkato\u0142owej<\/li>\n\n\n\n<li>1\/4 \u0142y\u017ceczki soli<\/li>\n\n\n\n<li>syrop z cykorii do aromatyzowania<\/li>\n\n\n\n<li>20 ml Harmonelo Vitality<\/li>\n<\/ul>\n\n<h2 class=\"wp-block-heading\">Post\u0119p:  <\/h2>\n\n<ul class=\"wp-block-list\">\n<li>Wymieszaj pokrojone jab\u0142ka z kefirem, p\u0142atkami, orzechami, siemieniem lnianym, sokiem z cytryny, ga\u0142k\u0105 muszkato\u0142ow\u0105, sol\u0105 i Harmonel Vitality. Przechowywa\u0107 w lod\u00f3wce przez noc. Podawa\u0107 lekko skropione syropem z cykorii.<\/li>\n<\/ul>\n\n<p><strong><mark style=\"background-color:rgba(0, 0, 0, 0)\" class=\"has-inline-color has-primary-color\">Tak<em>przygotowane musli wytrzyma kilka dni w lod\u00f3wce!<\/em><\/mark><\/strong><\/p>\n\n<p class=\"has-text-align-center\">Zr\u00f3bmy to z zapa\u0142em! Mam nadziej\u0119, \u017ce to oszcz\u0119dzaj\u0105ce czas i zbilansowane od\u017cywczo \u015bniadanie sprawi, \u017ce Tw\u00f3j dzie\u0144 b\u0119dzie lepszy \ud83c\udf1e.<\/p>\n\n<div class=\"wp-block-buttons is-content-justification-center is-layout-flex wp-container-core-buttons-is-layout-a89b3969 wp-block-buttons-is-layout-flex\">\n<div class=\"wp-block-button\"><a class=\"wp-block-button__link has-text-align-center wp-element-button\" href=\"https:\/\/harmonelo.com\/harmonelo-vitality-d513\/\" target=\"_blank\" rel=\"noreferrer noopener\">JESTEM ZAINTERESOWANY HARMONELO VITALITY<\/a><\/div>\n<\/div>\n","protected":false},"excerpt":{"rendered":"<p>Sk\u0142adniki: Post\u0119p: Takprzygotowane musli wytrzyma kilka dni w lod\u00f3wce! Zr\u00f3bmy to z zapa\u0142em! Mam nadziej\u0119, \u017ce to oszcz\u0119dzaj\u0105ce czas i zbilansowane od\u017cywczo \u015bniadanie sprawi, \u017ce Tw\u00f3j dzie\u0144 b\u0119dzie lepszy \ud83c\udf1e.<\/p>\n","protected":false},"author":5,"featured_media":0,"parent":0,"menu_order":0,"comment_status":"closed","ping_status":"closed","template":"","meta":{"_eb_attr":"","footnotes":""},"class_list":["post-1804744","page","type-page","status-publish","hentry"],"_links":{"self":[{"href":"https:\/\/marketing.harmonelo.io\/pl\/wp-json\/wp\/v2\/pages\/1804744","targetHints":{"allow":["GET"]}}],"collection":[{"href":"https:\/\/marketing.harmonelo.io\/pl\/wp-json\/wp\/v2\/pages"}],"about":[{"href":"https:\/\/marketing.harmonelo.io\/pl\/wp-json\/wp\/v2\/types\/page"}],"author":[{"embeddable":true,"href":"https:\/\/marketing.harmonelo.io\/pl\/wp-json\/wp\/v2\/users\/5"}],"replies":[{"embeddable":true,"href":"https:\/\/marketing.harmonelo.io\/pl\/wp-json\/wp\/v2\/comments?post=1804744"}],"version-history":[{"count":1,"href":"https:\/\/marketing.harmonelo.io\/pl\/wp-json\/wp\/v2\/pages\/1804744\/revisions"}],"predecessor-version":[{"id":1804748,"href":"https:\/\/marketing.harmonelo.io\/pl\/wp-json\/wp\/v2\/pages\/1804744\/revisions\/1804748"}],"wp:attachment":[{"href":"https:\/\/marketing.harmonelo.io\/pl\/wp-json\/wp\/v2\/media?parent=1804744"}],"curies":[{"name":"wp","href":"https:\/\/api.w.org\/{rel}","templated":true}]}}