{"id":1806393,"date":"2023-03-22T09:56:43","date_gmt":"2023-03-22T08:56:43","guid":{"rendered":"https:\/\/marketing.harmonelo.io\/il-microbioma-una-sintesi-degli-elementi-essenziali-2\/"},"modified":"2024-03-01T17:08:31","modified_gmt":"2024-03-01T16:08:31","slug":"il-microbioma-una-sintesi-degli-elementi-essenziali-2","status":"publish","type":"page","link":"https:\/\/marketing.harmonelo.io\/it\/il-microbioma-una-sintesi-degli-elementi-essenziali-2\/","title":{"rendered":"Il microbioma: una sintesi degli elementi essenziali"},"content":{"rendered":"\n<p class=\"has-text-align-center\">Come si dice, la ripetizione \u00e8 la madre della saggezza. Avete le <mark style=\"background-color:rgba(0, 0, 0, 0)\" class=\"has-inline-color has-primary-color\">informazioni di base <\/mark>sul microbioma nel vostro dito mignolo? In caso contrario, speriamo che questo post vi sia utile.<\/p>\n\n<hr class=\"wp-block-separator has-alpha-channel-opacity\"\/>\n\n<figure class=\"wp-block-image size-large\"><img loading=\"lazy\" decoding=\"async\" width=\"1024\" height=\"683\" src=\"https:\/\/marketing.harmonelo.io\/wp-content\/uploads\/2023\/03\/pexels-alexander-mils-2103949-1024x683.jpg\" alt=\"\" class=\"wp-image-1070145\" srcset=\"https:\/\/marketing.harmonelo.io\/wp-content\/uploads\/2023\/03\/pexels-alexander-mils-2103949-1024x683.jpg 1024w, https:\/\/marketing.harmonelo.io\/wp-content\/uploads\/2023\/03\/pexels-alexander-mils-2103949-300x200.jpg 300w, https:\/\/marketing.harmonelo.io\/wp-content\/uploads\/2023\/03\/pexels-alexander-mils-2103949-768x512.jpg 768w, https:\/\/marketing.harmonelo.io\/wp-content\/uploads\/2023\/03\/pexels-alexander-mils-2103949-1536x1024.jpg 1536w, https:\/\/marketing.harmonelo.io\/wp-content\/uploads\/2023\/03\/pexels-alexander-mils-2103949-2048x1365.jpg 2048w, https:\/\/marketing.harmonelo.io\/wp-content\/uploads\/2023\/03\/pexels-alexander-mils-2103949-18x12.jpg 18w\" sizes=\"auto, (max-width: 1024px) 100vw, 1024px\" \/><\/figure>\n\n<p class=\"has-text-align-center\"><mark style=\"background-color:rgba(0, 0, 0, 0)\" class=\"has-inline-color has-primary-color\"><strong>Che cos&#8217;\u00e8 il microbioma?<\/strong><\/mark>  L&#8217;insieme di tutti i geni di tutti i microrganismi che abitano il nostro organismo. La maggior parte di noi ha probabilmente sentito parlare del microbioma intestinale, ma esiste anche, ad esempio, un microbioma cutaneo, vaginale o orale.<\/p>\n\n<p class=\"has-text-align-center\"><strong><mark style=\"background-color:rgba(0, 0, 0, 0)\" class=\"has-inline-color has-primary-color\">Cosa pu\u00f2 influenzare il nostro microbioma?<\/mark><\/strong>  Il microbioma \u00e8 attualmente oggetto di molte ricerche. Molte cose possono ancora rimanere nascoste a noi. Ci\u00f2 che \u00e8 chiaro, tuttavia, \u00e8 che il nostro microbioma \u00e8 influenzato da una serie di fattori.<\/p>\n\n<h1 class=\"has-text-align-center wp-block-heading\"><strong><mark style=\"background-color:rgba(0, 0, 0, 0)\" class=\"has-inline-color has-primary-color\">Per esempio, cosa sono?<\/mark><\/strong><\/h1>\n\n<ol class=\"wp-block-list\">\n<li>Il nostro stile di vita complessivo<\/li>\n\n\n\n<li>Parto (naturale\/cesareo)<\/li>\n\n\n\n<li>Allattamento al seno<\/li>\n\n\n\n<li>Integrazione di farmaci<\/li>\n\n\n\n<li>Stile di vita generale<\/li>\n\n\n\n<li>Igiene del sonno<\/li>\n\n\n\n<li>L&#8217;ambiente in cui viviamo<\/li>\n<\/ol>\n\n<div style=\"height:30px\" aria-hidden=\"true\" class=\"wp-block-spacer\"><\/div>\n\n<figure class=\"wp-block-image size-large\"><img loading=\"lazy\" decoding=\"async\" width=\"1024\" height=\"683\" src=\"https:\/\/marketing.harmonelo.io\/wp-content\/uploads\/2023\/03\/pexels-andrea-piacquadio-712413-1024x683.jpg\" alt=\"\" class=\"wp-image-1070146\" srcset=\"https:\/\/marketing.harmonelo.io\/wp-content\/uploads\/2023\/03\/pexels-andrea-piacquadio-712413-1024x683.jpg 1024w, https:\/\/marketing.harmonelo.io\/wp-content\/uploads\/2023\/03\/pexels-andrea-piacquadio-712413-300x200.jpg 300w, https:\/\/marketing.harmonelo.io\/wp-content\/uploads\/2023\/03\/pexels-andrea-piacquadio-712413-768x512.jpg 768w, https:\/\/marketing.harmonelo.io\/wp-content\/uploads\/2023\/03\/pexels-andrea-piacquadio-712413-1536x1024.jpg 1536w, https:\/\/marketing.harmonelo.io\/wp-content\/uploads\/2023\/03\/pexels-andrea-piacquadio-712413-2048x1365.jpg 2048w, https:\/\/marketing.harmonelo.io\/wp-content\/uploads\/2023\/03\/pexels-andrea-piacquadio-712413-18x12.jpg 18w\" sizes=\"auto, (max-width: 1024px) 100vw, 1024px\" \/><\/figure>\n\n<div style=\"height:20px\" aria-hidden=\"true\" class=\"wp-block-spacer\"><\/div>\n\n<p class=\"has-text-align-center\">Come probabilmente \u00e8 gi\u00e0 chiaro dai punti precedenti, il microbioma non \u00e8 affatto chiaro. Al contrario, \u00e8 <mark style=\"background-color:rgba(0, 0, 0, 0)\" class=\"has-inline-color has-primary-color\">\n  <strong>un complesso di molti fattori<\/strong>\n<\/mark>che modellano e influenzano il nostro microbioma, che \u00e8 unico nel suo genere. <mark style=\"background-color:rgba(0, 0, 0, 0)\" class=\"has-inline-color has-primary-color\">\n  <strong>unico<\/strong>\n<\/mark>. I nostri &#8220;dieci comandamenti&#8221; per la cura del microbioma possono aiutarvi.<\/p>\n\n<h1 class=\"has-text-align-center wp-block-heading\">Dieci cose per prendersi cura del proprio microbioma<\/h1>\n\n<ol class=\"wp-block-list\">\n<li>Sostenete la diversit\u00e0 microbica con una dieta varia.<\/li>\n\n\n\n<li>A meno che non sia assolutamente necessario (intolleranze alimentari, allergie o altri problemi), cercate di non eliminare inutilmente interi gruppi di alimenti dalla vostra dieta.<\/li>\n\n\n\n<li>Non dimenticate la verdura e la frutta, fate attenzione alla stagionalit\u00e0 e alla tipicit\u00e0.<\/li>\n\n\n\n<li>Mangiate con parsimonia e regolarit\u00e0.<\/li>\n\n\n\n<li>Includere nella dieta alimenti ricchi di fibre.<\/li>\n\n\n\n<li>Evitare gli alimenti altamente trasformati.<\/li>\n\n\n\n<li>Pensate all&#8217;esercizio fisico e alla natura.<\/li>\n\n\n\n<li>Prendetevi cura del vostro benessere mentale.<\/li>\n\n\n\n<li>Non privatevi di un sonno di qualit\u00e0.<\/li>\n\n\n\n<li>Tenete d&#8217;occhio il vostro regime di consumo di alcolici.<\/li>\n<\/ol>\n\n<div style=\"height:27px\" aria-hidden=\"true\" class=\"wp-block-spacer\"><\/div>\n\n<figure class=\"wp-block-image size-large\"><img loading=\"lazy\" decoding=\"async\" width=\"1024\" height=\"683\" src=\"https:\/\/marketing.harmonelo.io\/wp-content\/uploads\/2023\/03\/pexels-alexy-almond-3758053-1-1024x683.jpg\" alt=\"\" class=\"wp-image-1070148\" srcset=\"https:\/\/marketing.harmonelo.io\/wp-content\/uploads\/2023\/03\/pexels-alexy-almond-3758053-1-1024x683.jpg 1024w, https:\/\/marketing.harmonelo.io\/wp-content\/uploads\/2023\/03\/pexels-alexy-almond-3758053-1-300x200.jpg 300w, https:\/\/marketing.harmonelo.io\/wp-content\/uploads\/2023\/03\/pexels-alexy-almond-3758053-1-768x512.jpg 768w, https:\/\/marketing.harmonelo.io\/wp-content\/uploads\/2023\/03\/pexels-alexy-almond-3758053-1-1536x1024.jpg 1536w, https:\/\/marketing.harmonelo.io\/wp-content\/uploads\/2023\/03\/pexels-alexy-almond-3758053-1-2048x1365.jpg 2048w, https:\/\/marketing.harmonelo.io\/wp-content\/uploads\/2023\/03\/pexels-alexy-almond-3758053-1-18x12.jpg 18w\" sizes=\"auto, (max-width: 1024px) 100vw, 1024px\" \/><\/figure>\n\n<h1 class=\"has-text-align-center wp-block-heading\">Che cosa implica questo?<\/h1>\n\n<p class=\"has-text-align-center\">Il microbioma non deve essere <mark style=\"background-color:rgba(0, 0, 0, 0)\" class=\"has-inline-color has-primary-color\">sottovalutato<\/mark>. \u00c8 auspicabile pensare a questi aspetti da un punto di <mark style=\"background-color:rgba(0, 0, 0, 0)\" class=\"has-inline-color has-primary-color\">vista preventivo<\/mark> e considerare il microbioma come qualcosa di <mark style=\"background-color:rgba(0, 0, 0, 0)\" class=\"has-inline-color has-primary-color\">complesso<\/mark>. Abbiamo solo una salute, quindi non <mark style=\"background-color:rgba(0, 0, 0, 0)\" class=\"has-inline-color has-primary-color\">smettete di apprezzarla<\/mark> e di prendervene cura.<\/p>\n\n<div class=\"wp-block-buttons is-layout-flex wp-block-buttons-is-layout-flex\">\n<div class=\"wp-block-button aligncenter\"><a class=\"wp-block-button__link wp-element-button\" href=\"https:\/\/harmonelo.com\/harmonelo-smart-probio-d610\/\" target=\"_blank\" rel=\"noreferrer noopener\">VOGLIO ESAMINARE HARMONELO SMART PROBIO<\/a><\/div>\n<\/div>\n\n<div class=\"wp-block-buttons is-layout-flex wp-block-buttons-is-layout-flex\">\n<div class=\"wp-block-button aligncenter\"><a class=\"wp-block-button__link wp-element-button\" href=\"https:\/\/harmonelo.com\/harmonelo-probione-d611\/\" target=\"_blank\" rel=\"noreferrer noopener\">VOGLIO PROVARE HARMONELO PROBIONE<\/a><\/div>\n<\/div>\n","protected":false},"excerpt":{"rendered":"<p>Come si dice, la ripetizione \u00e8 la madre della saggezza. Avete le informazioni di base sul microbioma nel vostro dito mignolo? In caso contrario, speriamo che questo post vi sia utile. Che cos&#8217;\u00e8 il microbioma? L&#8217;insieme di tutti i geni di tutti i microrganismi che abitano il nostro organismo. La maggior parte di noi ha [&hellip;]<\/p>\n","protected":false},"author":5,"featured_media":0,"parent":0,"menu_order":0,"comment_status":"closed","ping_status":"closed","template":"","meta":{"_eb_attr":"","footnotes":""},"class_list":["post-1806393","page","type-page","status-publish","hentry"],"_links":{"self":[{"href":"https:\/\/marketing.harmonelo.io\/it\/wp-json\/wp\/v2\/pages\/1806393","targetHints":{"allow":["GET"]}}],"collection":[{"href":"https:\/\/marketing.harmonelo.io\/it\/wp-json\/wp\/v2\/pages"}],"about":[{"href":"https:\/\/marketing.harmonelo.io\/it\/wp-json\/wp\/v2\/types\/page"}],"author":[{"embeddable":true,"href":"https:\/\/marketing.harmonelo.io\/it\/wp-json\/wp\/v2\/users\/5"}],"replies":[{"embeddable":true,"href":"https:\/\/marketing.harmonelo.io\/it\/wp-json\/wp\/v2\/comments?post=1806393"}],"version-history":[{"count":1,"href":"https:\/\/marketing.harmonelo.io\/it\/wp-json\/wp\/v2\/pages\/1806393\/revisions"}],"predecessor-version":[{"id":1806394,"href":"https:\/\/marketing.harmonelo.io\/it\/wp-json\/wp\/v2\/pages\/1806393\/revisions\/1806394"}],"wp:attachment":[{"href":"https:\/\/marketing.harmonelo.io\/it\/wp-json\/wp\/v2\/media?parent=1806393"}],"curies":[{"name":"wp","href":"https:\/\/api.w.org\/{rel}","templated":true}]}}