{"id":1806084,"date":"2023-04-12T10:07:05","date_gmt":"2023-04-12T08:07:05","guid":{"rendered":"https:\/\/marketing.harmonelo.io\/harmonelo-hope-%f0%9f%a6%8b-2\/"},"modified":"2024-03-01T17:01:27","modified_gmt":"2024-03-01T16:01:27","slug":"harmonelo-hope-%f0%9f%a6%8b-2","status":"publish","type":"page","link":"https:\/\/marketing.harmonelo.io\/it\/harmonelo-hope-%f0%9f%a6%8b-2\/","title":{"rendered":"Harmonelo Hope \ud83e\udd8b"},"content":{"rendered":"\n<hr class=\"wp-block-separator has-alpha-channel-opacity\"\/>\n\n<div style=\"height:20px\" aria-hidden=\"true\" class=\"wp-block-spacer\"><\/div>\n\n<h2 class=\"wp-block-heading has-text-align-center\"> <strong>\n  <em>Il viaggio di Laurinky<\/em>\n<\/strong> \ud83d\udc63<\/h2>\n\n<figure class=\"wp-block-image aligncenter size-large is-resized\"><img loading=\"lazy\" decoding=\"async\" width=\"1024\" height=\"1024\" src=\"https:\/\/marketing.harmonelo.io\/wp-content\/uploads\/2023\/04\/version1uuid804C32DA-19BB-45FF-A8A5-B28C52B29925modecompatiblenoloc0.jpeg-1024x1024.jpg\" alt=\"\" class=\"wp-image-1333282\" style=\"width:569px;height:569px\" srcset=\"https:\/\/marketing.harmonelo.io\/wp-content\/uploads\/2023\/04\/version1uuid804C32DA-19BB-45FF-A8A5-B28C52B29925modecompatiblenoloc0.jpeg-1024x1024.jpg 1024w, https:\/\/marketing.harmonelo.io\/wp-content\/uploads\/2023\/04\/version1uuid804C32DA-19BB-45FF-A8A5-B28C52B29925modecompatiblenoloc0.jpeg-300x300.jpg 300w, https:\/\/marketing.harmonelo.io\/wp-content\/uploads\/2023\/04\/version1uuid804C32DA-19BB-45FF-A8A5-B28C52B29925modecompatiblenoloc0.jpeg-150x150.jpg 150w, https:\/\/marketing.harmonelo.io\/wp-content\/uploads\/2023\/04\/version1uuid804C32DA-19BB-45FF-A8A5-B28C52B29925modecompatiblenoloc0.jpeg-768x768.jpg 768w, https:\/\/marketing.harmonelo.io\/wp-content\/uploads\/2023\/04\/version1uuid804C32DA-19BB-45FF-A8A5-B28C52B29925modecompatiblenoloc0.jpeg-12x12.jpg 12w, https:\/\/marketing.harmonelo.io\/wp-content\/uploads\/2023\/04\/version1uuid804C32DA-19BB-45FF-A8A5-B28C52B29925modecompatiblenoloc0.jpeg.jpg 1080w\" sizes=\"auto, (max-width: 1024px) 100vw, 1024px\" \/><\/figure>\n\n<h2 class=\"wp-block-heading has-text-align-center\"><em>La difficile storia di Laura:<\/em><\/h2>\n\n<p class=\"has-text-align-center\">\ud83e\udd0d \u0160ekmars port\u00f2 Laurinka dall&#8217;ospedale il 17.2.2022. Da quel giorno \u00e8 stata data in affidamento al tribunale. In quanto nonni, hanno il diritto di rappresentare Laurinka a tutti gli effetti e hanno gli stessi diritti dei suoi genitori. Ora, per\u00f2, il tribunale \u00e8 ancora in attesa di decidere se privare i genitori dei loro diritti e nominare i nonni come tutori.<\/p>\n\n<p class=\"has-text-align-center\">\ud83e\udd0d Non \u00e8 stato esattamente facile. La signora \u0160ekmarov\u00e1 ha dovuto trascorrere 10 giorni con Laurinka all&#8217;ospedale di Hradec Kr\u00e1lov\u00e9, dove il personale medico le ha insegnato a somministrare i farmaci e a prendersi cura della bambina. Successivamente, hanno inviato al tribunale una relazione che attestava che la signora \u0160ekmarov\u00e1 era in grado di prendersi cura della bambina malata e che era evidente che Laurinka aveva un rapporto affettuoso con la nonna. \ud83d\udc69\u200d\ud83c\udf7c<\/p>\n\n<p class=\"has-text-align-center\">\ud83e\udd0d Questa raccomandazione ha spinto il tribunale a decidere che il bambino sarebbe stato ben accudito dai nonni. Poich\u00e9 i genitori <mark style=\"background-color:rgba(0, 0, 0, 0)\" class=\"has-inline-color has-primary-color\">non si sono presi cura<\/mark> del bambino fin dalla nascita e hanno fatto uso di sostanze che creano dipendenza, l&#8217;autorit\u00e0 per la tutela dei minori propone che i genitori siano privati dei loro diritti genitoriali.<\/p>\n\n<figure class=\"wp-block-image aligncenter size-large is-resized\"><img loading=\"lazy\" decoding=\"async\" width=\"1024\" height=\"1024\" src=\"https:\/\/marketing.harmonelo.io\/wp-content\/uploads\/2023\/03\/2-1024x1024.jpg\" alt=\"\" class=\"wp-image-981759\" style=\"width:577px;height:577px\" srcset=\"https:\/\/marketing.harmonelo.io\/wp-content\/uploads\/2023\/03\/2-1024x1024.jpg 1024w, https:\/\/marketing.harmonelo.io\/wp-content\/uploads\/2023\/03\/2-300x300.jpg 300w, https:\/\/marketing.harmonelo.io\/wp-content\/uploads\/2023\/03\/2-150x150.jpg 150w, https:\/\/marketing.harmonelo.io\/wp-content\/uploads\/2023\/03\/2-768x768.jpg 768w, https:\/\/marketing.harmonelo.io\/wp-content\/uploads\/2023\/03\/2-12x12.jpg 12w, https:\/\/marketing.harmonelo.io\/wp-content\/uploads\/2023\/03\/2.jpg 1200w\" sizes=\"auto, (max-width: 1024px) 100vw, 1024px\" \/><\/figure>\n\n<p class=\"has-text-align-center\">Continuate ad aiutarci attraverso altri bellissimi progetti che vi presenteremo gradualmente.<\/p>\n\n<p class=\"has-text-align-center\">\u00c8 possibile inviare la somma di denaro scelta a conti trasparenti presso la Raiffeisenbank:<\/p>\n\n<blockquote class=\"wp-block-quote is-layout-flow wp-block-quote-is-layout-flow\">\n<p class=\"has-text-align-center has-primary-color has-text-color\"><strong>\n  <a href=\"https:\/\/www.rb.cz\/povinne-zverejnovane-informace\/transparentni-ucty?path=transactions&amp;accountNumber=2022102250\" target=\"_blank\" rel=\"noreferrer noopener\">\n    <mark style=\"background-color:rgba(0, 0, 0, 0)\" class=\"has-inline-color has-contrast-color\">CZK 2022102250\/5500<\/mark>\n  <\/a>\n<\/strong> (per i contributi in CZK); IBAN: CZ6655000000002022102250 (per i contributi da paesi diversi dalla CZ); BIC: RZBCCZP<\/p>\n<\/blockquote>\n\n<blockquote class=\"wp-block-quote is-layout-flow wp-block-quote-is-layout-flow\">\n<p class=\"has-text-align-center has-primary-color has-text-color\"><mark style=\"background-color:rgba(0, 0, 0, 0)\" class=\"has-inline-color has-primary-color\"><a href=\"https:\/\/www.rb.cz\/povinne-zverejnovane-informace\/transparentni-ucty?path=transactions&amp;accountNumber=2022102285\" target=\"_blank\" rel=\"noreferrer noopener\"><strong>EUR 2022102285\/5500<\/strong><\/a> <\/mark>(per i contributi in EUR); IBAN: CZ915500000000002022102285 (per i contributi da paesi diversi dalla Repubblica Ceca); BIC: RZBCCZPP<\/p>\n<\/blockquote>\n\n<div style=\"height:20px\" aria-hidden=\"true\" class=\"wp-block-spacer\"><\/div>\n\n<h2 class=\"wp-block-heading has-text-align-center\">Grazie per averci aiutato dove \u00e8 necessario.<\/h2>\n\n<h2 class=\"wp-block-heading has-text-align-center\">\ud83e\udd8b\ud83e\udd8b\ud83e\udd8b<\/h2>\n\n<p class=\"has-text-align-center has-base-color has-base-background-color has-text-color has-background\"><\/p>\n","protected":false},"excerpt":{"rendered":"<p>Il viaggio di Laurinky \ud83d\udc63 La difficile storia di Laura: \ud83e\udd0d \u0160ekmars port\u00f2 Laurinka dall&#8217;ospedale il 17.2.2022. Da quel giorno \u00e8 stata data in affidamento al tribunale. In quanto nonni, hanno il diritto di rappresentare Laurinka a tutti gli effetti e hanno gli stessi diritti dei suoi genitori. Ora, per\u00f2, il tribunale \u00e8 ancora in [&hellip;]<\/p>\n","protected":false},"author":5,"featured_media":0,"parent":0,"menu_order":0,"comment_status":"closed","ping_status":"closed","template":"","meta":{"_eb_attr":"","footnotes":""},"class_list":["post-1806084","page","type-page","status-publish","hentry"],"_links":{"self":[{"href":"https:\/\/marketing.harmonelo.io\/it\/wp-json\/wp\/v2\/pages\/1806084","targetHints":{"allow":["GET"]}}],"collection":[{"href":"https:\/\/marketing.harmonelo.io\/it\/wp-json\/wp\/v2\/pages"}],"about":[{"href":"https:\/\/marketing.harmonelo.io\/it\/wp-json\/wp\/v2\/types\/page"}],"author":[{"embeddable":true,"href":"https:\/\/marketing.harmonelo.io\/it\/wp-json\/wp\/v2\/users\/5"}],"replies":[{"embeddable":true,"href":"https:\/\/marketing.harmonelo.io\/it\/wp-json\/wp\/v2\/comments?post=1806084"}],"version-history":[{"count":1,"href":"https:\/\/marketing.harmonelo.io\/it\/wp-json\/wp\/v2\/pages\/1806084\/revisions"}],"predecessor-version":[{"id":1806085,"href":"https:\/\/marketing.harmonelo.io\/it\/wp-json\/wp\/v2\/pages\/1806084\/revisions\/1806085"}],"wp:attachment":[{"href":"https:\/\/marketing.harmonelo.io\/it\/wp-json\/wp\/v2\/media?parent=1806084"}],"curies":[{"name":"wp","href":"https:\/\/api.w.org\/{rel}","templated":true}]}}