{"id":1806058,"date":"2023-01-20T20:10:46","date_gmt":"2023-01-20T19:10:46","guid":{"rendered":"https:\/\/marketing.harmonelo.io\/webinar-cz-sk-2\/"},"modified":"2026-04-28T18:08:54","modified_gmt":"2026-04-28T16:08:54","slug":"webinar-cz-sk-2","status":"publish","type":"page","link":"https:\/\/marketing.harmonelo.io\/it\/webinar-cz-sk-2\/","title":{"rendered":"Webinar CZ + SK"},"content":{"rendered":"\n<h1 class=\"wp-block-heading has-text-align-center\"><em>LE REGISTRAZIONI DEI LIVESTREAM PROFESSIONALI CHE HANNO GI\u00c0 AVUTO LUOGO SONO DISPONIBILI IN UFFICIO COME REGISTRAZIONI VIP (80+ PV).<\/em><\/h1>\n\n<figure class=\"wp-block-image size-large\"><img loading=\"lazy\" decoding=\"async\" width=\"1024\" height=\"714\" src=\"https:\/\/marketing.harmonelo.io\/wp-content\/uploads\/2026\/04\/Snimek-obrazovky-2026-04-24-v-9.56.40-1024x714.png\" alt=\"\" class=\"wp-image-1838452\" srcset=\"https:\/\/marketing.harmonelo.io\/wp-content\/uploads\/2026\/04\/Snimek-obrazovky-2026-04-24-v-9.56.40-1024x714.png 1024w, https:\/\/marketing.harmonelo.io\/wp-content\/uploads\/2026\/04\/Snimek-obrazovky-2026-04-24-v-9.56.40-300x209.png 300w, https:\/\/marketing.harmonelo.io\/wp-content\/uploads\/2026\/04\/Snimek-obrazovky-2026-04-24-v-9.56.40-768x536.png 768w, https:\/\/marketing.harmonelo.io\/wp-content\/uploads\/2026\/04\/Snimek-obrazovky-2026-04-24-v-9.56.40-1536x1071.png 1536w, https:\/\/marketing.harmonelo.io\/wp-content\/uploads\/2026\/04\/Snimek-obrazovky-2026-04-24-v-9.56.40-2048x1429.png 2048w\" sizes=\"auto, (max-width: 1024px) 100vw, 1024px\" \/><\/figure>\n\n<hr class=\"wp-block-separator has-alpha-channel-opacity is-style-wide\"\/>\n\n<hr class=\"wp-block-separator has-alpha-channel-opacity is-style-wide\"\/>\n\n<h1 class=\"wp-block-heading has-text-align-center\">DEGUSTAZIONE GRATUITA DA VIP RECORDS: IL PIANO DI COMPENSAZIONE CHE HA RESO POSSIBILI OLTRE 100 MILIONARI<\/h1>\n\n<p class=\"has-text-align-center\">Se un commerciante non riesce a guadagnare e a mantenersi da solo, allora non pu\u00f2 dedicarsi a nessuna attivit\u00e0, anche se \u00e8 pi\u00f9 divina, a lungo termine e probabilmente finir\u00e0 per fallire.  <\/p>\n\n<p class=\"has-text-align-center\">Ecco perch\u00e9 \u00e8 importante sapere che Harmonelo non ha solo un prodotto e un sistema sofisticato, ma anche un piano di compensi che premia generosamente i suoi membri per il loro lavoro, in quanto l&#8217;azienda attribuisce a tutti i distributori un valore molto alto.<\/p>\n\n<figure class=\"wp-block-image size-large\"><a href=\"https:\/\/cloud.harmonelo.com\/apps\/sharingpath\/mkarmazin\/HARMONELO\/RECORDINGS\/CZ%20+%20SK\/MLM%20&amp;%20KOMPENZA%C4%8CN%C3%8D%20PL%C3%81N\/Marketing%20Harmonelo%2022.3.2026.mp4\" target=\"_blank\" rel=\" noreferrer noopener\"><img loading=\"lazy\" decoding=\"async\" width=\"1024\" height=\"572\" src=\"https:\/\/marketing.harmonelo.io\/wp-content\/uploads\/2026\/04\/Snimek-obrazovky-2026-04-24-v-10.21.40-1024x572.jpg\" alt=\"\" class=\"wp-image-1838508\" srcset=\"https:\/\/marketing.harmonelo.io\/wp-content\/uploads\/2026\/04\/Snimek-obrazovky-2026-04-24-v-10.21.40-1024x572.jpg 1024w, https:\/\/marketing.harmonelo.io\/wp-content\/uploads\/2026\/04\/Snimek-obrazovky-2026-04-24-v-10.21.40-300x168.jpg 300w, https:\/\/marketing.harmonelo.io\/wp-content\/uploads\/2026\/04\/Snimek-obrazovky-2026-04-24-v-10.21.40-768x429.jpg 768w, https:\/\/marketing.harmonelo.io\/wp-content\/uploads\/2026\/04\/Snimek-obrazovky-2026-04-24-v-10.21.40-1536x858.jpg 1536w, https:\/\/marketing.harmonelo.io\/wp-content\/uploads\/2026\/04\/Snimek-obrazovky-2026-04-24-v-10.21.40-2048x1145.jpg 2048w\" sizes=\"auto, (max-width: 1024px) 100vw, 1024px\" \/><\/a><figcaption class=\"wp-element-caption\">Schermata del corso di formazione sul piano di marketing e retribuzione di Harmonelo 3.0<\/figcaption><\/figure>\n\n<p class=\"has-text-align-center has-small-font-size\">Aiutare le persone con la cosa pi\u00f9 preziosa che hanno, la loro salute: esiste una missione pi\u00f9 bella? HARMONELO non \u00e8 solo un lavoro o un&#8217;attivit\u00e0: \u00e8 una vera e propria missione che ha il potere di guarire non solo la testa e il corpo, ma anche il portafoglio. <\/p>\n\n<p class=\"has-text-align-center has-small-font-size\">Purtroppo viviamo in un mondo materiale e se vuoi ritrovare la serenit\u00e0, devi occuparti delle entrate e la buona notizia \u00e8 che se sei davvero appassionato di Harmonelo, allora non c&#8217;\u00e8 bisogno di cercare un altro &#8220;lavoro&#8221;. Perch\u00e9 anche questo, Harmonelo lo risolve efficacemente. Da dove provengono esattamente tutte queste generose ricompense?    <\/p>\n\n<p class=\"has-text-align-center has-small-font-size\">Lo scoprirai in questo prossimo corso di formazione, che prima era riservato solo ai nostri membri pi\u00f9 attivi e che ora, poich\u00e9 l&#8217;azienda vuole sostenerti, potrai accedere anche a questa registrazione &#8211; quindi cosa aspetti, approfittane! \ud83d\ude42  <\/p>\n\n<div class=\"wp-block-buttons is-content-justification-center is-layout-flex wp-container-core-buttons-is-layout-a89b3969 wp-block-buttons-is-layout-flex\">\n<div class=\"wp-block-button\"><a class=\"wp-block-button__link wp-element-button\" href=\"https:\/\/cloud.harmonelo.com\/apps\/sharingpath\/mkarmazin\/HARMONELO\/RECORDINGS\/CZ%20+%20SK\/MLM%20&amp;%20KOMPENZA%C4%8CN%C3%8D%20PL%C3%81N\/Marketing%20Harmonelo%2022.3.2026.mp4\" target=\"_blank\" rel=\"noreferrer noopener\">VOGLIO SCOPRIRE PERCH\u00c9 IL MARKETING DI HARMONELO \u00c8 IL MIGLIORE.<\/a><\/div>\n<\/div>\n\n<hr class=\"wp-block-separator has-alpha-channel-opacity is-style-wide\"\/>\n\n<hr class=\"wp-block-separator has-alpha-channel-opacity is-style-wide\"\/>\n\n<h1 class=\"wp-block-heading has-text-align-center\" style=\"margin-top:var(--wp--preset--spacing--medium);margin-right:var(--wp--preset--spacing--medium);margin-bottom:var(--wp--preset--spacing--medium);margin-left:var(--wp--preset--spacing--medium)\"><em>CORSO MLM &#8211; 8 PASSI PER COSTRUIRE UNA RETE (LA BIBBIA DEL MLM DALLA &#8220;A&#8221; ALLA &#8220;Z&#8221;)<\/em><\/h1>\n\n<figure class=\"wp-block-image size-large\"><a href=\"https:\/\/harmonelo.com\/cs\/products\/MLM_SYSTEM\" target=\"_blank\" rel=\"noreferrer noopener\"><img loading=\"lazy\" decoding=\"async\" width=\"1024\" height=\"857\" src=\"https:\/\/marketing.harmonelo.io\/wp-content\/uploads\/2026\/04\/Snimek-obrazovky-2026-04-24-v-10.01.09-1024x857.png\" alt=\"\" class=\"wp-image-1838466\" srcset=\"https:\/\/marketing.harmonelo.io\/wp-content\/uploads\/2026\/04\/Snimek-obrazovky-2026-04-24-v-10.01.09-1024x857.png 1024w, https:\/\/marketing.harmonelo.io\/wp-content\/uploads\/2026\/04\/Snimek-obrazovky-2026-04-24-v-10.01.09-300x251.png 300w, https:\/\/marketing.harmonelo.io\/wp-content\/uploads\/2026\/04\/Snimek-obrazovky-2026-04-24-v-10.01.09-768x643.png 768w, https:\/\/marketing.harmonelo.io\/wp-content\/uploads\/2026\/04\/Snimek-obrazovky-2026-04-24-v-10.01.09-1536x1285.png 1536w, https:\/\/marketing.harmonelo.io\/wp-content\/uploads\/2026\/04\/Snimek-obrazovky-2026-04-24-v-10.01.09.png 1678w\" sizes=\"auto, (max-width: 1024px) 100vw, 1024px\" \/><\/a><\/figure>\n\n<h2 class=\"wp-block-heading has-text-align-center\">Cosa ti insegner\u00e0 questo videocorso di 11 ore?<\/h2>\n\n<h2 class=\"wp-block-heading has-text-align-center\">(8 fasi fondamentali del MLM):<\/h2>\n\n<ol class=\"wp-block-list\">\n<li>Perch\u00e9 il MLM \u00e8 una delle poche opportunit\u00e0 per la maggior parte delle persone di oggi<\/li>\n\n\n\n<li>Come definire le giuste aspettative\/strategie<\/li>\n\n\n\n<li>Dove trovare i contatti giusti e per non rimanere senza.<\/li>\n\n\n\n<li>Come affrontare correttamente i contatti freddi e caldi, esempi<\/li>\n\n\n\n<li>Come presentare correttamente l&#8217;opportunit\u00e0 e i prodotti<\/li>\n\n\n\n<li>Come stabilire contatti dopo una presentazione SENZA pressioni<\/li>\n\n\n\n<li>Come insegnare ai nuovi arrivati, come iniziare correttamente, cosa fare<\/li>\n\n\n\n<li>Come si costruisce una rete in modo che ci sia una duplicazione e una crescita costante?<\/li>\n<\/ol>\n\n<h3 class=\"wp-block-heading has-text-align-center\"><strong>Estratto dal 1\u00b0 modulo del corso MLM OTHER way: <\/strong><a href=\"https:\/\/youtu.be\/adfCGON5Wkw\"><strong>https:\/\/youtu.be\/adfCGON5Wkw<\/strong><\/a><\/h3>\n\n<p style=\"margin-top:var(--wp--preset--spacing--20);margin-right:0;margin-bottom:var(--wp--preset--spacing--20);margin-left:0\">Prendete questa scorciatoia e costruite bene la vostra attivit\u00e0 fin dall&#8217;inizio.<\/p>\n\n<p class=\"has-text-align-center\">Impara da chi ha avuto successo e approfitta di 11 ore di know-how direttamente dal nostro Direttore Vendite Michal Karmaz\u00edn.  <\/p>\n\n<div class=\"wp-block-buttons is-content-justification-center is-layout-flex wp-container-core-buttons-is-layout-a89b3969 wp-block-buttons-is-layout-flex\">\n<div class=\"wp-block-button\"><a class=\"wp-block-button__link wp-element-button\" href=\"https:\/\/harmonelo.com\/cs\/products\/MLM_SYSTEM\" target=\"_blank\" rel=\"noreferrer noopener\">VOGLIO PADRONEGGIARE L&#8217;ARTE DEL MLM &#8211; VIDEO CORSO MLM (CZ)<\/a><\/div>\n<\/div>\n\n<hr class=\"wp-block-separator has-alpha-channel-opacity is-style-wide\"\/>\n\n<h1 class=\"wp-block-heading has-text-align-center\"><em>COME COSTRUIRE UN REDDITO COSTANTE (PIPELINE DI SCHIUMA)?  <\/em><\/h1>\n\n<hr class=\"wp-block-separator has-alpha-channel-opacity\"\/>\n\n<h1 class=\"wp-block-heading has-text-align-center\">LA RISPOSTA \u00c8 IL SISTEMA MLM!<\/h1>\n\n<p class=\"has-text-align-center\">HARMONELO consiste nel <mark style=\"background-color:rgba(0, 0, 0, 0)\" class=\"has-inline-color has-primary-color\">bilanciare<\/mark> diverse aree della vita. Ci preoccupiamo di armonizzare la salute <mark style=\"background-color:rgba(0, 0, 0, 0)\" class=\"has-inline-color has-primary-color\">fisica<\/mark> e <mark style=\"background-color:rgba(0, 0, 0, 0)\" class=\"has-inline-color has-primary-color\">mentale<\/mark>, oltre che quella <mark style=\"background-color:rgba(0, 0, 0, 0)\" class=\"has-inline-color has-primary-color\">finanziaria<\/mark>.<\/p>\n\n<p class=\"has-text-align-center\">Hai un&#8217;opportunit\u00e0 davvero unica di ricevere molti consigli preziosi dal nostro Direttore Commerciale <strong><mark style=\"background-color:rgba(0, 0, 0, 0)\" class=\"has-inline-color has-primary-color\">Michal Karmaz\u00edn,<\/mark><\/strong> che ti consiglier\u00e0 <mark style=\"background-color:rgba(0, 0, 0, 0)\" class=\"has-inline-color has-primary-color\">&#8220;come fare&#8221;<\/mark> nel suo grande <strong>SISTEMA MLM<\/strong>.  <\/p>\n\n<p class=\"has-text-align-center\">Sarete un passo pi\u00f9 vicini all&#8217;INDIPENDENZA FINANZIARIA. Credetemi, questo corso ne vale la pena.<\/p>\n\n<figure class=\"wp-block-embed is-type-video is-provider-youtube wp-block-embed-youtube wp-embed-aspect-16-9 wp-has-aspect-ratio\"><div class=\"wp-block-embed__wrapper\">\n<iframe loading=\"lazy\" title=\"MODUL 1\" width=\"500\" height=\"281\" src=\"https:\/\/www.youtube.com\/embed\/PuFtedaOfjE?feature=oembed\" frameborder=\"0\" allow=\"accelerometer; autoplay; clipboard-write; encrypted-media; gyroscope; picture-in-picture; web-share\" referrerpolicy=\"strict-origin-when-cross-origin\" allowfullscreen><\/iframe>\n<\/div><\/figure>\n\n<p class=\"has-text-align-center\">\u00c8 possibile acquistarlo nel loro <mark style=\"background-color:rgba(0, 0, 0, 0)\" class=\"has-inline-color has-primary-color\">e-shop<\/mark>. Non aspettate e iniziate la vostra formazione <mark style=\"background-color:rgba(0, 0, 0, 0)\" class=\"has-inline-color has-primary-color\">OGGI<\/mark>!<\/p>\n\n<p class=\"has-text-align-center\">Questo fantastico <mark style=\"background-color:rgba(0, 0, 0, 0)\" class=\"has-inline-color has-primary-color\">trailer<\/mark> \u00e8 stato tradotto in queste lingue:<\/p>\n\n<p class=\"has-text-align-center\">CZ, SK, EN, DE, HU, RO, IT, ES, FR, PL, BG, GR, RU<\/p>\n\n<p class=\"has-text-align-center\">Sfortunatamente, per ora l&#8217;intero corso \u00e8 disponibile solo in Repubblica Ceca, ma non solo per il mercato nazionale, ma anche per quello estero abbiamo una <strong>generazione completamente nuova di istruzione che supporta pi\u00f9 di 90 lingue<\/strong> &#8211; diamo il benvenuto a EDU SYSTEM 2.0 con il tuo Sponsor AI privato Harmonelo, che non dorme mai e che sa assolutamente tutto!<\/p>\n\n<h1 class=\"wp-block-heading has-text-align-center\"><em>PERSONALE<\/em> <em>SPONSOR AI &#8211; LA TUA CHIAVE PER UNA CONOSCENZA COMPLETA DEL MONDO DI HARMONELO <\/em> <\/h1>\n\n<figure class=\"wp-block-image aligncenter size-full is-resized\"><a href=\"https:\/\/harmonelo.com\/cs\/products\/CHATBOT\" target=\"_blank\" rel=\" noreferrer noopener\"><img loading=\"lazy\" decoding=\"async\" width=\"1280\" height=\"1024\" src=\"https:\/\/marketing.harmonelo.io\/wp-content\/uploads\/2026\/04\/ChatGPT-Image-27.-3.-2026-14_08_21.png\" alt=\"\" class=\"wp-image-1838480\" style=\"width:600px;height:undefinedpx\" srcset=\"https:\/\/marketing.harmonelo.io\/wp-content\/uploads\/2026\/04\/ChatGPT-Image-27.-3.-2026-14_08_21.png 1280w, https:\/\/marketing.harmonelo.io\/wp-content\/uploads\/2026\/04\/ChatGPT-Image-27.-3.-2026-14_08_21-300x240.png 300w, https:\/\/marketing.harmonelo.io\/wp-content\/uploads\/2026\/04\/ChatGPT-Image-27.-3.-2026-14_08_21-1024x819.png 1024w, https:\/\/marketing.harmonelo.io\/wp-content\/uploads\/2026\/04\/ChatGPT-Image-27.-3.-2026-14_08_21-768x614.png 768w\" sizes=\"auto, (max-width: 1280px) 100vw, 1280px\" \/><\/a><\/figure>\n\n<p class=\"has-text-align-center\">Sfrutta la potenza dell&#8217;intelligenza artificiale su misura per la tua attivit\u00e0. Ottieni l&#8217;accesso immediato al nostro chatbot pi\u00f9 avanzato dedicato alle aziende HARMONELO e MLM.   <\/p>\n\n<p class=\"has-text-align-center\">Il nostro AI Sponsor \u00e8 stato addestrato su tutto ci\u00f2 di cui puoi avere bisogno nel business di Harmonelo: non solo conosce tutti i prodotti, l&#8217;intero piano di remunerazione, ma anche come costruire correttamente una rete di business in costante duplicazione!  <\/p>\n\n<p class=\"has-text-align-center\">In poche parole, l&#8217;AI Sponsor di EDU SYSTEM 2.0 sa tutto sul mondo di HARMONELO e inoltre non smette mai di imparare!  <\/p>\n\n<div class=\"wp-block-buttons is-content-justification-center is-layout-flex wp-container-core-buttons-is-layout-a89b3969 wp-block-buttons-is-layout-flex\">\n<div class=\"wp-block-button\"><a class=\"wp-block-button__link wp-element-button\" href=\"https:\/\/harmonelo.com\/cs\/products\/CHATBOT\" target=\"_blank\" rel=\"noreferrer noopener\">VOGLIO IL MIO SPONSOR AI E CON LUI COSTRUIRE TUTTA L&#8217;EUROPA<\/a><\/div>\n<\/div>\n\n<p class=\"has-text-align-center\">Questo abbonamento digitale ti offre un&#8217;assistenza 24 ore su 24 per aiutarti a gestire le domande pi\u00f9 complesse e aumentare immediatamente la tua produttivit\u00e0.  <\/p>\n\n<p class=\"has-text-align-center\">Supporta pi\u00f9 di 90 lingue ed \u00e8 un&#8217;opportunit\u00e0 per costruire un business internazionale senza barriere linguistiche.  <\/p>\n\n<p class=\"has-text-align-center\">Tutta l&#8217;Europa \u00e8 ora a portata di mano.  <\/p>\n\n<p class=\"has-text-align-center\">Anche senza conoscenze linguistiche.<\/p>\n","protected":false},"excerpt":{"rendered":"<p>LE REGISTRAZIONI DEI LIVESTREAM PROFESSIONALI CHE HANNO GI\u00c0 AVUTO LUOGO SONO DISPONIBILI IN UFFICIO COME REGISTRAZIONI VIP (80+ PV). DEGUSTAZIONE GRATUITA DA VIP RECORDS: IL PIANO DI COMPENSAZIONE CHE HA RESO POSSIBILI OLTRE 100 MILIONARI Se un commerciante non riesce a guadagnare e a mantenersi da solo, allora non pu\u00f2 dedicarsi a nessuna attivit\u00e0, anche [&hellip;]<\/p>\n","protected":false},"author":2,"featured_media":0,"parent":0,"menu_order":0,"comment_status":"closed","ping_status":"closed","template":"","meta":{"_eb_attr":"","footnotes":""},"class_list":["post-1806058","page","type-page","status-publish","hentry"],"_links":{"self":[{"href":"https:\/\/marketing.harmonelo.io\/it\/wp-json\/wp\/v2\/pages\/1806058","targetHints":{"allow":["GET"]}}],"collection":[{"href":"https:\/\/marketing.harmonelo.io\/it\/wp-json\/wp\/v2\/pages"}],"about":[{"href":"https:\/\/marketing.harmonelo.io\/it\/wp-json\/wp\/v2\/types\/page"}],"author":[{"embeddable":true,"href":"https:\/\/marketing.harmonelo.io\/it\/wp-json\/wp\/v2\/users\/2"}],"replies":[{"embeddable":true,"href":"https:\/\/marketing.harmonelo.io\/it\/wp-json\/wp\/v2\/comments?post=1806058"}],"version-history":[{"count":194,"href":"https:\/\/marketing.harmonelo.io\/it\/wp-json\/wp\/v2\/pages\/1806058\/revisions"}],"predecessor-version":[{"id":1838645,"href":"https:\/\/marketing.harmonelo.io\/it\/wp-json\/wp\/v2\/pages\/1806058\/revisions\/1838645"}],"wp:attachment":[{"href":"https:\/\/marketing.harmonelo.io\/it\/wp-json\/wp\/v2\/media?parent=1806058"}],"curies":[{"name":"wp","href":"https:\/\/api.w.org\/{rel}","templated":true}]}}