{"id":1804669,"date":"2023-04-17T17:00:32","date_gmt":"2023-04-17T15:00:32","guid":{"rendered":"https:\/\/marketing.harmonelo.io\/come-creare-un-personaggio-da-sogno\/"},"modified":"2024-02-26T22:54:09","modified_gmt":"2024-02-26T21:54:09","slug":"come-creare-un-personaggio-da-sogno","status":"publish","type":"page","link":"https:\/\/marketing.harmonelo.io\/it\/come-creare-un-personaggio-da-sogno\/","title":{"rendered":"COME CREARE UN PERSONAGGIO DA SOGNO?"},"content":{"rendered":"\n<p class=\"has-text-align-center\">Costruire il personaggio dei propri sogni non deve essere un problema cos\u00ec grande come sembra a prima vista. \u00c8 importante ricordare che ogni passo conta!  <\/p>\n\n<figure class=\"wp-block-image size-large\"><img loading=\"lazy\" decoding=\"async\" width=\"1024\" height=\"683\" src=\"https:\/\/marketing.harmonelo.io\/wp-content\/uploads\/2023\/04\/pexels-karolina-grabowska-4498606-1024x683.jpg\" alt=\"\" class=\"wp-image-1420303\" srcset=\"https:\/\/marketing.harmonelo.io\/wp-content\/uploads\/2023\/04\/pexels-karolina-grabowska-4498606-1024x683.jpg 1024w, https:\/\/marketing.harmonelo.io\/wp-content\/uploads\/2023\/04\/pexels-karolina-grabowska-4498606-300x200.jpg 300w, https:\/\/marketing.harmonelo.io\/wp-content\/uploads\/2023\/04\/pexels-karolina-grabowska-4498606-768x512.jpg 768w, https:\/\/marketing.harmonelo.io\/wp-content\/uploads\/2023\/04\/pexels-karolina-grabowska-4498606-1536x1024.jpg 1536w, https:\/\/marketing.harmonelo.io\/wp-content\/uploads\/2023\/04\/pexels-karolina-grabowska-4498606-2048x1365.jpg 2048w, https:\/\/marketing.harmonelo.io\/wp-content\/uploads\/2023\/04\/pexels-karolina-grabowska-4498606-18x12.jpg 18w\" sizes=\"auto, (max-width: 1024px) 100vw, 1024px\" \/><\/figure>\n\n<h2 class=\"wp-block-heading has-text-align-center\">\ud83d\udccc Piccoli passi = la base per il successo<\/h2>\n\n<p class=\"has-text-align-center\">Sebbene sia bello ottenere i migliori risultati, \u00e8 importante tenere presente che lo <mark style=\"background-color:rgba(0, 0, 0, 0)\" class=\"has-inline-color has-primary-color\">START<\/mark> stesso pu\u00f2 bruciarsi in modo rapido e semplice.<\/p>\n\n<h2 class=\"wp-block-heading has-text-align-center\">\ud83d\udccc Cambiamento sostenibile<\/h2>\n\n<p class=\"has-text-align-center\">La sostenibilit\u00e0, in quanto chiave del successo, non solo nell&#8217;alimentazione ma anche nello sport, \u00e8 importante. \u00c8 quindi essenziale concentrarsi su ci\u00f2 che \u00e8 <mark style=\"background-color:rgba(0, 0, 0, 0)\" class=\"has-inline-color has-primary-color\">sostenibile<\/mark> a lungo termine.<\/p>\n\n<figure class=\"wp-block-image size-large\"><img loading=\"lazy\" decoding=\"async\" width=\"1024\" height=\"684\" src=\"https:\/\/marketing.harmonelo.io\/wp-content\/uploads\/2023\/04\/pexels-tirachard-kumtanom-347134-1024x684.jpg\" alt=\"\" class=\"wp-image-1420301\" srcset=\"https:\/\/marketing.harmonelo.io\/wp-content\/uploads\/2023\/04\/pexels-tirachard-kumtanom-347134-1024x684.jpg 1024w, https:\/\/marketing.harmonelo.io\/wp-content\/uploads\/2023\/04\/pexels-tirachard-kumtanom-347134-300x200.jpg 300w, https:\/\/marketing.harmonelo.io\/wp-content\/uploads\/2023\/04\/pexels-tirachard-kumtanom-347134-768x513.jpg 768w, https:\/\/marketing.harmonelo.io\/wp-content\/uploads\/2023\/04\/pexels-tirachard-kumtanom-347134-1536x1025.jpg 1536w, https:\/\/marketing.harmonelo.io\/wp-content\/uploads\/2023\/04\/pexels-tirachard-kumtanom-347134-2048x1367.jpg 2048w, https:\/\/marketing.harmonelo.io\/wp-content\/uploads\/2023\/04\/pexels-tirachard-kumtanom-347134-18x12.jpg 18w\" sizes=\"auto, (max-width: 1024px) 100vw, 1024px\" \/><\/figure>\n\n<h2 class=\"wp-block-heading has-text-align-center\">\ud83d\udccc Piccole cose che non fanno male<\/h2>\n\n<p class=\"has-text-align-center\">Come iniziare? Siete stanchi di praticare sport o addirittura avete un&#8217;avversione nei loro confronti? Che ne dite di iniziare con calma? Per cominciare, una camminata pi\u00f9 vivace pu\u00f2 andare bene. \u00c8 possibile aumentare gradualmente il percorso e il ritmo.<em>  Si reca al lavoro in autobus o in corriera?<\/em>  Scendere 1-2 fermate prima! Credetemi, anche questi piccoli cambiamenti possono fare molto.<\/p>\n\n<h2 class=\"wp-block-heading has-text-align-center\">\ud83d\udccc Va meglio in due<\/h2>\n\n<p class=\"has-text-align-center\">\u00c8 naturale che anche gli individui pi\u00f9 motivati possano perdere la motivazione con il tempo. \u00c8 per questo che \u00e8 bello avere un<mark style=\"background-color:rgba(0, 0, 0, 0)\" class=\"has-inline-color has-primary-color\"> partner<\/mark> con cui motivarsi e incoraggiarsi a vicenda.<\/p>\n\n<figure class=\"wp-block-image aligncenter size-large\"><img loading=\"lazy\" decoding=\"async\" width=\"1024\" height=\"683\" src=\"https:\/\/marketing.harmonelo.io\/wp-content\/uploads\/2023\/04\/pexels-andrea-piacquadio-3768722-1024x683.jpg\" alt=\"\" class=\"wp-image-1420302\" srcset=\"https:\/\/marketing.harmonelo.io\/wp-content\/uploads\/2023\/04\/pexels-andrea-piacquadio-3768722-1024x683.jpg 1024w, https:\/\/marketing.harmonelo.io\/wp-content\/uploads\/2023\/04\/pexels-andrea-piacquadio-3768722-300x200.jpg 300w, https:\/\/marketing.harmonelo.io\/wp-content\/uploads\/2023\/04\/pexels-andrea-piacquadio-3768722-768x512.jpg 768w, https:\/\/marketing.harmonelo.io\/wp-content\/uploads\/2023\/04\/pexels-andrea-piacquadio-3768722-1536x1024.jpg 1536w, https:\/\/marketing.harmonelo.io\/wp-content\/uploads\/2023\/04\/pexels-andrea-piacquadio-3768722-2048x1365.jpg 2048w, https:\/\/marketing.harmonelo.io\/wp-content\/uploads\/2023\/04\/pexels-andrea-piacquadio-3768722-18x12.jpg 18w\" sizes=\"auto, (max-width: 1024px) 100vw, 1024px\" \/><\/figure>\n\n<h2 class=\"wp-block-heading has-text-align-center\">\ud83d\udccc Provate cose nuove  <\/h2>\n\n<p class=\"has-text-align-center\">A volte non fa male uscire dalla propria zona di comfort. Provate a iscrivervi a una lezione su qualcosa a cui non avreste mai pensato prima. Cos\u00ec potrete giudicare meglio da soli quale tipo di sport \u00e8 pi\u00f9 adatto alle vostre esigenze e quale no.<\/p>\n\n<h2 class=\"wp-block-heading has-text-align-center\">Iniziate oggi stesso!<\/h2>\n\n<p class=\"has-text-align-center\">Anche uno dei nostri prodotti unici pu\u00f2 essere un ottimo partner!<\/p>\n\n<div class=\"wp-block-buttons is-content-justification-center is-layout-flex wp-container-core-buttons-is-layout-a89b3969 wp-block-buttons-is-layout-flex\">\n<div class=\"wp-block-button\"><a class=\"wp-block-button__link has-text-align-center wp-element-button\" href=\"https:\/\/harmonelo.com\/harmonelo-slim-d596\/\" target=\"_blank\" rel=\"noreferrer noopener\">SCELGO HARMONELO SLIM<\/a><\/div>\n<\/div>\n\n<div class=\"wp-block-buttons is-content-justification-center is-layout-flex wp-container-core-buttons-is-layout-a89b3969 wp-block-buttons-is-layout-flex\">\n<div class=\"wp-block-button\"><a class=\"wp-block-button__link has-text-align-center wp-element-button\" href=\"https:\/\/catalog.harmonelo.com\/produkty\/slim\" target=\"_blank\" rel=\"noreferrer noopener\">PERCH\u00c9 HARMONELO SLIM?<\/a><\/div>\n<\/div>\n\n<p class=\"has-text-align-center has-x-large-font-size\">\ud83e\udd38\ud83e\uddd8\u200d\u2642\ufe0f\ud83c\udfc4\u200d\u2640\ufe0f<\/p>\n","protected":false},"excerpt":{"rendered":"<p>Costruire il personaggio dei propri sogni non deve essere un problema cos\u00ec grande come sembra a prima vista. \u00c8 importante ricordare che ogni passo conta! \ud83d\udccc Piccoli passi = la base per il successo Sebbene sia bello ottenere i migliori risultati, \u00e8 importante tenere presente che lo START stesso pu\u00f2 bruciarsi in modo rapido e [&hellip;]<\/p>\n","protected":false},"author":5,"featured_media":0,"parent":0,"menu_order":0,"comment_status":"closed","ping_status":"closed","template":"","meta":{"_eb_attr":"","footnotes":""},"class_list":["post-1804669","page","type-page","status-publish","hentry"],"_links":{"self":[{"href":"https:\/\/marketing.harmonelo.io\/it\/wp-json\/wp\/v2\/pages\/1804669","targetHints":{"allow":["GET"]}}],"collection":[{"href":"https:\/\/marketing.harmonelo.io\/it\/wp-json\/wp\/v2\/pages"}],"about":[{"href":"https:\/\/marketing.harmonelo.io\/it\/wp-json\/wp\/v2\/types\/page"}],"author":[{"embeddable":true,"href":"https:\/\/marketing.harmonelo.io\/it\/wp-json\/wp\/v2\/users\/5"}],"replies":[{"embeddable":true,"href":"https:\/\/marketing.harmonelo.io\/it\/wp-json\/wp\/v2\/comments?post=1804669"}],"version-history":[{"count":1,"href":"https:\/\/marketing.harmonelo.io\/it\/wp-json\/wp\/v2\/pages\/1804669\/revisions"}],"predecessor-version":[{"id":1804673,"href":"https:\/\/marketing.harmonelo.io\/it\/wp-json\/wp\/v2\/pages\/1804669\/revisions\/1804673"}],"wp:attachment":[{"href":"https:\/\/marketing.harmonelo.io\/it\/wp-json\/wp\/v2\/media?parent=1804669"}],"curies":[{"name":"wp","href":"https:\/\/api.w.org\/{rel}","templated":true}]}}