{"id":1806342,"date":"2023-03-10T16:40:49","date_gmt":"2023-03-10T15:40:49","guid":{"rendered":"https:\/\/marketing.harmonelo.io\/uj-tiszta-cikk-2\/"},"modified":"2024-03-01T17:07:39","modified_gmt":"2024-03-01T16:07:39","slug":"uj-tiszta-cikk-2","status":"publish","type":"page","link":"https:\/\/marketing.harmonelo.io\/hu\/uj-tiszta-cikk-2\/","title":{"rendered":"\u00daj tiszta cikk"},"content":{"rendered":"\n<p>B\u00e1rmilyen sz\u00f6veg megteszi itt \ud83d\ude42 \u00c9s a legjobb az eg\u00e9szben, hogy ehhez is lesz automatikus ford\u00edt\u00e1s. Csak v\u00e1ltson nyelvet az alj\u00e1n.<\/p>\n","protected":false},"excerpt":{"rendered":"<p>B\u00e1rmilyen sz\u00f6veg megteszi itt \ud83d\ude42 \u00c9s a legjobb az eg\u00e9szben, hogy ehhez is lesz automatikus ford\u00edt\u00e1s. Csak v\u00e1ltson nyelvet az alj\u00e1n.<\/p>\n","protected":false},"author":2,"featured_media":0,"parent":0,"menu_order":0,"comment_status":"closed","ping_status":"closed","template":"","meta":{"_eb_attr":"","footnotes":""},"class_list":["post-1806342","page","type-page","status-publish","hentry"],"_links":{"self":[{"href":"https:\/\/marketing.harmonelo.io\/hu\/wp-json\/wp\/v2\/pages\/1806342","targetHints":{"allow":["GET"]}}],"collection":[{"href":"https:\/\/marketing.harmonelo.io\/hu\/wp-json\/wp\/v2\/pages"}],"about":[{"href":"https:\/\/marketing.harmonelo.io\/hu\/wp-json\/wp\/v2\/types\/page"}],"author":[{"embeddable":true,"href":"https:\/\/marketing.harmonelo.io\/hu\/wp-json\/wp\/v2\/users\/2"}],"replies":[{"embeddable":true,"href":"https:\/\/marketing.harmonelo.io\/hu\/wp-json\/wp\/v2\/comments?post=1806342"}],"version-history":[{"count":1,"href":"https:\/\/marketing.harmonelo.io\/hu\/wp-json\/wp\/v2\/pages\/1806342\/revisions"}],"predecessor-version":[{"id":1806343,"href":"https:\/\/marketing.harmonelo.io\/hu\/wp-json\/wp\/v2\/pages\/1806342\/revisions\/1806343"}],"wp:attachment":[{"href":"https:\/\/marketing.harmonelo.io\/hu\/wp-json\/wp\/v2\/media?parent=1806342"}],"curies":[{"name":"wp","href":"https:\/\/api.w.org\/{rel}","templated":true}]}}