{"id":1806082,"date":"2023-04-12T10:07:05","date_gmt":"2023-04-12T08:07:05","guid":{"rendered":"https:\/\/marketing.harmonelo.io\/harmonelo-hope-%f0%9f%a6%8b-2\/"},"modified":"2024-03-01T17:01:26","modified_gmt":"2024-03-01T16:01:26","slug":"harmonelo-hope-%f0%9f%a6%8b-2","status":"publish","type":"page","link":"https:\/\/marketing.harmonelo.io\/hu\/harmonelo-hope-%f0%9f%a6%8b-2\/","title":{"rendered":"Harmonelo Hope \ud83e\udd8b"},"content":{"rendered":"\n<hr class=\"wp-block-separator has-alpha-channel-opacity\"\/>\n\n<div style=\"height:20px\" aria-hidden=\"true\" class=\"wp-block-spacer\"><\/div>\n\n<h2 class=\"wp-block-heading has-text-align-center\"> <strong>\n  <em>Laurinky \u00fatja<\/em>\n<\/strong> \ud83d\udc63<\/h2>\n\n<figure class=\"wp-block-image aligncenter size-large is-resized\"><img loading=\"lazy\" decoding=\"async\" width=\"1024\" height=\"1024\" src=\"https:\/\/marketing.harmonelo.io\/wp-content\/uploads\/2023\/04\/version1uuid804C32DA-19BB-45FF-A8A5-B28C52B29925modecompatiblenoloc0.jpeg-1024x1024.jpg\" alt=\"\" class=\"wp-image-1333282\" style=\"width:569px;height:569px\" srcset=\"https:\/\/marketing.harmonelo.io\/wp-content\/uploads\/2023\/04\/version1uuid804C32DA-19BB-45FF-A8A5-B28C52B29925modecompatiblenoloc0.jpeg-1024x1024.jpg 1024w, https:\/\/marketing.harmonelo.io\/wp-content\/uploads\/2023\/04\/version1uuid804C32DA-19BB-45FF-A8A5-B28C52B29925modecompatiblenoloc0.jpeg-300x300.jpg 300w, https:\/\/marketing.harmonelo.io\/wp-content\/uploads\/2023\/04\/version1uuid804C32DA-19BB-45FF-A8A5-B28C52B29925modecompatiblenoloc0.jpeg-150x150.jpg 150w, https:\/\/marketing.harmonelo.io\/wp-content\/uploads\/2023\/04\/version1uuid804C32DA-19BB-45FF-A8A5-B28C52B29925modecompatiblenoloc0.jpeg-768x768.jpg 768w, https:\/\/marketing.harmonelo.io\/wp-content\/uploads\/2023\/04\/version1uuid804C32DA-19BB-45FF-A8A5-B28C52B29925modecompatiblenoloc0.jpeg-12x12.jpg 12w, https:\/\/marketing.harmonelo.io\/wp-content\/uploads\/2023\/04\/version1uuid804C32DA-19BB-45FF-A8A5-B28C52B29925modecompatiblenoloc0.jpeg.jpg 1080w\" sizes=\"auto, (max-width: 1024px) 100vw, 1024px\" \/><\/figure>\n\n<h2 class=\"wp-block-heading has-text-align-center\"><em>Laura neh\u00e9z t\u00f6rt\u00e9nete:<\/em><\/h2>\n\n<p class=\"has-text-align-center\">\ud83e\udd0d \u0160ekmars 2022.2.17-\u00e9n hozta ki Laurink\u00e1t a k\u00f3rh\u00e1zb\u00f3l. Az\u00f3ta a b\u00edr\u00f3s\u00e1g \u00e1ltal kijel\u00f6lt nevel\u0151sz\u00fcl\u0151kn\u00e9l van. Nagysz\u00fcl\u0151k\u00e9nt jogosultak Laurink\u00e1t minden tekintetben k\u00e9pviselni, \u00e9s ugyanazok a jogok illetik meg \u0151ket, mint a sz\u00fcleit. Most azonban a b\u00edr\u00f3s\u00e1g m\u00e9g mindig arra v\u00e1r, hogy eld\u00f6ntse, megfosztja-e a sz\u00fcl\u0151ket jogaikt\u00f3l, \u00e9s a nagysz\u00fcl\u0151ket nevezze ki gy\u00e1mnak.<\/p>\n\n<p class=\"has-text-align-center\">\ud83e\udd0d Nem volt \u00e9ppen k\u00f6nny\u0171. \u0160ekmarov\u00e1 asszony 10 napot t\u00f6lt\u00f6tt Laurink\u00e1val a Hradec Kr\u00e1lov\u00e9-i k\u00f3rh\u00e1zban, ahol az eg\u00e9szs\u00e9g\u00fcgyi szem\u00e9lyzet megtan\u00edtotta neki, hogyan kell beadni a gy\u00f3gyszereket \u00e9s hogyan kell \u00e1polni a kisl\u00e1nyt. Ezt k\u00f6vet\u0151en megk\u00fcldtek a b\u00edr\u00f3s\u00e1gnak egy jelent\u00e9st, amely arr\u00f3l tan\u00faskodott, hogy \u0160ekmarov\u00e1 asszony k\u00e9pes volt gondoskodni a beteg gyermekr\u0151l, \u00e9s nyilv\u00e1nval\u00f3 volt, hogy Laurinka meleg kapcsolatot \u00e1polt a nagymam\u00e1j\u00e1val. \ud83d\udc69\u200d\ud83c\udf7c<\/p>\n\n<p class=\"has-text-align-center\">\ud83e\udd0d Ez az aj\u00e1nl\u00e1s arra k\u00e9sztette a b\u00edr\u00f3s\u00e1got, hogy \u00fagy d\u00f6nts\u00f6n, hogy a gyermekr\u0151l a nagysz\u00fcl\u0151k j\u00f3l gondoskodnak majd. Mivel a sz\u00fcl\u0151k sz\u00fclet\u00e9s\u00fck \u00f3ta <mark style=\"background-color:rgba(0, 0, 0, 0)\" class=\"has-inline-color has-primary-color\">nem gondoskod<\/mark> tak a gyermekr\u0151l, \u00e9s f\u00fcgg\u0151s\u00e9get okoz\u00f3 szereket haszn\u00e1ltak, a gyermekj\u00f3l\u00e9ti hat\u00f3s\u00e1g azt javasolja, hogy a sz\u00fcl\u0151ket fossz\u00e1k meg sz\u00fcl\u0151i jogaikt\u00f3l.<\/p>\n\n<figure class=\"wp-block-image aligncenter size-large is-resized\"><img loading=\"lazy\" decoding=\"async\" width=\"1024\" height=\"1024\" src=\"https:\/\/marketing.harmonelo.io\/wp-content\/uploads\/2023\/03\/2-1024x1024.jpg\" alt=\"\" class=\"wp-image-981759\" style=\"width:577px;height:577px\" srcset=\"https:\/\/marketing.harmonelo.io\/wp-content\/uploads\/2023\/03\/2-1024x1024.jpg 1024w, https:\/\/marketing.harmonelo.io\/wp-content\/uploads\/2023\/03\/2-300x300.jpg 300w, https:\/\/marketing.harmonelo.io\/wp-content\/uploads\/2023\/03\/2-150x150.jpg 150w, https:\/\/marketing.harmonelo.io\/wp-content\/uploads\/2023\/03\/2-768x768.jpg 768w, https:\/\/marketing.harmonelo.io\/wp-content\/uploads\/2023\/03\/2-12x12.jpg 12w, https:\/\/marketing.harmonelo.io\/wp-content\/uploads\/2023\/03\/2.jpg 1200w\" sizes=\"auto, (max-width: 1024px) 100vw, 1024px\" \/><\/figure>\n\n<p class=\"has-text-align-center\">Seg\u00edtsetek nek\u00fcnk tov\u00e1bbra is m\u00e1s gy\u00f6ny\u00f6r\u0171 projekteken kereszt\u00fcl, amelyeket fokozatosan fogunk bemutatni nektek.<\/p>\n\n<p class=\"has-text-align-center\">Az \u00d6n \u00e1ltal v\u00e1lasztott \u00f6sszeget a Raiffeisenbankn\u00e1l vezetett \u00e1tl\u00e1that\u00f3 sz\u00e1ml\u00e1kra k\u00fcldheti:<\/p>\n\n<blockquote class=\"wp-block-quote is-layout-flow wp-block-quote-is-layout-flow\">\n<p class=\"has-text-align-center has-primary-color has-text-color\"><strong>\n  <a href=\"https:\/\/www.rb.cz\/povinne-zverejnovane-informace\/transparentni-ucty?path=transactions&amp;accountNumber=2022102250\" target=\"_blank\" rel=\"noreferrer noopener\">\n    <mark style=\"background-color:rgba(0, 0, 0, 0)\" class=\"has-inline-color has-contrast-color\">CZK 2022102250\/5500<\/mark>\n  <\/a>\n<\/strong> (CZK-ban t\u00f6rt\u00e9n\u0151 befizet\u00e9sek eset\u00e9n); IBAN: CZ66550000000000002022102250 (nem CZ-b\u00f3l sz\u00e1rmaz\u00f3 befizet\u00e9sek eset\u00e9n); BIC: RZBCCZP<\/p>\n<\/blockquote>\n\n<blockquote class=\"wp-block-quote is-layout-flow wp-block-quote-is-layout-flow\">\n<p class=\"has-text-align-center has-primary-color has-text-color\"><mark style=\"background-color:rgba(0, 0, 0, 0)\" class=\"has-inline-color has-primary-color\"><a href=\"https:\/\/www.rb.cz\/povinne-zverejnovane-informace\/transparentni-ucty?path=transactions&amp;accountNumber=2022102285\" target=\"_blank\" rel=\"noreferrer noopener\"><strong>EUR 2022102285\/5500<\/strong><\/a> <\/mark>(EUR-ban t\u00f6rt\u00e9n\u0151 befizet\u00e9sek eset\u00e9n); IBAN: CZ9155000000000000000000002022102285 (a Csehorsz\u00e1gon k\u00edv\u00fcli orsz\u00e1gokb\u00f3l sz\u00e1rmaz\u00f3 befizet\u00e9sek eset\u00e9n); BIC: RZBCCZPP<\/p>\n<\/blockquote>\n\n<div style=\"height:20px\" aria-hidden=\"true\" class=\"wp-block-spacer\"><\/div>\n\n<h2 class=\"wp-block-heading has-text-align-center\">K\u00f6sz\u00f6nj\u00fck, hogy ott seg\u00edtesz nek\u00fcnk, ahol sz\u00fcks\u00e9g van r\u00e1.<\/h2>\n\n<h2 class=\"wp-block-heading has-text-align-center\">\ud83e\udd8b\ud83e\udd8b\ud83e\udd8b<\/h2>\n\n<p class=\"has-text-align-center has-base-color has-base-background-color has-text-color has-background\"><\/p>\n","protected":false},"excerpt":{"rendered":"<p>Laurinky \u00fatja \ud83d\udc63 Laura neh\u00e9z t\u00f6rt\u00e9nete: \ud83e\udd0d \u0160ekmars 2022.2.17-\u00e9n hozta ki Laurink\u00e1t a k\u00f3rh\u00e1zb\u00f3l. Az\u00f3ta a b\u00edr\u00f3s\u00e1g \u00e1ltal kijel\u00f6lt nevel\u0151sz\u00fcl\u0151kn\u00e9l van. Nagysz\u00fcl\u0151k\u00e9nt jogosultak Laurink\u00e1t minden tekintetben k\u00e9pviselni, \u00e9s ugyanazok a jogok illetik meg \u0151ket, mint a sz\u00fcleit. Most azonban a b\u00edr\u00f3s\u00e1g m\u00e9g mindig arra v\u00e1r, hogy eld\u00f6ntse, megfosztja-e a sz\u00fcl\u0151ket jogaikt\u00f3l, \u00e9s a nagysz\u00fcl\u0151ket nevezze [&hellip;]<\/p>\n","protected":false},"author":5,"featured_media":0,"parent":0,"menu_order":0,"comment_status":"closed","ping_status":"closed","template":"","meta":{"_eb_attr":"","footnotes":""},"class_list":["post-1806082","page","type-page","status-publish","hentry"],"_links":{"self":[{"href":"https:\/\/marketing.harmonelo.io\/hu\/wp-json\/wp\/v2\/pages\/1806082","targetHints":{"allow":["GET"]}}],"collection":[{"href":"https:\/\/marketing.harmonelo.io\/hu\/wp-json\/wp\/v2\/pages"}],"about":[{"href":"https:\/\/marketing.harmonelo.io\/hu\/wp-json\/wp\/v2\/types\/page"}],"author":[{"embeddable":true,"href":"https:\/\/marketing.harmonelo.io\/hu\/wp-json\/wp\/v2\/users\/5"}],"replies":[{"embeddable":true,"href":"https:\/\/marketing.harmonelo.io\/hu\/wp-json\/wp\/v2\/comments?post=1806082"}],"version-history":[{"count":1,"href":"https:\/\/marketing.harmonelo.io\/hu\/wp-json\/wp\/v2\/pages\/1806082\/revisions"}],"predecessor-version":[{"id":1806083,"href":"https:\/\/marketing.harmonelo.io\/hu\/wp-json\/wp\/v2\/pages\/1806082\/revisions\/1806083"}],"wp:attachment":[{"href":"https:\/\/marketing.harmonelo.io\/hu\/wp-json\/wp\/v2\/media?parent=1806082"}],"curies":[{"name":"wp","href":"https:\/\/api.w.org\/{rel}","templated":true}]}}