{"id":1806047,"date":"2023-01-20T20:10:46","date_gmt":"2023-01-20T19:10:46","guid":{"rendered":"https:\/\/marketing.harmonelo.io\/cz-sk-webinariumok-2\/"},"modified":"2026-04-24T05:52:45","modified_gmt":"2026-04-24T03:52:45","slug":"cz-sk-webinariumok-2","status":"publish","type":"page","link":"https:\/\/marketing.harmonelo.io\/hu\/cz-sk-webinariumok-2\/","title":{"rendered":"CZ + SK webin\u00e1riumok"},"content":{"rendered":"\n<h1 class=\"wp-block-heading has-text-align-center\"><em>A M\u00c1R LEZAJLOTT SZAKMAI LIVESTREAMEK FELV\u00c9TELEI AZ IROD\u00c1BAN MEGTAL\u00c1LHAT\u00d3K VIP FELV\u00c9TELK\u00c9NT (80+ PV)<\/em><\/h1>\n\n<figure class=\"wp-block-image size-large\"><img loading=\"lazy\" decoding=\"async\" width=\"1024\" height=\"714\" src=\"https:\/\/marketing.harmonelo.io\/wp-content\/uploads\/2026\/04\/Snimek-obrazovky-2026-04-24-v-9.56.40-1024x714.png\" alt=\"\" class=\"wp-image-1838452\" srcset=\"https:\/\/marketing.harmonelo.io\/wp-content\/uploads\/2026\/04\/Snimek-obrazovky-2026-04-24-v-9.56.40-1024x714.png 1024w, https:\/\/marketing.harmonelo.io\/wp-content\/uploads\/2026\/04\/Snimek-obrazovky-2026-04-24-v-9.56.40-300x209.png 300w, https:\/\/marketing.harmonelo.io\/wp-content\/uploads\/2026\/04\/Snimek-obrazovky-2026-04-24-v-9.56.40-768x536.png 768w, https:\/\/marketing.harmonelo.io\/wp-content\/uploads\/2026\/04\/Snimek-obrazovky-2026-04-24-v-9.56.40-1536x1071.png 1536w, https:\/\/marketing.harmonelo.io\/wp-content\/uploads\/2026\/04\/Snimek-obrazovky-2026-04-24-v-9.56.40-2048x1429.png 2048w\" sizes=\"auto, (max-width: 1024px) 100vw, 1024px\" \/><\/figure>\n\n<hr class=\"wp-block-separator has-alpha-channel-opacity is-style-wide\"\/>\n\n<hr class=\"wp-block-separator has-alpha-channel-opacity is-style-wide\"\/>\n\n<h1 class=\"wp-block-heading has-text-align-center\">INGYENES K\u00d3STOL\u00d3 A VIP RECORDS-T\u00d3L: A KOMPENZ\u00c1CI\u00d3S TERV, AMELY 100+ MILLIOMOST TETT LEHET\u0150V\u00c9<\/h1>\n\n<p class=\"has-text-align-center\">Ha egy keresked\u0151 nem tudja megkeresni \u00e9s eltartani mag\u00e1t, akkor nem tud hossz\u00fa t\u00e1von semmilyen tev\u00e9kenys\u00e9get folytatni, m\u00e9g ha az istenf\u00e9l\u0151bb is, \u00e9s val\u00f3sz\u00edn\u0171leg el\u0151bb-ut\u00f3bb t\u00f6nkremegy.  <\/p>\n\n<p class=\"has-text-align-center\">Ez\u00e9rt fontos tudni, hogy a Harmonelo nem csak egy kifinomult term\u00e9kkel \u00e9s rendszerrel rendelkezik, hanem egy teljes kompenz\u00e1ci\u00f3s tervvel is, amely a legb\u0151kez\u0171bben jutalmazza tagjait a munk\u00e1juk\u00e9rt, mivel a v\u00e1llalat minden forgalmaz\u00f3t nagyon nagyra \u00e9rt\u00e9kel.<\/p>\n\n<figure class=\"wp-block-image size-large\"><a href=\"https:\/\/cloud.harmonelo.com\/apps\/sharingpath\/mkarmazin\/HARMONELO\/RECORDINGS\/CZ%20+%20SK\/MLM%20&amp;%20KOMPENZA%C4%8CN%C3%8D%20PL%C3%81N\/Marketing%20Harmonelo%2022.3.2026.mp4\" target=\"_blank\" rel=\" noreferrer noopener\"><img loading=\"lazy\" decoding=\"async\" width=\"1024\" height=\"572\" src=\"https:\/\/marketing.harmonelo.io\/wp-content\/uploads\/2026\/04\/Snimek-obrazovky-2026-04-24-v-10.21.40-1024x572.jpg\" alt=\"\" class=\"wp-image-1838508\" srcset=\"https:\/\/marketing.harmonelo.io\/wp-content\/uploads\/2026\/04\/Snimek-obrazovky-2026-04-24-v-10.21.40-1024x572.jpg 1024w, https:\/\/marketing.harmonelo.io\/wp-content\/uploads\/2026\/04\/Snimek-obrazovky-2026-04-24-v-10.21.40-300x168.jpg 300w, https:\/\/marketing.harmonelo.io\/wp-content\/uploads\/2026\/04\/Snimek-obrazovky-2026-04-24-v-10.21.40-768x429.jpg 768w, https:\/\/marketing.harmonelo.io\/wp-content\/uploads\/2026\/04\/Snimek-obrazovky-2026-04-24-v-10.21.40-1536x858.jpg 1536w, https:\/\/marketing.harmonelo.io\/wp-content\/uploads\/2026\/04\/Snimek-obrazovky-2026-04-24-v-10.21.40-2048x1145.jpg 2048w\" sizes=\"auto, (max-width: 1024px) 100vw, 1024px\" \/><\/a><figcaption class=\"wp-element-caption\">Pillanatk\u00e9p a Harmonelo 3.0 marketing \u00e9s kompenz\u00e1ci\u00f3s terv k\u00e9pz\u00e9sb\u0151l<\/figcaption><\/figure>\n\n<p class=\"has-text-align-center has-small-font-size\">Seg\u00edteni az embereknek a leg\u00e9rt\u00e9kesebb dologgal, amivel rendelkeznek &#8211; az eg\u00e9szs\u00e9g\u00fckkel &#8211; van enn\u00e9l szebb k\u00fcldet\u00e9s? Harmonelo nem csak egy munka vagy egy v\u00e1llalkoz\u00e1s &#8211; ez val\u00f3ban egy k\u00fcldet\u00e9s, amely nemcsak a fejet \u00e9s a testet, hanem m\u00e9g a p\u00e9nzt\u00e1rc\u00e1t is k\u00e9pes meggy\u00f3gy\u00edtani. <\/p>\n\n<p class=\"has-text-align-center has-small-font-size\">Sajnos anyagi vil\u00e1gban \u00e9l\u00fcnk, \u00e9s ha nyugalmat akarsz tal\u00e1lni, akkor a j\u00f6vedelmi oldalt is rendezni kell, \u00e9s a j\u00f3 h\u00edr az, hogy ha val\u00f3ban szenved\u00e9lyesen szereted a Harmonelo-t, akkor nem kell m\u00e1sik &#8222;munk\u00e1t&#8221; keresned. Mert m\u00e9g azt is hat\u00e9konyan megoldja a Harmonelo. Pontosan honnan j\u00f6nnek ezek a nagylelk\u0171 jutalmak?    <\/p>\n\n<p class=\"has-text-align-center has-small-font-size\">Megtudhatod a k\u00f6vetkez\u0151 k\u00e9pz\u00e9sen, ami eddig csak a legakt\u00edvabb tagjainknak volt, most pedig, mivel a c\u00e9g t\u00e1mogatni szeretne t\u00e9ged, te is hozz\u00e1f\u00e9rhetsz ehhez a felv\u00e9telhez &#8211; sz\u00f3val mire v\u00e1rsz, haszn\u00e1ld ki! \ud83d\ude42  <\/p>\n\n<div class=\"wp-block-buttons is-content-justification-center is-layout-flex wp-container-core-buttons-is-layout-a89b3969 wp-block-buttons-is-layout-flex\">\n<div class=\"wp-block-button\"><a class=\"wp-block-button__link wp-element-button\" href=\"https:\/\/cloud.harmonelo.com\/apps\/sharingpath\/mkarmazin\/HARMONELO\/RECORDINGS\/CZ%20+%20SK\/MLM%20&amp;%20KOMPENZA%C4%8CN%C3%8D%20PL%C3%81N\/Marketing%20Harmonelo%2022.3.2026.mp4\" target=\"_blank\" rel=\"noreferrer noopener\">SZERETN\u00c9M MEGTUDNI, HOGY MI\u00c9RT A HARMONELO MARKETING A LEGJOBB<\/a><\/div>\n<\/div>\n\n<hr class=\"wp-block-separator has-alpha-channel-opacity is-style-wide\"\/>\n\n<hr class=\"wp-block-separator has-alpha-channel-opacity is-style-wide\"\/>\n\n<h1 class=\"wp-block-heading has-text-align-center\" style=\"margin-top:var(--wp--preset--spacing--medium);margin-right:var(--wp--preset--spacing--medium);margin-bottom:var(--wp--preset--spacing--medium);margin-left:var(--wp--preset--spacing--medium)\"><em>MLM TANFOLYAM &#8211; 8 L\u00c9P\u00c9S A H\u00c1L\u00d3ZAT\u00c9P\u00cdT\u00c9SHEZ (MLM BIBLIA &#8222;A&#8221;-T\u00d3L &#8222;Z&#8221;-IG)<\/em><\/h1>\n\n<figure class=\"wp-block-image size-large\"><a href=\"https:\/\/harmonelo.com\/cs\/products\/MLM_SYSTEM\" target=\"_blank\" rel=\"noreferrer noopener\"><img loading=\"lazy\" decoding=\"async\" width=\"1024\" height=\"857\" src=\"https:\/\/marketing.harmonelo.io\/wp-content\/uploads\/2026\/04\/Snimek-obrazovky-2026-04-24-v-10.01.09-1024x857.png\" alt=\"\" class=\"wp-image-1838466\" srcset=\"https:\/\/marketing.harmonelo.io\/wp-content\/uploads\/2026\/04\/Snimek-obrazovky-2026-04-24-v-10.01.09-1024x857.png 1024w, https:\/\/marketing.harmonelo.io\/wp-content\/uploads\/2026\/04\/Snimek-obrazovky-2026-04-24-v-10.01.09-300x251.png 300w, https:\/\/marketing.harmonelo.io\/wp-content\/uploads\/2026\/04\/Snimek-obrazovky-2026-04-24-v-10.01.09-768x643.png 768w, https:\/\/marketing.harmonelo.io\/wp-content\/uploads\/2026\/04\/Snimek-obrazovky-2026-04-24-v-10.01.09-1536x1285.png 1536w, https:\/\/marketing.harmonelo.io\/wp-content\/uploads\/2026\/04\/Snimek-obrazovky-2026-04-24-v-10.01.09.png 1678w\" sizes=\"auto, (max-width: 1024px) 100vw, 1024px\" \/><\/a><\/figure>\n\n<h2 class=\"wp-block-heading has-text-align-center\">Mit tan\u00edt ez a 11 \u00f3r\u00e1s vide\u00f3tanfolyam?<\/h2>\n\n<h2 class=\"wp-block-heading has-text-align-center\">(8 alapvet\u0151 MLM l\u00e9p\u00e9s):<\/h2>\n\n<ol class=\"wp-block-list\">\n<li>Mi\u00e9rt az MLM egyike a kev\u00e9s lehet\u0151s\u00e9gnek a legt\u00f6bb ember sz\u00e1m\u00e1ra manaps\u00e1g<\/li>\n\n\n\n<li>Hogyan hat\u00e1rozzuk meg a megfelel\u0151 elv\u00e1r\u00e1sokat\/strat\u00e9gi\u00e1t?<\/li>\n\n\n\n<li>Honnan szerezz\u00fck meg a megfelel\u0151 kapcsolatokat, \u00e9s hogy ne fogyjunk ki<\/li>\n\n\n\n<li>Hogyan kell megfelel\u0151en kezelni a hideg, meleg kapcsolatokat, p\u00e9ld\u00e1k<\/li>\n\n\n\n<li>Hogyan kell megfelel\u0151en bemutatni a lehet\u0151s\u00e9get \u00e9s a term\u00e9keket<\/li>\n\n\n\n<li>Hogyan teremts\u00fcnk kapcsolatokat egy prezent\u00e1ci\u00f3 ut\u00e1n nyom\u00e1s n\u00e9lk\u00fcl<\/li>\n\n\n\n<li>Hogyan tan\u00edtsuk az \u00fajoncokat, hogyan kezdj\u00fck el megfelel\u0151en, mit tegy\u00fcnk?<\/li>\n\n\n\n<li>Hogyan \u00e9p\u00edthetsz ki egy h\u00e1l\u00f3zatot \u00fagy, hogy duplik\u00e1ci\u00f3 \u00e9s folyamatos n\u00f6veked\u00e9s legyen?<\/li>\n<\/ol>\n\n<h3 class=\"wp-block-heading has-text-align-center\"><strong>R\u00e9szlet az MLM TOV\u00c1BBI \u00daT tanfolyam 1. modulj\u00e1b\u00f3l: <\/strong><a href=\"https:\/\/youtu.be\/adfCGON5Wkw\"><strong>https:\/\/youtu.be\/adfCGON5Wkw<\/strong><\/a><\/h3>\n\n<p style=\"margin-top:var(--wp--preset--spacing--20);margin-right:0;margin-bottom:var(--wp--preset--spacing--20);margin-left:0\">Haszn\u00e1lja ki ezt a r\u00f6vid\u00edt\u00e9st, \u00e9s \u00e9p\u00edtse v\u00e1llalkoz\u00e1s\u00e1t m\u00e1r a kezdetekt\u0151l fogva j\u00f3l.<\/p>\n\n<p class=\"has-text-align-center\">Tanuljon a sikeresekr\u0151l, \u00e9s r\u00e9szes\u00fclj\u00f6n 11 \u00f3ra know-how-ban k\u00f6zvetlen\u00fcl Michal Karmaz\u00edn \u00e9rt\u00e9kes\u00edt\u00e9si igazgat\u00f3t\u00f3l.  <\/p>\n\n<div class=\"wp-block-buttons is-content-justification-center is-layout-flex wp-container-core-buttons-is-layout-a89b3969 wp-block-buttons-is-layout-flex\">\n<div class=\"wp-block-button\"><a class=\"wp-block-button__link wp-element-button\" href=\"https:\/\/harmonelo.com\/cs\/products\/MLM_SYSTEM\" target=\"_blank\" rel=\"noreferrer noopener\">EL AKAROM SAJ\u00c1T\u00cdTANI AZ MLM M\u0170V\u00c9SZET\u00c9T &#8211; MLM VIDE\u00d3TANFOLYAMOT AKAROK (CZ)<\/a><\/div>\n<\/div>\n\n<hr class=\"wp-block-separator has-alpha-channel-opacity is-style-wide\"\/>\n\n<h1 class=\"wp-block-heading has-text-align-center\"><em>HOGYAN \u00c9P\u00cdTS\u00dcNK \u00c1LLAND\u00d3 J\u00d6VEDELMET (HABCS\u0150)?  <\/em><\/h1>\n\n<hr class=\"wp-block-separator has-alpha-channel-opacity\"\/>\n\n<h1 class=\"wp-block-heading has-text-align-center\">A V\u00c1LASZ AZ MLM RENDSZER!<\/h1>\n\n<p class=\"has-text-align-center\">HARMONELO az \u00e9let <mark style=\"background-color:rgba(0, 0, 0, 0)\" class=\"has-inline-color has-primary-color\">t\u00f6bb<\/mark> ter\u00fclet\u00e9nek <mark style=\"background-color:rgba(0, 0, 0, 0)\" class=\"has-inline-color has-primary-color\">kiegyens\u00falyoz\u00e1s\u00e1r\u00f3l<\/mark> sz\u00f3l. Gondoskodunk a <mark style=\"background-color:rgba(0, 0, 0, 0)\" class=\"has-inline-color has-primary-color\">testi<\/mark> \u00e9s <mark style=\"background-color:rgba(0, 0, 0, 0)\" class=\"has-inline-color has-primary-color\">lelki<\/mark> eg\u00e9szs\u00e9g, valamint a <mark style=\"background-color:rgba(0, 0, 0, 0)\" class=\"has-inline-color has-primary-color\">p\u00e9nz\u00fcgyi<\/mark> eg\u00e9szs\u00e9g \u00f6sszehangol\u00e1s\u00e1r\u00f3l.<\/p>\n\n<p class=\"has-text-align-center\">Igaz\u00e1n egyed\u00fcl\u00e1ll\u00f3 lehet\u0151s\u00e9ged van arra, hogy \u00e9rt\u00e9kes tan\u00e1csokat kapj az \u00e9rt\u00e9kes\u00edt\u00e9si igazgat\u00f3t\u00f3l. <strong><mark style=\"background-color:rgba(0, 0, 0, 0)\" class=\"has-inline-color has-primary-color\">Michal Karmaz\u00ednt\u00f3l,<\/mark><\/strong> aki <mark style=\"background-color:rgba(0, 0, 0, 0)\" class=\"has-inline-color has-primary-color\"> az \u0151 nagyszer\u0171<\/mark> MLM <strong>RENDSZER\u00c9N<\/strong> <mark style=\"background-color:rgba(0, 0, 0, 0)\" class=\"has-inline-color has-primary-color\"> kereszt\u00fcl<\/mark> ad majd tan\u00e1csot, hogy &#8221; <mark style=\"background-color:rgba(0, 0, 0, 0)\" class=\"has-inline-color has-primary-color\">hogyan kell csin\u00e1lni&#8221;<\/mark> <strong>.<\/strong> <\/p>\n\n<p class=\"has-text-align-center\">Egy l\u00e9p\u00e9ssel k\u00f6zelebb ker\u00fclsz a P\u00c9NZ\u00dcGYI F\u00dcGGETLENS\u00c9Ghez. Higgye el, ez a tanfolyam meg\u00e9ri.<\/p>\n\n<figure class=\"wp-block-embed is-type-video is-provider-youtube wp-block-embed-youtube wp-embed-aspect-16-9 wp-has-aspect-ratio\"><div class=\"wp-block-embed__wrapper\">\n<iframe loading=\"lazy\" title=\"MODUL 1\" width=\"500\" height=\"281\" src=\"https:\/\/www.youtube.com\/embed\/PuFtedaOfjE?feature=oembed\" frameborder=\"0\" allow=\"accelerometer; autoplay; clipboard-write; encrypted-media; gyroscope; picture-in-picture; web-share\" referrerpolicy=\"strict-origin-when-cross-origin\" allowfullscreen><\/iframe>\n<\/div><\/figure>\n\n<p class=\"has-text-align-center\">Megv\u00e1s\u00e1rolhat\u00f3 az <mark style=\"background-color:rgba(0, 0, 0, 0)\" class=\"has-inline-color has-primary-color\">e-shopjukban<\/mark>. Ne v\u00e1rj, \u00e9s kezdd el a k\u00e9pz\u00e9st <mark style=\"background-color:rgba(0, 0, 0, 0)\" class=\"has-inline-color has-primary-color\">AZONNAL<\/mark>!<\/p>\n\n<p class=\"has-text-align-center\">Ezt a nagyszer\u0171 <mark style=\"background-color:rgba(0, 0, 0, 0)\" class=\"has-inline-color has-primary-color\">trailert<\/mark> ezekre a nyelvekre ford\u00edtott\u00e1k le:<\/p>\n\n<p class=\"has-text-align-center\">CZ, SK, EN, DE, HU, RO, IT, ES, FR, PL, BG, GR, RU, ES, FR, FR, PL, BG, GR, GR, RU<\/p>\n\n<p class=\"has-text-align-center\">Sajnos az eg\u00e9sz tanfolyam egyel\u0151re csak Csehorsz\u00e1gban \u00e9rhet\u0151 el, de nem csak a hazai, hanem a k\u00fclf\u00f6ldi piac sz\u00e1m\u00e1ra is van egy <strong>teljesen \u00faj gener\u00e1ci\u00f3s oktat\u00e1sunk, amely 90+ nyelvet t\u00e1mogat &#8211; \u00fcdv\u00f6z\u00f6lj\u00fck<\/strong> az EDU SYSTEM 2.0-t a priv\u00e1t AI szponzoroddal, Harmoneloval, aki soha nem alszik, \u00e9s aki mindent tud!<\/p>\n\n<h1 class=\"wp-block-heading has-text-align-center\"><em>SZEM\u00c9LYES<\/em> <em>AI SZPONZOR &#8211; AZ \u00d6N KULCSA HARMONELO VIL\u00c1G\u00c1VAL KAPCSOLATOS TELJES K\u00d6R\u0170 ISMERETEKHEZ <\/em> <\/h1>\n\n<figure class=\"wp-block-image aligncenter size-full is-resized\"><a href=\"https:\/\/harmonelo.com\/cs\/products\/CHATBOT\" target=\"_blank\" rel=\" noreferrer noopener\"><img loading=\"lazy\" decoding=\"async\" width=\"1280\" height=\"1024\" src=\"https:\/\/marketing.harmonelo.io\/wp-content\/uploads\/2026\/04\/ChatGPT-Image-27.-3.-2026-14_08_21.png\" alt=\"\" class=\"wp-image-1838480\" style=\"width:600px;height:undefinedpx\" srcset=\"https:\/\/marketing.harmonelo.io\/wp-content\/uploads\/2026\/04\/ChatGPT-Image-27.-3.-2026-14_08_21.png 1280w, https:\/\/marketing.harmonelo.io\/wp-content\/uploads\/2026\/04\/ChatGPT-Image-27.-3.-2026-14_08_21-300x240.png 300w, https:\/\/marketing.harmonelo.io\/wp-content\/uploads\/2026\/04\/ChatGPT-Image-27.-3.-2026-14_08_21-1024x819.png 1024w, https:\/\/marketing.harmonelo.io\/wp-content\/uploads\/2026\/04\/ChatGPT-Image-27.-3.-2026-14_08_21-768x614.png 768w\" sizes=\"auto, (max-width: 1280px) 100vw, 1280px\" \/><\/a><\/figure>\n\n<p class=\"has-text-align-center\">Haszn\u00e1lja ki a mesters\u00e9ges intelligencia erej\u00e9t az \u00d6n v\u00e1llalkoz\u00e1s\u00e1ra szabva. Szerezzen azonnali hozz\u00e1f\u00e9r\u00e9st a legfejlettebb, Harmonelo \u00e9s MLM v\u00e1llalkoz\u00e1soknak sz\u00e1nt chatbotunkhoz.   <\/p>\n\n<p class=\"has-text-align-center\">Az AI szponzorunkat mindenre kik\u00e9pezt\u00e9k, amire a Harmonelo \u00fczletben sz\u00fcks\u00e9ged lehet &#8211; nem csak az \u00f6sszes term\u00e9ket, a teljes kompenz\u00e1ci\u00f3s tervet ismeri, hanem azt is, hogyan kell megfelel\u0151en fel\u00e9p\u00edteni egy folyamatosan duplik\u00e1l\u00f3 \u00fczleti h\u00e1l\u00f3zatot!  <\/p>\n\n<p class=\"has-text-align-center\">Egyszer\u0171en fogalmazva, az EDU SYSTEM 2.0 mesters\u00e9ges intelligencia szponzor mindent tud a Harmonelo vil\u00e1g\u00e1r\u00f3l, \u00e9s r\u00e1ad\u00e1sul soha nem hagyja abba a tanul\u00e1st!  <\/p>\n\n<div class=\"wp-block-buttons is-content-justification-center is-layout-flex wp-container-core-buttons-is-layout-a89b3969 wp-block-buttons-is-layout-flex\">\n<div class=\"wp-block-button\"><a class=\"wp-block-button__link wp-element-button\" href=\"https:\/\/harmonelo.com\/cs\/products\/CHATBOT\" target=\"_blank\" rel=\"noreferrer noopener\">AZT AKAROM, HOGY AZ \u00c9N AI SZPONZOROM \u00c9S VELE EGY\u00dcTT \u00c9P\u00cdTS\u00dcK FEL EG\u00c9SZ EUR\u00d3P\u00c1T.<\/a><\/div>\n<\/div>\n\n<p class=\"has-text-align-center\">Ez a digit\u00e1lis el\u0151fizet\u00e9s \u00e9jjel-nappal seg\u00edts\u00e9get ny\u00fajt \u00d6nnek az \u00f6sszetett lek\u00e9rdez\u00e9sekben val\u00f3 eligazod\u00e1shoz \u00e9s a termel\u00e9kenys\u00e9g azonnali n\u00f6vel\u00e9s\u00e9hez.  <\/p>\n\n<p class=\"has-text-align-center\">T\u00f6bb mint 90 nyelvet t\u00e1mogat, \u00e9s lehet\u0151s\u00e9get ny\u00fajt \u00d6nnek arra, hogy nemzetk\u00f6zi \u00fczletet \u00e9p\u00edtsen nyelvi akad\u00e1lyok n\u00e9lk\u00fcl.  <\/p>\n\n<p class=\"has-text-align-center\">Eg\u00e9sz Eur\u00f3pa mostant\u00f3l az \u00d6n keze \u00fcgy\u00e9ben van.  <\/p>\n\n<p class=\"has-text-align-center\">M\u00e9g nyelvtud\u00e1s n\u00e9lk\u00fcl is.<\/p>\n","protected":false},"excerpt":{"rendered":"<p>A M\u00c1R LEZAJLOTT SZAKMAI LIVESTREAMEK FELV\u00c9TELEI AZ IROD\u00c1BAN MEGTAL\u00c1LHAT\u00d3K VIP FELV\u00c9TELK\u00c9NT (80+ PV) INGYENES K\u00d3STOL\u00d3 A VIP RECORDS-T\u00d3L: A KOMPENZ\u00c1CI\u00d3S TERV, AMELY 100+ MILLIOMOST TETT LEHET\u0150V\u00c9 Ha egy keresked\u0151 nem tudja megkeresni \u00e9s eltartani mag\u00e1t, akkor nem tud hossz\u00fa t\u00e1von semmilyen tev\u00e9kenys\u00e9get folytatni, m\u00e9g ha az istenf\u00e9l\u0151bb is, \u00e9s val\u00f3sz\u00edn\u0171leg el\u0151bb-ut\u00f3bb t\u00f6nkremegy. Ez\u00e9rt fontos tudni, [&hellip;]<\/p>\n","protected":false},"author":2,"featured_media":0,"parent":0,"menu_order":0,"comment_status":"closed","ping_status":"closed","template":"","meta":{"_eb_attr":"","footnotes":""},"class_list":["post-1806047","page","type-page","status-publish","hentry"],"_links":{"self":[{"href":"https:\/\/marketing.harmonelo.io\/hu\/wp-json\/wp\/v2\/pages\/1806047","targetHints":{"allow":["GET"]}}],"collection":[{"href":"https:\/\/marketing.harmonelo.io\/hu\/wp-json\/wp\/v2\/pages"}],"about":[{"href":"https:\/\/marketing.harmonelo.io\/hu\/wp-json\/wp\/v2\/types\/page"}],"author":[{"embeddable":true,"href":"https:\/\/marketing.harmonelo.io\/hu\/wp-json\/wp\/v2\/users\/2"}],"replies":[{"embeddable":true,"href":"https:\/\/marketing.harmonelo.io\/hu\/wp-json\/wp\/v2\/comments?post=1806047"}],"version-history":[{"count":185,"href":"https:\/\/marketing.harmonelo.io\/hu\/wp-json\/wp\/v2\/pages\/1806047\/revisions"}],"predecessor-version":[{"id":1838647,"href":"https:\/\/marketing.harmonelo.io\/hu\/wp-json\/wp\/v2\/pages\/1806047\/revisions\/1838647"}],"wp:attachment":[{"href":"https:\/\/marketing.harmonelo.io\/hu\/wp-json\/wp\/v2\/media?parent=1806047"}],"curies":[{"name":"wp","href":"https:\/\/api.w.org\/{rel}","templated":true}]}}