{"id":1804902,"date":"2023-03-22T09:56:43","date_gmt":"2023-03-22T08:56:43","guid":{"rendered":"https:\/\/marketing.harmonelo.io\/a-mikrobiom-a-legfontosabb-tudnivalok-osszefoglalasa\/"},"modified":"2024-02-26T22:57:03","modified_gmt":"2024-02-26T21:57:03","slug":"a-mikrobiom-a-legfontosabb-tudnivalok-osszefoglalasa","status":"publish","type":"page","link":"https:\/\/marketing.harmonelo.io\/hu\/a-mikrobiom-a-legfontosabb-tudnivalok-osszefoglalasa\/","title":{"rendered":"A mikrobiom: a legfontosabb tudnival\u00f3k \u00f6sszefoglal\u00e1sa"},"content":{"rendered":"\n<p class=\"has-text-align-center\">Ahogy mondj\u00e1k, az ism\u00e9tl\u00e9s a b\u00f6lcsess\u00e9g anyja. A kisujj\u00e1ban vannak az <mark style=\"background-color:rgba(0, 0, 0, 0)\" class=\"has-inline-color has-primary-color\">alapvet\u0151 t\u00e9nyek <\/mark>a mikrobiomr\u00f3l? Ha nem, rem\u00e9lj\u00fck, hasznosnak tal\u00e1lja ezt a bejegyz\u00e9st.<\/p>\n\n<hr class=\"wp-block-separator has-alpha-channel-opacity\"\/>\n\n<figure class=\"wp-block-image size-large\"><img loading=\"lazy\" decoding=\"async\" width=\"1024\" height=\"683\" src=\"https:\/\/marketing.harmonelo.io\/wp-content\/uploads\/2023\/03\/pexels-alexander-mils-2103949-1024x683.jpg\" alt=\"\" class=\"wp-image-1070145\" srcset=\"https:\/\/marketing.harmonelo.io\/wp-content\/uploads\/2023\/03\/pexels-alexander-mils-2103949-1024x683.jpg 1024w, https:\/\/marketing.harmonelo.io\/wp-content\/uploads\/2023\/03\/pexels-alexander-mils-2103949-300x200.jpg 300w, https:\/\/marketing.harmonelo.io\/wp-content\/uploads\/2023\/03\/pexels-alexander-mils-2103949-768x512.jpg 768w, https:\/\/marketing.harmonelo.io\/wp-content\/uploads\/2023\/03\/pexels-alexander-mils-2103949-1536x1024.jpg 1536w, https:\/\/marketing.harmonelo.io\/wp-content\/uploads\/2023\/03\/pexels-alexander-mils-2103949-2048x1365.jpg 2048w, https:\/\/marketing.harmonelo.io\/wp-content\/uploads\/2023\/03\/pexels-alexander-mils-2103949-18x12.jpg 18w\" sizes=\"auto, (max-width: 1024px) 100vw, 1024px\" \/><\/figure>\n\n<p class=\"has-text-align-center\"><mark style=\"background-color:rgba(0, 0, 0, 0)\" class=\"has-inline-color has-primary-color\"><strong>Mi a mikrobiom?<\/strong><\/mark>  A szervezet\u00fcnkben \u00e9l\u0151 \u00f6sszes mikroorganizmus \u00f6sszes g\u00e9nj\u00e9nek \u00f6sszess\u00e9ge. A legt\u00f6bben val\u00f3sz\u00edn\u0171leg hallottak m\u00e1r a b\u00e9lmikrobiomr\u00f3l, de l\u00e9tezik p\u00e9ld\u00e1ul b\u0151r-, h\u00fcvely- vagy sz\u00e1jmikrobiom is.<\/p>\n\n<p class=\"has-text-align-center\"><strong><mark style=\"background-color:rgba(0, 0, 0, 0)\" class=\"has-inline-color has-primary-color\">Mi minden befoly\u00e1solhatja a mikrobiomunkat?<\/mark><\/strong>  A mikrobiom jelenleg sz\u00e1mos kutat\u00e1s t\u00e1rgy\u00e1t k\u00e9pezi. Sok dolog m\u00e9g mindig rejtve maradhat el\u0151tt\u00fcnk. Az azonban egy\u00e9rtelm\u0171, hogy mikrobiomunkat sz\u00e1mos t\u00e9nyez\u0151 befoly\u00e1solja.<\/p>\n\n<h1 class=\"has-text-align-center wp-block-heading\"><strong><mark style=\"background-color:rgba(0, 0, 0, 0)\" class=\"has-inline-color has-primary-color\">P\u00e9ld\u00e1ul mik ezek?<\/mark><\/strong><\/h1>\n\n<ol class=\"wp-block-list\">\n<li>\u00c1ltal\u00e1nos \u00e9letm\u00f3dunk<\/li>\n\n\n\n<li>Sz\u00fcl\u00e9s (term\u00e9szetes\/cs\u00e1sz\u00e1rmetsz\u00e9s)<\/li>\n\n\n\n<li>Szoptat\u00e1s<\/li>\n\n\n\n<li>Gy\u00f3gyszeres kieg\u00e9sz\u00edt\u00e9s<\/li>\n\n\n\n<li>\u00c1ltal\u00e1nos \u00e9letm\u00f3d<\/li>\n\n\n\n<li>Alv\u00e1si higi\u00e9nia<\/li>\n\n\n\n<li>A k\u00f6rnyezet, amelyben \u00e9l\u00fcnk<\/li>\n<\/ol>\n\n<div style=\"height:30px\" aria-hidden=\"true\" class=\"wp-block-spacer\"><\/div>\n\n<figure class=\"wp-block-image size-large\"><img loading=\"lazy\" decoding=\"async\" width=\"1024\" height=\"683\" src=\"https:\/\/marketing.harmonelo.io\/wp-content\/uploads\/2023\/03\/pexels-andrea-piacquadio-712413-1024x683.jpg\" alt=\"\" class=\"wp-image-1070146\" srcset=\"https:\/\/marketing.harmonelo.io\/wp-content\/uploads\/2023\/03\/pexels-andrea-piacquadio-712413-1024x683.jpg 1024w, https:\/\/marketing.harmonelo.io\/wp-content\/uploads\/2023\/03\/pexels-andrea-piacquadio-712413-300x200.jpg 300w, https:\/\/marketing.harmonelo.io\/wp-content\/uploads\/2023\/03\/pexels-andrea-piacquadio-712413-768x512.jpg 768w, https:\/\/marketing.harmonelo.io\/wp-content\/uploads\/2023\/03\/pexels-andrea-piacquadio-712413-1536x1024.jpg 1536w, https:\/\/marketing.harmonelo.io\/wp-content\/uploads\/2023\/03\/pexels-andrea-piacquadio-712413-2048x1365.jpg 2048w, https:\/\/marketing.harmonelo.io\/wp-content\/uploads\/2023\/03\/pexels-andrea-piacquadio-712413-18x12.jpg 18w\" sizes=\"auto, (max-width: 1024px) 100vw, 1024px\" \/><\/figure>\n\n<div style=\"height:20px\" aria-hidden=\"true\" class=\"wp-block-spacer\"><\/div>\n\n<p class=\"has-text-align-center\">Amint az a fenti pontokb\u00f3l val\u00f3sz\u00edn\u0171leg m\u00e1r kider\u00fclt, a mikrobiom egy\u00e1ltal\u00e1n nem egy\u00e9rtelm\u0171. \u00c9ppen ellenkez\u0151leg, ez <mark style=\"background-color:rgba(0, 0, 0, 0)\" class=\"has-inline-color has-primary-color\">\n  <strong>sz\u00e1mos t\u00e9nyez\u0151 komplexuma<\/strong>\n<\/mark>amelyek azt\u00e1n alak\u00edtj\u00e1k \u00e9s befoly\u00e1solj\u00e1k a mikrobiomunkat, amely <mark style=\"background-color:rgba(0, 0, 0, 0)\" class=\"has-inline-color has-primary-color\">\n  <strong>egyedi<\/strong>\n<\/mark>. A mikrobiom gondoz\u00e1s\u00e1ra vonatkoz\u00f3 &#8222;t\u00edzparancsolatunk&#8221; seg\u00edthet \u00d6nnek.<\/p>\n\n<h1 class=\"has-text-align-center wp-block-heading\">T\u00edz dolog, hogy vigy\u00e1zzon a mikrobiomj\u00e1ra<\/h1>\n\n<ol class=\"wp-block-list\">\n<li>T\u00e1mogassa mikrobi\u00e1lis sokf\u00e9les\u00e9g\u00e9t v\u00e1ltozatos \u00e9trenddel.<\/li>\n\n\n\n<li>Hacsak nem felt\u00e9tlen\u00fcl sz\u00fcks\u00e9ges (\u00e9telintolerancia, allergia vagy egy\u00e9b probl\u00e9m\u00e1k), pr\u00f3b\u00e1ljon meg nem feleslegesen teljes \u00e9lelmiszercsoportokat kiiktatni az \u00e9trendj\u00e9b\u0151l.<\/li>\n\n\n\n<li>Ne feledkezzen meg a z\u00f6lds\u00e9gekr\u0151l \u00e9s gy\u00fcm\u00f6lcs\u00f6kr\u0151l, figyeljen a szezonalit\u00e1sra \u00e9s a helyi jellegre.<\/li>\n\n\n\n<li>Egy\u00e9l takar\u00e9kosan \u00e9s rendszeresen.<\/li>\n\n\n\n<li>Vegyen be rostban gazdag \u00e9teleket az \u00e9trendj\u00e9be.<\/li>\n\n\n\n<li>Ker\u00fclje az er\u0151sen feldolgozott \u00e9lelmiszereket.<\/li>\n\n\n\n<li>Gondoljon a testmozg\u00e1sra \u00e9s a term\u00e9szetben val\u00f3 tart\u00f3zkod\u00e1sra.<\/li>\n\n\n\n<li>Gondoskodjon a ment\u00e1lis j\u00f3l\u00e9t\u00e9r\u0151l.<\/li>\n\n\n\n<li>Ne fossza meg mag\u00e1t a min\u0151s\u00e9gi alv\u00e1st\u00f3l.<\/li>\n\n\n\n<li>Tartsa szemmel az iv\u00e1si rendj\u00e9t.<\/li>\n<\/ol>\n\n<div style=\"height:27px\" aria-hidden=\"true\" class=\"wp-block-spacer\"><\/div>\n\n<figure class=\"wp-block-image size-large\"><img loading=\"lazy\" decoding=\"async\" width=\"1024\" height=\"683\" src=\"https:\/\/marketing.harmonelo.io\/wp-content\/uploads\/2023\/03\/pexels-alexy-almond-3758053-1-1024x683.jpg\" alt=\"\" class=\"wp-image-1070148\" srcset=\"https:\/\/marketing.harmonelo.io\/wp-content\/uploads\/2023\/03\/pexels-alexy-almond-3758053-1-1024x683.jpg 1024w, https:\/\/marketing.harmonelo.io\/wp-content\/uploads\/2023\/03\/pexels-alexy-almond-3758053-1-300x200.jpg 300w, https:\/\/marketing.harmonelo.io\/wp-content\/uploads\/2023\/03\/pexels-alexy-almond-3758053-1-768x512.jpg 768w, https:\/\/marketing.harmonelo.io\/wp-content\/uploads\/2023\/03\/pexels-alexy-almond-3758053-1-1536x1024.jpg 1536w, https:\/\/marketing.harmonelo.io\/wp-content\/uploads\/2023\/03\/pexels-alexy-almond-3758053-1-2048x1365.jpg 2048w, https:\/\/marketing.harmonelo.io\/wp-content\/uploads\/2023\/03\/pexels-alexy-almond-3758053-1-18x12.jpg 18w\" sizes=\"auto, (max-width: 1024px) 100vw, 1024px\" \/><\/figure>\n\n<h1 class=\"has-text-align-center wp-block-heading\">Mit jelent ez?<\/h1>\n\n<p class=\"has-text-align-center\">A mikrobiomot nem szabad <mark style=\"background-color:rgba(0, 0, 0, 0)\" class=\"has-inline-color has-primary-color\">al\u00e1becs\u00fclni<\/mark>. K\u00edv\u00e1natos, hogy ezekr\u0151l a dolgokr\u00f3l <mark style=\"background-color:rgba(0, 0, 0, 0)\" class=\"has-inline-color has-primary-color\">megel\u0151z\u0151<\/mark> szempontb\u00f3l gondolkodjunk, \u00e9s a mikrobiomra mint valami <mark style=\"background-color:rgba(0, 0, 0, 0)\" class=\"has-inline-color has-primary-color\">komplex<\/mark> dologra tekints\u00fcnk. Csak egy eg\u00e9szs\u00e9g\u00fcnk van, ez\u00e9rt <mark style=\"background-color:rgba(0, 0, 0, 0)\" class=\"has-inline-color has-primary-color\">ne hagyjuk abba, hogy megbecs\u00fclj\u00fck<\/mark> \u00e9s vigy\u00e1zzunk r\u00e1.<\/p>\n\n<div class=\"wp-block-buttons is-layout-flex wp-block-buttons-is-layout-flex\">\n<div class=\"wp-block-button aligncenter\"><a class=\"wp-block-button__link wp-element-button\" href=\"https:\/\/harmonelo.com\/harmonelo-smart-probio-d610\/\" target=\"_blank\" rel=\"noreferrer noopener\">MEG AKAROM VIZSG\u00c1LNI HARMONELO SMART PROBIO<\/a><\/div>\n<\/div>\n\n<div class=\"wp-block-buttons is-layout-flex wp-block-buttons-is-layout-flex\">\n<div class=\"wp-block-button aligncenter\"><a class=\"wp-block-button__link wp-element-button\" href=\"https:\/\/harmonelo.com\/harmonelo-probione-d611\/\" target=\"_blank\" rel=\"noreferrer noopener\">KI AKAROM PR\u00d3B\u00c1LNI HARMONELO PROBIONE<\/a><\/div>\n<\/div>\n","protected":false},"excerpt":{"rendered":"<p>Ahogy mondj\u00e1k, az ism\u00e9tl\u00e9s a b\u00f6lcsess\u00e9g anyja. A kisujj\u00e1ban vannak az alapvet\u0151 t\u00e9nyek a mikrobiomr\u00f3l? Ha nem, rem\u00e9lj\u00fck, hasznosnak tal\u00e1lja ezt a bejegyz\u00e9st. Mi a mikrobiom? A szervezet\u00fcnkben \u00e9l\u0151 \u00f6sszes mikroorganizmus \u00f6sszes g\u00e9nj\u00e9nek \u00f6sszess\u00e9ge. A legt\u00f6bben val\u00f3sz\u00edn\u0171leg hallottak m\u00e1r a b\u00e9lmikrobiomr\u00f3l, de l\u00e9tezik p\u00e9ld\u00e1ul b\u0151r-, h\u00fcvely- vagy sz\u00e1jmikrobiom is. Mi minden befoly\u00e1solhatja a mikrobiomunkat? A [&hellip;]<\/p>\n","protected":false},"author":5,"featured_media":0,"parent":0,"menu_order":0,"comment_status":"closed","ping_status":"closed","template":"","meta":{"_eb_attr":"","footnotes":""},"class_list":["post-1804902","page","type-page","status-publish","hentry"],"_links":{"self":[{"href":"https:\/\/marketing.harmonelo.io\/hu\/wp-json\/wp\/v2\/pages\/1804902","targetHints":{"allow":["GET"]}}],"collection":[{"href":"https:\/\/marketing.harmonelo.io\/hu\/wp-json\/wp\/v2\/pages"}],"about":[{"href":"https:\/\/marketing.harmonelo.io\/hu\/wp-json\/wp\/v2\/types\/page"}],"author":[{"embeddable":true,"href":"https:\/\/marketing.harmonelo.io\/hu\/wp-json\/wp\/v2\/users\/5"}],"replies":[{"embeddable":true,"href":"https:\/\/marketing.harmonelo.io\/hu\/wp-json\/wp\/v2\/comments?post=1804902"}],"version-history":[{"count":1,"href":"https:\/\/marketing.harmonelo.io\/hu\/wp-json\/wp\/v2\/pages\/1804902\/revisions"}],"predecessor-version":[{"id":1804903,"href":"https:\/\/marketing.harmonelo.io\/hu\/wp-json\/wp\/v2\/pages\/1804902\/revisions\/1804903"}],"wp:attachment":[{"href":"https:\/\/marketing.harmonelo.io\/hu\/wp-json\/wp\/v2\/media?parent=1804902"}],"curies":[{"name":"wp","href":"https:\/\/api.w.org\/{rel}","templated":true}]}}