{"id":1804837,"date":"2023-04-05T16:27:28","date_gmt":"2023-04-05T14:27:28","guid":{"rendered":"https:\/\/marketing.harmonelo.io\/husveti-kulonlegesseg%f0%9f%a5%9a\/"},"modified":"2024-02-26T22:56:51","modified_gmt":"2024-02-26T21:56:51","slug":"husveti-kulonlegesseg%f0%9f%a5%9a","status":"publish","type":"page","link":"https:\/\/marketing.harmonelo.io\/hu\/husveti-kulonlegesseg%f0%9f%a5%9a\/","title":{"rendered":"H\u00fasv\u00e9ti k\u00fcl\u00f6nlegess\u00e9g\ud83e\udd5a"},"content":{"rendered":"\n<hr class=\"wp-block-separator has-alpha-channel-opacity\"\/>\n\n<p class=\"has-text-align-center has-large-font-size\">\ud83d\udc9b\ud83d\udc9c\ud83d\udc9a<\/p>\n\n<p class=\"has-text-align-center\">Itt a h\u00fasv\u00e9t! Ez\u00e9rt k\u00e9sz\u00edtett\u00fcnk egy h\u00fasv\u00e9ti t\u00e9m\u00e1j\u00fa k\u00fcl\u00f6nsz\u00e1mot.  <em><mark style=\"background-color:rgba(0, 0, 0, 0)\" class=\"has-inline-color has-primary-color\">Tudja, meddig kell t\u00e1rolni a f\u0151tt toj\u00e1st?<\/mark><\/em> <em><mark style=\"background-color:rgba(0, 0, 0, 0)\" class=\"has-inline-color has-primary-color\">Hogyan festheted meg otthon a toj\u00e1sokat term\u00e9szetes \u00f6sszetev\u0151kb\u0151l?<\/mark><\/em> <em><mark style=\"background-color:rgba(0, 0, 0, 0)\" class=\"has-inline-color has-primary-color\">Mivel lepheted meg id\u00e9n a csokit vagy csalit?<\/mark> <\/em>Ez \u00e9s m\u00e9g sok minden m\u00e1s megtal\u00e1lhat\u00f3 ebben a bejegyz\u00e9sben.<\/p>\n\n<figure class=\"wp-block-image size-large\"><img loading=\"lazy\" decoding=\"async\" width=\"1024\" height=\"1024\" src=\"https:\/\/marketing.harmonelo.io\/wp-content\/uploads\/2023\/04\/IMG_1138-1024x1024.png\" alt=\"\" class=\"wp-image-1245900\" srcset=\"https:\/\/marketing.harmonelo.io\/wp-content\/uploads\/2023\/04\/IMG_1138-1024x1024.png 1024w, https:\/\/marketing.harmonelo.io\/wp-content\/uploads\/2023\/04\/IMG_1138-300x300.png 300w, https:\/\/marketing.harmonelo.io\/wp-content\/uploads\/2023\/04\/IMG_1138-150x150.png 150w, https:\/\/marketing.harmonelo.io\/wp-content\/uploads\/2023\/04\/IMG_1138-768x768.png 768w, https:\/\/marketing.harmonelo.io\/wp-content\/uploads\/2023\/04\/IMG_1138-12x12.png 12w, https:\/\/marketing.harmonelo.io\/wp-content\/uploads\/2023\/04\/IMG_1138.png 1080w\" sizes=\"auto, (max-width: 1024px) 100vw, 1024px\" \/><\/figure>\n\n<h1 class=\"wp-block-heading has-text-align-center\"><strong>\n  <mark style=\"background-color:rgba(0, 0, 0, 0)\" class=\"has-inline-color has-primary-color\">Hogyan festhetj\u00fck a toj\u00e1sokat term\u00e9szetes \u00f6sszetev\u0151kkel?<\/mark>\n<\/strong>\ud83e\udd5a<\/h1>\n\n<p>Mindenhol mindenf\u00e9le toj\u00e1sfest\u00e9k van. De tudtad, hogy otthonr\u00f3l, k\u00e9nyelmesen d\u00edsz\u00edtheted a toj\u00e1sokat, \u00e9s olyan komponenseket is felhaszn\u00e1lhatsz, amelyekre els\u0151re tal\u00e1n nem is gondolt\u00e1l volna?<\/p>\n\n<h2 class=\"wp-block-heading has-text-align-center\">Hogyan csin\u00e1lod ezt? \ud83d\udd11<\/h2>\n\n<p class=\"has-text-align-center\">\ud83e\udd5a El\u0151sz\u00f6r is, minden toj\u00e1st meg kell tiszt\u00edtani \u00e9s meg kell mosni (zs\u00edrtalan\u00edtani) a fest\u00e9s el\u0151tt. Seg\u00edthet p\u00e9ld\u00e1ul mosogat\u00f3szerrel vagy meleg v\u00edz \u00e9s sz\u00f3da kombin\u00e1ci\u00f3j\u00e1val. Ezek a l\u00e9p\u00e9sek biztos\u00edtj\u00e1k, hogy a k\u00edv\u00e1nt sz\u00edn jobban megragadjon a toj\u00e1son. Most m\u00e1r csak annyi a dolga, hogy kiv\u00e1lassza az \u00d6n \u00e1ltal kiv\u00e1lasztott v\u00e9gleges sz\u00ednt.  <\/p>\n\n<ol class=\"wp-block-list\">\n<li><mark style=\"background-color:rgba(0, 0, 0, 0)\" class=\"has-inline-color has-primary-color\"><strong>Hagyma<\/strong><\/mark>: A <mark style=\"background-color:rgba(0, 0, 0, 0)\" class=\"has-inline-color has-primary-color\">hagymah\u00e9j<\/mark> gy\u00f6ny\u00f6r\u0171 karamellbarn\u00e1ra sz\u00ednezheti a toj\u00e1st.<\/li>\n\n\n\n<li><strong>\n  <mark style=\"background-color:rgba(0, 0, 0, 0)\" class=\"has-inline-color has-primary-color\">KURKUM<\/mark>\n<\/strong><mark style=\"background-color:rgba(0, 0, 0, 0)\" class=\"has-inline-color has-primary-color\"><strong>V<\/strong> <\/mark>: A kurkum\u00e1val a karamells\u00e1rga megfelel\u0151 \u00e1rnyalat\u00e1t var\u00e1zsolhatod.  <\/li>\n\n\n\n<li><mark style=\"background-color:rgba(0, 0, 0, 0)\" class=\"has-inline-color has-primary-color\">\n  <strong>V\u00d6R\u00d6S ARANY:<\/strong>\n<\/mark> A v\u00f6r\u00f6s k\u00e1poszta seg\u00edt a k\u00e9k meglep\u0151 \u00e1rnyalat\u00e1t el\u0151var\u00e1zsolni.<\/li>\n\n\n\n<li><mark style=\"background-color:rgba(0, 0, 0, 0)\" class=\"has-inline-color has-primary-color\"><strong>V\u00d6R\u00d6S VONAL<\/strong>: <\/mark>Ebben az esetben gy\u00f6ny\u00f6r\u0171 piros sz\u00ednt fog el\u00e9rni.<\/li>\n\n\n\n<li><strong>\n  <mark style=\"background-color:rgba(0, 0, 0, 0)\" class=\"has-inline-color has-primary-color\">PETR\u017dEL: <\/mark>\n<\/strong>Petrezselyemmel sz\u00e9p z\u00f6ld \u00e1rnyalatot lehet el\u00e9rni.<\/li>\n<\/ol>\n\n<p class=\"has-text-align-center\">Tegye a toj\u00e1sok sz\u00ednez\u00e9s\u00e9hez sz\u00fcks\u00e9ges b\u00e1rmilyen \u00f6sszetev\u0151t (hagymah\u00e9j, kurkuma stb.) a l\u00e1basba, \u00e9s fedje le 700-800 ml v\u00edzzel. Adjunk hozz\u00e1 2 ev\u0151kan\u00e1l ecetet \u00e9s egy csipet s\u00f3t. Ezut\u00e1n forraljuk fel. Ezut\u00e1n adjuk hozz\u00e1 a toj\u00e1sokat, amelyeket sz\u00ednezni szeretn\u00e9nk, \u00e9s f\u0151zz\u00fck 10 percig. Vegye le a l\u00e1ngot, \u00e9s hagyja a toj\u00e1sokat a lecsepegtetett v\u00edzben kih\u0171lni. Az \u00edgy kapott sz\u00ednek biztosan t\u00e9ged is legal\u00e1bb annyira fognak gy\u00f6ny\u00f6rk\u00f6dtetni, mint minket \ud83d\udc9b\ud83d\udc9c\ud83d\udc9a.<\/p>\n\n<div style=\"height:30px\" aria-hidden=\"true\" class=\"wp-block-spacer\"><\/div>\n\n<figure class=\"wp-block-image size-large\"><img loading=\"lazy\" decoding=\"async\" width=\"1024\" height=\"684\" src=\"https:\/\/marketing.harmonelo.io\/wp-content\/uploads\/2023\/04\/pexels-ksenia-chernaya-3980600-1024x684.jpg\" alt=\"\" class=\"wp-image-1245905\" srcset=\"https:\/\/marketing.harmonelo.io\/wp-content\/uploads\/2023\/04\/pexels-ksenia-chernaya-3980600-1024x684.jpg 1024w, https:\/\/marketing.harmonelo.io\/wp-content\/uploads\/2023\/04\/pexels-ksenia-chernaya-3980600-300x200.jpg 300w, https:\/\/marketing.harmonelo.io\/wp-content\/uploads\/2023\/04\/pexels-ksenia-chernaya-3980600-768x513.jpg 768w, https:\/\/marketing.harmonelo.io\/wp-content\/uploads\/2023\/04\/pexels-ksenia-chernaya-3980600-1536x1025.jpg 1536w, https:\/\/marketing.harmonelo.io\/wp-content\/uploads\/2023\/04\/pexels-ksenia-chernaya-3980600-2048x1367.jpg 2048w, https:\/\/marketing.harmonelo.io\/wp-content\/uploads\/2023\/04\/pexels-ksenia-chernaya-3980600-18x12.jpg 18w\" sizes=\"auto, (max-width: 1024px) 100vw, 1024px\" \/><\/figure>\n\n<div style=\"height:20px\" aria-hidden=\"true\" class=\"wp-block-spacer\"><\/div>\n\n<h1 class=\"wp-block-heading has-text-align-center\">Hogyan kell t\u00e1rolni a f\u0151tt toj\u00e1sokat? \ud83d\udca1<\/h1>\n\n<ol class=\"wp-block-list\">\n<li>M\u00e9g a f\u0151tt toj\u00e1s is korl\u00e1tozott ideig eltarthat\u00f3.<\/li>\n\n\n\n<li>Szobah\u0151m\u00e9rs\u00e9kleten a f\u0151tt toj\u00e1s eltarthat\u00f3s\u00e1gi ideje gyorsan cs\u00f6kken. Az eltarthat\u00f3s\u00e1gi idej\u00fck k\u00f6r\u00fclbel\u00fcl 2-3 nap.<\/li>\n\n\n\n<li>A toj\u00e1s azonban 7-14 napig is el\u00e1ll a h\u0171t\u0151ben (ha f\u0151z\u00e9s ut\u00e1n leh\u0171tj\u00fck, \u00e9s a h\u0171t\u0151be tessz\u00fck).<\/li>\n\n\n\n<li>Term\u00e9szetesen ide\u00e1lis, ha a toj\u00e1st a lehet\u0151 leggyorsabban fogyasztjuk vagy feldolgozzuk.<\/li>\n<\/ol>\n\n<div style=\"height:27px\" aria-hidden=\"true\" class=\"wp-block-spacer\"><\/div>\n\n<figure class=\"wp-block-image size-large\"><img loading=\"lazy\" decoding=\"async\" width=\"1024\" height=\"683\" src=\"https:\/\/marketing.harmonelo.io\/wp-content\/uploads\/2023\/04\/pexels-roman-odintsov-6897341-1024x683.jpg\" alt=\"\" class=\"wp-image-1245904\" srcset=\"https:\/\/marketing.harmonelo.io\/wp-content\/uploads\/2023\/04\/pexels-roman-odintsov-6897341-1024x683.jpg 1024w, https:\/\/marketing.harmonelo.io\/wp-content\/uploads\/2023\/04\/pexels-roman-odintsov-6897341-300x200.jpg 300w, https:\/\/marketing.harmonelo.io\/wp-content\/uploads\/2023\/04\/pexels-roman-odintsov-6897341-768x512.jpg 768w, https:\/\/marketing.harmonelo.io\/wp-content\/uploads\/2023\/04\/pexels-roman-odintsov-6897341-1536x1024.jpg 1536w, https:\/\/marketing.harmonelo.io\/wp-content\/uploads\/2023\/04\/pexels-roman-odintsov-6897341-2048x1365.jpg 2048w, https:\/\/marketing.harmonelo.io\/wp-content\/uploads\/2023\/04\/pexels-roman-odintsov-6897341-18x12.jpg 18w\" sizes=\"auto, (max-width: 1024px) 100vw, 1024px\" \/><\/figure>\n\n<h1 class=\"wp-block-heading has-text-align-center\">Mivel lepheted meg id\u00e9n a csokit vagy csalit? \ud83d\udca1<\/h1>\n\n<p class=\"has-text-align-center\">Id\u00e9n egy eredeti gesztussal k\u00e1pr\u00e1ztathatja el a csokit vagy csal\u00e1st kap\u00f3kat. D\u00edsztoj\u00e1s, csokol\u00e1d\u00e9 nyuszi vagy egy becs\u00fcletes adag h\u00e1zi k\u00e9sz\u00edt\u00e9s\u0171 slivovitz helyett k\u00edn\u00e1lhatja l\u00e1togat\u00f3j\u00e1nak az aj\u00e1nlott napi mennyis\u00e9get valamelyik foly\u00e9kony \u00e9trend-kieg\u00e9sz\u00edt\u0151nkb\u0151l. K\u00fcl\u00f6n\u00f6sen azok, akiknek m\u00e9g nem volt szerencs\u00e9j\u00fck a Harmonelo, biztosan <mark style=\"background-color:rgba(0, 0, 0, 0)\" class=\"has-inline-color has-primary-color\">el lesznek ragadtatva!<\/mark><\/p>\n\n<figure class=\"wp-block-image size-large\"><img loading=\"lazy\" decoding=\"async\" width=\"1024\" height=\"1024\" src=\"https:\/\/marketing.harmonelo.io\/wp-content\/uploads\/2023\/04\/37-1024x1024.jpg\" alt=\"\" class=\"wp-image-1245903\" srcset=\"https:\/\/marketing.harmonelo.io\/wp-content\/uploads\/2023\/04\/37-1024x1024.jpg 1024w, https:\/\/marketing.harmonelo.io\/wp-content\/uploads\/2023\/04\/37-300x300.jpg 300w, https:\/\/marketing.harmonelo.io\/wp-content\/uploads\/2023\/04\/37-150x150.jpg 150w, https:\/\/marketing.harmonelo.io\/wp-content\/uploads\/2023\/04\/37-768x768.jpg 768w, https:\/\/marketing.harmonelo.io\/wp-content\/uploads\/2023\/04\/37-12x12.jpg 12w, https:\/\/marketing.harmonelo.io\/wp-content\/uploads\/2023\/04\/37.jpg 1200w\" sizes=\"auto, (max-width: 1024px) 100vw, 1024px\" \/><\/figure>\n\n<div class=\"wp-block-buttons is-content-justification-center is-layout-flex wp-container-core-buttons-is-layout-a89b3969 wp-block-buttons-is-layout-flex\">\n<div class=\"wp-block-button\"><a class=\"wp-block-button__link wp-element-button\" href=\"https:\/\/harmonelo.com\/harmonelo-life-d512\/\" target=\"_blank\" rel=\"noreferrer noopener\">PR\u00d3B\u00c1LD KI A HARMONELO LIFE<\/a><\/div>\n<\/div>\n\n<p class=\"has-text-align-center\">Kellemes \u00e9s kiegyens\u00falyozott \u00edze sok csoki-vagy-k\u00eds\u00e9r\u0151t megnyer.  <\/p>\n\n<p class=\"has-text-align-center has-large-font-size\">\ud83d\udc9b\ud83d\udc9c\ud83d\udc9a<\/p>\n","protected":false},"excerpt":{"rendered":"<p>\ud83d\udc9b\ud83d\udc9c\ud83d\udc9a Itt a h\u00fasv\u00e9t! Ez\u00e9rt k\u00e9sz\u00edtett\u00fcnk egy h\u00fasv\u00e9ti t\u00e9m\u00e1j\u00fa k\u00fcl\u00f6nsz\u00e1mot. Tudja, meddig kell t\u00e1rolni a f\u0151tt toj\u00e1st? Hogyan festheted meg otthon a toj\u00e1sokat term\u00e9szetes \u00f6sszetev\u0151kb\u0151l? Mivel lepheted meg id\u00e9n a csokit vagy csalit? Ez \u00e9s m\u00e9g sok minden m\u00e1s megtal\u00e1lhat\u00f3 ebben a bejegyz\u00e9sben. Hogyan festhetj\u00fck a toj\u00e1sokat term\u00e9szetes \u00f6sszetev\u0151kkel? \ud83e\udd5a Mindenhol mindenf\u00e9le toj\u00e1sfest\u00e9k van. De [&hellip;]<\/p>\n","protected":false},"author":5,"featured_media":0,"parent":0,"menu_order":0,"comment_status":"closed","ping_status":"closed","template":"","meta":{"_eb_attr":"","footnotes":""},"class_list":["post-1804837","page","type-page","status-publish","hentry"],"_links":{"self":[{"href":"https:\/\/marketing.harmonelo.io\/hu\/wp-json\/wp\/v2\/pages\/1804837","targetHints":{"allow":["GET"]}}],"collection":[{"href":"https:\/\/marketing.harmonelo.io\/hu\/wp-json\/wp\/v2\/pages"}],"about":[{"href":"https:\/\/marketing.harmonelo.io\/hu\/wp-json\/wp\/v2\/types\/page"}],"author":[{"embeddable":true,"href":"https:\/\/marketing.harmonelo.io\/hu\/wp-json\/wp\/v2\/users\/5"}],"replies":[{"embeddable":true,"href":"https:\/\/marketing.harmonelo.io\/hu\/wp-json\/wp\/v2\/comments?post=1804837"}],"version-history":[{"count":1,"href":"https:\/\/marketing.harmonelo.io\/hu\/wp-json\/wp\/v2\/pages\/1804837\/revisions"}],"predecessor-version":[{"id":1804840,"href":"https:\/\/marketing.harmonelo.io\/hu\/wp-json\/wp\/v2\/pages\/1804837\/revisions\/1804840"}],"wp:attachment":[{"href":"https:\/\/marketing.harmonelo.io\/hu\/wp-json\/wp\/v2\/media?parent=1804837"}],"curies":[{"name":"wp","href":"https:\/\/api.w.org\/{rel}","templated":true}]}}