{"id":1804735,"date":"2023-04-12T10:59:49","date_gmt":"2023-04-12T08:59:49","guid":{"rendered":"https:\/\/marketing.harmonelo.io\/%e2%9c%a8-muzli-amit-a-mikrobiomod-szeretni-fog\/"},"modified":"2024-02-26T22:56:16","modified_gmt":"2024-02-26T21:56:16","slug":"%e2%9c%a8-muzli-amit-a-mikrobiomod-szeretni-fog","status":"publish","type":"page","link":"https:\/\/marketing.harmonelo.io\/hu\/%e2%9c%a8-muzli-amit-a-mikrobiomod-szeretni-fog\/","title":{"rendered":"\u2728 M\u00fczli, amit a mikrobiomod szeretni fog"},"content":{"rendered":"\n<figure class=\"wp-block-image size-large\"><img loading=\"lazy\" decoding=\"async\" width=\"1024\" height=\"1024\" src=\"https:\/\/marketing.harmonelo.io\/wp-content\/uploads\/2023\/04\/version1uuidD5F9E477-ACC1-4087-ACFD-1B70E5597FBAmodecompatiblenoloc0.jpeg-1024x1024.jpg\" alt=\"\" class=\"wp-image-1333216\" srcset=\"https:\/\/marketing.harmonelo.io\/wp-content\/uploads\/2023\/04\/version1uuidD5F9E477-ACC1-4087-ACFD-1B70E5597FBAmodecompatiblenoloc0.jpeg-1024x1024.jpg 1024w, https:\/\/marketing.harmonelo.io\/wp-content\/uploads\/2023\/04\/version1uuidD5F9E477-ACC1-4087-ACFD-1B70E5597FBAmodecompatiblenoloc0.jpeg-300x300.jpg 300w, https:\/\/marketing.harmonelo.io\/wp-content\/uploads\/2023\/04\/version1uuidD5F9E477-ACC1-4087-ACFD-1B70E5597FBAmodecompatiblenoloc0.jpeg-150x150.jpg 150w, https:\/\/marketing.harmonelo.io\/wp-content\/uploads\/2023\/04\/version1uuidD5F9E477-ACC1-4087-ACFD-1B70E5597FBAmodecompatiblenoloc0.jpeg-768x768.jpg 768w, https:\/\/marketing.harmonelo.io\/wp-content\/uploads\/2023\/04\/version1uuidD5F9E477-ACC1-4087-ACFD-1B70E5597FBAmodecompatiblenoloc0.jpeg-12x12.jpg 12w, https:\/\/marketing.harmonelo.io\/wp-content\/uploads\/2023\/04\/version1uuidD5F9E477-ACC1-4087-ACFD-1B70E5597FBAmodecompatiblenoloc0.jpeg.jpg 1200w\" sizes=\"auto, (max-width: 1024px) 100vw, 1024px\" \/><\/figure>\n\n<p><\/p>\n\n<h2 class=\"wp-block-heading\">\ud83d\udd38Ingredients:<\/h2>\n\n<ul class=\"wp-block-list\">\n<li>4 alma (h\u00e1mozatlanul, kisebb darabokra v\u00e1gva)<\/li>\n\n\n\n<li>2 cs\u00e9sze cukrozatlan kefir<\/li>\n\n\n\n<li>1\/2 cs\u00e9sze gabonapehely<\/li>\n\n\n\n<li>1\/4 cs\u00e9sze apr\u00f3ra v\u00e1gott di\u00f3<\/li>\n\n\n\n<li>2 ev\u0151kan\u00e1l \u0151r\u00f6lt lenmag<\/li>\n\n\n\n<li>2 ev\u0151kan\u00e1l citroml\u00e9<\/li>\n\n\n\n<li>1\/4 te\u00e1skan\u00e1l szerecsendi\u00f3<\/li>\n\n\n\n<li>1\/4 te\u00e1skan\u00e1l s\u00f3<\/li>\n\n\n\n<li>cik\u00f3riaszirup az \u00edzes\u00edt\u00e9shez<\/li>\n\n\n\n<li>20 ml Harmonelo Vitality<\/li>\n<\/ul>\n\n<h2 class=\"wp-block-heading\">\ud83d\udd38Progress:  <\/h2>\n\n<ul class=\"wp-block-list\">\n<li>Keverje \u00f6ssze az apr\u00f3ra v\u00e1gott alm\u00e1t a kefirrel, a pehellyel, a di\u00f3val, a lenmaggal, a citroml\u00e9vel, a szerecsendi\u00f3val, a s\u00f3val \u00e9s a Harmonel Vitalit\u00e1ssal. T\u00e1rolja a h\u0171t\u0151szekr\u00e9nyben egy \u00e9jszak\u00e1n \u00e1t. Cik\u00f3riasziruppal enyh\u00e9n meglocsolva t\u00e1laljuk.<\/li>\n<\/ul>\n\n<p><strong><mark style=\"background-color:rgba(0, 0, 0, 0)\" class=\"has-inline-color has-primary-color\">\ud83d\udca1Az \u00edgy<em>elk\u00e9sz\u00edtett m\u00fczli t\u00f6bb napig el\u00e1ll a h\u0171t\u0151ben!<\/em><\/mark><\/strong><\/p>\n\n<p class=\"has-text-align-center\">Csin\u00e1ljuk gusztusosan! Rem\u00e9lj\u00fck, hogy ez az id\u0151takar\u00e9kos \u00e9s t\u00e1pl\u00e1lkoz\u00e1silag kiegyens\u00falyozott reggeli jav\u00edtott a napodon \ud83c\udf1e.<\/p>\n\n<div class=\"wp-block-buttons is-content-justification-center is-layout-flex wp-container-core-buttons-is-layout-a89b3969 wp-block-buttons-is-layout-flex\">\n<div class=\"wp-block-button\"><a class=\"wp-block-button__link has-text-align-center wp-element-button\" href=\"https:\/\/harmonelo.com\/harmonelo-vitality-d513\/\" target=\"_blank\" rel=\"noreferrer noopener\">\u00c9RDEKEL A HARMONELO VITALITY<\/a><\/div>\n<\/div>\n","protected":false},"excerpt":{"rendered":"<p>\ud83d\udd38Ingredients: \ud83d\udd38Progress: \ud83d\udca1Az \u00edgyelk\u00e9sz\u00edtett m\u00fczli t\u00f6bb napig el\u00e1ll a h\u0171t\u0151ben! Csin\u00e1ljuk gusztusosan! Rem\u00e9lj\u00fck, hogy ez az id\u0151takar\u00e9kos \u00e9s t\u00e1pl\u00e1lkoz\u00e1silag kiegyens\u00falyozott reggeli jav\u00edtott a napodon \ud83c\udf1e.<\/p>\n","protected":false},"author":5,"featured_media":0,"parent":0,"menu_order":0,"comment_status":"closed","ping_status":"closed","template":"","meta":{"_eb_attr":"","footnotes":""},"class_list":["post-1804735","page","type-page","status-publish","hentry"],"_links":{"self":[{"href":"https:\/\/marketing.harmonelo.io\/hu\/wp-json\/wp\/v2\/pages\/1804735","targetHints":{"allow":["GET"]}}],"collection":[{"href":"https:\/\/marketing.harmonelo.io\/hu\/wp-json\/wp\/v2\/pages"}],"about":[{"href":"https:\/\/marketing.harmonelo.io\/hu\/wp-json\/wp\/v2\/types\/page"}],"author":[{"embeddable":true,"href":"https:\/\/marketing.harmonelo.io\/hu\/wp-json\/wp\/v2\/users\/5"}],"replies":[{"embeddable":true,"href":"https:\/\/marketing.harmonelo.io\/hu\/wp-json\/wp\/v2\/comments?post=1804735"}],"version-history":[{"count":1,"href":"https:\/\/marketing.harmonelo.io\/hu\/wp-json\/wp\/v2\/pages\/1804735\/revisions"}],"predecessor-version":[{"id":1804736,"href":"https:\/\/marketing.harmonelo.io\/hu\/wp-json\/wp\/v2\/pages\/1804735\/revisions\/1804736"}],"wp:attachment":[{"href":"https:\/\/marketing.harmonelo.io\/hu\/wp-json\/wp\/v2\/media?parent=1804735"}],"curies":[{"name":"wp","href":"https:\/\/api.w.org\/{rel}","templated":true}]}}