{"id":1804709,"date":"2023-04-17T17:00:32","date_gmt":"2023-04-17T15:00:32","guid":{"rendered":"https:\/\/marketing.harmonelo.io\/hogyan-keszitsunk-egy-alom-karaktert\/"},"modified":"2024-02-26T22:54:26","modified_gmt":"2024-02-26T21:54:26","slug":"hogyan-keszitsunk-egy-alom-karaktert","status":"publish","type":"page","link":"https:\/\/marketing.harmonelo.io\/hu\/hogyan-keszitsunk-egy-alom-karaktert\/","title":{"rendered":"HOGYAN K\u00c9SZ\u00cdTS\u00dcNK EGY \u00c1LOM KARAKTERT ?"},"content":{"rendered":"\n<p class=\"has-text-align-center\">\u00c1lmai karakter\u00e9nek megalkot\u00e1sa nem kell, hogy olyan nagy dolog legyen, mint amilyennek els\u0151re t\u0171nik. Fontos megjegyezni, hogy minden l\u00e9p\u00e9s sz\u00e1m\u00edt!  <\/p>\n\n<figure class=\"wp-block-image size-large\"><img loading=\"lazy\" decoding=\"async\" width=\"1024\" height=\"683\" src=\"https:\/\/marketing.harmonelo.io\/wp-content\/uploads\/2023\/04\/pexels-karolina-grabowska-4498606-1024x683.jpg\" alt=\"\" class=\"wp-image-1420303\" srcset=\"https:\/\/marketing.harmonelo.io\/wp-content\/uploads\/2023\/04\/pexels-karolina-grabowska-4498606-1024x683.jpg 1024w, https:\/\/marketing.harmonelo.io\/wp-content\/uploads\/2023\/04\/pexels-karolina-grabowska-4498606-300x200.jpg 300w, https:\/\/marketing.harmonelo.io\/wp-content\/uploads\/2023\/04\/pexels-karolina-grabowska-4498606-768x512.jpg 768w, https:\/\/marketing.harmonelo.io\/wp-content\/uploads\/2023\/04\/pexels-karolina-grabowska-4498606-1536x1024.jpg 1536w, https:\/\/marketing.harmonelo.io\/wp-content\/uploads\/2023\/04\/pexels-karolina-grabowska-4498606-2048x1365.jpg 2048w, https:\/\/marketing.harmonelo.io\/wp-content\/uploads\/2023\/04\/pexels-karolina-grabowska-4498606-18x12.jpg 18w\" sizes=\"auto, (max-width: 1024px) 100vw, 1024px\" \/><\/figure>\n\n<h2 class=\"wp-block-heading has-text-align-center\">\ud83d\udccc Kisebb l\u00e9p\u00e9sek = a siker alapja<\/h2>\n\n<p class=\"has-text-align-center\">B\u00e1r j\u00f3 dolog a legjobb eredm\u00e9nyt el\u00e9rni, fontos szem el\u0151tt tartani, hogy maga a <mark style=\"background-color:rgba(0, 0, 0, 0)\" class=\"has-inline-color has-primary-color\">START<\/mark> is el\u00e9g gyorsan \u00e9s k\u00f6nnyen ki\u00e9ghet.<\/p>\n\n<h2 class=\"wp-block-heading has-text-align-center\">\ud83d\udccc Fenntarthat\u00f3 v\u00e1ltoz\u00e1s<\/h2>\n\n<p class=\"has-text-align-center\">A fenntarthat\u00f3s\u00e1g, mint a siker kulcsa, nemcsak a di\u00e9t\u00e1ban, hanem a sportban is fontos. Ez\u00e9rt l\u00e9nyeges, hogy arra \u00f6sszpontos\u00edtsunk, ami hossz\u00fa t\u00e1von <mark style=\"background-color:rgba(0, 0, 0, 0)\" class=\"has-inline-color has-primary-color\">fenntarthat\u00f3<\/mark>.<\/p>\n\n<figure class=\"wp-block-image size-large\"><img loading=\"lazy\" decoding=\"async\" width=\"1024\" height=\"684\" src=\"https:\/\/marketing.harmonelo.io\/wp-content\/uploads\/2023\/04\/pexels-tirachard-kumtanom-347134-1024x684.jpg\" alt=\"\" class=\"wp-image-1420301\" srcset=\"https:\/\/marketing.harmonelo.io\/wp-content\/uploads\/2023\/04\/pexels-tirachard-kumtanom-347134-1024x684.jpg 1024w, https:\/\/marketing.harmonelo.io\/wp-content\/uploads\/2023\/04\/pexels-tirachard-kumtanom-347134-300x200.jpg 300w, https:\/\/marketing.harmonelo.io\/wp-content\/uploads\/2023\/04\/pexels-tirachard-kumtanom-347134-768x513.jpg 768w, https:\/\/marketing.harmonelo.io\/wp-content\/uploads\/2023\/04\/pexels-tirachard-kumtanom-347134-1536x1025.jpg 1536w, https:\/\/marketing.harmonelo.io\/wp-content\/uploads\/2023\/04\/pexels-tirachard-kumtanom-347134-2048x1367.jpg 2048w, https:\/\/marketing.harmonelo.io\/wp-content\/uploads\/2023\/04\/pexels-tirachard-kumtanom-347134-18x12.jpg 18w\" sizes=\"auto, (max-width: 1024px) 100vw, 1024px\" \/><\/figure>\n\n<h2 class=\"wp-block-heading has-text-align-center\">\ud83d\udccc Apr\u00f3 dolgok, amelyek nem f\u00e1jnak<\/h2>\n\n<p class=\"has-text-align-center\">Hogyan kezdj\u00fck? Elege van a sportb\u00f3l, vagy ak\u00e1r ellenszenvet \u00e9rez ir\u00e1nta? Mi lenne, ha sz\u00e9pen \u00e9s lassan kezden\u00e9nk? Kezdetnek egy \u00e9l\u00e9nkebb s\u00e9ta is j\u00f3 lehet. Fokozatosan n\u00f6velheti az \u00fatvonalat \u00e9s a temp\u00f3t is.<em>  Busszal vagy aut\u00f3busszal j\u00e1r munk\u00e1ba?<\/em>  Sz\u00e1lljon le 1-2 meg\u00e1ll\u00f3val kor\u00e1bban! Higgye el, m\u00e9g ezek a kis v\u00e1ltoztat\u00e1sok is sokat sz\u00e1m\u00edtanak.<\/p>\n\n<h2 class=\"wp-block-heading has-text-align-center\">\ud83d\udccc Kett\u0151vel jobban megy<\/h2>\n\n<p class=\"has-text-align-center\">Term\u00e9szetes, hogy id\u0151vel m\u00e9g a legmotiv\u00e1ltabb emberek is elvesz\u00edthetik motiv\u00e1ci\u00f3jukat. Ez\u00e9rt j\u00f3, ha van egy<mark style=\"background-color:rgba(0, 0, 0, 0)\" class=\"has-inline-color has-primary-color\"> partner<\/mark>, akivel motiv\u00e1lhatj\u00e1tok \u00e9s b\u00e1tor\u00edthatj\u00e1tok egym\u00e1st.<\/p>\n\n<figure class=\"wp-block-image aligncenter size-large\"><img loading=\"lazy\" decoding=\"async\" width=\"1024\" height=\"683\" src=\"https:\/\/marketing.harmonelo.io\/wp-content\/uploads\/2023\/04\/pexels-andrea-piacquadio-3768722-1024x683.jpg\" alt=\"\" class=\"wp-image-1420302\" srcset=\"https:\/\/marketing.harmonelo.io\/wp-content\/uploads\/2023\/04\/pexels-andrea-piacquadio-3768722-1024x683.jpg 1024w, https:\/\/marketing.harmonelo.io\/wp-content\/uploads\/2023\/04\/pexels-andrea-piacquadio-3768722-300x200.jpg 300w, https:\/\/marketing.harmonelo.io\/wp-content\/uploads\/2023\/04\/pexels-andrea-piacquadio-3768722-768x512.jpg 768w, https:\/\/marketing.harmonelo.io\/wp-content\/uploads\/2023\/04\/pexels-andrea-piacquadio-3768722-1536x1024.jpg 1536w, https:\/\/marketing.harmonelo.io\/wp-content\/uploads\/2023\/04\/pexels-andrea-piacquadio-3768722-2048x1365.jpg 2048w, https:\/\/marketing.harmonelo.io\/wp-content\/uploads\/2023\/04\/pexels-andrea-piacquadio-3768722-18x12.jpg 18w\" sizes=\"auto, (max-width: 1024px) 100vw, 1024px\" \/><\/figure>\n\n<h2 class=\"wp-block-heading has-text-align-center\">\ud83d\udccc Pr\u00f3b\u00e1lj ki \u00faj dolgokat  <\/h2>\n\n<p class=\"has-text-align-center\">N\u00e9ha nem \u00e1rt, ha kil\u00e9psz a komfortz\u00f3n\u00e1db\u00f3l. Pr\u00f3b\u00e1ljon meg feliratkozni egy olyan \u00f3r\u00e1ra, amire kor\u00e1bban nem is gondolt volna. \u00cdgy jobban meg tudod \u00edt\u00e9lni, hogy melyik sport\u00e1g fekszik a sz\u00edvednek, \u00e9s melyik nem.<\/p>\n\n<h2 class=\"wp-block-heading has-text-align-center\">Kezdje el m\u00e9g ma!<\/h2>\n\n<p class=\"has-text-align-center\">Egyedi term\u00e9keink egyike is remek partner lehet!<\/p>\n\n<div class=\"wp-block-buttons is-content-justification-center is-layout-flex wp-container-core-buttons-is-layout-a89b3969 wp-block-buttons-is-layout-flex\">\n<div class=\"wp-block-button\"><a class=\"wp-block-button__link has-text-align-center wp-element-button\" href=\"https:\/\/harmonelo.com\/harmonelo-slim-d596\/\" target=\"_blank\" rel=\"noreferrer noopener\">A HARMONELO SLIM V\u00c1LASZTOM<\/a><\/div>\n<\/div>\n\n<div class=\"wp-block-buttons is-content-justification-center is-layout-flex wp-container-core-buttons-is-layout-a89b3969 wp-block-buttons-is-layout-flex\">\n<div class=\"wp-block-button\"><a class=\"wp-block-button__link has-text-align-center wp-element-button\" href=\"https:\/\/catalog.harmonelo.com\/produkty\/slim\" target=\"_blank\" rel=\"noreferrer noopener\">MI\u00c9RT HARMONELO SLIM?<\/a><\/div>\n<\/div>\n\n<p class=\"has-text-align-center has-x-large-font-size\">\ud83e\udd38\ud83e\uddd8\u200d\u2642\ufe0f\ud83c\udfc4\u200d\u2640\ufe0f<\/p>\n","protected":false},"excerpt":{"rendered":"<p>\u00c1lmai karakter\u00e9nek megalkot\u00e1sa nem kell, hogy olyan nagy dolog legyen, mint amilyennek els\u0151re t\u0171nik. Fontos megjegyezni, hogy minden l\u00e9p\u00e9s sz\u00e1m\u00edt! \ud83d\udccc Kisebb l\u00e9p\u00e9sek = a siker alapja B\u00e1r j\u00f3 dolog a legjobb eredm\u00e9nyt el\u00e9rni, fontos szem el\u0151tt tartani, hogy maga a START is el\u00e9g gyorsan \u00e9s k\u00f6nnyen ki\u00e9ghet. \ud83d\udccc Fenntarthat\u00f3 v\u00e1ltoz\u00e1s A fenntarthat\u00f3s\u00e1g, mint a [&hellip;]<\/p>\n","protected":false},"author":5,"featured_media":0,"parent":0,"menu_order":0,"comment_status":"closed","ping_status":"closed","template":"","meta":{"_eb_attr":"","footnotes":""},"class_list":["post-1804709","page","type-page","status-publish","hentry"],"_links":{"self":[{"href":"https:\/\/marketing.harmonelo.io\/hu\/wp-json\/wp\/v2\/pages\/1804709","targetHints":{"allow":["GET"]}}],"collection":[{"href":"https:\/\/marketing.harmonelo.io\/hu\/wp-json\/wp\/v2\/pages"}],"about":[{"href":"https:\/\/marketing.harmonelo.io\/hu\/wp-json\/wp\/v2\/types\/page"}],"author":[{"embeddable":true,"href":"https:\/\/marketing.harmonelo.io\/hu\/wp-json\/wp\/v2\/users\/5"}],"replies":[{"embeddable":true,"href":"https:\/\/marketing.harmonelo.io\/hu\/wp-json\/wp\/v2\/comments?post=1804709"}],"version-history":[{"count":1,"href":"https:\/\/marketing.harmonelo.io\/hu\/wp-json\/wp\/v2\/pages\/1804709\/revisions"}],"predecessor-version":[{"id":1804710,"href":"https:\/\/marketing.harmonelo.io\/hu\/wp-json\/wp\/v2\/pages\/1804709\/revisions\/1804710"}],"wp:attachment":[{"href":"https:\/\/marketing.harmonelo.io\/hu\/wp-json\/wp\/v2\/media?parent=1804709"}],"curies":[{"name":"wp","href":"https:\/\/api.w.org\/{rel}","templated":true}]}}