{"id":1806383,"date":"2023-03-22T09:56:43","date_gmt":"2023-03-22T08:56:43","guid":{"rendered":"https:\/\/marketing.harmonelo.io\/mikrobiom-sazetak-bitnih-stvari-2\/"},"modified":"2024-03-01T17:08:27","modified_gmt":"2024-03-01T16:08:27","slug":"mikrobiom-sazetak-bitnih-stvari-2","status":"publish","type":"page","link":"https:\/\/marketing.harmonelo.io\/hr\/mikrobiom-sazetak-bitnih-stvari-2\/","title":{"rendered":"Mikrobiom: sa\u017eetak bitnih stvari"},"content":{"rendered":"\n<p class=\"has-text-align-center\">Kako ka\u017eu, ponavljanje je majka mudrosti. Imate li <mark style=\"background-color:rgba(0, 0, 0, 0)\" class=\"has-inline-color has-primary-color\">osnovne \u010dinjenice o mikrobiomu<\/mark> pri ruci? Ako niste, nadamo se da \u0107e vam ovaj post biti koristan.<\/p>\n\n<hr class=\"wp-block-separator has-alpha-channel-opacity\"\/>\n\n<figure class=\"wp-block-image size-large\"><img loading=\"lazy\" decoding=\"async\" width=\"1024\" height=\"683\" src=\"https:\/\/marketing.harmonelo.io\/wp-content\/uploads\/2023\/03\/pexels-alexander-mils-2103949-1024x683.jpg\" alt=\"\" class=\"wp-image-1070145\" srcset=\"https:\/\/marketing.harmonelo.io\/wp-content\/uploads\/2023\/03\/pexels-alexander-mils-2103949-1024x683.jpg 1024w, https:\/\/marketing.harmonelo.io\/wp-content\/uploads\/2023\/03\/pexels-alexander-mils-2103949-300x200.jpg 300w, https:\/\/marketing.harmonelo.io\/wp-content\/uploads\/2023\/03\/pexels-alexander-mils-2103949-768x512.jpg 768w, https:\/\/marketing.harmonelo.io\/wp-content\/uploads\/2023\/03\/pexels-alexander-mils-2103949-1536x1024.jpg 1536w, https:\/\/marketing.harmonelo.io\/wp-content\/uploads\/2023\/03\/pexels-alexander-mils-2103949-2048x1365.jpg 2048w, https:\/\/marketing.harmonelo.io\/wp-content\/uploads\/2023\/03\/pexels-alexander-mils-2103949-18x12.jpg 18w\" sizes=\"auto, (max-width: 1024px) 100vw, 1024px\" \/><\/figure>\n\n<p class=\"has-text-align-center\"><mark style=\"background-color:rgba(0, 0, 0, 0)\" class=\"has-inline-color has-primary-color\"><strong>\u0160to je zapravo mikrobiom?<\/strong><\/mark>  Zbirka svih gena svih mikroorganizama koji nastanjuju na\u0161 organizam. Ve\u0107ina nas je vjerojatno \u010dula za crijevni mikrobiom, no postoji i, primjerice, ko\u017eni, vaginalni ili oralni mikrobiom.<\/p>\n\n<p class=\"has-text-align-center\"><strong><mark style=\"background-color:rgba(0, 0, 0, 0)\" class=\"has-inline-color has-primary-color\">Na \u0161to na\u0161 mikrobiom mo\u017ee utjecati?<\/mark><\/strong>  Podru\u010dje mikrobioma trenutno je predmet mnogih istra\u017eivanja. Mnogo toga nam jo\u0161 uvijek mo\u017ee ostati skriveno. Me\u0111utim, jasno je da brojni \u010dimbenici utje\u010du na na\u0161 mikrobiom.<\/p>\n\n<h1 class=\"has-text-align-center wp-block-heading\"><strong><mark style=\"background-color:rgba(0, 0, 0, 0)\" class=\"has-inline-color has-primary-color\">Na primjer, \u0161to su oni?<\/mark><\/strong><\/h1>\n\n<ol class=\"wp-block-list\">\n<li>Na\u0161 cjelokupni \u017eivotni stil<\/li>\n\n\n\n<li>Poro\u0111aj (prirodan\/carski rez)<\/li>\n\n\n\n<li>Dojenje<\/li>\n\n\n\n<li>Dodatak lijekovima<\/li>\n\n\n\n<li>Totalni na\u010din \u017eivota<\/li>\n\n\n\n<li>Higijena spavanja<\/li>\n\n\n\n<li>Okru\u017eenje u kojem \u017eivimo<\/li>\n<\/ol>\n\n<div style=\"height:30px\" aria-hidden=\"true\" class=\"wp-block-spacer\"><\/div>\n\n<figure class=\"wp-block-image size-large\"><img loading=\"lazy\" decoding=\"async\" width=\"1024\" height=\"683\" src=\"https:\/\/marketing.harmonelo.io\/wp-content\/uploads\/2023\/03\/pexels-andrea-piacquadio-712413-1024x683.jpg\" alt=\"\" class=\"wp-image-1070146\" srcset=\"https:\/\/marketing.harmonelo.io\/wp-content\/uploads\/2023\/03\/pexels-andrea-piacquadio-712413-1024x683.jpg 1024w, https:\/\/marketing.harmonelo.io\/wp-content\/uploads\/2023\/03\/pexels-andrea-piacquadio-712413-300x200.jpg 300w, https:\/\/marketing.harmonelo.io\/wp-content\/uploads\/2023\/03\/pexels-andrea-piacquadio-712413-768x512.jpg 768w, https:\/\/marketing.harmonelo.io\/wp-content\/uploads\/2023\/03\/pexels-andrea-piacquadio-712413-1536x1024.jpg 1536w, https:\/\/marketing.harmonelo.io\/wp-content\/uploads\/2023\/03\/pexels-andrea-piacquadio-712413-2048x1365.jpg 2048w, https:\/\/marketing.harmonelo.io\/wp-content\/uploads\/2023\/03\/pexels-andrea-piacquadio-712413-18x12.jpg 18w\" sizes=\"auto, (max-width: 1024px) 100vw, 1024px\" \/><\/figure>\n\n<div style=\"height:20px\" aria-hidden=\"true\" class=\"wp-block-spacer\"><\/div>\n\n<p class=\"has-text-align-center\">Kao \u0161to je vjerojatno ve\u0107 jasno iz spomenutih to\u010daka, podru\u010dje mikrobioma nije nimalo jednozna\u010dno. Naprotiv, to je <mark style=\"background-color:rgba(0, 0, 0, 0)\" class=\"has-inline-color has-primary-color\"><strong>kompleks mnogih \u010dimbenika<\/strong><\/mark> koji oblikuju i utje\u010du na na\u0161 mikrobiom, koji je <mark style=\"background-color:rgba(0, 0, 0, 0)\" class=\"has-inline-color has-primary-color\"><strong>jedinstven<\/strong><\/mark> . Na\u0161a &#8220;desetka&#8221; mogla bi vam pomo\u0107i u brizi o mikrobiomu.<\/p>\n\n<h1 class=\"has-text-align-center wp-block-heading\">Deset na\u010dina da se brinete za svoj mikrobiom<\/h1>\n\n<ol class=\"wp-block-list\">\n<li>Podr\u017eite raznolikost svoje mikrobne raznolikosti raznolikom prehranom.<\/li>\n\n\n\n<li>Ako to nije prijeko potrebno (intolerancije na hranu, alergije ili druge pote\u0161ko\u0107e), poku\u0161ajte ne izbacivati \u200b\u200b\u010ditave skupine namirnica s jelovnika bez potrebe.<\/li>\n\n\n\n<li>Ne zaboravite povr\u0107e i vo\u0107e, uzmite u obzir sezonalnost i lokalitet.<\/li>\n\n\n\n<li>Jedite umjereno i redovito.<\/li>\n\n\n\n<li>Uklju\u010dite hranu bogatu vlaknima u svoju prehranu.<\/li>\n\n\n\n<li>Izbjegavajte visoko prera\u0111enu hranu.<\/li>\n\n\n\n<li>Razmi\u0161ljajte o kretanju i boravku u prirodi.<\/li>\n\n\n\n<li>Vodite ra\u010duna o svom mentalnom blagostanju.<\/li>\n\n\n\n<li>Ne uskra\u0107ujte si kvalitetan san.<\/li>\n\n\n\n<li>Pazite na re\u017eim pijenja.<\/li>\n<\/ol>\n\n<div style=\"height:27px\" aria-hidden=\"true\" class=\"wp-block-spacer\"><\/div>\n\n<figure class=\"wp-block-image size-large\"><img loading=\"lazy\" decoding=\"async\" width=\"1024\" height=\"683\" src=\"https:\/\/marketing.harmonelo.io\/wp-content\/uploads\/2023\/03\/pexels-alexy-almond-3758053-1-1024x683.jpg\" alt=\"\" class=\"wp-image-1070148\" srcset=\"https:\/\/marketing.harmonelo.io\/wp-content\/uploads\/2023\/03\/pexels-alexy-almond-3758053-1-1024x683.jpg 1024w, https:\/\/marketing.harmonelo.io\/wp-content\/uploads\/2023\/03\/pexels-alexy-almond-3758053-1-300x200.jpg 300w, https:\/\/marketing.harmonelo.io\/wp-content\/uploads\/2023\/03\/pexels-alexy-almond-3758053-1-768x512.jpg 768w, https:\/\/marketing.harmonelo.io\/wp-content\/uploads\/2023\/03\/pexels-alexy-almond-3758053-1-1536x1024.jpg 1536w, https:\/\/marketing.harmonelo.io\/wp-content\/uploads\/2023\/03\/pexels-alexy-almond-3758053-1-2048x1365.jpg 2048w, https:\/\/marketing.harmonelo.io\/wp-content\/uploads\/2023\/03\/pexels-alexy-almond-3758053-1-18x12.jpg 18w\" sizes=\"auto, (max-width: 1024px) 100vw, 1024px\" \/><\/figure>\n\n<h1 class=\"has-text-align-center wp-block-heading\">\u0160to to implicira?<\/h1>\n\n<p class=\"has-text-align-center\">Podru\u010dje mikrobioma ne treba <mark style=\"background-color:rgba(0, 0, 0, 0)\" class=\"has-inline-color has-primary-color\">podcjenjivati<\/mark> . Po\u017eeljno je o tim stvarima promi\u0161ljati i <mark style=\"background-color:rgba(0, 0, 0, 0)\" class=\"has-inline-color has-primary-color\">preventivno<\/mark> te na podru\u010dje mikrobioma gledati kao na ne\u0161to <mark style=\"background-color:rgba(0, 0, 0, 0)\" class=\"has-inline-color has-primary-color\">kompleksno<\/mark> . Zdravlje imamo samo jedno i zato ga <mark style=\"background-color:rgba(0, 0, 0, 0)\" class=\"has-inline-color has-primary-color\">nemojte prestati cijeniti<\/mark> i brinuti se o njemu.<\/p>\n\n<div class=\"wp-block-buttons is-layout-flex wp-block-buttons-is-layout-flex\">\n<div class=\"wp-block-button aligncenter\"><a class=\"wp-block-button__link wp-element-button\" href=\"https:\/\/harmonelo.com\/harmonelo-smart-probio-d610\/\" target=\"_blank\" rel=\"noreferrer noopener\">\u017dELIM PROBATI HARMONELO SMART PROBIO<\/a><\/div>\n<\/div>\n\n<div class=\"wp-block-buttons is-layout-flex wp-block-buttons-is-layout-flex\">\n<div class=\"wp-block-button aligncenter\"><a class=\"wp-block-button__link wp-element-button\" href=\"https:\/\/harmonelo.com\/harmonelo-probione-d611\/\" target=\"_blank\" rel=\"noreferrer noopener\">\u017dELIM PROBATI HARMONELO PROBIONE<\/a><\/div>\n<\/div>\n","protected":false},"excerpt":{"rendered":"<p>Kako ka\u017eu, ponavljanje je majka mudrosti. Imate li osnovne \u010dinjenice o mikrobiomu pri ruci? Ako niste, nadamo se da \u0107e vam ovaj post biti koristan. \u0160to je zapravo mikrobiom? Zbirka svih gena svih mikroorganizama koji nastanjuju na\u0161 organizam. Ve\u0107ina nas je vjerojatno \u010dula za crijevni mikrobiom, no postoji i, primjerice, ko\u017eni, vaginalni ili oralni mikrobiom. [&hellip;]<\/p>\n","protected":false},"author":5,"featured_media":0,"parent":0,"menu_order":0,"comment_status":"closed","ping_status":"closed","template":"","meta":{"_eb_attr":"","footnotes":""},"class_list":["post-1806383","page","type-page","status-publish","hentry"],"_links":{"self":[{"href":"https:\/\/marketing.harmonelo.io\/hr\/wp-json\/wp\/v2\/pages\/1806383","targetHints":{"allow":["GET"]}}],"collection":[{"href":"https:\/\/marketing.harmonelo.io\/hr\/wp-json\/wp\/v2\/pages"}],"about":[{"href":"https:\/\/marketing.harmonelo.io\/hr\/wp-json\/wp\/v2\/types\/page"}],"author":[{"embeddable":true,"href":"https:\/\/marketing.harmonelo.io\/hr\/wp-json\/wp\/v2\/users\/5"}],"replies":[{"embeddable":true,"href":"https:\/\/marketing.harmonelo.io\/hr\/wp-json\/wp\/v2\/comments?post=1806383"}],"version-history":[{"count":1,"href":"https:\/\/marketing.harmonelo.io\/hr\/wp-json\/wp\/v2\/pages\/1806383\/revisions"}],"predecessor-version":[{"id":1806384,"href":"https:\/\/marketing.harmonelo.io\/hr\/wp-json\/wp\/v2\/pages\/1806383\/revisions\/1806384"}],"wp:attachment":[{"href":"https:\/\/marketing.harmonelo.io\/hr\/wp-json\/wp\/v2\/media?parent=1806383"}],"curies":[{"name":"wp","href":"https:\/\/api.w.org\/{rel}","templated":true}]}}