{"id":1806072,"date":"2023-04-12T10:07:05","date_gmt":"2023-04-12T08:07:05","guid":{"rendered":"https:\/\/marketing.harmonelo.io\/harmonelo-hope-%f0%9f%a6%8b-2\/"},"modified":"2024-03-01T17:01:23","modified_gmt":"2024-03-01T16:01:23","slug":"harmonelo-hope-%f0%9f%a6%8b-2","status":"publish","type":"page","link":"https:\/\/marketing.harmonelo.io\/hr\/harmonelo-hope-%f0%9f%a6%8b-2\/","title":{"rendered":"Harmonelo Hope \ud83e\udd8b"},"content":{"rendered":"\n<hr class=\"wp-block-separator has-alpha-channel-opacity\"\/>\n\n<div style=\"height:20px\" aria-hidden=\"true\" class=\"wp-block-spacer\"><\/div>\n\n<h2 class=\"wp-block-heading has-text-align-center\"> <strong><em>Laurinkino putovanje<\/em><\/strong> \ud83d\udc63<\/h2>\n\n<figure class=\"wp-block-image aligncenter size-large is-resized\"><img loading=\"lazy\" decoding=\"async\" width=\"1024\" height=\"1024\" src=\"https:\/\/marketing.harmonelo.io\/wp-content\/uploads\/2023\/04\/version1uuid804C32DA-19BB-45FF-A8A5-B28C52B29925modecompatiblenoloc0.jpeg-1024x1024.jpg\" alt=\"\" class=\"wp-image-1333282\" style=\"width:569px;height:569px\" srcset=\"https:\/\/marketing.harmonelo.io\/wp-content\/uploads\/2023\/04\/version1uuid804C32DA-19BB-45FF-A8A5-B28C52B29925modecompatiblenoloc0.jpeg-1024x1024.jpg 1024w, https:\/\/marketing.harmonelo.io\/wp-content\/uploads\/2023\/04\/version1uuid804C32DA-19BB-45FF-A8A5-B28C52B29925modecompatiblenoloc0.jpeg-300x300.jpg 300w, https:\/\/marketing.harmonelo.io\/wp-content\/uploads\/2023\/04\/version1uuid804C32DA-19BB-45FF-A8A5-B28C52B29925modecompatiblenoloc0.jpeg-150x150.jpg 150w, https:\/\/marketing.harmonelo.io\/wp-content\/uploads\/2023\/04\/version1uuid804C32DA-19BB-45FF-A8A5-B28C52B29925modecompatiblenoloc0.jpeg-768x768.jpg 768w, https:\/\/marketing.harmonelo.io\/wp-content\/uploads\/2023\/04\/version1uuid804C32DA-19BB-45FF-A8A5-B28C52B29925modecompatiblenoloc0.jpeg-12x12.jpg 12w, https:\/\/marketing.harmonelo.io\/wp-content\/uploads\/2023\/04\/version1uuid804C32DA-19BB-45FF-A8A5-B28C52B29925modecompatiblenoloc0.jpeg.jpg 1080w\" sizes=\"auto, (max-width: 1024px) 100vw, 1024px\" \/><\/figure>\n\n<h2 class=\"wp-block-heading has-text-align-center\"><em>Te\u0161ka pri\u010da o Laurinki:<\/em><\/h2>\n\n<p class=\"has-text-align-center\">\ud83e\udd0d \u0160ekmarovi su Laurinku doveli ku\u0107i iz bolnice 17. velja\u010de 2022. Od toga dana imaju je u udomiteljstvu koje im je sud odredio. Kao baka i djed, oni su ovla\u0161teni zastupati Laurinku u svakom pogledu i imaju ista prava kao roditelji. Sada se, me\u0111utim, jo\u0161 \u010deka odluka suda o oduzimanju prava roditeljima i imenovanju bake i djeda za skrbnike.<\/p>\n\n<p class=\"has-text-align-center\">\ud83e\udd0d Nije bilo ba\u0161 lako. Gospo\u0111a \u0160ekmarov\u00e1 morala je provesti 10 dana s Laurinkom u bolnici u Hradec Kr\u00e1lov\u00e9u, gdje ju je medicinsko osoblje nau\u010dilo kako djevoj\u010dici dati lijek i kako se brinuti za nju. Naknadno su sudu poslali izvje\u0161\u0107e u kojem se vidi da se gospo\u0111a \u0160ekmarov\u00e1 mogla brinuti za bolesno dijete, te da je o\u010dito da Laurinka ima topao odnos s bakom. \ud83d\udc69\u200d\ud83c\udf7c<\/p>\n\n<p class=\"has-text-align-center\">\ud83e\udd0d Zbog ove preporuke sud je odlu\u010dio da \u0107e se o djetetu dobro brinuti baka i djed. S obzirom da <mark style=\"background-color:rgba(0, 0, 0, 0)\" class=\"has-inline-color has-primary-color\">su roditelji nezainteresirani<\/mark> za dijete od ro\u0111enja i koriste sredstva ovisnosti, tijelo za socijalno-pravnu za\u0161titu djece predla\u017ee da se roditelji li\u0161e roditeljskog prava.<\/p>\n\n<figure class=\"wp-block-image aligncenter size-large is-resized\"><img loading=\"lazy\" decoding=\"async\" width=\"1024\" height=\"1024\" src=\"https:\/\/marketing.harmonelo.io\/wp-content\/uploads\/2023\/03\/2-1024x1024.jpg\" alt=\"\" class=\"wp-image-981759\" style=\"width:577px;height:577px\" srcset=\"https:\/\/marketing.harmonelo.io\/wp-content\/uploads\/2023\/03\/2-1024x1024.jpg 1024w, https:\/\/marketing.harmonelo.io\/wp-content\/uploads\/2023\/03\/2-300x300.jpg 300w, https:\/\/marketing.harmonelo.io\/wp-content\/uploads\/2023\/03\/2-150x150.jpg 150w, https:\/\/marketing.harmonelo.io\/wp-content\/uploads\/2023\/03\/2-768x768.jpg 768w, https:\/\/marketing.harmonelo.io\/wp-content\/uploads\/2023\/03\/2-12x12.jpg 12w, https:\/\/marketing.harmonelo.io\/wp-content\/uploads\/2023\/03\/2.jpg 1200w\" sizes=\"auto, (max-width: 1024px) 100vw, 1024px\" \/><\/figure>\n\n<p class=\"has-text-align-center\">Molimo vas da nam nastavite pomagati kroz druge lijepe projekte koje \u0107emo vam postupno predstavljati.<\/p>\n\n<p class=\"has-text-align-center\">Nov\u010dani iznos po svom izboru mo\u017eete poslati na transparentne ra\u010dune koji se vode u Raiffeisenbank:<\/p>\n\n<blockquote class=\"wp-block-quote is-layout-flow wp-block-quote-is-layout-flow\">\n<p class=\"has-text-align-center has-primary-color has-text-color\"><strong><a href=\"https:\/\/www.rb.cz\/povinne-zverejnovane-informace\/transparentni-ucty?path=transactions&amp;accountNumber=2022102250\" target=\"_blank\" rel=\"noreferrer noopener\"><mark style=\"background-color:rgba(0, 0, 0, 0)\" class=\"has-inline-color has-contrast-color\">2022102250\/5500 CZK<\/mark><\/a><\/strong> (za doprinose u CZK); IBAN: CZ6655000000002022102250 (za doprinose iz drugih zemalja osim CZ); BIC: RZBCCZP<\/p>\n<\/blockquote>\n\n<blockquote class=\"wp-block-quote is-layout-flow wp-block-quote-is-layout-flow\">\n<p class=\"has-text-align-center has-primary-color has-text-color\"><mark style=\"background-color:rgba(0, 0, 0, 0)\" class=\"has-inline-color has-primary-color\"><a href=\"https:\/\/www.rb.cz\/povinne-zverejnovane-informace\/transparentni-ucty?path=transactions&amp;accountNumber=2022102285\" target=\"_blank\" rel=\"noreferrer noopener\"><strong>2022102285\/5500 EUR<\/strong><\/a><\/mark> (za doprinose u EUR); IBAN: CZ9155000000002022102285 (za priloge iz drugih zemalja osim CZ); BIC: RZBCCZPP<\/p>\n<\/blockquote>\n\n<div style=\"height:20px\" aria-hidden=\"true\" class=\"wp-block-spacer\"><\/div>\n\n<h2 class=\"wp-block-heading has-text-align-center\">Hvala vam \u0161to ste nam pomogli gdje je to bilo potrebno.<\/h2>\n\n<h2 class=\"wp-block-heading has-text-align-center\">\ud83e\udd8b\ud83e\udd8b\ud83e\udd8b<\/h2>\n\n<p class=\"has-text-align-center has-base-color has-base-background-color has-text-color has-background\"><\/p>\n","protected":false},"excerpt":{"rendered":"<p>Laurinkino putovanje \ud83d\udc63 Te\u0161ka pri\u010da o Laurinki: \ud83e\udd0d \u0160ekmarovi su Laurinku doveli ku\u0107i iz bolnice 17. velja\u010de 2022. Od toga dana imaju je u udomiteljstvu koje im je sud odredio. Kao baka i djed, oni su ovla\u0161teni zastupati Laurinku u svakom pogledu i imaju ista prava kao roditelji. Sada se, me\u0111utim, jo\u0161 \u010deka odluka suda [&hellip;]<\/p>\n","protected":false},"author":5,"featured_media":0,"parent":0,"menu_order":0,"comment_status":"closed","ping_status":"closed","template":"","meta":{"_eb_attr":"","footnotes":""},"class_list":["post-1806072","page","type-page","status-publish","hentry"],"_links":{"self":[{"href":"https:\/\/marketing.harmonelo.io\/hr\/wp-json\/wp\/v2\/pages\/1806072","targetHints":{"allow":["GET"]}}],"collection":[{"href":"https:\/\/marketing.harmonelo.io\/hr\/wp-json\/wp\/v2\/pages"}],"about":[{"href":"https:\/\/marketing.harmonelo.io\/hr\/wp-json\/wp\/v2\/types\/page"}],"author":[{"embeddable":true,"href":"https:\/\/marketing.harmonelo.io\/hr\/wp-json\/wp\/v2\/users\/5"}],"replies":[{"embeddable":true,"href":"https:\/\/marketing.harmonelo.io\/hr\/wp-json\/wp\/v2\/comments?post=1806072"}],"version-history":[{"count":1,"href":"https:\/\/marketing.harmonelo.io\/hr\/wp-json\/wp\/v2\/pages\/1806072\/revisions"}],"predecessor-version":[{"id":1806073,"href":"https:\/\/marketing.harmonelo.io\/hr\/wp-json\/wp\/v2\/pages\/1806072\/revisions\/1806073"}],"wp:attachment":[{"href":"https:\/\/marketing.harmonelo.io\/hr\/wp-json\/wp\/v2\/media?parent=1806072"}],"curies":[{"name":"wp","href":"https:\/\/api.w.org\/{rel}","templated":true}]}}