{"id":1806036,"date":"2023-01-20T20:10:46","date_gmt":"2023-01-20T19:10:46","guid":{"rendered":"https:\/\/marketing.harmonelo.io\/cz-sk-webinari-2\/"},"modified":"2026-03-18T03:55:51","modified_gmt":"2026-03-18T02:55:51","slug":"cz-sk-webinari-2","status":"publish","type":"page","link":"https:\/\/marketing.harmonelo.io\/hr\/cz-sk-webinari-2\/","title":{"rendered":"CZ + SK webinari"},"content":{"rendered":"\n<h1 class=\"wp-block-heading has-text-align-center\"><em>MO\u017dETE PRONA\u0106I SNIMKE PROFESIONALNIH PRENOSA U\u017dIVO KOJI SU SE VE\u0106 DOGA\u0110ALI U UREDU (80+ PV)<\/em><\/h1>\n\n<figure class=\"wp-block-image size-large\"><a href=\"https:\/\/harmonelo.com\/office\/vimeo.php\" target=\"_blank\" rel=\"noreferrer noopener\"><img loading=\"lazy\" decoding=\"async\" width=\"1024\" height=\"479\" src=\"https:\/\/marketing.harmonelo.io\/wp-content\/uploads\/2023\/07\/Snimek-obrazovky-2023-07-01-v-18.20.11-1024x479.png\" alt=\"\" class=\"wp-image-1765311\" srcset=\"https:\/\/marketing.harmonelo.io\/wp-content\/uploads\/2023\/07\/Snimek-obrazovky-2023-07-01-v-18.20.11-1024x479.png 1024w, https:\/\/marketing.harmonelo.io\/wp-content\/uploads\/2023\/07\/Snimek-obrazovky-2023-07-01-v-18.20.11-300x140.png 300w, https:\/\/marketing.harmonelo.io\/wp-content\/uploads\/2023\/07\/Snimek-obrazovky-2023-07-01-v-18.20.11-768x359.png 768w, https:\/\/marketing.harmonelo.io\/wp-content\/uploads\/2023\/07\/Snimek-obrazovky-2023-07-01-v-18.20.11-18x8.png 18w, https:\/\/marketing.harmonelo.io\/wp-content\/uploads\/2023\/07\/Snimek-obrazovky-2023-07-01-v-18.20.11.png 1103w\" sizes=\"auto, (max-width: 1024px) 100vw, 1024px\" \/><\/a><\/figure>\n\n<hr class=\"wp-block-separator has-alpha-channel-opacity is-style-wide\"\/>\n\n<hr class=\"wp-block-separator has-alpha-channel-opacity is-style-wide\"\/>\n\n<h1 class=\"wp-block-heading has-text-align-center\">Harmonelo plan kompenzacije koji je stvorio vi\u0161e od 100 milijuna\u0161a<\/h1>\n\n<p class=\"has-text-align-center\"><br\/><em>Zna\u0161 li kako to funkcionira?<br\/>Za\u0161to je najizda\u0161niji i najuravnote\u017eeniji?<br\/>Odakle dolazi sva ta dobit?<br\/>Kako pravilno izgraditi Harmonelo mre\u017eu?<br\/>Za\u0161to se isplati poslovati u Harmonelu?<\/em><\/p>\n\n<figure class=\"wp-block-image size-large\"><img loading=\"lazy\" decoding=\"async\" width=\"1024\" height=\"576\" src=\"https:\/\/marketing.harmonelo.io\/wp-content\/uploads\/2026\/03\/foto-1024x576.jpeg\" alt=\"\" class=\"wp-image-1837150\" srcset=\"https:\/\/marketing.harmonelo.io\/wp-content\/uploads\/2026\/03\/foto-1024x576.jpeg 1024w, https:\/\/marketing.harmonelo.io\/wp-content\/uploads\/2026\/03\/foto-300x169.jpeg 300w, https:\/\/marketing.harmonelo.io\/wp-content\/uploads\/2026\/03\/foto-768x432.jpeg 768w, https:\/\/marketing.harmonelo.io\/wp-content\/uploads\/2026\/03\/foto-1536x864.jpeg 1536w, https:\/\/marketing.harmonelo.io\/wp-content\/uploads\/2026\/03\/foto.jpeg 1600w\" sizes=\"auto, (max-width: 1024px) 100vw, 1024px\" \/><\/figure>\n\n<p class=\"has-text-align-center has-small-font-size\">Bit \u0107e dobro prisjetiti se svega ovoga na novoj HARMONELO MARKETING obuci u nedjelju<strong><mark style=\"background-color:rgba(0, 0, 0, 0);color:#bc9763\" class=\"has-inline-color\">  22.3. od 20:00 sati u na\u0161em uredu u Harmonelu  <\/mark><\/strong><mark style=\"background-color:rgba(0, 0, 0, 0);color:#bc9763\" class=\"has-inline-color\"><strong>TV<\/strong> :<\/mark><\/p>\n\n<figure class=\"wp-block-image size-large\"><img loading=\"lazy\" decoding=\"async\" width=\"1024\" height=\"515\" src=\"https:\/\/marketing.harmonelo.io\/wp-content\/uploads\/2026\/03\/harmonelo-tv-1024x515.jpeg\" alt=\"\" class=\"wp-image-1837176\" srcset=\"https:\/\/marketing.harmonelo.io\/wp-content\/uploads\/2026\/03\/harmonelo-tv-1024x515.jpeg 1024w, https:\/\/marketing.harmonelo.io\/wp-content\/uploads\/2026\/03\/harmonelo-tv-300x151.jpeg 300w, https:\/\/marketing.harmonelo.io\/wp-content\/uploads\/2026\/03\/harmonelo-tv-768x386.jpeg 768w, https:\/\/marketing.harmonelo.io\/wp-content\/uploads\/2026\/03\/harmonelo-tv-1536x773.jpeg 1536w, https:\/\/marketing.harmonelo.io\/wp-content\/uploads\/2026\/03\/harmonelo-tv.jpeg 1600w\" sizes=\"auto, (max-width: 1024px) 100vw, 1024px\" \/><\/figure>\n\n<p class=\"has-text-align-center\"><a href=\"https:\/\/harmonelo.com\/cs\/office\/education\/harmonelo-tv\">https:\/\/harmonelo.com\/cs\/office\/education\/harmonelo-tv<\/a><\/p>\n\n<p class=\"has-text-align-center has-small-font-size\">Pove\u017eite sebe, ali i cijelu svoju grupu, ako \u017eelite probuditi poduzetni\u010dki i konstruktivni duh u ljudima u svom timu!<\/p>\n\n<hr class=\"wp-block-separator has-alpha-channel-opacity is-style-wide\"\/>\n\n<hr class=\"wp-block-separator has-alpha-channel-opacity is-style-wide\"\/>\n\n<h1 class=\"wp-block-heading has-text-align-center\"><em>SNIMKA IZ NOVOGODI\u0160NJE EMISIJE S MICHAELOM KARMAZ\u00cdNOM!<\/em><\/h1>\n\n<hr class=\"wp-block-separator has-alpha-channel-opacity\"\/>\n\n<figure class=\"wp-block-embed is-type-video is-provider-youtube wp-block-embed-youtube wp-embed-aspect-16-9 wp-has-aspect-ratio\"><div class=\"wp-block-embed__wrapper\">\n<iframe loading=\"lazy\" title=\"PF 2026 \u2013 Michal Karmazin | Partner Harmonelo | CZ &amp; EN Message\" width=\"500\" height=\"281\" src=\"https:\/\/www.youtube.com\/embed\/uEpgs01oeeE?start=1&#038;feature=oembed\" frameborder=\"0\" allow=\"accelerometer; autoplay; clipboard-write; encrypted-media; gyroscope; picture-in-picture; web-share\" referrerpolicy=\"strict-origin-when-cross-origin\" allowfullscreen><\/iframe>\n<\/div><\/figure>\n\n<hr class=\"wp-block-separator has-alpha-channel-opacity is-style-wide\"\/>\n\n<hr class=\"wp-block-separator has-alpha-channel-opacity is-style-wide\"\/>\n\n<h1 class=\"wp-block-heading has-text-align-center\" style=\"margin-top:var(--wp--preset--spacing--medium);margin-right:var(--wp--preset--spacing--medium);margin-bottom:var(--wp--preset--spacing--medium);margin-left:var(--wp--preset--spacing--medium)\"><em>DRUGA\u010cIJI MLM TE\u010cAJ &#8211; 8 KORAKA ZA IZGRADNJU MRE\u017dE (MLM BIBLIJA OD &#8220;A&#8221; DO &#8220;Z&#8221;)<\/em><\/h1>\n\n<figure class=\"wp-block-image size-large\"><a href=\"https:\/\/youtu.be\/adfCGON5Wkw\" target=\"_blank\" rel=\"noreferrer noopener\"><img loading=\"lazy\" decoding=\"async\" width=\"1024\" height=\"573\" src=\"https:\/\/marketing.harmonelo.io\/wp-content\/uploads\/2023\/01\/Snimek-obrazovky-2023-01-20-v-21.28.07-1024x573.png\" alt=\"\" class=\"wp-image-245076\" srcset=\"https:\/\/marketing.harmonelo.io\/wp-content\/uploads\/2023\/01\/Snimek-obrazovky-2023-01-20-v-21.28.07-1024x573.png 1024w, https:\/\/marketing.harmonelo.io\/wp-content\/uploads\/2023\/01\/Snimek-obrazovky-2023-01-20-v-21.28.07-300x168.png 300w, https:\/\/marketing.harmonelo.io\/wp-content\/uploads\/2023\/01\/Snimek-obrazovky-2023-01-20-v-21.28.07-768x430.png 768w, https:\/\/marketing.harmonelo.io\/wp-content\/uploads\/2023\/01\/Snimek-obrazovky-2023-01-20-v-21.28.07-18x10.png 18w, https:\/\/marketing.harmonelo.io\/wp-content\/uploads\/2023\/01\/Snimek-obrazovky-2023-01-20-v-21.28.07.png 1437w\" sizes=\"auto, (max-width: 1024px) 100vw, 1024px\" \/><\/a><\/figure>\n\n<h2 class=\"wp-block-heading has-text-align-center\">\u0160to \u0107e vas nau\u010diti ovaj 11-satni video te\u010daj?<\/h2>\n\n<h2 class=\"wp-block-heading has-text-align-center\">(8 osnovnih MLM koraka):<\/h2>\n\n<ol class=\"wp-block-list\">\n<li>Za\u0161to je MLM jedna od rijetkih prilika za ve\u0107inu ljudi danas<\/li>\n\n\n\n<li>Kako postaviti ispravna o\u010dekivanja\/strategiju<\/li>\n\n\n\n<li>Gdje nabaviti prave kontakte i da nam ne ponestane<\/li>\n\n\n\n<li>Kako se pravilno obratiti hladnim, toplim kontaktima, primjeri<\/li>\n\n\n\n<li>Kako pravilno prezentirati priliku i proizvode<\/li>\n\n\n\n<li>Kako uspostaviti kontakte nakon prezentacije BEZ pritiska<\/li>\n\n\n\n<li>Kako podu\u010davati po\u010detnike, kako pravilno po\u010deti, \u0161to u\u010diniti<\/li>\n\n\n\n<li>Kako izgraditi mre\u017eu za dupliciranje i kontinuirani rast?<\/li>\n<\/ol>\n\n<h3 class=\"wp-block-heading has-text-align-center\"><strong>Uzorak iz 1. modula te\u010daja MLM OSTALI:<\/strong> <a href=\"https:\/\/youtu.be\/adfCGON5Wkw\"><strong>https:\/\/youtu.be\/adfCGON5Wkw<\/strong><\/a><\/h3>\n\n<p style=\"margin-top:0;margin-right:0;margin-bottom:0;margin-left:0\">Koristite ovaj pre\u010dac kako biste dobro izgradili svoje poslovanje od samog po\u010detka.<\/p>\n\n<p class=\"has-text-align-center\"><a href=\"https:\/\/harmonelo.com\/8-kroku-jak-vybudovat-mlm-sit-offline-a-online-11-hodin-know-how-d526\/\">U\u010dite od uspje\u0161nih i koristite 11 sati znanja<\/a> izravno od na\u0161eg direktora prodaje Michala Karmaz\u00edna.  <\/p>\n\n<div class=\"wp-block-buttons is-content-justification-center is-layout-flex wp-container-core-buttons-is-layout-a89b3969 wp-block-buttons-is-layout-flex\">\n<div class=\"wp-block-button\"><a class=\"wp-block-button__link wp-element-button\" href=\"https:\/\/harmonelo.com\/8-kroku-jak-vybudovat-mlm-sit-offline-a-online-11-hodin-know-how-d526\/\" target=\"_blank\" rel=\"noreferrer noopener\">DA \u017dELIM SAVLADATI UMJETNOST MLM-a<\/a><\/div>\n<\/div>\n\n<hr class=\"wp-block-separator has-alpha-channel-opacity is-style-wide\"\/>\n\n<h1 class=\"wp-block-heading has-text-align-center\"><em>KAKO IZGRADITI KONSTANTAN PRIHOD (NOVAC)?  <\/em><\/h1>\n\n<hr class=\"wp-block-separator has-alpha-channel-opacity\"\/>\n\n<h1 class=\"wp-block-heading has-text-align-center\">ODGOVOR JE MLM SUSTAV!<\/h1>\n\n<p class=\"has-text-align-center\">Harmonelo je o <mark style=\"background-color:rgba(0, 0, 0, 0)\" class=\"has-inline-color has-primary-color\">ravnote\u017ei<\/mark> nekoliko podru\u010dja \u017eivota. Pazimo na uskla\u0111ivanje <mark style=\"background-color:rgba(0, 0, 0, 0)\" class=\"has-inline-color has-primary-color\">tjelesnog<\/mark> i <mark style=\"background-color:rgba(0, 0, 0, 0)\" class=\"has-inline-color has-primary-color\">psihi\u010dkog<\/mark> zdravlja, kao i <mark style=\"background-color:rgba(0, 0, 0, 0)\" class=\"has-inline-color has-primary-color\">financijskog zdravlja<\/mark> .<\/p>\n\n<p class=\"has-text-align-center\">Imate zaista jedinstvenu priliku dobiti puno vrijednih savjeta od na\u0161eg direktora prodaje <strong><mark style=\"background-color:rgba(0, 0, 0, 0)\" class=\"has-inline-color has-primary-color\">Michala Karmaz\u00edna,<\/mark><\/strong> koji \u0107e vas savjetovati <mark style=\"background-color:rgba(0, 0, 0, 0)\" class=\"has-inline-color has-primary-color\">&#8220;kako to u\u010diniti&#8221;<\/mark> u svom sjajnom <strong>MLM SUSTAVU<\/strong> . Bit \u0107ete korak bli\u017ee FINANCIJSKOJ NEOVISNOSTI. Vjerujte mi da je ovaj te\u010daj vrijedan toga.<\/p>\n\n<figure class=\"wp-block-embed is-type-video is-provider-youtube wp-block-embed-youtube wp-embed-aspect-16-9 wp-has-aspect-ratio\"><div class=\"wp-block-embed__wrapper\">\n<iframe loading=\"lazy\" title=\"MODUL 1\" width=\"500\" height=\"281\" src=\"https:\/\/www.youtube.com\/embed\/PuFtedaOfjE?feature=oembed\" frameborder=\"0\" allow=\"accelerometer; autoplay; clipboard-write; encrypted-media; gyroscope; picture-in-picture; web-share\" referrerpolicy=\"strict-origin-when-cross-origin\" allowfullscreen><\/iframe>\n<\/div><\/figure>\n\n<p class=\"has-text-align-center\">Mo\u017eete ga kupiti u svojoj <mark style=\"background-color:rgba(0, 0, 0, 0)\" class=\"has-inline-color has-primary-color\">e-trgovini<\/mark> . Ne \u010dekajte ni\u0161ta i zapo\u010dnite svoju edukaciju <mark style=\"background-color:rgba(0, 0, 0, 0)\" class=\"has-inline-color has-primary-color\">DANAS<\/mark> !<\/p>\n\n<p class=\"has-text-align-center\">Ovaj sjajni <mark style=\"background-color:rgba(0, 0, 0, 0)\" class=\"has-inline-color has-primary-color\">trailer<\/mark> tako\u0111er je sinkroniziran na sljede\u0107e jezike:<\/p>\n\n<p class=\"has-text-align-center\">CZ, SK, EN, DE, HU, RO, IT, ES, FR, PL, BG, GR, RU<\/p>\n\n<p class=\"has-text-align-center\">Na\u017ealost, cijeli te\u010daj trenutno je dostupan samo u \u010ce\u0161koj.<\/p>\n\n<h2 class=\"wp-block-heading has-text-align-center\">\u0160to je zapravo &#8220;provodnik novca&#8221;?<\/h2>\n\n<blockquote class=\"wp-block-quote has-text-align-center has-primary-background-color has-background is-layout-flow wp-block-quote-is-layout-flow\">\n<p><em>To je prihod koji vam pritje\u010de \u010dak i kad ne radite<\/em> .<\/p>\n<\/blockquote>\n\n<h1 class=\"wp-block-heading has-text-align-center\"><em>TREBATE LI SAVJET ILI POMO\u0106? OVDJE SU \u010cESTO POSTAVLJANA PITANJA<\/em><\/h1>\n\n<figure class=\"wp-block-image aligncenter size-full is-resized\"><img loading=\"lazy\" decoding=\"async\" width=\"480\" height=\"268\" src=\"https:\/\/marketing.harmonelo.io\/wp-content\/uploads\/2023\/01\/73720dd0-c17e-0f28-821d-2e70a051fa42.gif\" alt=\"\" class=\"wp-image-245095\" style=\"width:600px;height:undefinedpx\"\/><\/figure>\n\n<p class=\"has-text-align-center\">Za vas smo zapisali 34 naj\u010de\u0161\u0107a i naj\u010de\u0161\u0107a pitanja pa vas molimo da ih sve pregledate prije nego \u0161to kontaktirate svoju sponzorsku liniju ili podr\u0161ku &#8211; hvala.<\/p>\n\n<div class=\"wp-block-buttons is-content-justification-center is-layout-flex wp-container-core-buttons-is-layout-a89b3969 wp-block-buttons-is-layout-flex\">\n<div class=\"wp-block-button\"><a class=\"wp-block-button__link wp-element-button\" href=\"https:\/\/harmonelo.com\/faq\/\" target=\"_blank\" rel=\"noreferrer noopener\">NAJ\u010cE\u0160\u0106A PITANJA I ODGOVORI<\/a><\/div>\n<\/div>\n\n<h1 class=\"wp-block-heading has-text-align-center\"><em>ULAGANJE DO 36% ZAGARANTIRANO<\/em><\/h1>\n\n<figure class=\"wp-block-image size-full is-resized\"><img loading=\"lazy\" decoding=\"async\" width=\"378\" height=\"212\" src=\"https:\/\/marketing.harmonelo.io\/wp-content\/uploads\/2023\/01\/a46f5f90-3920-a5c8-e95f-390a86af0573.gif\" alt=\"\" class=\"wp-image-245098\" style=\"width:600px;height:undefinedpx\"\/><\/figure>\n\n<p class=\"has-text-align-center\">U vrijeme rekordne inflacije, va\u017enije je nego ikad za\u0161tititi svoja slobodna sredstva. A HARMONELO vam u tome mo\u017ee pomo\u0107i.<\/p>\n\n<p class=\"has-text-align-center\"><strong>Ulo\u017eite u HARMONELO uz zajam\u010deni povrat do 36 posto uz horizont ulaganja do 5 godina.<\/strong><\/p>\n\n<div class=\"wp-block-buttons is-content-justification-center is-layout-flex wp-container-core-buttons-is-layout-a89b3969 wp-block-buttons-is-layout-flex\">\n<div class=\"wp-block-button\"><a class=\"wp-block-button__link wp-element-button\" href=\"https:\/\/harmoneloinvestment.com\/\" target=\"_blank\" rel=\"noreferrer noopener\">ODLAZITE NA HARMONELO INVESTICIJE<\/a><\/div>\n<\/div>\n","protected":false},"excerpt":{"rendered":"<p>MO\u017dETE PRONA\u0106I SNIMKE PROFESIONALNIH PRENOSA U\u017dIVO KOJI SU SE VE\u0106 DOGA\u0110ALI U UREDU (80+ PV) Harmonelo plan kompenzacije koji je stvorio vi\u0161e od 100 milijuna\u0161a Zna\u0161 li kako to funkcionira?Za\u0161to je najizda\u0161niji i najuravnote\u017eeniji?Odakle dolazi sva ta dobit?Kako pravilno izgraditi Harmonelo mre\u017eu?Za\u0161to se isplati poslovati u Harmonelu? Bit \u0107e dobro prisjetiti se svega ovoga na [&hellip;]<\/p>\n","protected":false},"author":2,"featured_media":0,"parent":0,"menu_order":0,"comment_status":"closed","ping_status":"closed","template":"","meta":{"_eb_attr":"","footnotes":""},"class_list":["post-1806036","page","type-page","status-publish","hentry"],"_links":{"self":[{"href":"https:\/\/marketing.harmonelo.io\/hr\/wp-json\/wp\/v2\/pages\/1806036","targetHints":{"allow":["GET"]}}],"collection":[{"href":"https:\/\/marketing.harmonelo.io\/hr\/wp-json\/wp\/v2\/pages"}],"about":[{"href":"https:\/\/marketing.harmonelo.io\/hr\/wp-json\/wp\/v2\/types\/page"}],"author":[{"embeddable":true,"href":"https:\/\/marketing.harmonelo.io\/hr\/wp-json\/wp\/v2\/users\/2"}],"replies":[{"embeddable":true,"href":"https:\/\/marketing.harmonelo.io\/hr\/wp-json\/wp\/v2\/comments?post=1806036"}],"version-history":[{"count":164,"href":"https:\/\/marketing.harmonelo.io\/hr\/wp-json\/wp\/v2\/pages\/1806036\/revisions"}],"predecessor-version":[{"id":1837211,"href":"https:\/\/marketing.harmonelo.io\/hr\/wp-json\/wp\/v2\/pages\/1806036\/revisions\/1837211"}],"wp:attachment":[{"href":"https:\/\/marketing.harmonelo.io\/hr\/wp-json\/wp\/v2\/media?parent=1806036"}],"curies":[{"name":"wp","href":"https:\/\/api.w.org\/{rel}","templated":true}]}}