{"id":1804826,"date":"2023-04-05T16:27:28","date_gmt":"2023-04-05T14:27:28","guid":{"rendered":"https:\/\/marketing.harmonelo.io\/uskrsni-specijal-%f0%9f%a5%9a\/"},"modified":"2024-02-26T22:56:31","modified_gmt":"2024-02-26T21:56:31","slug":"uskrsni-specijal-%f0%9f%a5%9a","status":"publish","type":"page","link":"https:\/\/marketing.harmonelo.io\/hr\/uskrsni-specijal-%f0%9f%a5%9a\/","title":{"rendered":"Uskrsni specijal \ud83e\udd5a"},"content":{"rendered":"\n<hr class=\"wp-block-separator has-alpha-channel-opacity\"\/>\n\n<p class=\"has-text-align-center has-large-font-size\">\ud83d\udc9b\ud83d\udc9c\ud83d\udc9a<\/p>\n\n<p class=\"has-text-align-center\">Uskrs je ovdje! Iz tog razloga za Vas smo pripremili specijal posve\u0107en Uskrsnoj temi.  <em><mark style=\"background-color:rgba(0, 0, 0, 0)\" class=\"has-inline-color has-primary-color\">Znate li koliko dugo \u010duvati kuhana jaja?<\/mark><\/em> <em><mark style=\"background-color:rgba(0, 0, 0, 0)\" class=\"has-inline-color has-primary-color\">Kako sami mo\u017eete obojiti jaja kod ku\u0107e uz pomo\u0107 prirodnih komponenti?<\/mark><\/em> <em><mark style=\"background-color:rgba(0, 0, 0, 0)\" class=\"has-inline-color has-primary-color\">\u010cime ove godine mo\u017eete iznenaditi kolednike?<\/mark> <\/em>Ovo i mnogo vi\u0161e \u0107ete nau\u010diti u ovom postu.<\/p>\n\n<figure class=\"wp-block-image size-large\"><img loading=\"lazy\" decoding=\"async\" width=\"1024\" height=\"1024\" src=\"https:\/\/marketing.harmonelo.io\/wp-content\/uploads\/2023\/04\/IMG_1138-1024x1024.png\" alt=\"\" class=\"wp-image-1245900\" srcset=\"https:\/\/marketing.harmonelo.io\/wp-content\/uploads\/2023\/04\/IMG_1138-1024x1024.png 1024w, https:\/\/marketing.harmonelo.io\/wp-content\/uploads\/2023\/04\/IMG_1138-300x300.png 300w, https:\/\/marketing.harmonelo.io\/wp-content\/uploads\/2023\/04\/IMG_1138-150x150.png 150w, https:\/\/marketing.harmonelo.io\/wp-content\/uploads\/2023\/04\/IMG_1138-768x768.png 768w, https:\/\/marketing.harmonelo.io\/wp-content\/uploads\/2023\/04\/IMG_1138-12x12.png 12w, https:\/\/marketing.harmonelo.io\/wp-content\/uploads\/2023\/04\/IMG_1138.png 1080w\" sizes=\"auto, (max-width: 1024px) 100vw, 1024px\" \/><\/figure>\n\n<h1 class=\"wp-block-heading has-text-align-center\"><strong><mark style=\"background-color:rgba(0, 0, 0, 0)\" class=\"has-inline-color has-primary-color\">Kako obojiti jaja uz pomo\u0107 prirodnih sastojaka?<\/mark><\/strong> \ud83e\udd5a<\/h1>\n\n<p>Sve vrste boja za jaja su posvuda. No, jeste li znali da svoja jaja mo\u017eete ukra\u0161avati iz udobnosti vlastitog doma i to komponentama koje vam na prvu mo\u017eda niti ne padnu na pamet?<\/p>\n\n<h2 class=\"wp-block-heading has-text-align-center\">Kako to u\u010diniti? \ud83d\udd11<\/h2>\n\n<p class=\"has-text-align-center\">\ud83e\udd5a Prvo je potrebno svako jaje prije farbanja o\u010distiti i oprati (odmastiti). Mo\u017eete si pomo\u0107i, primjerice, deterd\u017eentom za pranje posu\u0111a ili kombinacijom tople vode i sode bikarbone. Ovi koraci \u0107e osigurati da se \u017eeljena boja bolje zalijepi za jaje. Sada preostaje samo odabrati kona\u010dnu boju po va\u0161em izboru.  <\/p>\n\n<ol class=\"wp-block-list\">\n<li><mark style=\"background-color:rgba(0, 0, 0, 0)\" class=\"has-inline-color has-primary-color\"><strong>LUK<\/strong> :<\/mark> Ljuske luka mogu obojiti va\u0161a jaja u prekrasnu karamel-sme\u0111u nijansu.<\/li>\n\n\n\n<li><strong><mark style=\"background-color:rgba(0, 0, 0, 0)\" class=\"has-inline-color has-primary-color\">KURKUMA<\/mark><\/strong> <mark style=\"background-color:rgba(0, 0, 0, 0)\" class=\"has-inline-color has-primary-color\"><strong>A<\/strong> :<\/mark> Kurkumom do\u010daravate nijansu koja odgovara karamel-\u017eutoj.  <\/li>\n\n\n\n<li><mark style=\"background-color:rgba(0, 0, 0, 0)\" class=\"has-inline-color has-primary-color\"><strong>CRVENI KUPUS:<\/strong><\/mark> Crveni kupus pomo\u0107i \u0107e vam da do\u010darate iznena\u0111uju\u0107u plavu nijansu.<\/li>\n\n\n\n<li><mark style=\"background-color:rgba(0, 0, 0, 0)\" class=\"has-inline-color has-primary-color\"><strong>CRVENA CVEKA<\/strong> :<\/mark> U ovom slu\u010daju dobit \u0107ete lijepe crvene boje.<\/li>\n\n\n\n<li><strong><mark style=\"background-color:rgba(0, 0, 0, 0)\" class=\"has-inline-color has-primary-color\">PER\u0160IN:<\/mark><\/strong> Zahvaljuju\u0107i per\u0161inu mo\u017eete posti\u0107i lijepu zelenu nijansu.<\/li>\n<\/ol>\n\n<p class=\"has-text-align-center\">U lonac stavite sve sastojke kojima \u017eelite da obojite jaja (ljuske luka, kurkumu i sl.) i prelijte sa 700-800 ml vode. Dodajte 2 \u017elice octa i prstohvat soli. Zatim prokuhajte. Zatim dodajte jaja koja \u017eelite da obojite i kuhajte 10 minuta. Ugasite vatru i ostavite jaja u obezbojenoj vodi dok se ne ohlade. Dobivene bojice sigurno \u0107e vas odu\u0161eviti jednako kao i nas \ud83d\udc9b\ud83d\udc9c\ud83d\udc9a.<\/p>\n\n<div style=\"height:30px\" aria-hidden=\"true\" class=\"wp-block-spacer\"><\/div>\n\n<figure class=\"wp-block-image size-large\"><img loading=\"lazy\" decoding=\"async\" width=\"1024\" height=\"684\" src=\"https:\/\/marketing.harmonelo.io\/wp-content\/uploads\/2023\/04\/pexels-ksenia-chernaya-3980600-1024x684.jpg\" alt=\"\" class=\"wp-image-1245905\" srcset=\"https:\/\/marketing.harmonelo.io\/wp-content\/uploads\/2023\/04\/pexels-ksenia-chernaya-3980600-1024x684.jpg 1024w, https:\/\/marketing.harmonelo.io\/wp-content\/uploads\/2023\/04\/pexels-ksenia-chernaya-3980600-300x200.jpg 300w, https:\/\/marketing.harmonelo.io\/wp-content\/uploads\/2023\/04\/pexels-ksenia-chernaya-3980600-768x513.jpg 768w, https:\/\/marketing.harmonelo.io\/wp-content\/uploads\/2023\/04\/pexels-ksenia-chernaya-3980600-1536x1025.jpg 1536w, https:\/\/marketing.harmonelo.io\/wp-content\/uploads\/2023\/04\/pexels-ksenia-chernaya-3980600-2048x1367.jpg 2048w, https:\/\/marketing.harmonelo.io\/wp-content\/uploads\/2023\/04\/pexels-ksenia-chernaya-3980600-18x12.jpg 18w\" sizes=\"auto, (max-width: 1024px) 100vw, 1024px\" \/><\/figure>\n\n<div style=\"height:20px\" aria-hidden=\"true\" class=\"wp-block-spacer\"><\/div>\n\n<h1 class=\"wp-block-heading has-text-align-center\">Kako \u010duvati kuhana jaja? \ud83d\udca1<\/h1>\n\n<ol class=\"wp-block-list\">\n<li>\u010cak i kuhana jaja imaju ograni\u010den rok trajanja.<\/li>\n\n\n\n<li>Na sobnoj temperaturi, rok trajanja kuhanih jaja brzo se smanjuje. Rok trajanja im je oko 2-3 dana.<\/li>\n\n\n\n<li>Me\u0111utim, jaja mogu stajati 7-14 dana u hladnjaku (ali ako ih nakon kuhanja ohladite i stavite u hladnjak).<\/li>\n\n\n\n<li>Naravno, idealno je \u0161to br\u017ee potro\u0161iti ili preraditi jaja.<\/li>\n<\/ol>\n\n<div style=\"height:27px\" aria-hidden=\"true\" class=\"wp-block-spacer\"><\/div>\n\n<figure class=\"wp-block-image size-large\"><img loading=\"lazy\" decoding=\"async\" width=\"1024\" height=\"683\" src=\"https:\/\/marketing.harmonelo.io\/wp-content\/uploads\/2023\/04\/pexels-roman-odintsov-6897341-1024x683.jpg\" alt=\"\" class=\"wp-image-1245904\" srcset=\"https:\/\/marketing.harmonelo.io\/wp-content\/uploads\/2023\/04\/pexels-roman-odintsov-6897341-1024x683.jpg 1024w, https:\/\/marketing.harmonelo.io\/wp-content\/uploads\/2023\/04\/pexels-roman-odintsov-6897341-300x200.jpg 300w, https:\/\/marketing.harmonelo.io\/wp-content\/uploads\/2023\/04\/pexels-roman-odintsov-6897341-768x512.jpg 768w, https:\/\/marketing.harmonelo.io\/wp-content\/uploads\/2023\/04\/pexels-roman-odintsov-6897341-1536x1024.jpg 1536w, https:\/\/marketing.harmonelo.io\/wp-content\/uploads\/2023\/04\/pexels-roman-odintsov-6897341-2048x1365.jpg 2048w, https:\/\/marketing.harmonelo.io\/wp-content\/uploads\/2023\/04\/pexels-roman-odintsov-6897341-18x12.jpg 18w\" sizes=\"auto, (max-width: 1024px) 100vw, 1024px\" \/><\/figure>\n\n<h1 class=\"wp-block-heading has-text-align-center\">\u010cime ove godine mo\u017eete iznenaditi kolednike? \ud83d\udca1<\/h1>\n\n<p class=\"has-text-align-center\">Ove godine mo\u017eete zaslijepiti svoje kolednike originalnom gestom. Umjesto ukrasnih jaja, \u010dokoladnog ze\u010di\u0107a ili po\u0161tene doma\u0107e \u0161ljivovice, posjetitelju mo\u017eete ponuditi preporu\u010denu dnevnu koli\u010dinu nekog od na\u0161ih teku\u0107ih dodataka prehrani. Osobito \u0107e se odu\u0161eviti oni koji jo\u0161 nisu imali \u010dast Harmonelo <mark style=\"background-color:rgba(0, 0, 0, 0)\" class=\"has-inline-color has-primary-color\">!<\/mark><\/p>\n\n<figure class=\"wp-block-image size-large\"><img loading=\"lazy\" decoding=\"async\" width=\"1024\" height=\"1024\" src=\"https:\/\/marketing.harmonelo.io\/wp-content\/uploads\/2023\/04\/37-1024x1024.jpg\" alt=\"\" class=\"wp-image-1245903\" srcset=\"https:\/\/marketing.harmonelo.io\/wp-content\/uploads\/2023\/04\/37-1024x1024.jpg 1024w, https:\/\/marketing.harmonelo.io\/wp-content\/uploads\/2023\/04\/37-300x300.jpg 300w, https:\/\/marketing.harmonelo.io\/wp-content\/uploads\/2023\/04\/37-150x150.jpg 150w, https:\/\/marketing.harmonelo.io\/wp-content\/uploads\/2023\/04\/37-768x768.jpg 768w, https:\/\/marketing.harmonelo.io\/wp-content\/uploads\/2023\/04\/37-12x12.jpg 12w, https:\/\/marketing.harmonelo.io\/wp-content\/uploads\/2023\/04\/37.jpg 1200w\" sizes=\"auto, (max-width: 1024px) 100vw, 1024px\" \/><\/figure>\n\n<div class=\"wp-block-buttons is-content-justification-center is-layout-flex wp-container-core-buttons-is-layout-a89b3969 wp-block-buttons-is-layout-flex\">\n<div class=\"wp-block-button\"><a class=\"wp-block-button__link wp-element-button\" href=\"https:\/\/harmonelo.com\/harmonelo-life-d512\/\" target=\"_blank\" rel=\"noreferrer noopener\">MO\u017dDA POKU\u0160AJTE S HARMONELO LIFE<\/a><\/div>\n<\/div>\n\n<p class=\"has-text-align-center\">Njegov ugodan i uravnote\u017een okus osvojit \u0107e mnoge pjesnike.  <\/p>\n\n<p class=\"has-text-align-center has-large-font-size\">\ud83d\udc9b\ud83d\udc9c\ud83d\udc9a<\/p>\n","protected":false},"excerpt":{"rendered":"<p>\ud83d\udc9b\ud83d\udc9c\ud83d\udc9a Uskrs je ovdje! Iz tog razloga za Vas smo pripremili specijal posve\u0107en Uskrsnoj temi. Znate li koliko dugo \u010duvati kuhana jaja? Kako sami mo\u017eete obojiti jaja kod ku\u0107e uz pomo\u0107 prirodnih komponenti? \u010cime ove godine mo\u017eete iznenaditi kolednike? Ovo i mnogo vi\u0161e \u0107ete nau\u010diti u ovom postu. Kako obojiti jaja uz pomo\u0107 prirodnih sastojaka? [&hellip;]<\/p>\n","protected":false},"author":5,"featured_media":0,"parent":0,"menu_order":0,"comment_status":"closed","ping_status":"closed","template":"","meta":{"_eb_attr":"","footnotes":""},"class_list":["post-1804826","page","type-page","status-publish","hentry"],"_links":{"self":[{"href":"https:\/\/marketing.harmonelo.io\/hr\/wp-json\/wp\/v2\/pages\/1804826","targetHints":{"allow":["GET"]}}],"collection":[{"href":"https:\/\/marketing.harmonelo.io\/hr\/wp-json\/wp\/v2\/pages"}],"about":[{"href":"https:\/\/marketing.harmonelo.io\/hr\/wp-json\/wp\/v2\/types\/page"}],"author":[{"embeddable":true,"href":"https:\/\/marketing.harmonelo.io\/hr\/wp-json\/wp\/v2\/users\/5"}],"replies":[{"embeddable":true,"href":"https:\/\/marketing.harmonelo.io\/hr\/wp-json\/wp\/v2\/comments?post=1804826"}],"version-history":[{"count":1,"href":"https:\/\/marketing.harmonelo.io\/hr\/wp-json\/wp\/v2\/pages\/1804826\/revisions"}],"predecessor-version":[{"id":1804829,"href":"https:\/\/marketing.harmonelo.io\/hr\/wp-json\/wp\/v2\/pages\/1804826\/revisions\/1804829"}],"wp:attachment":[{"href":"https:\/\/marketing.harmonelo.io\/hr\/wp-json\/wp\/v2\/media?parent=1804826"}],"curies":[{"name":"wp","href":"https:\/\/api.w.org\/{rel}","templated":true}]}}