{"id":1804733,"date":"2023-04-12T10:59:49","date_gmt":"2023-04-12T08:59:49","guid":{"rendered":"https:\/\/marketing.harmonelo.io\/%e2%9c%a8-musli-koje-ce-vas-mikrobiom-obozavati\/"},"modified":"2024-02-26T22:56:15","modified_gmt":"2024-02-26T21:56:15","slug":"%e2%9c%a8-musli-koje-ce-vas-mikrobiom-obozavati","status":"publish","type":"page","link":"https:\/\/marketing.harmonelo.io\/hr\/%e2%9c%a8-musli-koje-ce-vas-mikrobiom-obozavati\/","title":{"rendered":"\u2728 M\u00fcsli koje \u0107e va\u0161 mikrobiom obo\u017eavati"},"content":{"rendered":"\n<figure class=\"wp-block-image size-large\"><img loading=\"lazy\" decoding=\"async\" width=\"1024\" height=\"1024\" src=\"https:\/\/marketing.harmonelo.io\/wp-content\/uploads\/2023\/04\/version1uuidD5F9E477-ACC1-4087-ACFD-1B70E5597FBAmodecompatiblenoloc0.jpeg-1024x1024.jpg\" alt=\"\" class=\"wp-image-1333216\" srcset=\"https:\/\/marketing.harmonelo.io\/wp-content\/uploads\/2023\/04\/version1uuidD5F9E477-ACC1-4087-ACFD-1B70E5597FBAmodecompatiblenoloc0.jpeg-1024x1024.jpg 1024w, https:\/\/marketing.harmonelo.io\/wp-content\/uploads\/2023\/04\/version1uuidD5F9E477-ACC1-4087-ACFD-1B70E5597FBAmodecompatiblenoloc0.jpeg-300x300.jpg 300w, https:\/\/marketing.harmonelo.io\/wp-content\/uploads\/2023\/04\/version1uuidD5F9E477-ACC1-4087-ACFD-1B70E5597FBAmodecompatiblenoloc0.jpeg-150x150.jpg 150w, https:\/\/marketing.harmonelo.io\/wp-content\/uploads\/2023\/04\/version1uuidD5F9E477-ACC1-4087-ACFD-1B70E5597FBAmodecompatiblenoloc0.jpeg-768x768.jpg 768w, https:\/\/marketing.harmonelo.io\/wp-content\/uploads\/2023\/04\/version1uuidD5F9E477-ACC1-4087-ACFD-1B70E5597FBAmodecompatiblenoloc0.jpeg-12x12.jpg 12w, https:\/\/marketing.harmonelo.io\/wp-content\/uploads\/2023\/04\/version1uuidD5F9E477-ACC1-4087-ACFD-1B70E5597FBAmodecompatiblenoloc0.jpeg.jpg 1200w\" sizes=\"auto, (max-width: 1024px) 100vw, 1024px\" \/><\/figure>\n\n<p><\/p>\n\n<h2 class=\"wp-block-heading\">\ud83d\udd38Sastojci:<\/h2>\n\n<ul class=\"wp-block-list\">\n<li>4 jabuke (neoguljene, narezane na manje komade)<\/li>\n\n\n\n<li>2 \u0161alice nezasla\u0111enog kefira<\/li>\n\n\n\n<li>1\/2 \u0161alice \u017eitarica<\/li>\n\n\n\n<li>1\/4 \u0161alice nasjeckanih oraha<\/li>\n\n\n\n<li>2 \u017elice mljevenih sjemenki lana<\/li>\n\n\n\n<li>2 \u017elice soka od limuna<\/li>\n\n\n\n<li>1\/4 \u017eli\u010dice mu\u0161katnog ora\u0161\u010di\u0107a<\/li>\n\n\n\n<li>1\/4 \u017eli\u010dice soli<\/li>\n\n\n\n<li>sirup od cikorije po ukusu<\/li>\n\n\n\n<li>20 ml Harmonelo Vitality<\/li>\n<\/ul>\n\n<h2 class=\"wp-block-heading\">\ud83d\udd38Procedura:  <\/h2>\n\n<ul class=\"wp-block-list\">\n<li>Nasjeckane jabuke pomije\u0161ajte s kefirom, pahuljicama, ora\u0161astim plodovima, lanenim sjemenkama, limunovim sokom, mu\u0161katnim ora\u0161\u010di\u0107em, soli i Harmonelom Vitality. Ostavite preko no\u0107i u hladnjaku. Poslu\u017eite lagano preliveno sirupom od cikorije.<\/li>\n<\/ul>\n\n<p><strong><mark style=\"background-color:rgba(0, 0, 0, 0)\" class=\"has-inline-color has-primary-color\">\ud83d\udca1 <em>Ovako pripremljeni muesli izdr\u017eat \u0107e nekoliko dana u hladnjaku!<\/em><\/mark><\/strong><\/p>\n\n<p class=\"has-text-align-center\">U\u017eivaj! Nadamo se da vam je ovaj nutritivno uravnote\u017een doru\u010dak koji \u0161tedi vrijeme i pobolj\u0161ao dan \ud83c\udf1e.<\/p>\n\n<div class=\"wp-block-buttons is-content-justification-center is-layout-flex wp-container-core-buttons-is-layout-a89b3969 wp-block-buttons-is-layout-flex\">\n<div class=\"wp-block-button\"><a class=\"wp-block-button__link has-text-align-center wp-element-button\" href=\"https:\/\/harmonelo.com\/harmonelo-vitality-d513\/\" target=\"_blank\" rel=\"noreferrer noopener\">ZANIMA HARMONELO VITALITY<\/a><\/div>\n<\/div>\n","protected":false},"excerpt":{"rendered":"<p>\ud83d\udd38Sastojci: \ud83d\udd38Procedura: \ud83d\udca1 Ovako pripremljeni muesli izdr\u017eat \u0107e nekoliko dana u hladnjaku! U\u017eivaj! Nadamo se da vam je ovaj nutritivno uravnote\u017een doru\u010dak koji \u0161tedi vrijeme i pobolj\u0161ao dan \ud83c\udf1e.<\/p>\n","protected":false},"author":5,"featured_media":0,"parent":0,"menu_order":0,"comment_status":"closed","ping_status":"closed","template":"","meta":{"_eb_attr":"","footnotes":""},"class_list":["post-1804733","page","type-page","status-publish","hentry"],"_links":{"self":[{"href":"https:\/\/marketing.harmonelo.io\/hr\/wp-json\/wp\/v2\/pages\/1804733","targetHints":{"allow":["GET"]}}],"collection":[{"href":"https:\/\/marketing.harmonelo.io\/hr\/wp-json\/wp\/v2\/pages"}],"about":[{"href":"https:\/\/marketing.harmonelo.io\/hr\/wp-json\/wp\/v2\/types\/page"}],"author":[{"embeddable":true,"href":"https:\/\/marketing.harmonelo.io\/hr\/wp-json\/wp\/v2\/users\/5"}],"replies":[{"embeddable":true,"href":"https:\/\/marketing.harmonelo.io\/hr\/wp-json\/wp\/v2\/comments?post=1804733"}],"version-history":[{"count":1,"href":"https:\/\/marketing.harmonelo.io\/hr\/wp-json\/wp\/v2\/pages\/1804733\/revisions"}],"predecessor-version":[{"id":1804734,"href":"https:\/\/marketing.harmonelo.io\/hr\/wp-json\/wp\/v2\/pages\/1804733\/revisions\/1804734"}],"wp:attachment":[{"href":"https:\/\/marketing.harmonelo.io\/hr\/wp-json\/wp\/v2\/media?parent=1804733"}],"curies":[{"name":"wp","href":"https:\/\/api.w.org\/{rel}","templated":true}]}}