{"id":1804671,"date":"2023-04-17T17:00:32","date_gmt":"2023-04-17T15:00:32","guid":{"rendered":"https:\/\/marketing.harmonelo.io\/kako-snovati-lik\/"},"modified":"2024-02-26T22:54:09","modified_gmt":"2024-02-26T21:54:09","slug":"kako-snovati-lik","status":"publish","type":"page","link":"https:\/\/marketing.harmonelo.io\/hr\/kako-snovati-lik\/","title":{"rendered":"KAKO SNOVATI LIK?"},"content":{"rendered":"\n<p class=\"has-text-align-center\">Izgradnja figure iz snova ne mora biti tolika znanost kao \u0161to se \u010dini na prvi pogled. Va\u017eno je zapamtiti da se svaki korak ra\u010duna!  <\/p>\n\n<figure class=\"wp-block-image size-large\"><img loading=\"lazy\" decoding=\"async\" width=\"1024\" height=\"683\" src=\"https:\/\/marketing.harmonelo.io\/wp-content\/uploads\/2023\/04\/pexels-karolina-grabowska-4498606-1024x683.jpg\" alt=\"\" class=\"wp-image-1420303\" srcset=\"https:\/\/marketing.harmonelo.io\/wp-content\/uploads\/2023\/04\/pexels-karolina-grabowska-4498606-1024x683.jpg 1024w, https:\/\/marketing.harmonelo.io\/wp-content\/uploads\/2023\/04\/pexels-karolina-grabowska-4498606-300x200.jpg 300w, https:\/\/marketing.harmonelo.io\/wp-content\/uploads\/2023\/04\/pexels-karolina-grabowska-4498606-768x512.jpg 768w, https:\/\/marketing.harmonelo.io\/wp-content\/uploads\/2023\/04\/pexels-karolina-grabowska-4498606-1536x1024.jpg 1536w, https:\/\/marketing.harmonelo.io\/wp-content\/uploads\/2023\/04\/pexels-karolina-grabowska-4498606-2048x1365.jpg 2048w, https:\/\/marketing.harmonelo.io\/wp-content\/uploads\/2023\/04\/pexels-karolina-grabowska-4498606-18x12.jpg 18w\" sizes=\"auto, (max-width: 1024px) 100vw, 1024px\" \/><\/figure>\n\n<h2 class=\"wp-block-heading has-text-align-center\">\ud83d\udccc Manji koraci = osnova uspjeha<\/h2>\n\n<p class=\"has-text-align-center\">Lijepo je posti\u0107i \u0161to bolje rezultate, ali morate imati na umu da i sam <mark style=\"background-color:rgba(0, 0, 0, 0)\" class=\"has-inline-color has-primary-color\">START<\/mark> mo\u017ee relativno brzo i lako pregorjeti.<\/p>\n\n<h2 class=\"wp-block-heading has-text-align-center\">\ud83d\udccc Odr\u017eive promjene<\/h2>\n\n<p class=\"has-text-align-center\">Odr\u017eivost, kao klju\u010d uspjeha, ne samo u prehrani nego iu sportu, va\u017ena je. Stoga je bitno obratiti posebnu pozornost na ono \u0161to je dugoro\u010dno <mark style=\"background-color:rgba(0, 0, 0, 0)\" class=\"has-inline-color has-primary-color\">odr\u017eivo<\/mark> .<\/p>\n\n<figure class=\"wp-block-image size-large\"><img loading=\"lazy\" decoding=\"async\" width=\"1024\" height=\"684\" src=\"https:\/\/marketing.harmonelo.io\/wp-content\/uploads\/2023\/04\/pexels-tirachard-kumtanom-347134-1024x684.jpg\" alt=\"\" class=\"wp-image-1420301\" srcset=\"https:\/\/marketing.harmonelo.io\/wp-content\/uploads\/2023\/04\/pexels-tirachard-kumtanom-347134-1024x684.jpg 1024w, https:\/\/marketing.harmonelo.io\/wp-content\/uploads\/2023\/04\/pexels-tirachard-kumtanom-347134-300x200.jpg 300w, https:\/\/marketing.harmonelo.io\/wp-content\/uploads\/2023\/04\/pexels-tirachard-kumtanom-347134-768x513.jpg 768w, https:\/\/marketing.harmonelo.io\/wp-content\/uploads\/2023\/04\/pexels-tirachard-kumtanom-347134-1536x1025.jpg 1536w, https:\/\/marketing.harmonelo.io\/wp-content\/uploads\/2023\/04\/pexels-tirachard-kumtanom-347134-2048x1367.jpg 2048w, https:\/\/marketing.harmonelo.io\/wp-content\/uploads\/2023\/04\/pexels-tirachard-kumtanom-347134-18x12.jpg 18w\" sizes=\"auto, (max-width: 1024px) 100vw, 1024px\" \/><\/figure>\n\n<h2 class=\"wp-block-heading has-text-align-center\">\ud83d\udccc Male stvari koje ne bole<\/h2>\n\n<p class=\"has-text-align-center\">Kako zapo\u010deti? Ne u\u017eivate u bavljenju sportom ili \u010dak imate averziju prema njemu? Kako bi bilo da po\u010dnete lijepo i polako? Za po\u010detak, ugodna \u0161etnja mo\u017ee biti \u017eustriji korak. Mo\u017eete postupno pove\u0107avati svoju rutu, kao i tempo.<em>  Putujete li na posao autobusom ili vlakom?<\/em>  Si\u0111ite 1-2 stanice ranije! Vjerujte mi, \u010dak i ove male promjene mogu u\u010diniti puno.<\/p>\n\n<h2 class=\"wp-block-heading has-text-align-center\">\ud83d\udccc Stvari idu bolje u dvoje<\/h2>\n\n<p class=\"has-text-align-center\">Prirodno je da \u010dak i najmotiviraniji pojedinci mogu s vremenom izgubiti motivaciju. Zato je super imati <mark style=\"background-color:rgba(0, 0, 0, 0)\" class=\"has-inline-color has-primary-color\">partnera<\/mark> s kojim se mo\u017eete me\u0111usobno motivirati i bodriti.<\/p>\n\n<figure class=\"wp-block-image aligncenter size-large\"><img loading=\"lazy\" decoding=\"async\" width=\"1024\" height=\"683\" src=\"https:\/\/marketing.harmonelo.io\/wp-content\/uploads\/2023\/04\/pexels-andrea-piacquadio-3768722-1024x683.jpg\" alt=\"\" class=\"wp-image-1420302\" srcset=\"https:\/\/marketing.harmonelo.io\/wp-content\/uploads\/2023\/04\/pexels-andrea-piacquadio-3768722-1024x683.jpg 1024w, https:\/\/marketing.harmonelo.io\/wp-content\/uploads\/2023\/04\/pexels-andrea-piacquadio-3768722-300x200.jpg 300w, https:\/\/marketing.harmonelo.io\/wp-content\/uploads\/2023\/04\/pexels-andrea-piacquadio-3768722-768x512.jpg 768w, https:\/\/marketing.harmonelo.io\/wp-content\/uploads\/2023\/04\/pexels-andrea-piacquadio-3768722-1536x1024.jpg 1536w, https:\/\/marketing.harmonelo.io\/wp-content\/uploads\/2023\/04\/pexels-andrea-piacquadio-3768722-2048x1365.jpg 2048w, https:\/\/marketing.harmonelo.io\/wp-content\/uploads\/2023\/04\/pexels-andrea-piacquadio-3768722-18x12.jpg 18w\" sizes=\"auto, (max-width: 1024px) 100vw, 1024px\" \/><\/figure>\n\n<h2 class=\"wp-block-heading has-text-align-center\">\ud83d\udccc Probajte nove stvari  <\/h2>\n\n<p class=\"has-text-align-center\">Ponekad ne \u0161kodi iza\u0107i iz svoje zone udobnosti. Poku\u0161ajte se prijaviti za lekciju o ne\u010demu \u0161to vam prije nikad ne bi palo na pamet. Tada \u0107ete sami bolje prosuditi koja vam je vrsta sporta vi\u0161e pri srcu, a koja, naprotiv, nije.<\/p>\n\n<h2 class=\"wp-block-heading has-text-align-center\">Zapo\u010dnite ve\u0107 danas!<\/h2>\n\n<p class=\"has-text-align-center\">Jedan od na\u0161ih jedinstvenih proizvoda tako\u0111er mo\u017ee biti odli\u010dan partner!<\/p>\n\n<div class=\"wp-block-buttons is-content-justification-center is-layout-flex wp-container-core-buttons-is-layout-a89b3969 wp-block-buttons-is-layout-flex\">\n<div class=\"wp-block-button\"><a class=\"wp-block-button__link has-text-align-center wp-element-button\" href=\"https:\/\/harmonelo.com\/harmonelo-slim-d596\/\" target=\"_blank\" rel=\"noreferrer noopener\">JA BIRAM HARMONELO SLIM<\/a><\/div>\n<\/div>\n\n<div class=\"wp-block-buttons is-content-justification-center is-layout-flex wp-container-core-buttons-is-layout-a89b3969 wp-block-buttons-is-layout-flex\">\n<div class=\"wp-block-button\"><a class=\"wp-block-button__link has-text-align-center wp-element-button\" href=\"https:\/\/catalog.harmonelo.com\/produkty\/slim\" target=\"_blank\" rel=\"noreferrer noopener\">ZA\u0160TO HARMONELO SLIM ?<\/a><\/div>\n<\/div>\n\n<p class=\"has-text-align-center has-x-large-font-size\">\ud83e\udd38\ud83e\uddd8\u200d\u2642\ufe0f\ud83c\udfc4\u200d\u2640\ufe0f<\/p>\n","protected":false},"excerpt":{"rendered":"<p>Izgradnja figure iz snova ne mora biti tolika znanost kao \u0161to se \u010dini na prvi pogled. Va\u017eno je zapamtiti da se svaki korak ra\u010duna! \ud83d\udccc Manji koraci = osnova uspjeha Lijepo je posti\u0107i \u0161to bolje rezultate, ali morate imati na umu da i sam START mo\u017ee relativno brzo i lako pregorjeti. \ud83d\udccc Odr\u017eive promjene Odr\u017eivost, [&hellip;]<\/p>\n","protected":false},"author":5,"featured_media":0,"parent":0,"menu_order":0,"comment_status":"closed","ping_status":"closed","template":"","meta":{"_eb_attr":"","footnotes":""},"class_list":["post-1804671","page","type-page","status-publish","hentry"],"_links":{"self":[{"href":"https:\/\/marketing.harmonelo.io\/hr\/wp-json\/wp\/v2\/pages\/1804671","targetHints":{"allow":["GET"]}}],"collection":[{"href":"https:\/\/marketing.harmonelo.io\/hr\/wp-json\/wp\/v2\/pages"}],"about":[{"href":"https:\/\/marketing.harmonelo.io\/hr\/wp-json\/wp\/v2\/types\/page"}],"author":[{"embeddable":true,"href":"https:\/\/marketing.harmonelo.io\/hr\/wp-json\/wp\/v2\/users\/5"}],"replies":[{"embeddable":true,"href":"https:\/\/marketing.harmonelo.io\/hr\/wp-json\/wp\/v2\/comments?post=1804671"}],"version-history":[{"count":1,"href":"https:\/\/marketing.harmonelo.io\/hr\/wp-json\/wp\/v2\/pages\/1804671\/revisions"}],"predecessor-version":[{"id":1804674,"href":"https:\/\/marketing.harmonelo.io\/hr\/wp-json\/wp\/v2\/pages\/1804671\/revisions\/1804674"}],"wp:attachment":[{"href":"https:\/\/marketing.harmonelo.io\/hr\/wp-json\/wp\/v2\/media?parent=1804671"}],"curies":[{"name":"wp","href":"https:\/\/api.w.org\/{rel}","templated":true}]}}