{"id":1806387,"date":"2023-03-22T09:56:43","date_gmt":"2023-03-22T08:56:43","guid":{"rendered":"https:\/\/marketing.harmonelo.io\/le-microbiome-un-resume-des-elements-les-plus-importants-2\/"},"modified":"2024-03-01T17:08:28","modified_gmt":"2024-03-01T16:08:28","slug":"le-microbiome-un-resume-des-elements-les-plus-importants-2","status":"publish","type":"page","link":"https:\/\/marketing.harmonelo.io\/fr\/le-microbiome-un-resume-des-elements-les-plus-importants-2\/","title":{"rendered":"Le microbiome : un r\u00e9sum\u00e9 des \u00e9l\u00e9ments les plus importants"},"content":{"rendered":"\n<p class=\"has-text-align-center\">Comme on dit, la r\u00e9p\u00e9tition est la m\u00e8re de la sagesse. Connaissez-vous les <mark style=\"background-color:rgba(0, 0, 0, 0)\" class=\"has-inline-color has-primary-color\">bases <\/mark>du microbiome sur le bout des doigts ? Si ce n&rsquo;est pas le cas, nous esp\u00e9rons que ce billet vous sera utile.<\/p>\n\n<hr class=\"wp-block-separator has-alpha-channel-opacity\"\/>\n\n<figure class=\"wp-block-image size-large\"><img loading=\"lazy\" decoding=\"async\" width=\"1024\" height=\"683\" src=\"https:\/\/marketing.harmonelo.io\/wp-content\/uploads\/2023\/03\/pexels-alexander-mils-2103949-1024x683.jpg\" alt=\"\" class=\"wp-image-1070145\" srcset=\"https:\/\/marketing.harmonelo.io\/wp-content\/uploads\/2023\/03\/pexels-alexander-mils-2103949-1024x683.jpg 1024w, https:\/\/marketing.harmonelo.io\/wp-content\/uploads\/2023\/03\/pexels-alexander-mils-2103949-300x200.jpg 300w, https:\/\/marketing.harmonelo.io\/wp-content\/uploads\/2023\/03\/pexels-alexander-mils-2103949-768x512.jpg 768w, https:\/\/marketing.harmonelo.io\/wp-content\/uploads\/2023\/03\/pexels-alexander-mils-2103949-1536x1024.jpg 1536w, https:\/\/marketing.harmonelo.io\/wp-content\/uploads\/2023\/03\/pexels-alexander-mils-2103949-2048x1365.jpg 2048w, https:\/\/marketing.harmonelo.io\/wp-content\/uploads\/2023\/03\/pexels-alexander-mils-2103949-18x12.jpg 18w\" sizes=\"auto, (max-width: 1024px) 100vw, 1024px\" \/><\/figure>\n\n<p class=\"has-text-align-center\"><mark style=\"background-color:rgba(0, 0, 0, 0)\" class=\"has-inline-color has-primary-color\"><strong>Qu&rsquo;est-ce que le microbiome ?<\/strong><\/mark>  L&rsquo;ensemble des g\u00e8nes de tous les micro-organismes vivant dans notre organisme. La plupart d&rsquo;entre nous ont probablement entendu parler du microbiome intestinal, mais il existe aussi, par exemple, un microbiome cutan\u00e9, vaginal ou oral.<\/p>\n\n<p class=\"has-text-align-center\"><strong><mark style=\"background-color:rgba(0, 0, 0, 0)\" class=\"has-inline-color has-primary-color\">Quels sont les \u00e9l\u00e9ments qui peuvent influencer notre microbiome ?<\/mark><\/strong>  Le microbiome fait actuellement l&rsquo;objet de nombreuses recherches. Beaucoup de choses peuvent encore nous \u00eatre cach\u00e9es. Ce qui est clair, en revanche, c&rsquo;est que notre microbiome est influenc\u00e9 par un certain nombre de facteurs.<\/p>\n\n<h1 class=\"has-text-align-center wp-block-heading\"><strong><mark style=\"background-color:rgba(0, 0, 0, 0)\" class=\"has-inline-color has-primary-color\">Par exemple, qu&rsquo;est-ce que c&rsquo;est ?<\/mark><\/strong><\/h1>\n\n<ol class=\"wp-block-list\">\n<li>Notre mode de vie g\u00e9n\u00e9ral<\/li>\n\n\n\n<li>Accouchement (naturel\/c\u00e9sarienne)<\/li>\n\n\n\n<li>L&rsquo;allaitement<\/li>\n\n\n\n<li>Suppl\u00e9ment de m\u00e9dicaments<\/li>\n\n\n\n<li>Mode de vie g\u00e9n\u00e9ral<\/li>\n\n\n\n<li>Hygi\u00e8ne du sommeil<\/li>\n\n\n\n<li>L&rsquo;environnement dans lequel nous vivons<\/li>\n<\/ol>\n\n<div style=\"height:30px\" aria-hidden=\"true\" class=\"wp-block-spacer\"><\/div>\n\n<figure class=\"wp-block-image size-large\"><img loading=\"lazy\" decoding=\"async\" width=\"1024\" height=\"683\" src=\"https:\/\/marketing.harmonelo.io\/wp-content\/uploads\/2023\/03\/pexels-andrea-piacquadio-712413-1024x683.jpg\" alt=\"\" class=\"wp-image-1070146\" srcset=\"https:\/\/marketing.harmonelo.io\/wp-content\/uploads\/2023\/03\/pexels-andrea-piacquadio-712413-1024x683.jpg 1024w, https:\/\/marketing.harmonelo.io\/wp-content\/uploads\/2023\/03\/pexels-andrea-piacquadio-712413-300x200.jpg 300w, https:\/\/marketing.harmonelo.io\/wp-content\/uploads\/2023\/03\/pexels-andrea-piacquadio-712413-768x512.jpg 768w, https:\/\/marketing.harmonelo.io\/wp-content\/uploads\/2023\/03\/pexels-andrea-piacquadio-712413-1536x1024.jpg 1536w, https:\/\/marketing.harmonelo.io\/wp-content\/uploads\/2023\/03\/pexels-andrea-piacquadio-712413-2048x1365.jpg 2048w, https:\/\/marketing.harmonelo.io\/wp-content\/uploads\/2023\/03\/pexels-andrea-piacquadio-712413-18x12.jpg 18w\" sizes=\"auto, (max-width: 1024px) 100vw, 1024px\" \/><\/figure>\n\n<div style=\"height:20px\" aria-hidden=\"true\" class=\"wp-block-spacer\"><\/div>\n\n<p class=\"has-text-align-center\">Comme il ressort probablement d\u00e9j\u00e0 des points ci-dessus, le microbiome n&rsquo;est pas du tout \u00e9vident. Au contraire, il s&rsquo;agit <mark style=\"background-color:rgba(0, 0, 0, 0)\" class=\"has-inline-color has-primary-color\">\n  <strong>un complexe de nombreux facteurs<\/strong>\n<\/mark>qui fa\u00e7onnent et influencent notre microbiome, qui est <mark style=\"background-color:rgba(0, 0, 0, 0)\" class=\"has-inline-color has-primary-color\">\n  <strong>unique<\/strong>\n<\/mark>. Nos \u00ab\u00a0dix commandements\u00a0\u00bb pour prendre soin du microbiome peuvent vous aider.<\/p>\n\n<h1 class=\"has-text-align-center wp-block-heading\">Dix choses pour prendre soin de votre microbiome<\/h1>\n\n<ol class=\"wp-block-list\">\n<li>Favorisez la diversit\u00e9 microbienne en adoptant un r\u00e9gime alimentaire vari\u00e9.<\/li>\n\n\n\n<li>Sauf n\u00e9cessit\u00e9 absolue (intol\u00e9rances alimentaires, allergies ou autres probl\u00e8mes), essayez de ne pas \u00e9liminer inutilement des groupes entiers d&rsquo;aliments de votre alimentation.<\/li>\n\n\n\n<li>N&rsquo;oubliez pas les l\u00e9gumes et les fruits, tenez compte de la saisonnalit\u00e9 et du caract\u00e8re local.<\/li>\n\n\n\n<li>Mangez avec parcimonie et r\u00e9guli\u00e8rement.<\/li>\n\n\n\n<li>Incluez dans votre alimentation des aliments riches en fibres.<\/li>\n\n\n\n<li>\u00c9vitez les aliments hautement transform\u00e9s.<\/li>\n\n\n\n<li>Pensez \u00e0 l&rsquo;exercice et \u00e0 la nature.<\/li>\n\n\n\n<li>Prenez soin de votre bien-\u00eatre mental.<\/li>\n\n\n\n<li>Ne vous privez pas d&rsquo;un sommeil de qualit\u00e9.<\/li>\n\n\n\n<li>Surveillez votre consommation d&rsquo;alcool.<\/li>\n<\/ol>\n\n<div style=\"height:27px\" aria-hidden=\"true\" class=\"wp-block-spacer\"><\/div>\n\n<figure class=\"wp-block-image size-large\"><img loading=\"lazy\" decoding=\"async\" width=\"1024\" height=\"683\" src=\"https:\/\/marketing.harmonelo.io\/wp-content\/uploads\/2023\/03\/pexels-alexy-almond-3758053-1-1024x683.jpg\" alt=\"\" class=\"wp-image-1070148\" srcset=\"https:\/\/marketing.harmonelo.io\/wp-content\/uploads\/2023\/03\/pexels-alexy-almond-3758053-1-1024x683.jpg 1024w, https:\/\/marketing.harmonelo.io\/wp-content\/uploads\/2023\/03\/pexels-alexy-almond-3758053-1-300x200.jpg 300w, https:\/\/marketing.harmonelo.io\/wp-content\/uploads\/2023\/03\/pexels-alexy-almond-3758053-1-768x512.jpg 768w, https:\/\/marketing.harmonelo.io\/wp-content\/uploads\/2023\/03\/pexels-alexy-almond-3758053-1-1536x1024.jpg 1536w, https:\/\/marketing.harmonelo.io\/wp-content\/uploads\/2023\/03\/pexels-alexy-almond-3758053-1-2048x1365.jpg 2048w, https:\/\/marketing.harmonelo.io\/wp-content\/uploads\/2023\/03\/pexels-alexy-almond-3758053-1-18x12.jpg 18w\" sizes=\"auto, (max-width: 1024px) 100vw, 1024px\" \/><\/figure>\n\n<h1 class=\"has-text-align-center wp-block-heading\">Qu&rsquo;est-ce que cela implique ?<\/h1>\n\n<p class=\"has-text-align-center\">Le microbiome ne doit pas \u00eatre <mark style=\"background-color:rgba(0, 0, 0, 0)\" class=\"has-inline-color has-primary-color\">sous-estim\u00e9<\/mark>. Il est souhaitable d&rsquo;envisager ces choses d&rsquo;un point de <mark style=\"background-color:rgba(0, 0, 0, 0)\" class=\"has-inline-color has-primary-color\">vue pr\u00e9ventif<\/mark> et de consid\u00e9rer le microbiome comme quelque chose de <mark style=\"background-color:rgba(0, 0, 0, 0)\" class=\"has-inline-color has-primary-color\">complexe<\/mark>. Nous n&rsquo;avons qu&rsquo;une seule sant\u00e9, alors ne <mark style=\"background-color:rgba(0, 0, 0, 0)\" class=\"has-inline-color has-primary-color\">cessez pas de l&rsquo;appr\u00e9cier<\/mark> et d&rsquo;en prendre soin.<\/p>\n\n<div class=\"wp-block-buttons is-layout-flex wp-block-buttons-is-layout-flex\">\n<div class=\"wp-block-button aligncenter\"><a class=\"wp-block-button__link wp-element-button\" href=\"https:\/\/harmonelo.com\/harmonelo-smart-probio-d610\/\" target=\"_blank\" rel=\"noreferrer noopener\">JE VEUX EXAMINER HARMONELO SMART PROBIO<\/a><\/div>\n<\/div>\n\n<div class=\"wp-block-buttons is-layout-flex wp-block-buttons-is-layout-flex\">\n<div class=\"wp-block-button aligncenter\"><a class=\"wp-block-button__link wp-element-button\" href=\"https:\/\/harmonelo.com\/harmonelo-probione-d611\/\" target=\"_blank\" rel=\"noreferrer noopener\">JE VEUX ESSAYER HARMONELO PROBIONE<\/a><\/div>\n<\/div>\n","protected":false},"excerpt":{"rendered":"<p>Comme on dit, la r\u00e9p\u00e9tition est la m\u00e8re de la sagesse. Connaissez-vous les bases du microbiome sur le bout des doigts ? Si ce n&rsquo;est pas le cas, nous esp\u00e9rons que ce billet vous sera utile. Qu&rsquo;est-ce que le microbiome ? L&rsquo;ensemble des g\u00e8nes de tous les micro-organismes vivant dans notre organisme. La plupart d&rsquo;entre [&hellip;]<\/p>\n","protected":false},"author":5,"featured_media":0,"parent":0,"menu_order":0,"comment_status":"closed","ping_status":"closed","template":"","meta":{"_eb_attr":"","footnotes":""},"class_list":["post-1806387","page","type-page","status-publish","hentry"],"_links":{"self":[{"href":"https:\/\/marketing.harmonelo.io\/fr\/wp-json\/wp\/v2\/pages\/1806387","targetHints":{"allow":["GET"]}}],"collection":[{"href":"https:\/\/marketing.harmonelo.io\/fr\/wp-json\/wp\/v2\/pages"}],"about":[{"href":"https:\/\/marketing.harmonelo.io\/fr\/wp-json\/wp\/v2\/types\/page"}],"author":[{"embeddable":true,"href":"https:\/\/marketing.harmonelo.io\/fr\/wp-json\/wp\/v2\/users\/5"}],"replies":[{"embeddable":true,"href":"https:\/\/marketing.harmonelo.io\/fr\/wp-json\/wp\/v2\/comments?post=1806387"}],"version-history":[{"count":1,"href":"https:\/\/marketing.harmonelo.io\/fr\/wp-json\/wp\/v2\/pages\/1806387\/revisions"}],"predecessor-version":[{"id":1806388,"href":"https:\/\/marketing.harmonelo.io\/fr\/wp-json\/wp\/v2\/pages\/1806387\/revisions\/1806388"}],"wp:attachment":[{"href":"https:\/\/marketing.harmonelo.io\/fr\/wp-json\/wp\/v2\/media?parent=1806387"}],"curies":[{"name":"wp","href":"https:\/\/api.w.org\/{rel}","templated":true}]}}