{"id":1806076,"date":"2023-04-12T10:07:05","date_gmt":"2023-04-12T08:07:05","guid":{"rendered":"https:\/\/marketing.harmonelo.io\/harmonelo-hope-%f0%9f%a6%8b-2\/"},"modified":"2024-03-01T17:01:24","modified_gmt":"2024-03-01T16:01:24","slug":"harmonelo-hope-%f0%9f%a6%8b-2","status":"publish","type":"page","link":"https:\/\/marketing.harmonelo.io\/fr\/harmonelo-hope-%f0%9f%a6%8b-2\/","title":{"rendered":"Harmonelo Hope \ud83e\udd8b"},"content":{"rendered":"\n<hr class=\"wp-block-separator has-alpha-channel-opacity\"\/>\n\n<div style=\"height:20px\" aria-hidden=\"true\" class=\"wp-block-spacer\"><\/div>\n\n<h2 class=\"wp-block-heading has-text-align-center\"> <strong>\n  <em>Le voyage de Laurinky<\/em>\n<\/strong> \ud83d\udc63<\/h2>\n\n<figure class=\"wp-block-image aligncenter size-large is-resized\"><img loading=\"lazy\" decoding=\"async\" width=\"1024\" height=\"1024\" src=\"https:\/\/marketing.harmonelo.io\/wp-content\/uploads\/2023\/04\/version1uuid804C32DA-19BB-45FF-A8A5-B28C52B29925modecompatiblenoloc0.jpeg-1024x1024.jpg\" alt=\"\" class=\"wp-image-1333282\" style=\"width:569px;height:569px\" srcset=\"https:\/\/marketing.harmonelo.io\/wp-content\/uploads\/2023\/04\/version1uuid804C32DA-19BB-45FF-A8A5-B28C52B29925modecompatiblenoloc0.jpeg-1024x1024.jpg 1024w, https:\/\/marketing.harmonelo.io\/wp-content\/uploads\/2023\/04\/version1uuid804C32DA-19BB-45FF-A8A5-B28C52B29925modecompatiblenoloc0.jpeg-300x300.jpg 300w, https:\/\/marketing.harmonelo.io\/wp-content\/uploads\/2023\/04\/version1uuid804C32DA-19BB-45FF-A8A5-B28C52B29925modecompatiblenoloc0.jpeg-150x150.jpg 150w, https:\/\/marketing.harmonelo.io\/wp-content\/uploads\/2023\/04\/version1uuid804C32DA-19BB-45FF-A8A5-B28C52B29925modecompatiblenoloc0.jpeg-768x768.jpg 768w, https:\/\/marketing.harmonelo.io\/wp-content\/uploads\/2023\/04\/version1uuid804C32DA-19BB-45FF-A8A5-B28C52B29925modecompatiblenoloc0.jpeg-12x12.jpg 12w, https:\/\/marketing.harmonelo.io\/wp-content\/uploads\/2023\/04\/version1uuid804C32DA-19BB-45FF-A8A5-B28C52B29925modecompatiblenoloc0.jpeg.jpg 1080w\" sizes=\"auto, (max-width: 1024px) 100vw, 1024px\" \/><\/figure>\n\n<h2 class=\"wp-block-heading has-text-align-center\"><em>L&rsquo;histoire difficile de Laura :<\/em><\/h2>\n\n<p class=\"has-text-align-center\">\ud83e\udd0d \u0160ekmars a ramen\u00e9 Laurinka de l&rsquo;h\u00f4pital le 17.2.2022. Depuis ce jour, elle est plac\u00e9e dans une famille d&rsquo;accueil nomm\u00e9e par le tribunal. En tant que grands-parents, ils sont habilit\u00e9s \u00e0 repr\u00e9senter Laurinka \u00e0 tous \u00e9gards et ont les m\u00eames droits que ses parents. Cependant, le tribunal attend toujours de d\u00e9cider s&rsquo;il faut priver les parents de leurs droits et nommer les grands-parents comme tuteurs.<\/p>\n\n<p class=\"has-text-align-center\">Ce n&rsquo;\u00e9tait pas vraiment facile. Mme \u0160ekmarov\u00e1 a d\u00fb passer dix jours avec Laurinka \u00e0 l&rsquo;h\u00f4pital de Hradec Kr\u00e1lov\u00e9, o\u00f9 le personnel m\u00e9dical lui a appris \u00e0 administrer des m\u00e9dicaments et \u00e0 s&rsquo;occuper de la fillette. Par la suite, ils ont transmis au tribunal un rapport attestant que Mme \u0160ekmarov\u00e1 \u00e9tait en mesure de s&rsquo;occuper de l&rsquo;enfant malade et qu&rsquo;il \u00e9tait \u00e9vident que Laurinka entretenait une relation chaleureuse avec sa grand-m\u00e8re. \ud83d\udc69\u200d\ud83c\udf7c<\/p>\n\n<p class=\"has-text-align-center\">Cette recommandation a incit\u00e9 le tribunal \u00e0 d\u00e9cider que les grands-parents s&rsquo;occuperaient bien de l&rsquo;enfant. Comme les parents <mark style=\"background-color:rgba(0, 0, 0, 0)\" class=\"has-inline-color has-primary-color\">ne se sont pas occup\u00e9s<\/mark> de l&rsquo;enfant depuis sa naissance et qu&rsquo;ils consomment des substances addictives, l&rsquo;autorit\u00e9 de protection de l&rsquo;enfance propose de les priver de leurs droits parentaux.<\/p>\n\n<figure class=\"wp-block-image aligncenter size-large is-resized\"><img loading=\"lazy\" decoding=\"async\" width=\"1024\" height=\"1024\" src=\"https:\/\/marketing.harmonelo.io\/wp-content\/uploads\/2023\/03\/2-1024x1024.jpg\" alt=\"\" class=\"wp-image-981759\" style=\"width:577px;height:577px\" srcset=\"https:\/\/marketing.harmonelo.io\/wp-content\/uploads\/2023\/03\/2-1024x1024.jpg 1024w, https:\/\/marketing.harmonelo.io\/wp-content\/uploads\/2023\/03\/2-300x300.jpg 300w, https:\/\/marketing.harmonelo.io\/wp-content\/uploads\/2023\/03\/2-150x150.jpg 150w, https:\/\/marketing.harmonelo.io\/wp-content\/uploads\/2023\/03\/2-768x768.jpg 768w, https:\/\/marketing.harmonelo.io\/wp-content\/uploads\/2023\/03\/2-12x12.jpg 12w, https:\/\/marketing.harmonelo.io\/wp-content\/uploads\/2023\/03\/2.jpg 1200w\" sizes=\"auto, (max-width: 1024px) 100vw, 1024px\" \/><\/figure>\n\n<p class=\"has-text-align-center\">Continuez \u00e0 nous aider \u00e0 travers d&rsquo;autres beaux projets que nous vous pr\u00e9senterons progressivement.<\/p>\n\n<p class=\"has-text-align-center\">Vous pouvez envoyer le montant que vous avez choisi sur des comptes transparents de la Banque Raiffeisen :<\/p>\n\n<blockquote class=\"wp-block-quote is-layout-flow wp-block-quote-is-layout-flow\">\n<p class=\"has-text-align-center has-primary-color has-text-color\"><strong>\n  <a href=\"https:\/\/www.rb.cz\/povinne-zverejnovane-informace\/transparentni-ucty?path=transactions&amp;accountNumber=2022102250\" target=\"_blank\" rel=\"noreferrer noopener\">\n    <mark style=\"background-color:rgba(0, 0, 0, 0)\" class=\"has-inline-color has-contrast-color\">CZK 2022102250\/5500<\/mark>\n  <\/a>\n<\/strong> (pour les contributions en CZK) ; IBAN : CZ6655000000002022102250 (pour les contributions de pays autres que CZ) ; BIC : RZBCCZP<\/p>\n<\/blockquote>\n\n<blockquote class=\"wp-block-quote is-layout-flow wp-block-quote-is-layout-flow\">\n<p class=\"has-text-align-center has-primary-color has-text-color\"><mark style=\"background-color:rgba(0, 0, 0, 0)\" class=\"has-inline-color has-primary-color\"><a href=\"https:\/\/www.rb.cz\/povinne-zverejnovane-informace\/transparentni-ucty?path=transactions&amp;accountNumber=2022102285\" target=\"_blank\" rel=\"noreferrer noopener\"><strong>EUR 2022102285\/5500<\/strong><\/a> <\/mark>(pour les contributions en EUR) ; IBAN : CZ91550000000000002022102285 (pour les contributions provenant de pays autres que la R\u00e9publique tch\u00e8que) ; BIC : RZBCCZPP<\/p>\n<\/blockquote>\n\n<div style=\"height:20px\" aria-hidden=\"true\" class=\"wp-block-spacer\"><\/div>\n\n<h2 class=\"wp-block-heading has-text-align-center\">Merci de nous aider l\u00e0 o\u00f9 c&rsquo;est n\u00e9cessaire.<\/h2>\n\n<h2 class=\"wp-block-heading has-text-align-center\">\ud83e\udd8b\ud83e\udd8b\ud83e\udd8b<\/h2>\n\n<p class=\"has-text-align-center has-base-color has-base-background-color has-text-color has-background\"><\/p>\n","protected":false},"excerpt":{"rendered":"<p>Le voyage de Laurinky \ud83d\udc63 L&rsquo;histoire difficile de Laura : \ud83e\udd0d \u0160ekmars a ramen\u00e9 Laurinka de l&rsquo;h\u00f4pital le 17.2.2022. Depuis ce jour, elle est plac\u00e9e dans une famille d&rsquo;accueil nomm\u00e9e par le tribunal. En tant que grands-parents, ils sont habilit\u00e9s \u00e0 repr\u00e9senter Laurinka \u00e0 tous \u00e9gards et ont les m\u00eames droits que ses parents. Cependant, [&hellip;]<\/p>\n","protected":false},"author":5,"featured_media":0,"parent":0,"menu_order":0,"comment_status":"closed","ping_status":"closed","template":"","meta":{"_eb_attr":"","footnotes":""},"class_list":["post-1806076","page","type-page","status-publish","hentry"],"_links":{"self":[{"href":"https:\/\/marketing.harmonelo.io\/fr\/wp-json\/wp\/v2\/pages\/1806076","targetHints":{"allow":["GET"]}}],"collection":[{"href":"https:\/\/marketing.harmonelo.io\/fr\/wp-json\/wp\/v2\/pages"}],"about":[{"href":"https:\/\/marketing.harmonelo.io\/fr\/wp-json\/wp\/v2\/types\/page"}],"author":[{"embeddable":true,"href":"https:\/\/marketing.harmonelo.io\/fr\/wp-json\/wp\/v2\/users\/5"}],"replies":[{"embeddable":true,"href":"https:\/\/marketing.harmonelo.io\/fr\/wp-json\/wp\/v2\/comments?post=1806076"}],"version-history":[{"count":1,"href":"https:\/\/marketing.harmonelo.io\/fr\/wp-json\/wp\/v2\/pages\/1806076\/revisions"}],"predecessor-version":[{"id":1806077,"href":"https:\/\/marketing.harmonelo.io\/fr\/wp-json\/wp\/v2\/pages\/1806076\/revisions\/1806077"}],"wp:attachment":[{"href":"https:\/\/marketing.harmonelo.io\/fr\/wp-json\/wp\/v2\/media?parent=1806076"}],"curies":[{"name":"wp","href":"https:\/\/api.w.org\/{rel}","templated":true}]}}