{"id":1806039,"date":"2023-01-20T20:10:46","date_gmt":"2023-01-20T19:10:46","guid":{"rendered":"https:\/\/marketing.harmonelo.io\/webinaires-cz-sk-2\/"},"modified":"2026-04-24T05:52:45","modified_gmt":"2026-04-24T03:52:45","slug":"webinaires-cz-sk-2","status":"publish","type":"page","link":"https:\/\/marketing.harmonelo.io\/fr\/webinaires-cz-sk-2\/","title":{"rendered":"Webinaires CZ + SK"},"content":{"rendered":"\n<h1 class=\"wp-block-heading has-text-align-center\"><em>LES ENREGISTREMENTS DES LIVESTREAMS PROFESSIONNELS QUI ONT D\u00c9J\u00c0 EU LIEU SONT DISPONIBLES DANS LE BUREAU EN TANT QU&rsquo;ENREGISTREMENTS VIP (80+ PV).<\/em><\/h1>\n\n<figure class=\"wp-block-image size-large\"><img loading=\"lazy\" decoding=\"async\" width=\"1024\" height=\"714\" src=\"https:\/\/marketing.harmonelo.io\/wp-content\/uploads\/2026\/04\/Snimek-obrazovky-2026-04-24-v-9.56.40-1024x714.png\" alt=\"\" class=\"wp-image-1838452\" srcset=\"https:\/\/marketing.harmonelo.io\/wp-content\/uploads\/2026\/04\/Snimek-obrazovky-2026-04-24-v-9.56.40-1024x714.png 1024w, https:\/\/marketing.harmonelo.io\/wp-content\/uploads\/2026\/04\/Snimek-obrazovky-2026-04-24-v-9.56.40-300x209.png 300w, https:\/\/marketing.harmonelo.io\/wp-content\/uploads\/2026\/04\/Snimek-obrazovky-2026-04-24-v-9.56.40-768x536.png 768w, https:\/\/marketing.harmonelo.io\/wp-content\/uploads\/2026\/04\/Snimek-obrazovky-2026-04-24-v-9.56.40-1536x1071.png 1536w, https:\/\/marketing.harmonelo.io\/wp-content\/uploads\/2026\/04\/Snimek-obrazovky-2026-04-24-v-9.56.40-2048x1429.png 2048w\" sizes=\"auto, (max-width: 1024px) 100vw, 1024px\" \/><\/figure>\n\n<hr class=\"wp-block-separator has-alpha-channel-opacity is-style-wide\"\/>\n\n<hr class=\"wp-block-separator has-alpha-channel-opacity is-style-wide\"\/>\n\n<h1 class=\"wp-block-heading has-text-align-center\">D\u00c9GUSTATION GRATUITE DE VIP RECORDS : LE PLAN DE R\u00c9MUN\u00c9RATION QUI A PERMIS \u00c0 PLUS DE 100 MILLIONS DE PERSONNES DE DEVENIR MILLIONNAIRES<\/h1>\n\n<p class=\"has-text-align-center\">Si un commer\u00e7ant ne peut pas gagner sa vie et subvenir \u00e0 ses besoins, il ne peut s&rsquo;engager \u00e0 long terme dans aucune activit\u00e9, m\u00eame si elle est plus pieuse, et il est probable qu&rsquo;il finira par mettre la cl\u00e9 sous la porte.  <\/p>\n\n<p class=\"has-text-align-center\">C&rsquo;est pourquoi il est important de savoir qu&rsquo;Harmonelo dispose non seulement d&rsquo;un produit et d&rsquo;un syst\u00e8me sophistiqu\u00e9s, mais aussi de tout un plan de r\u00e9mun\u00e9ration qui r\u00e9compense le plus g\u00e9n\u00e9reusement ses membres pour leur travail, car l&rsquo;entreprise accorde une tr\u00e8s grande valeur \u00e0 tous les distributeurs.<\/p>\n\n<figure class=\"wp-block-image size-large\"><a href=\"https:\/\/cloud.harmonelo.com\/apps\/sharingpath\/mkarmazin\/HARMONELO\/RECORDINGS\/CZ%20+%20SK\/MLM%20&amp;%20KOMPENZA%C4%8CN%C3%8D%20PL%C3%81N\/Marketing%20Harmonelo%2022.3.2026.mp4\" target=\"_blank\" rel=\" noreferrer noopener\"><img loading=\"lazy\" decoding=\"async\" width=\"1024\" height=\"572\" src=\"https:\/\/marketing.harmonelo.io\/wp-content\/uploads\/2026\/04\/Snimek-obrazovky-2026-04-24-v-10.21.40-1024x572.jpg\" alt=\"\" class=\"wp-image-1838508\" srcset=\"https:\/\/marketing.harmonelo.io\/wp-content\/uploads\/2026\/04\/Snimek-obrazovky-2026-04-24-v-10.21.40-1024x572.jpg 1024w, https:\/\/marketing.harmonelo.io\/wp-content\/uploads\/2026\/04\/Snimek-obrazovky-2026-04-24-v-10.21.40-300x168.jpg 300w, https:\/\/marketing.harmonelo.io\/wp-content\/uploads\/2026\/04\/Snimek-obrazovky-2026-04-24-v-10.21.40-768x429.jpg 768w, https:\/\/marketing.harmonelo.io\/wp-content\/uploads\/2026\/04\/Snimek-obrazovky-2026-04-24-v-10.21.40-1536x858.jpg 1536w, https:\/\/marketing.harmonelo.io\/wp-content\/uploads\/2026\/04\/Snimek-obrazovky-2026-04-24-v-10.21.40-2048x1145.jpg 2048w\" sizes=\"auto, (max-width: 1024px) 100vw, 1024px\" \/><\/a><figcaption class=\"wp-element-caption\">Capture d&rsquo;\u00e9cran de la formation au plan marketing et de r\u00e9mun\u00e9ration Harmonelo 3.0<\/figcaption><\/figure>\n\n<p class=\"has-text-align-center has-small-font-size\">Aider les gens avec ce qu&rsquo;ils ont de plus pr\u00e9cieux &#8211; leur sant\u00e9 &#8211; existe-t-il une plus belle mission ? Harmonelo n&rsquo;est pas seulement un travail ou une entreprise &#8211; c&rsquo;est vraiment une mission qui a le pouvoir de gu\u00e9rir non seulement la t\u00eate et le corps, mais m\u00eame le portefeuille. <\/p>\n\n<p class=\"has-text-align-center has-small-font-size\">Malheureusement, nous vivons dans un monde mat\u00e9riel et si vous voulez trouver la tranquillit\u00e9 d&rsquo;esprit, vous devez avoir le c\u00f4t\u00e9 revenu tri\u00e9 et la bonne nouvelle est que si vous \u00eates vraiment passionn\u00e9 par Harmonelo, alors il n&rsquo;y a pas besoin de chercher un autre \u00ab\u00a0travail\u00a0\u00bb. Car m\u00eame cela, Harmonelo le r\u00e9sout efficacement. D&rsquo;o\u00f9 viennent exactement toutes ces g\u00e9n\u00e9reuses r\u00e9compenses ?    <\/p>\n\n<p class=\"has-text-align-center has-small-font-size\">Vous le d\u00e9couvrirez dans cette prochaine formation, qui \u00e9tait auparavant r\u00e9serv\u00e9e \u00e0 nos membres les plus actifs, et maintenant, parce que l&rsquo;entreprise veut vous soutenir, vous avez \u00e9galement acc\u00e8s \u00e0 cet enregistrement &#8211; alors qu&rsquo;attendez-vous, profitez-en ! \ud83d\ude42  <\/p>\n\n<div class=\"wp-block-buttons is-content-justification-center is-layout-flex wp-container-core-buttons-is-layout-a89b3969 wp-block-buttons-is-layout-flex\">\n<div class=\"wp-block-button\"><a class=\"wp-block-button__link wp-element-button\" href=\"https:\/\/cloud.harmonelo.com\/apps\/sharingpath\/mkarmazin\/HARMONELO\/RECORDINGS\/CZ%20+%20SK\/MLM%20&amp;%20KOMPENZA%C4%8CN%C3%8D%20PL%C3%81N\/Marketing%20Harmonelo%2022.3.2026.mp4\" target=\"_blank\" rel=\"noreferrer noopener\">JE VEUX SAVOIR POURQUOI HARMONELO MARKETING EST LE MEILLEUR<\/a><\/div>\n<\/div>\n\n<hr class=\"wp-block-separator has-alpha-channel-opacity is-style-wide\"\/>\n\n<hr class=\"wp-block-separator has-alpha-channel-opacity is-style-wide\"\/>\n\n<h1 class=\"wp-block-heading has-text-align-center\" style=\"margin-top:var(--wp--preset--spacing--medium);margin-right:var(--wp--preset--spacing--medium);margin-bottom:var(--wp--preset--spacing--medium);margin-left:var(--wp--preset--spacing--medium)\"><em>MLM COURSE &#8211; 8 STEPS TO BUILDING A NETWORK (MLM BIBLE FROM \u00ab\u00a0A\u00a0\u00bb TO \u00ab\u00a0Z\u00a0\u00bb)<\/em><\/h1>\n\n<figure class=\"wp-block-image size-large\"><a href=\"https:\/\/harmonelo.com\/cs\/products\/MLM_SYSTEM\" target=\"_blank\" rel=\"noreferrer noopener\"><img loading=\"lazy\" decoding=\"async\" width=\"1024\" height=\"857\" src=\"https:\/\/marketing.harmonelo.io\/wp-content\/uploads\/2026\/04\/Snimek-obrazovky-2026-04-24-v-10.01.09-1024x857.png\" alt=\"\" class=\"wp-image-1838466\" srcset=\"https:\/\/marketing.harmonelo.io\/wp-content\/uploads\/2026\/04\/Snimek-obrazovky-2026-04-24-v-10.01.09-1024x857.png 1024w, https:\/\/marketing.harmonelo.io\/wp-content\/uploads\/2026\/04\/Snimek-obrazovky-2026-04-24-v-10.01.09-300x251.png 300w, https:\/\/marketing.harmonelo.io\/wp-content\/uploads\/2026\/04\/Snimek-obrazovky-2026-04-24-v-10.01.09-768x643.png 768w, https:\/\/marketing.harmonelo.io\/wp-content\/uploads\/2026\/04\/Snimek-obrazovky-2026-04-24-v-10.01.09-1536x1285.png 1536w, https:\/\/marketing.harmonelo.io\/wp-content\/uploads\/2026\/04\/Snimek-obrazovky-2026-04-24-v-10.01.09.png 1678w\" sizes=\"auto, (max-width: 1024px) 100vw, 1024px\" \/><\/a><\/figure>\n\n<h2 class=\"wp-block-heading has-text-align-center\">Que vous apprendra ce cours vid\u00e9o de 11 heures ?<\/h2>\n\n<h2 class=\"wp-block-heading has-text-align-center\">(8 \u00e9tapes de base du MLM) :<\/h2>\n\n<ol class=\"wp-block-list\">\n<li>Pourquoi le MLM est l&rsquo;une des rares opportunit\u00e9s pour la plupart des gens aujourd&rsquo;hui<\/li>\n\n\n\n<li>Comment d\u00e9finir les bonnes attentes\/strat\u00e9gie<\/li>\n\n\n\n<li>O\u00f9 trouver les bons contacts pour ne pas en manquer ?<\/li>\n\n\n\n<li>Comment aborder correctement les contacts froids et chauds, exemples<\/li>\n\n\n\n<li>Comment pr\u00e9senter correctement l&rsquo;opportunit\u00e9 et les produits<\/li>\n\n\n\n<li>Comment nouer des contacts apr\u00e8s une pr\u00e9sentation SANS pression ?<\/li>\n\n\n\n<li>Comment enseigner aux nouveaux arrivants, comment commencer correctement, que faire ?<\/li>\n\n\n\n<li>Comment construire un r\u00e9seau pour qu&rsquo;il y ait duplication et croissance constante ?<\/li>\n<\/ol>\n\n<h3 class=\"wp-block-heading has-text-align-center\"><strong>Extrait du 1er module du cours MLM OTHER way : <\/strong><a href=\"https:\/\/youtu.be\/adfCGON5Wkw\"><strong>https:\/\/youtu.be\/adfCGON5Wkw<\/strong><\/a><\/h3>\n\n<p style=\"margin-top:var(--wp--preset--spacing--20);margin-right:0;margin-bottom:var(--wp--preset--spacing--20);margin-left:0\">Prenez ce raccourci et construisez bien votre entreprise d\u00e8s le d\u00e9part.<\/p>\n\n<p class=\"has-text-align-center\">Apprenez de ceux qui ont r\u00e9ussi et b\u00e9n\u00e9ficiez de 11 heures de savoir-faire directement aupr\u00e8s de notre directeur des ventes Michal Karmaz\u00edn.  <\/p>\n\n<div class=\"wp-block-buttons is-content-justification-center is-layout-flex wp-container-core-buttons-is-layout-a89b3969 wp-block-buttons-is-layout-flex\">\n<div class=\"wp-block-button\"><a class=\"wp-block-button__link wp-element-button\" href=\"https:\/\/harmonelo.com\/cs\/products\/MLM_SYSTEM\" target=\"_blank\" rel=\"noreferrer noopener\">JE VEUX MA\u00ceTRISER L&rsquo;ART DU MLM &#8211; JE VEUX UN COURS VID\u00c9O SUR LE MLM (CZ)<\/a><\/div>\n<\/div>\n\n<hr class=\"wp-block-separator has-alpha-channel-opacity is-style-wide\"\/>\n\n<h1 class=\"wp-block-heading has-text-align-center\"><em>COMMENT CONSTRUIRE UN REVENU R\u00c9GULIER (PIPELINE DE MOUSSE) ?  <\/em><\/h1>\n\n<hr class=\"wp-block-separator has-alpha-channel-opacity\"\/>\n\n<h1 class=\"wp-block-heading has-text-align-center\">LA R\u00c9PONSE EST LE SYST\u00c8ME MLM !<\/h1>\n\n<p class=\"has-text-align-center\">Harmonelo, c&rsquo;est l&rsquo;<mark style=\"background-color:rgba(0, 0, 0, 0)\" class=\"has-inline-color has-primary-color\">\u00e9quilibre entre<\/mark> plusieurs domaines de la vie. Nous veillons \u00e0 harmoniser la sant\u00e9 <mark style=\"background-color:rgba(0, 0, 0, 0)\" class=\"has-inline-color has-primary-color\">physique<\/mark> et <mark style=\"background-color:rgba(0, 0, 0, 0)\" class=\"has-inline-color has-primary-color\">mentale<\/mark>, ainsi que la sant\u00e9 <mark style=\"background-color:rgba(0, 0, 0, 0)\" class=\"has-inline-color has-primary-color\">financi\u00e8re<\/mark>.<\/p>\n\n<p class=\"has-text-align-center\">Vous avez une occasion unique d&rsquo;obtenir de pr\u00e9cieux conseils de la part de notre directeur des ventes <strong><mark style=\"background-color:rgba(0, 0, 0, 0)\" class=\"has-inline-color has-primary-color\">Michal Karmaz\u00edn,<\/mark><\/strong> qui vous conseillera <mark style=\"background-color:rgba(0, 0, 0, 0)\" class=\"has-inline-color has-primary-color\">\u00ab\u00a0comment faire\u00a0\u00bb<\/mark> dans son grand <strong>syst\u00e8me MLM.<\/strong> <\/p>\n\n<p class=\"has-text-align-center\">Vous vous rapprocherez de l&rsquo;INDEPENDANCE FINANCI\u00c8RE. Croyez-moi, ce cours en vaut la peine.<\/p>\n\n<figure class=\"wp-block-embed is-type-video is-provider-youtube wp-block-embed-youtube wp-embed-aspect-16-9 wp-has-aspect-ratio\"><div class=\"wp-block-embed__wrapper\">\n<iframe loading=\"lazy\" title=\"MODUL 1\" width=\"500\" height=\"281\" src=\"https:\/\/www.youtube.com\/embed\/PuFtedaOfjE?feature=oembed\" frameborder=\"0\" allow=\"accelerometer; autoplay; clipboard-write; encrypted-media; gyroscope; picture-in-picture; web-share\" referrerpolicy=\"strict-origin-when-cross-origin\" allowfullscreen><\/iframe>\n<\/div><\/figure>\n\n<p class=\"has-text-align-center\">Vous pouvez l&rsquo;acheter sur leur <mark style=\"background-color:rgba(0, 0, 0, 0)\" class=\"has-inline-color has-primary-color\">e-shop<\/mark>. N&rsquo;attendez pas et commencez votre formation <mark style=\"background-color:rgba(0, 0, 0, 0)\" class=\"has-inline-color has-primary-color\">AUJOURD&rsquo;HUI<\/mark>!<\/p>\n\n<p class=\"has-text-align-center\">Cette grande <mark style=\"background-color:rgba(0, 0, 0, 0)\" class=\"has-inline-color has-primary-color\">bande-annonce<\/mark> a \u00e9t\u00e9 traduite dans les langues suivantes :<\/p>\n\n<p class=\"has-text-align-center\">CZ, SK, EN, DE, HU, RO, IT, ES, FR, PL, BG, GR, RU<\/p>\n\n<p class=\"has-text-align-center\">Malheureusement, l&rsquo;ensemble du cours n&rsquo;est disponible qu&rsquo;en R\u00e9publique tch\u00e8que pour l&rsquo;instant, mais non seulement pour le march\u00e9 national mais aussi pour le march\u00e9 \u00e9tranger, nous avons une <strong>toute nouvelle g\u00e9n\u00e9ration d&rsquo;\u00e9ducation supportant plus de 90 langues<\/strong> &#8211; accueillons EDU SYSTEM 2.0 avec votre sponsor AI priv\u00e9 Harmonelo, qui ne dort jamais et qui sait absolument tout !<\/p>\n\n<h1 class=\"wp-block-heading has-text-align-center\"><em>PERSONNEL<\/em> <em>PARRAINAGE DE L&rsquo;AI &#8211; VOTRE CL\u00c9 POUR UNE CONNAISSANCE COMPL\u00c8TE DU MONDE D&rsquo;HARMONELO <\/em> <\/h1>\n\n<figure class=\"wp-block-image aligncenter size-full is-resized\"><a href=\"https:\/\/harmonelo.com\/cs\/products\/CHATBOT\" target=\"_blank\" rel=\" noreferrer noopener\"><img loading=\"lazy\" decoding=\"async\" width=\"1280\" height=\"1024\" src=\"https:\/\/marketing.harmonelo.io\/wp-content\/uploads\/2026\/04\/ChatGPT-Image-27.-3.-2026-14_08_21.png\" alt=\"\" class=\"wp-image-1838480\" style=\"width:600px;height:undefinedpx\" srcset=\"https:\/\/marketing.harmonelo.io\/wp-content\/uploads\/2026\/04\/ChatGPT-Image-27.-3.-2026-14_08_21.png 1280w, https:\/\/marketing.harmonelo.io\/wp-content\/uploads\/2026\/04\/ChatGPT-Image-27.-3.-2026-14_08_21-300x240.png 300w, https:\/\/marketing.harmonelo.io\/wp-content\/uploads\/2026\/04\/ChatGPT-Image-27.-3.-2026-14_08_21-1024x819.png 1024w, https:\/\/marketing.harmonelo.io\/wp-content\/uploads\/2026\/04\/ChatGPT-Image-27.-3.-2026-14_08_21-768x614.png 768w\" sizes=\"auto, (max-width: 1280px) 100vw, 1280px\" \/><\/a><\/figure>\n\n<p class=\"has-text-align-center\">B\u00e9n\u00e9ficiez de la puissance de l&rsquo;IA adapt\u00e9e \u00e0 votre activit\u00e9. Obtenez un acc\u00e8s instantan\u00e9 \u00e0 notre chatbot le plus avanc\u00e9 d\u00e9di\u00e9 aux entreprises Harmonelo et MLM.   <\/p>\n\n<p class=\"has-text-align-center\">Notre parrain AI a \u00e9t\u00e9 form\u00e9 sur tout ce dont vous pouvez avoir besoin dans le business Harmonelo &#8211; il conna\u00eet non seulement tous les produits, l&rsquo;ensemble du plan de compensation, mais aussi comment construire correctement un r\u00e9seau d&rsquo;affaires en duplication constante !  <\/p>\n\n<p class=\"has-text-align-center\">En clair, le sponsor IA au sein d&rsquo;EDU SYSTEM 2.0 sait tout sur le monde d&rsquo;Harmonelo et de plus, il ne cesse d&rsquo;apprendre !  <\/p>\n\n<div class=\"wp-block-buttons is-content-justification-center is-layout-flex wp-container-core-buttons-is-layout-a89b3969 wp-block-buttons-is-layout-flex\">\n<div class=\"wp-block-button\"><a class=\"wp-block-button__link wp-element-button\" href=\"https:\/\/harmonelo.com\/cs\/products\/CHATBOT\" target=\"_blank\" rel=\"noreferrer noopener\">JE VEUX MON SPONSOR AI ET AVEC LUI CONSTRUIRE L&rsquo;ENSEMBLE DE L&rsquo;EUROPE<\/a><\/div>\n<\/div>\n\n<p class=\"has-text-align-center\">Cet abonnement num\u00e9rique vous offre une assistance 24 heures sur 24 pour vous aider \u00e0 r\u00e9pondre \u00e0 des questions complexes et \u00e0 augmenter instantan\u00e9ment votre productivit\u00e9.  <\/p>\n\n<p class=\"has-text-align-center\">Il prend en charge plus de 90 langues et vous offre la possibilit\u00e9 de cr\u00e9er une entreprise internationale sans barri\u00e8res linguistiques.  <\/p>\n\n<p class=\"has-text-align-center\">Toute l&rsquo;Europe est d\u00e9sormais \u00e0 votre port\u00e9e.  <\/p>\n\n<p class=\"has-text-align-center\">M\u00eame sans connaissances linguistiques.<\/p>\n","protected":false},"excerpt":{"rendered":"<p>LES ENREGISTREMENTS DES LIVESTREAMS PROFESSIONNELS QUI ONT D\u00c9J\u00c0 EU LIEU SONT DISPONIBLES DANS LE BUREAU EN TANT QU&rsquo;ENREGISTREMENTS VIP (80+ PV). D\u00c9GUSTATION GRATUITE DE VIP RECORDS : LE PLAN DE R\u00c9MUN\u00c9RATION QUI A PERMIS \u00c0 PLUS DE 100 MILLIONS DE PERSONNES DE DEVENIR MILLIONNAIRES Si un commer\u00e7ant ne peut pas gagner sa vie et subvenir [&hellip;]<\/p>\n","protected":false},"author":2,"featured_media":0,"parent":0,"menu_order":0,"comment_status":"closed","ping_status":"closed","template":"","meta":{"_eb_attr":"","footnotes":""},"class_list":["post-1806039","page","type-page","status-publish","hentry"],"_links":{"self":[{"href":"https:\/\/marketing.harmonelo.io\/fr\/wp-json\/wp\/v2\/pages\/1806039","targetHints":{"allow":["GET"]}}],"collection":[{"href":"https:\/\/marketing.harmonelo.io\/fr\/wp-json\/wp\/v2\/pages"}],"about":[{"href":"https:\/\/marketing.harmonelo.io\/fr\/wp-json\/wp\/v2\/types\/page"}],"author":[{"embeddable":true,"href":"https:\/\/marketing.harmonelo.io\/fr\/wp-json\/wp\/v2\/users\/2"}],"replies":[{"embeddable":true,"href":"https:\/\/marketing.harmonelo.io\/fr\/wp-json\/wp\/v2\/comments?post=1806039"}],"version-history":[{"count":176,"href":"https:\/\/marketing.harmonelo.io\/fr\/wp-json\/wp\/v2\/pages\/1806039\/revisions"}],"predecessor-version":[{"id":1838642,"href":"https:\/\/marketing.harmonelo.io\/fr\/wp-json\/wp\/v2\/pages\/1806039\/revisions\/1838642"}],"wp:attachment":[{"href":"https:\/\/marketing.harmonelo.io\/fr\/wp-json\/wp\/v2\/media?parent=1806039"}],"curies":[{"name":"wp","href":"https:\/\/api.w.org\/{rel}","templated":true}]}}