{"id":1804879,"date":"2023-04-05T16:27:28","date_gmt":"2023-04-05T14:27:28","guid":{"rendered":"https:\/\/marketing.harmonelo.io\/special-paques%f0%9f%a5%9a\/"},"modified":"2024-02-26T22:56:58","modified_gmt":"2024-02-26T21:56:58","slug":"special-paques%f0%9f%a5%9a","status":"publish","type":"page","link":"https:\/\/marketing.harmonelo.io\/fr\/special-paques%f0%9f%a5%9a\/","title":{"rendered":"Sp\u00e9cial P\u00e2ques\ud83e\udd5a"},"content":{"rendered":"\n<hr class=\"wp-block-separator has-alpha-channel-opacity\"\/>\n\n<p class=\"has-text-align-center has-large-font-size\">\ud83d\udc9b\ud83d\udc9c\ud83d\udc9a<\/p>\n\n<p class=\"has-text-align-center\">P\u00e2ques est l\u00e0 ! C&rsquo;est pourquoi nous avons pr\u00e9par\u00e9 un num\u00e9ro sp\u00e9cial sur le th\u00e8me de P\u00e2ques.  <em><mark style=\"background-color:rgba(0, 0, 0, 0)\" class=\"has-inline-color has-primary-color\">Savez-vous combien de temps vous pouvez conserver les \u0153ufs durs ?<\/mark><\/em> <em><mark style=\"background-color:rgba(0, 0, 0, 0)\" class=\"has-inline-color has-primary-color\">Comment teindre ses propres \u0153ufs \u00e0 la maison en utilisant des composants naturels ?<\/mark><\/em> <em><mark style=\"background-color:rgba(0, 0, 0, 0)\" class=\"has-inline-color has-primary-color\">Qu&rsquo;est-ce que vous pouvez surprendre chez les enfants cette ann\u00e9e ?<\/mark> <\/em>Vous trouverez ces informations et bien d&rsquo;autres encore dans ce billet.<\/p>\n\n<figure class=\"wp-block-image size-large\"><img loading=\"lazy\" decoding=\"async\" width=\"1024\" height=\"1024\" src=\"https:\/\/marketing.harmonelo.io\/wp-content\/uploads\/2023\/04\/IMG_1138-1024x1024.png\" alt=\"\" class=\"wp-image-1245900\" srcset=\"https:\/\/marketing.harmonelo.io\/wp-content\/uploads\/2023\/04\/IMG_1138-1024x1024.png 1024w, https:\/\/marketing.harmonelo.io\/wp-content\/uploads\/2023\/04\/IMG_1138-300x300.png 300w, https:\/\/marketing.harmonelo.io\/wp-content\/uploads\/2023\/04\/IMG_1138-150x150.png 150w, https:\/\/marketing.harmonelo.io\/wp-content\/uploads\/2023\/04\/IMG_1138-768x768.png 768w, https:\/\/marketing.harmonelo.io\/wp-content\/uploads\/2023\/04\/IMG_1138-12x12.png 12w, https:\/\/marketing.harmonelo.io\/wp-content\/uploads\/2023\/04\/IMG_1138.png 1080w\" sizes=\"auto, (max-width: 1024px) 100vw, 1024px\" \/><\/figure>\n\n<h1 class=\"wp-block-heading has-text-align-center\"><strong>\n  <mark style=\"background-color:rgba(0, 0, 0, 0)\" class=\"has-inline-color has-primary-color\">Comment teindre ses \u0153ufs avec des composants naturels ?<\/mark>\n<\/strong>\ud83e\udd5a<\/h1>\n\n<p>Il existe toutes sortes de colorants pour \u0153ufs. Mais saviez-vous que vous pouvez d\u00e9corer vos \u0153ufs depuis le confort de votre maison et utiliser des composants auxquels vous n&rsquo;auriez peut-\u00eatre pas pens\u00e9 au d\u00e9part ?<\/p>\n\n<h2 class=\"wp-block-heading has-text-align-center\">Comment faites-vous ? \ud83d\udd11<\/h2>\n\n<p class=\"has-text-align-center\">\ud83e\udd5a Tout d&rsquo;abord, chaque \u0153uf doit \u00eatre nettoy\u00e9 et lav\u00e9 (d\u00e9graiss\u00e9) avant d&rsquo;\u00eatre teint. Par exemple, vous pouvez utiliser un liquide vaisselle ou une combinaison d&rsquo;eau chaude et de soude pour vous aider. Ces \u00e9tapes permettent de mieux faire ressortir la couleur souhait\u00e9e sur l&rsquo;\u0153uf. Il ne vous reste plus qu&rsquo;\u00e0 choisir la couleur finale de votre choix.  <\/p>\n\n<ol class=\"wp-block-list\">\n<li><mark style=\"background-color:rgba(0, 0, 0, 0)\" class=\"has-inline-color has-primary-color\"><strong>OIGNON<\/strong>:<\/mark> Les pelures d&rsquo;<mark style=\"background-color:rgba(0, 0, 0, 0)\" class=\"has-inline-color has-primary-color\">oignon<\/mark> peuvent donner \u00e0 vos \u0153ufs une belle couleur caramel.<\/li>\n\n\n\n<li><strong>\n  <mark style=\"background-color:rgba(0, 0, 0, 0)\" class=\"has-inline-color has-primary-color\">KURKUM<\/mark>\n<\/strong><mark style=\"background-color:rgba(0, 0, 0, 0)\" class=\"has-inline-color has-primary-color\"><strong>R<\/strong>: <\/mark>Avec le curcuma, vous pouvez obtenir une nuance de jaune caramel assortie.  <\/li>\n\n\n\n<li><mark style=\"background-color:rgba(0, 0, 0, 0)\" class=\"has-inline-color has-primary-color\">\n  <strong>L&rsquo;OR ROUGE :<\/strong>\n<\/mark> Le chou rouge vous permettra d&rsquo;obtenir une surprenante nuance de bleu.<\/li>\n\n\n\n<li><mark style=\"background-color:rgba(0, 0, 0, 0)\" class=\"has-inline-color has-primary-color\"><strong>LIGNE ROUGE<\/strong>: <\/mark>Dans ce cas, vous obtiendrez une belle couleur rouge.<\/li>\n\n\n\n<li><strong>\n  <mark style=\"background-color:rgba(0, 0, 0, 0)\" class=\"has-inline-color has-primary-color\">PETR\u017dEL : <\/mark>\n<\/strong>Le persil permet d&rsquo;obtenir une belle teinte verte.<\/li>\n<\/ol>\n\n<p class=\"has-text-align-center\">Mettre dans la marmite tous les composants que vous souhaitez colorer (pelures d&rsquo;oignon, curcuma, etc.) et couvrir avec 700-800 ml d&rsquo;eau. Ajouter 2 cuill\u00e8res \u00e0 soupe de vinaigre et une pinc\u00e9e de sel. Porter ensuite \u00e0 \u00e9bullition. Ajoutez ensuite les \u0153ufs que vous souhaitez colorer et faites cuire pendant 10 minutes. Retirer la flamme et laisser les \u0153ufs dans l&rsquo;eau d\u00e9glac\u00e9e jusqu&rsquo;\u00e0 ce qu&rsquo;ils refroidissent. Les couleurs obtenues vous raviront s\u00fbrement autant que nous \ud83d\udc9b\ud83d\udc9c\ud83d\udc9a.<\/p>\n\n<div style=\"height:30px\" aria-hidden=\"true\" class=\"wp-block-spacer\"><\/div>\n\n<figure class=\"wp-block-image size-large\"><img loading=\"lazy\" decoding=\"async\" width=\"1024\" height=\"684\" src=\"https:\/\/marketing.harmonelo.io\/wp-content\/uploads\/2023\/04\/pexels-ksenia-chernaya-3980600-1024x684.jpg\" alt=\"\" class=\"wp-image-1245905\" srcset=\"https:\/\/marketing.harmonelo.io\/wp-content\/uploads\/2023\/04\/pexels-ksenia-chernaya-3980600-1024x684.jpg 1024w, https:\/\/marketing.harmonelo.io\/wp-content\/uploads\/2023\/04\/pexels-ksenia-chernaya-3980600-300x200.jpg 300w, https:\/\/marketing.harmonelo.io\/wp-content\/uploads\/2023\/04\/pexels-ksenia-chernaya-3980600-768x513.jpg 768w, https:\/\/marketing.harmonelo.io\/wp-content\/uploads\/2023\/04\/pexels-ksenia-chernaya-3980600-1536x1025.jpg 1536w, https:\/\/marketing.harmonelo.io\/wp-content\/uploads\/2023\/04\/pexels-ksenia-chernaya-3980600-2048x1367.jpg 2048w, https:\/\/marketing.harmonelo.io\/wp-content\/uploads\/2023\/04\/pexels-ksenia-chernaya-3980600-18x12.jpg 18w\" sizes=\"auto, (max-width: 1024px) 100vw, 1024px\" \/><\/figure>\n\n<div style=\"height:20px\" aria-hidden=\"true\" class=\"wp-block-spacer\"><\/div>\n\n<h1 class=\"wp-block-heading has-text-align-center\">Comment conserver les \u0153ufs durs ? \ud83d\udca1<\/h1>\n\n<ol class=\"wp-block-list\">\n<li>M\u00eame un \u0153uf dur a une dur\u00e9e de conservation limit\u00e9e.<\/li>\n\n\n\n<li>\u00c0 temp\u00e9rature ambiante, la dur\u00e9e de conservation des \u0153ufs durs diminue rapidement. Leur dur\u00e9e de conservation est d&rsquo;environ 2 \u00e0 3 jours.<\/li>\n\n\n\n<li>Cependant, les \u0153ufs peuvent se conserver 7 \u00e0 14 jours au r\u00e9frig\u00e9rateur (si vous les refroidissez apr\u00e8s la cuisson et les mettez au r\u00e9frig\u00e9rateur).<\/li>\n\n\n\n<li>Bien entendu, l&rsquo;id\u00e9al est de consommer ou de transformer les \u0153ufs le plus rapidement possible.<\/li>\n<\/ol>\n\n<div style=\"height:27px\" aria-hidden=\"true\" class=\"wp-block-spacer\"><\/div>\n\n<figure class=\"wp-block-image size-large\"><img loading=\"lazy\" decoding=\"async\" width=\"1024\" height=\"683\" src=\"https:\/\/marketing.harmonelo.io\/wp-content\/uploads\/2023\/04\/pexels-roman-odintsov-6897341-1024x683.jpg\" alt=\"\" class=\"wp-image-1245904\" srcset=\"https:\/\/marketing.harmonelo.io\/wp-content\/uploads\/2023\/04\/pexels-roman-odintsov-6897341-1024x683.jpg 1024w, https:\/\/marketing.harmonelo.io\/wp-content\/uploads\/2023\/04\/pexels-roman-odintsov-6897341-300x200.jpg 300w, https:\/\/marketing.harmonelo.io\/wp-content\/uploads\/2023\/04\/pexels-roman-odintsov-6897341-768x512.jpg 768w, https:\/\/marketing.harmonelo.io\/wp-content\/uploads\/2023\/04\/pexels-roman-odintsov-6897341-1536x1024.jpg 1536w, https:\/\/marketing.harmonelo.io\/wp-content\/uploads\/2023\/04\/pexels-roman-odintsov-6897341-2048x1365.jpg 2048w, https:\/\/marketing.harmonelo.io\/wp-content\/uploads\/2023\/04\/pexels-roman-odintsov-6897341-18x12.jpg 18w\" sizes=\"auto, (max-width: 1024px) 100vw, 1024px\" \/><\/figure>\n\n<h1 class=\"wp-block-heading has-text-align-center\">Que pouvez-vous faire pour surprendre les enfants cette ann\u00e9e ? \ud83d\udca1<\/h1>\n\n<p class=\"has-text-align-center\">Cette ann\u00e9e, vous pouvez \u00e9blouir vos enfants avec un geste original. Au lieu d&rsquo;\u0153ufs d\u00e9coratifs, d&rsquo;un lapin en chocolat ou d&rsquo;une bonne dose de slivovitz maison, vous pouvez offrir \u00e0 votre visiteur la quantit\u00e9 journali\u00e8re recommand\u00e9e de l&rsquo;un de nos compl\u00e9ments liquides. Ceux qui n&rsquo;ont jamais eu le plaisir d&rsquo;\u00e9couter Harmonelo seront certainement <mark style=\"background-color:rgba(0, 0, 0, 0)\" class=\"has-inline-color has-primary-color\">ravis !<\/mark><\/p>\n\n<figure class=\"wp-block-image size-large\"><img loading=\"lazy\" decoding=\"async\" width=\"1024\" height=\"1024\" src=\"https:\/\/marketing.harmonelo.io\/wp-content\/uploads\/2023\/04\/37-1024x1024.jpg\" alt=\"\" class=\"wp-image-1245903\" srcset=\"https:\/\/marketing.harmonelo.io\/wp-content\/uploads\/2023\/04\/37-1024x1024.jpg 1024w, https:\/\/marketing.harmonelo.io\/wp-content\/uploads\/2023\/04\/37-300x300.jpg 300w, https:\/\/marketing.harmonelo.io\/wp-content\/uploads\/2023\/04\/37-150x150.jpg 150w, https:\/\/marketing.harmonelo.io\/wp-content\/uploads\/2023\/04\/37-768x768.jpg 768w, https:\/\/marketing.harmonelo.io\/wp-content\/uploads\/2023\/04\/37-12x12.jpg 12w, https:\/\/marketing.harmonelo.io\/wp-content\/uploads\/2023\/04\/37.jpg 1200w\" sizes=\"auto, (max-width: 1024px) 100vw, 1024px\" \/><\/figure>\n\n<div class=\"wp-block-buttons is-content-justification-center is-layout-flex wp-container-core-buttons-is-layout-a89b3969 wp-block-buttons-is-layout-flex\">\n<div class=\"wp-block-button\"><a class=\"wp-block-button__link wp-element-button\" href=\"https:\/\/harmonelo.com\/harmonelo-life-d512\/\" target=\"_blank\" rel=\"noreferrer noopener\">ESSAYEZ-LE AVEC HARMONELO LIFE<\/a><\/div>\n<\/div>\n\n<p class=\"has-text-align-center\">Son go\u00fbt agr\u00e9able et \u00e9quilibr\u00e9 s\u00e9duira plus d&rsquo;un chasseur de bonbons.  <\/p>\n\n<p class=\"has-text-align-center has-large-font-size\">\ud83d\udc9b\ud83d\udc9c\ud83d\udc9a<\/p>\n","protected":false},"excerpt":{"rendered":"<p>\ud83d\udc9b\ud83d\udc9c\ud83d\udc9a P\u00e2ques est l\u00e0 ! C&rsquo;est pourquoi nous avons pr\u00e9par\u00e9 un num\u00e9ro sp\u00e9cial sur le th\u00e8me de P\u00e2ques. Savez-vous combien de temps vous pouvez conserver les \u0153ufs durs ? Comment teindre ses propres \u0153ufs \u00e0 la maison en utilisant des composants naturels ? Qu&rsquo;est-ce que vous pouvez surprendre chez les enfants cette ann\u00e9e ? Vous [&hellip;]<\/p>\n","protected":false},"author":5,"featured_media":0,"parent":0,"menu_order":0,"comment_status":"closed","ping_status":"closed","template":"","meta":{"_eb_attr":"","footnotes":""},"class_list":["post-1804879","page","type-page","status-publish","hentry"],"_links":{"self":[{"href":"https:\/\/marketing.harmonelo.io\/fr\/wp-json\/wp\/v2\/pages\/1804879","targetHints":{"allow":["GET"]}}],"collection":[{"href":"https:\/\/marketing.harmonelo.io\/fr\/wp-json\/wp\/v2\/pages"}],"about":[{"href":"https:\/\/marketing.harmonelo.io\/fr\/wp-json\/wp\/v2\/types\/page"}],"author":[{"embeddable":true,"href":"https:\/\/marketing.harmonelo.io\/fr\/wp-json\/wp\/v2\/users\/5"}],"replies":[{"embeddable":true,"href":"https:\/\/marketing.harmonelo.io\/fr\/wp-json\/wp\/v2\/comments?post=1804879"}],"version-history":[{"count":1,"href":"https:\/\/marketing.harmonelo.io\/fr\/wp-json\/wp\/v2\/pages\/1804879\/revisions"}],"predecessor-version":[{"id":1804881,"href":"https:\/\/marketing.harmonelo.io\/fr\/wp-json\/wp\/v2\/pages\/1804879\/revisions\/1804881"}],"wp:attachment":[{"href":"https:\/\/marketing.harmonelo.io\/fr\/wp-json\/wp\/v2\/media?parent=1804879"}],"curies":[{"name":"wp","href":"https:\/\/api.w.org\/{rel}","templated":true}]}}