{"id":1804743,"date":"2023-04-12T10:59:49","date_gmt":"2023-04-12T08:59:49","guid":{"rendered":"https:\/\/marketing.harmonelo.io\/%e2%9c%a8-un-muesli-que-votre-microbiome-va-adorer\/"},"modified":"2024-02-26T22:56:16","modified_gmt":"2024-02-26T21:56:16","slug":"%e2%9c%a8-un-muesli-que-votre-microbiome-va-adorer","status":"publish","type":"page","link":"https:\/\/marketing.harmonelo.io\/fr\/%e2%9c%a8-un-muesli-que-votre-microbiome-va-adorer\/","title":{"rendered":"\u2728 Un muesli que votre microbiome va adorer"},"content":{"rendered":"\n<figure class=\"wp-block-image size-large\"><img loading=\"lazy\" decoding=\"async\" width=\"1024\" height=\"1024\" src=\"https:\/\/marketing.harmonelo.io\/wp-content\/uploads\/2023\/04\/version1uuidD5F9E477-ACC1-4087-ACFD-1B70E5597FBAmodecompatiblenoloc0.jpeg-1024x1024.jpg\" alt=\"\" class=\"wp-image-1333216\" srcset=\"https:\/\/marketing.harmonelo.io\/wp-content\/uploads\/2023\/04\/version1uuidD5F9E477-ACC1-4087-ACFD-1B70E5597FBAmodecompatiblenoloc0.jpeg-1024x1024.jpg 1024w, https:\/\/marketing.harmonelo.io\/wp-content\/uploads\/2023\/04\/version1uuidD5F9E477-ACC1-4087-ACFD-1B70E5597FBAmodecompatiblenoloc0.jpeg-300x300.jpg 300w, https:\/\/marketing.harmonelo.io\/wp-content\/uploads\/2023\/04\/version1uuidD5F9E477-ACC1-4087-ACFD-1B70E5597FBAmodecompatiblenoloc0.jpeg-150x150.jpg 150w, https:\/\/marketing.harmonelo.io\/wp-content\/uploads\/2023\/04\/version1uuidD5F9E477-ACC1-4087-ACFD-1B70E5597FBAmodecompatiblenoloc0.jpeg-768x768.jpg 768w, https:\/\/marketing.harmonelo.io\/wp-content\/uploads\/2023\/04\/version1uuidD5F9E477-ACC1-4087-ACFD-1B70E5597FBAmodecompatiblenoloc0.jpeg-12x12.jpg 12w, https:\/\/marketing.harmonelo.io\/wp-content\/uploads\/2023\/04\/version1uuidD5F9E477-ACC1-4087-ACFD-1B70E5597FBAmodecompatiblenoloc0.jpeg.jpg 1200w\" sizes=\"auto, (max-width: 1024px) 100vw, 1024px\" \/><\/figure>\n\n<p><\/p>\n\n<h2 class=\"wp-block-heading\">\ud83d\udd38Ingr\u00e9dients :<\/h2>\n\n<ul class=\"wp-block-list\">\n<li>4 pommes (non pel\u00e9es, coup\u00e9es en petits morceaux)<\/li>\n\n\n\n<li>2 tasses de k\u00e9fir non sucr\u00e9<\/li>\n\n\n\n<li>1\/2 tasse de flocons de c\u00e9r\u00e9ales<\/li>\n\n\n\n<li>1\/4 de tasse de noix hach\u00e9es<\/li>\n\n\n\n<li>2 cuill\u00e8res \u00e0 soupe de graines de lin moulues<\/li>\n\n\n\n<li>2 cuill\u00e8res \u00e0 soupe de jus de citron<\/li>\n\n\n\n<li>1\/4 de cuill\u00e8re \u00e0 caf\u00e9 de noix de muscade<\/li>\n\n\n\n<li>1\/4 de cuill\u00e8re \u00e0 caf\u00e9 de sel<\/li>\n\n\n\n<li>sirop de chicor\u00e9e pour l&rsquo;ar\u00f4me<\/li>\n\n\n\n<li>20 ml de Harmonelo Vitality<\/li>\n<\/ul>\n\n<h2 class=\"wp-block-heading\">\ud83d\udd38Progress :  <\/h2>\n\n<ul class=\"wp-block-list\">\n<li>M\u00e9langer les pommes coup\u00e9es avec le k\u00e9fir, les flocons, les noix, les graines de lin, le jus de citron, la noix de muscade, le sel et Harmonel Vitality. Conserver au r\u00e9frig\u00e9rateur pendant la nuit. Servir l\u00e9g\u00e8rement arros\u00e9 de sirop de chicor\u00e9e.<\/li>\n<\/ul>\n\n<p><strong><mark style=\"background-color:rgba(0, 0, 0, 0)\" class=\"has-inline-color has-primary-color\">\ud83d\udca1Le<em>muesli ainsi pr\u00e9par\u00e9 se conserve plusieurs jours au r\u00e9frig\u00e9rateur !<\/em><\/mark><\/strong><\/p>\n\n<p class=\"has-text-align-center\">Faisons-le avec enthousiasme ! J&rsquo;esp\u00e8re que ce petit-d\u00e9jeuner \u00e9quilibr\u00e9 sur le plan nutritionnel et permettant de gagner du temps a am\u00e9lior\u00e9 votre journ\u00e9e \ud83c\udf1e.<\/p>\n\n<div class=\"wp-block-buttons is-content-justification-center is-layout-flex wp-container-core-buttons-is-layout-a89b3969 wp-block-buttons-is-layout-flex\">\n<div class=\"wp-block-button\"><a class=\"wp-block-button__link has-text-align-center wp-element-button\" href=\"https:\/\/harmonelo.com\/harmonelo-vitality-d513\/\" target=\"_blank\" rel=\"noreferrer noopener\">JE M&rsquo;INT\u00c9RESSE \u00c0 L&rsquo;HARMONELO VITALITY<\/a><\/div>\n<\/div>\n","protected":false},"excerpt":{"rendered":"<p>\ud83d\udd38Ingr\u00e9dients : \ud83d\udd38Progress : \ud83d\udca1Lemuesli ainsi pr\u00e9par\u00e9 se conserve plusieurs jours au r\u00e9frig\u00e9rateur ! Faisons-le avec enthousiasme ! J&rsquo;esp\u00e8re que ce petit-d\u00e9jeuner \u00e9quilibr\u00e9 sur le plan nutritionnel et permettant de gagner du temps a am\u00e9lior\u00e9 votre journ\u00e9e \ud83c\udf1e.<\/p>\n","protected":false},"author":5,"featured_media":0,"parent":0,"menu_order":0,"comment_status":"closed","ping_status":"closed","template":"","meta":{"_eb_attr":"","footnotes":""},"class_list":["post-1804743","page","type-page","status-publish","hentry"],"_links":{"self":[{"href":"https:\/\/marketing.harmonelo.io\/fr\/wp-json\/wp\/v2\/pages\/1804743","targetHints":{"allow":["GET"]}}],"collection":[{"href":"https:\/\/marketing.harmonelo.io\/fr\/wp-json\/wp\/v2\/pages"}],"about":[{"href":"https:\/\/marketing.harmonelo.io\/fr\/wp-json\/wp\/v2\/types\/page"}],"author":[{"embeddable":true,"href":"https:\/\/marketing.harmonelo.io\/fr\/wp-json\/wp\/v2\/users\/5"}],"replies":[{"embeddable":true,"href":"https:\/\/marketing.harmonelo.io\/fr\/wp-json\/wp\/v2\/comments?post=1804743"}],"version-history":[{"count":1,"href":"https:\/\/marketing.harmonelo.io\/fr\/wp-json\/wp\/v2\/pages\/1804743\/revisions"}],"predecessor-version":[{"id":1804746,"href":"https:\/\/marketing.harmonelo.io\/fr\/wp-json\/wp\/v2\/pages\/1804743\/revisions\/1804746"}],"wp:attachment":[{"href":"https:\/\/marketing.harmonelo.io\/fr\/wp-json\/wp\/v2\/media?parent=1804743"}],"curies":[{"name":"wp","href":"https:\/\/api.w.org\/{rel}","templated":true}]}}