{"id":1804682,"date":"2023-04-17T17:00:32","date_gmt":"2023-04-17T15:00:32","guid":{"rendered":"https:\/\/marketing.harmonelo.io\/comment-creer-un-personnage-de-reve\/"},"modified":"2024-02-26T22:54:09","modified_gmt":"2024-02-26T21:54:09","slug":"comment-creer-un-personnage-de-reve","status":"publish","type":"page","link":"https:\/\/marketing.harmonelo.io\/fr\/comment-creer-un-personnage-de-reve\/","title":{"rendered":"COMMENT CR\u00c9ER UN PERSONNAGE DE R\u00caVE ?"},"content":{"rendered":"\n<p class=\"has-text-align-center\">Construire le personnage de vos r\u00eaves n&rsquo;est pas aussi compliqu\u00e9 qu&rsquo;il n&rsquo;y para\u00eet. Il est important de se rappeler que chaque pas compte !  <\/p>\n\n<figure class=\"wp-block-image size-large\"><img loading=\"lazy\" decoding=\"async\" width=\"1024\" height=\"683\" src=\"https:\/\/marketing.harmonelo.io\/wp-content\/uploads\/2023\/04\/pexels-karolina-grabowska-4498606-1024x683.jpg\" alt=\"\" class=\"wp-image-1420303\" srcset=\"https:\/\/marketing.harmonelo.io\/wp-content\/uploads\/2023\/04\/pexels-karolina-grabowska-4498606-1024x683.jpg 1024w, https:\/\/marketing.harmonelo.io\/wp-content\/uploads\/2023\/04\/pexels-karolina-grabowska-4498606-300x200.jpg 300w, https:\/\/marketing.harmonelo.io\/wp-content\/uploads\/2023\/04\/pexels-karolina-grabowska-4498606-768x512.jpg 768w, https:\/\/marketing.harmonelo.io\/wp-content\/uploads\/2023\/04\/pexels-karolina-grabowska-4498606-1536x1024.jpg 1536w, https:\/\/marketing.harmonelo.io\/wp-content\/uploads\/2023\/04\/pexels-karolina-grabowska-4498606-2048x1365.jpg 2048w, https:\/\/marketing.harmonelo.io\/wp-content\/uploads\/2023\/04\/pexels-karolina-grabowska-4498606-18x12.jpg 18w\" sizes=\"auto, (max-width: 1024px) 100vw, 1024px\" \/><\/figure>\n\n<h2 class=\"wp-block-heading has-text-align-center\">\ud83d\udccc Les petits pas = la base du succ\u00e8s<\/h2>\n\n<p class=\"has-text-align-center\">Bien qu&rsquo;il soit agr\u00e9able d&rsquo;obtenir les meilleurs r\u00e9sultats, il est important de garder \u00e0 l&rsquo;esprit que <mark style=\"background-color:rgba(0, 0, 0, 0)\" class=\"has-inline-color has-primary-color\">START<\/mark> lui-m\u00eame peut s&rsquo;\u00e9puiser assez rapidement et facilement.<\/p>\n\n<h2 class=\"wp-block-heading has-text-align-center\">\ud83d\udccc Changement durable<\/h2>\n\n<p class=\"has-text-align-center\">La durabilit\u00e9 est la cl\u00e9 du succ\u00e8s, non seulement dans le domaine de l&rsquo;alimentation, mais aussi dans celui du sport. Il est donc essentiel de se concentrer sur ce qui est <mark style=\"background-color:rgba(0, 0, 0, 0)\" class=\"has-inline-color has-primary-color\">durable<\/mark> \u00e0 long terme.<\/p>\n\n<figure class=\"wp-block-image size-large\"><img loading=\"lazy\" decoding=\"async\" width=\"1024\" height=\"684\" src=\"https:\/\/marketing.harmonelo.io\/wp-content\/uploads\/2023\/04\/pexels-tirachard-kumtanom-347134-1024x684.jpg\" alt=\"\" class=\"wp-image-1420301\" srcset=\"https:\/\/marketing.harmonelo.io\/wp-content\/uploads\/2023\/04\/pexels-tirachard-kumtanom-347134-1024x684.jpg 1024w, https:\/\/marketing.harmonelo.io\/wp-content\/uploads\/2023\/04\/pexels-tirachard-kumtanom-347134-300x200.jpg 300w, https:\/\/marketing.harmonelo.io\/wp-content\/uploads\/2023\/04\/pexels-tirachard-kumtanom-347134-768x513.jpg 768w, https:\/\/marketing.harmonelo.io\/wp-content\/uploads\/2023\/04\/pexels-tirachard-kumtanom-347134-1536x1025.jpg 1536w, https:\/\/marketing.harmonelo.io\/wp-content\/uploads\/2023\/04\/pexels-tirachard-kumtanom-347134-2048x1367.jpg 2048w, https:\/\/marketing.harmonelo.io\/wp-content\/uploads\/2023\/04\/pexels-tirachard-kumtanom-347134-18x12.jpg 18w\" sizes=\"auto, (max-width: 1024px) 100vw, 1024px\" \/><\/figure>\n\n<h2 class=\"wp-block-heading has-text-align-center\">\ud83d\udccc Little things that don&rsquo;t hurt<\/h2>\n\n<p class=\"has-text-align-center\">Comment commencer ? Vous en avez assez du sport ou vous avez m\u00eame une aversion pour le sport ? Et si vous commenciez doucement et gentiment ? Pour commencer, une marche plus rapide peut convenir. Vous pouvez augmenter progressivement votre itin\u00e9raire ainsi que votre rythme.<em>  Vous rendez-vous au travail en bus ou en car ?<\/em>  Descendez 1-2 arr\u00eats plus t\u00f4t ! Croyez-moi, m\u00eame ces petits changements peuvent faire beaucoup.<\/p>\n\n<h2 class=\"wp-block-heading has-text-align-center\">\ud83d\udccc It goes better with two<\/h2>\n\n<p class=\"has-text-align-center\">Il est naturel que m\u00eame les personnes les plus motiv\u00e9es perdent leur motivation au fil du temps. C&rsquo;est pourquoi il est bon d&rsquo;avoir un<mark style=\"background-color:rgba(0, 0, 0, 0)\" class=\"has-inline-color has-primary-color\"> partenaire<\/mark> avec lequel on peut se motiver et s&rsquo;encourager mutuellement.<\/p>\n\n<figure class=\"wp-block-image aligncenter size-large\"><img loading=\"lazy\" decoding=\"async\" width=\"1024\" height=\"683\" src=\"https:\/\/marketing.harmonelo.io\/wp-content\/uploads\/2023\/04\/pexels-andrea-piacquadio-3768722-1024x683.jpg\" alt=\"\" class=\"wp-image-1420302\" srcset=\"https:\/\/marketing.harmonelo.io\/wp-content\/uploads\/2023\/04\/pexels-andrea-piacquadio-3768722-1024x683.jpg 1024w, https:\/\/marketing.harmonelo.io\/wp-content\/uploads\/2023\/04\/pexels-andrea-piacquadio-3768722-300x200.jpg 300w, https:\/\/marketing.harmonelo.io\/wp-content\/uploads\/2023\/04\/pexels-andrea-piacquadio-3768722-768x512.jpg 768w, https:\/\/marketing.harmonelo.io\/wp-content\/uploads\/2023\/04\/pexels-andrea-piacquadio-3768722-1536x1024.jpg 1536w, https:\/\/marketing.harmonelo.io\/wp-content\/uploads\/2023\/04\/pexels-andrea-piacquadio-3768722-2048x1365.jpg 2048w, https:\/\/marketing.harmonelo.io\/wp-content\/uploads\/2023\/04\/pexels-andrea-piacquadio-3768722-18x12.jpg 18w\" sizes=\"auto, (max-width: 1024px) 100vw, 1024px\" \/><\/figure>\n\n<h2 class=\"wp-block-heading has-text-align-center\">\ud83d\udccc Essayer de nouvelles choses  <\/h2>\n\n<p class=\"has-text-align-center\">Parfois, il n&rsquo;y a pas de mal \u00e0 sortir de sa zone de confort. Essayez de vous inscrire \u00e0 un cours sur un sujet auquel vous n&rsquo;auriez jamais pens\u00e9 auparavant. Vous pourrez alors mieux juger par vous-m\u00eame quel type de sport vous convient le mieux et lequel ne vous convient pas.<\/p>\n\n<h2 class=\"wp-block-heading has-text-align-center\">Commencez d\u00e8s aujourd&rsquo;hui !<\/h2>\n\n<p class=\"has-text-align-center\">L&rsquo;un de nos produits uniques peut \u00e9galement \u00eatre un excellent partenaire !<\/p>\n\n<div class=\"wp-block-buttons is-content-justification-center is-layout-flex wp-container-core-buttons-is-layout-a89b3969 wp-block-buttons-is-layout-flex\">\n<div class=\"wp-block-button\"><a class=\"wp-block-button__link has-text-align-center wp-element-button\" href=\"https:\/\/harmonelo.com\/harmonelo-slim-d596\/\" target=\"_blank\" rel=\"noreferrer noopener\">JE CHOISIS HARMONELO SLIM<\/a><\/div>\n<\/div>\n\n<div class=\"wp-block-buttons is-content-justification-center is-layout-flex wp-container-core-buttons-is-layout-a89b3969 wp-block-buttons-is-layout-flex\">\n<div class=\"wp-block-button\"><a class=\"wp-block-button__link has-text-align-center wp-element-button\" href=\"https:\/\/catalog.harmonelo.com\/produkty\/slim\" target=\"_blank\" rel=\"noreferrer noopener\">POURQUOI HARMONELO SLIM?<\/a><\/div>\n<\/div>\n\n<p class=\"has-text-align-center has-x-large-font-size\">\ud83e\udd38\ud83e\uddd8\u200d\u2642\ufe0f\ud83c\udfc4\u200d\u2640\ufe0f<\/p>\n","protected":false},"excerpt":{"rendered":"<p>Construire le personnage de vos r\u00eaves n&rsquo;est pas aussi compliqu\u00e9 qu&rsquo;il n&rsquo;y para\u00eet. Il est important de se rappeler que chaque pas compte ! \ud83d\udccc Les petits pas = la base du succ\u00e8s Bien qu&rsquo;il soit agr\u00e9able d&rsquo;obtenir les meilleurs r\u00e9sultats, il est important de garder \u00e0 l&rsquo;esprit que START lui-m\u00eame peut s&rsquo;\u00e9puiser assez rapidement [&hellip;]<\/p>\n","protected":false},"author":5,"featured_media":0,"parent":0,"menu_order":0,"comment_status":"closed","ping_status":"closed","template":"","meta":{"_eb_attr":"","footnotes":""},"class_list":["post-1804682","page","type-page","status-publish","hentry"],"_links":{"self":[{"href":"https:\/\/marketing.harmonelo.io\/fr\/wp-json\/wp\/v2\/pages\/1804682","targetHints":{"allow":["GET"]}}],"collection":[{"href":"https:\/\/marketing.harmonelo.io\/fr\/wp-json\/wp\/v2\/pages"}],"about":[{"href":"https:\/\/marketing.harmonelo.io\/fr\/wp-json\/wp\/v2\/types\/page"}],"author":[{"embeddable":true,"href":"https:\/\/marketing.harmonelo.io\/fr\/wp-json\/wp\/v2\/users\/5"}],"replies":[{"embeddable":true,"href":"https:\/\/marketing.harmonelo.io\/fr\/wp-json\/wp\/v2\/comments?post=1804682"}],"version-history":[{"count":1,"href":"https:\/\/marketing.harmonelo.io\/fr\/wp-json\/wp\/v2\/pages\/1804682\/revisions"}],"predecessor-version":[{"id":1804684,"href":"https:\/\/marketing.harmonelo.io\/fr\/wp-json\/wp\/v2\/pages\/1804682\/revisions\/1804684"}],"wp:attachment":[{"href":"https:\/\/marketing.harmonelo.io\/fr\/wp-json\/wp\/v2\/media?parent=1804682"}],"curies":[{"name":"wp","href":"https:\/\/api.w.org\/{rel}","templated":true}]}}