{"id":1806403,"date":"2023-03-22T09:56:43","date_gmt":"2023-03-22T08:56:43","guid":{"rendered":"https:\/\/marketing.harmonelo.io\/el-microbioma-resumen-de-lo-esencial-2\/"},"modified":"2024-03-01T17:08:34","modified_gmt":"2024-03-01T16:08:34","slug":"el-microbioma-resumen-de-lo-esencial-2","status":"publish","type":"page","link":"https:\/\/marketing.harmonelo.io\/es\/el-microbioma-resumen-de-lo-esencial-2\/","title":{"rendered":"El microbioma: resumen de lo esencial"},"content":{"rendered":"\n<p class=\"has-text-align-center\">Como suele decirse, la repetici\u00f3n es la madre de la sabidur\u00eda. \u00bfTiene los <mark style=\"background-color:rgba(0, 0, 0, 0)\" class=\"has-inline-color has-primary-color\">datos b\u00e1sicos <\/mark>sobre el microbioma en el dedo me\u00f1ique? Si no es as\u00ed, esperamos que este post le resulte \u00fatil.<\/p>\n\n<hr class=\"wp-block-separator has-alpha-channel-opacity\"\/>\n\n<figure class=\"wp-block-image size-large\"><img loading=\"lazy\" decoding=\"async\" width=\"1024\" height=\"683\" src=\"https:\/\/marketing.harmonelo.io\/wp-content\/uploads\/2023\/03\/pexels-alexander-mils-2103949-1024x683.jpg\" alt=\"\" class=\"wp-image-1070145\" srcset=\"https:\/\/marketing.harmonelo.io\/wp-content\/uploads\/2023\/03\/pexels-alexander-mils-2103949-1024x683.jpg 1024w, https:\/\/marketing.harmonelo.io\/wp-content\/uploads\/2023\/03\/pexels-alexander-mils-2103949-300x200.jpg 300w, https:\/\/marketing.harmonelo.io\/wp-content\/uploads\/2023\/03\/pexels-alexander-mils-2103949-768x512.jpg 768w, https:\/\/marketing.harmonelo.io\/wp-content\/uploads\/2023\/03\/pexels-alexander-mils-2103949-1536x1024.jpg 1536w, https:\/\/marketing.harmonelo.io\/wp-content\/uploads\/2023\/03\/pexels-alexander-mils-2103949-2048x1365.jpg 2048w, https:\/\/marketing.harmonelo.io\/wp-content\/uploads\/2023\/03\/pexels-alexander-mils-2103949-18x12.jpg 18w\" sizes=\"auto, (max-width: 1024px) 100vw, 1024px\" \/><\/figure>\n\n<p class=\"has-text-align-center\"><mark style=\"background-color:rgba(0, 0, 0, 0)\" class=\"has-inline-color has-primary-color\"><strong>\u00bfQu\u00e9 es el microbioma?<\/strong><\/mark>  El conjunto de todos los genes de todos los microorganismos que habitan en nuestro organismo. La mayor\u00eda de nosotros probablemente hemos o\u00eddo hablar del microbioma intestinal, pero tambi\u00e9n existe, por ejemplo, el microbioma cut\u00e1neo, vaginal u oral.<\/p>\n\n<p class=\"has-text-align-center\"><strong><mark style=\"background-color:rgba(0, 0, 0, 0)\" class=\"has-inline-color has-primary-color\">\u00bfQu\u00e9 puede influir en nuestro microbioma?<\/mark><\/strong>  El microbioma es actualmente objeto de numerosas investigaciones. Puede que muchas cosas sigan ocultas para nosotros. Lo que est\u00e1 claro, sin embargo, es que nuestro microbioma est\u00e1 influido por una serie de factores.<\/p>\n\n<h1 class=\"has-text-align-center wp-block-heading\"><strong><mark style=\"background-color:rgba(0, 0, 0, 0)\" class=\"has-inline-color has-primary-color\">Por ejemplo, \u00bfqu\u00e9 son?<\/mark><\/strong><\/h1>\n\n<ol class=\"wp-block-list\">\n<li>Nuestro estilo de vida en general<\/li>\n\n\n\n<li>Parto (natural\/ces\u00e1rea)<\/li>\n\n\n\n<li>Lactancia materna<\/li>\n\n\n\n<li>Suplementos de medicaci\u00f3n<\/li>\n\n\n\n<li>Modo de vida general<\/li>\n\n\n\n<li>Higiene del sue\u00f1o<\/li>\n\n\n\n<li>El entorno en el que vivimos<\/li>\n<\/ol>\n\n<div style=\"height:30px\" aria-hidden=\"true\" class=\"wp-block-spacer\"><\/div>\n\n<figure class=\"wp-block-image size-large\"><img loading=\"lazy\" decoding=\"async\" width=\"1024\" height=\"683\" src=\"https:\/\/marketing.harmonelo.io\/wp-content\/uploads\/2023\/03\/pexels-andrea-piacquadio-712413-1024x683.jpg\" alt=\"\" class=\"wp-image-1070146\" srcset=\"https:\/\/marketing.harmonelo.io\/wp-content\/uploads\/2023\/03\/pexels-andrea-piacquadio-712413-1024x683.jpg 1024w, https:\/\/marketing.harmonelo.io\/wp-content\/uploads\/2023\/03\/pexels-andrea-piacquadio-712413-300x200.jpg 300w, https:\/\/marketing.harmonelo.io\/wp-content\/uploads\/2023\/03\/pexels-andrea-piacquadio-712413-768x512.jpg 768w, https:\/\/marketing.harmonelo.io\/wp-content\/uploads\/2023\/03\/pexels-andrea-piacquadio-712413-1536x1024.jpg 1536w, https:\/\/marketing.harmonelo.io\/wp-content\/uploads\/2023\/03\/pexels-andrea-piacquadio-712413-2048x1365.jpg 2048w, https:\/\/marketing.harmonelo.io\/wp-content\/uploads\/2023\/03\/pexels-andrea-piacquadio-712413-18x12.jpg 18w\" sizes=\"auto, (max-width: 1024px) 100vw, 1024px\" \/><\/figure>\n\n<div style=\"height:20px\" aria-hidden=\"true\" class=\"wp-block-spacer\"><\/div>\n\n<p class=\"has-text-align-center\">Como probablemente ya se desprenda de los puntos anteriores, el microbioma no est\u00e1 nada claro. Por el contrario, es <mark style=\"background-color:rgba(0, 0, 0, 0)\" class=\"has-inline-color has-primary-color\">\n  <strong>un complejo de muchos factores<\/strong>\n<\/mark>que luego conforman e influyen en nuestro microbioma, que es <mark style=\"background-color:rgba(0, 0, 0, 0)\" class=\"has-inline-color has-primary-color\">\n  <strong>\u00fanico<\/strong>\n<\/mark>. Nuestros \u00abdiez mandamientos\u00bb para cuidar el microbioma pueden ayudarle.<\/p>\n\n<h1 class=\"has-text-align-center wp-block-heading\">Diez cosas para cuidar tu microbioma<\/h1>\n\n<ol class=\"wp-block-list\">\n<li>Apoye la diversidad de su microbioma con una dieta variada.<\/li>\n\n\n\n<li>A menos que sea absolutamente necesario (intolerancias alimentarias, alergias u otros problemas), intente no eliminar innecesariamente grupos enteros de alimentos de su dieta.<\/li>\n\n\n\n<li>No se olvide de las verduras y frutas, tenga en cuenta la estacionalidad y la proximidad.<\/li>\n\n\n\n<li>Come con moderaci\u00f3n y regularidad.<\/li>\n\n\n\n<li>Incluya alimentos ricos en fibra en su dieta.<\/li>\n\n\n\n<li>Evite los alimentos muy procesados.<\/li>\n\n\n\n<li>Piense en hacer ejercicio y estar en la naturaleza.<\/li>\n\n\n\n<li>Cuida tu bienestar mental.<\/li>\n\n\n\n<li>No se prive de un sue\u00f1o de calidad.<\/li>\n\n\n\n<li>Vigile su r\u00e9gimen de consumo de alcohol.<\/li>\n<\/ol>\n\n<div style=\"height:27px\" aria-hidden=\"true\" class=\"wp-block-spacer\"><\/div>\n\n<figure class=\"wp-block-image size-large\"><img loading=\"lazy\" decoding=\"async\" width=\"1024\" height=\"683\" src=\"https:\/\/marketing.harmonelo.io\/wp-content\/uploads\/2023\/03\/pexels-alexy-almond-3758053-1-1024x683.jpg\" alt=\"\" class=\"wp-image-1070148\" srcset=\"https:\/\/marketing.harmonelo.io\/wp-content\/uploads\/2023\/03\/pexels-alexy-almond-3758053-1-1024x683.jpg 1024w, https:\/\/marketing.harmonelo.io\/wp-content\/uploads\/2023\/03\/pexels-alexy-almond-3758053-1-300x200.jpg 300w, https:\/\/marketing.harmonelo.io\/wp-content\/uploads\/2023\/03\/pexels-alexy-almond-3758053-1-768x512.jpg 768w, https:\/\/marketing.harmonelo.io\/wp-content\/uploads\/2023\/03\/pexels-alexy-almond-3758053-1-1536x1024.jpg 1536w, https:\/\/marketing.harmonelo.io\/wp-content\/uploads\/2023\/03\/pexels-alexy-almond-3758053-1-2048x1365.jpg 2048w, https:\/\/marketing.harmonelo.io\/wp-content\/uploads\/2023\/03\/pexels-alexy-almond-3758053-1-18x12.jpg 18w\" sizes=\"auto, (max-width: 1024px) 100vw, 1024px\" \/><\/figure>\n\n<h1 class=\"has-text-align-center wp-block-heading\">\u00bfQu\u00e9 implica esto?<\/h1>\n\n<p class=\"has-text-align-center\">No hay que <mark style=\"background-color:rgba(0, 0, 0, 0)\" class=\"has-inline-color has-primary-color\">subestimar<\/mark> el microbioma. Conviene pensar en estas cosas desde un punto de vista <mark style=\"background-color:rgba(0, 0, 0, 0)\" class=\"has-inline-color has-primary-color\">preventivo<\/mark> y considerar el microbioma como algo <mark style=\"background-color:rgba(0, 0, 0, 0)\" class=\"has-inline-color has-primary-color\">complejo<\/mark>. S\u00f3lo tenemos una salud, as\u00ed que <mark style=\"background-color:rgba(0, 0, 0, 0)\" class=\"has-inline-color has-primary-color\">no dejes de apreciarla<\/mark> y cuidarla.<\/p>\n\n<div class=\"wp-block-buttons is-layout-flex wp-block-buttons-is-layout-flex\">\n<div class=\"wp-block-button aligncenter\"><a class=\"wp-block-button__link wp-element-button\" href=\"https:\/\/harmonelo.com\/harmonelo-smart-probio-d610\/\" target=\"_blank\" rel=\"noreferrer noopener\">QUIERO EXAMINAR HARMONELO SMART PROBIO<\/a><\/div>\n<\/div>\n\n<div class=\"wp-block-buttons is-layout-flex wp-block-buttons-is-layout-flex\">\n<div class=\"wp-block-button aligncenter\"><a class=\"wp-block-button__link wp-element-button\" href=\"https:\/\/harmonelo.com\/harmonelo-probione-d611\/\" target=\"_blank\" rel=\"noreferrer noopener\">QUIERO PROBAR HARMONELO PROBIONE<\/a><\/div>\n<\/div>\n","protected":false},"excerpt":{"rendered":"<p>Como suele decirse, la repetici\u00f3n es la madre de la sabidur\u00eda. \u00bfTiene los datos b\u00e1sicos sobre el microbioma en el dedo me\u00f1ique? Si no es as\u00ed, esperamos que este post le resulte \u00fatil. \u00bfQu\u00e9 es el microbioma? El conjunto de todos los genes de todos los microorganismos que habitan en nuestro organismo. La mayor\u00eda de [&hellip;]<\/p>\n","protected":false},"author":5,"featured_media":0,"parent":0,"menu_order":0,"comment_status":"closed","ping_status":"closed","template":"","meta":{"_eb_attr":"","footnotes":""},"class_list":["post-1806403","page","type-page","status-publish","hentry"],"_links":{"self":[{"href":"https:\/\/marketing.harmonelo.io\/es\/wp-json\/wp\/v2\/pages\/1806403","targetHints":{"allow":["GET"]}}],"collection":[{"href":"https:\/\/marketing.harmonelo.io\/es\/wp-json\/wp\/v2\/pages"}],"about":[{"href":"https:\/\/marketing.harmonelo.io\/es\/wp-json\/wp\/v2\/types\/page"}],"author":[{"embeddable":true,"href":"https:\/\/marketing.harmonelo.io\/es\/wp-json\/wp\/v2\/users\/5"}],"replies":[{"embeddable":true,"href":"https:\/\/marketing.harmonelo.io\/es\/wp-json\/wp\/v2\/comments?post=1806403"}],"version-history":[{"count":3,"href":"https:\/\/marketing.harmonelo.io\/es\/wp-json\/wp\/v2\/pages\/1806403\/revisions"}],"predecessor-version":[{"id":1806406,"href":"https:\/\/marketing.harmonelo.io\/es\/wp-json\/wp\/v2\/pages\/1806403\/revisions\/1806406"}],"wp:attachment":[{"href":"https:\/\/marketing.harmonelo.io\/es\/wp-json\/wp\/v2\/media?parent=1806403"}],"curies":[{"name":"wp","href":"https:\/\/api.w.org\/{rel}","templated":true}]}}