{"id":1806354,"date":"2023-03-10T16:40:49","date_gmt":"2023-03-10T15:40:49","guid":{"rendered":"https:\/\/marketing.harmonelo.io\/nuevo-articulo-limpio-2\/"},"modified":"2024-03-01T17:07:42","modified_gmt":"2024-03-01T16:07:42","slug":"nuevo-articulo-limpio-2","status":"publish","type":"page","link":"https:\/\/marketing.harmonelo.io\/es\/nuevo-articulo-limpio-2\/","title":{"rendered":"Nuevo art\u00edculo limpio"},"content":{"rendered":"\n<p>Aqu\u00ed vale cualquier texto \ud83d\ude42 Y lo mejor es que tambi\u00e9n dispondremos de traducci\u00f3n autom\u00e1tica. S\u00f3lo tienes que cambiar el idioma en la parte inferior.<\/p>\n","protected":false},"excerpt":{"rendered":"<p>Aqu\u00ed vale cualquier texto \ud83d\ude42 Y lo mejor es que tambi\u00e9n dispondremos de traducci\u00f3n autom\u00e1tica. S\u00f3lo tienes que cambiar el idioma en la parte inferior.<\/p>\n","protected":false},"author":2,"featured_media":0,"parent":0,"menu_order":0,"comment_status":"closed","ping_status":"closed","template":"","meta":{"_eb_attr":"","footnotes":""},"class_list":["post-1806354","page","type-page","status-publish","hentry"],"_links":{"self":[{"href":"https:\/\/marketing.harmonelo.io\/es\/wp-json\/wp\/v2\/pages\/1806354","targetHints":{"allow":["GET"]}}],"collection":[{"href":"https:\/\/marketing.harmonelo.io\/es\/wp-json\/wp\/v2\/pages"}],"about":[{"href":"https:\/\/marketing.harmonelo.io\/es\/wp-json\/wp\/v2\/types\/page"}],"author":[{"embeddable":true,"href":"https:\/\/marketing.harmonelo.io\/es\/wp-json\/wp\/v2\/users\/2"}],"replies":[{"embeddable":true,"href":"https:\/\/marketing.harmonelo.io\/es\/wp-json\/wp\/v2\/comments?post=1806354"}],"version-history":[{"count":3,"href":"https:\/\/marketing.harmonelo.io\/es\/wp-json\/wp\/v2\/pages\/1806354\/revisions"}],"predecessor-version":[{"id":1806359,"href":"https:\/\/marketing.harmonelo.io\/es\/wp-json\/wp\/v2\/pages\/1806354\/revisions\/1806359"}],"wp:attachment":[{"href":"https:\/\/marketing.harmonelo.io\/es\/wp-json\/wp\/v2\/media?parent=1806354"}],"curies":[{"name":"wp","href":"https:\/\/api.w.org\/{rel}","templated":true}]}}