{"id":1806065,"date":"2023-01-20T20:10:46","date_gmt":"2023-01-20T19:10:46","guid":{"rendered":"https:\/\/marketing.harmonelo.io\/seminarios-web-cz-sk-2\/"},"modified":"2026-04-28T18:08:54","modified_gmt":"2026-04-28T16:08:54","slug":"seminarios-web-cz-sk-2","status":"publish","type":"page","link":"https:\/\/marketing.harmonelo.io\/es\/seminarios-web-cz-sk-2\/","title":{"rendered":"Seminarios web CZ + SK"},"content":{"rendered":"\n<h1 class=\"wp-block-heading has-text-align-center\"><em>LAS GRABACIONES DE LOS LIVESTREAMS PROFESIONALES QUE YA HAN TENIDO LUGAR SE PUEDEN ENCONTRAR EN LA OFICINA COMO GRABACIONES VIP (80+ PV)<\/em><\/h1>\n\n<figure class=\"wp-block-image size-large\"><img loading=\"lazy\" decoding=\"async\" width=\"1024\" height=\"714\" src=\"https:\/\/marketing.harmonelo.io\/wp-content\/uploads\/2026\/04\/Snimek-obrazovky-2026-04-24-v-9.56.40-1024x714.png\" alt=\"\" class=\"wp-image-1838452\" srcset=\"https:\/\/marketing.harmonelo.io\/wp-content\/uploads\/2026\/04\/Snimek-obrazovky-2026-04-24-v-9.56.40-1024x714.png 1024w, https:\/\/marketing.harmonelo.io\/wp-content\/uploads\/2026\/04\/Snimek-obrazovky-2026-04-24-v-9.56.40-300x209.png 300w, https:\/\/marketing.harmonelo.io\/wp-content\/uploads\/2026\/04\/Snimek-obrazovky-2026-04-24-v-9.56.40-768x536.png 768w, https:\/\/marketing.harmonelo.io\/wp-content\/uploads\/2026\/04\/Snimek-obrazovky-2026-04-24-v-9.56.40-1536x1071.png 1536w, https:\/\/marketing.harmonelo.io\/wp-content\/uploads\/2026\/04\/Snimek-obrazovky-2026-04-24-v-9.56.40-2048x1429.png 2048w\" sizes=\"auto, (max-width: 1024px) 100vw, 1024px\" \/><\/figure>\n\n<hr class=\"wp-block-separator has-alpha-channel-opacity is-style-wide\"\/>\n\n<hr class=\"wp-block-separator has-alpha-channel-opacity is-style-wide\"\/>\n\n<h1 class=\"wp-block-heading has-text-align-center\">DEGUSTACI\u00d3N GRATUITA DE VIP RECORDS: EL PLAN DE COMPENSACI\u00d3N QUE HIZO POSIBLE M\u00c1S DE 100 MILLONARIOS<\/h1>\n\n<p class=\"has-text-align-center\">Si un comerciante no puede ganar dinero y mantenerse a s\u00ed mismo, entonces no puede dedicarse a ninguna actividad, aunque sea m\u00e1s piadosa, a largo plazo y es probable que acabe quebrando.  <\/p>\n\n<p class=\"has-text-align-center\">Por eso es importante saber que Harmonelo no s\u00f3lo tiene un producto y un sistema sofisticados, sino tambi\u00e9n todo un plan de compensaci\u00f3n que recompensa muy generosamente a sus miembros por su trabajo, ya que la empresa valora mucho a todos los distribuidores.<\/p>\n\n<figure class=\"wp-block-image size-large\"><a href=\"https:\/\/cloud.harmonelo.com\/apps\/sharingpath\/mkarmazin\/HARMONELO\/RECORDINGS\/CZ%20+%20SK\/MLM%20&amp;%20KOMPENZA%C4%8CN%C3%8D%20PL%C3%81N\/Marketing%20Harmonelo%2022.3.2026.mp4\" target=\"_blank\" rel=\" noreferrer noopener\"><img loading=\"lazy\" decoding=\"async\" width=\"1024\" height=\"572\" src=\"https:\/\/marketing.harmonelo.io\/wp-content\/uploads\/2026\/04\/Snimek-obrazovky-2026-04-24-v-10.21.40-1024x572.jpg\" alt=\"\" class=\"wp-image-1838508\" srcset=\"https:\/\/marketing.harmonelo.io\/wp-content\/uploads\/2026\/04\/Snimek-obrazovky-2026-04-24-v-10.21.40-1024x572.jpg 1024w, https:\/\/marketing.harmonelo.io\/wp-content\/uploads\/2026\/04\/Snimek-obrazovky-2026-04-24-v-10.21.40-300x168.jpg 300w, https:\/\/marketing.harmonelo.io\/wp-content\/uploads\/2026\/04\/Snimek-obrazovky-2026-04-24-v-10.21.40-768x429.jpg 768w, https:\/\/marketing.harmonelo.io\/wp-content\/uploads\/2026\/04\/Snimek-obrazovky-2026-04-24-v-10.21.40-1536x858.jpg 1536w, https:\/\/marketing.harmonelo.io\/wp-content\/uploads\/2026\/04\/Snimek-obrazovky-2026-04-24-v-10.21.40-2048x1145.jpg 2048w\" sizes=\"auto, (max-width: 1024px) 100vw, 1024px\" \/><\/a><figcaption class=\"wp-element-caption\">Captura de pantalla de la formaci\u00f3n sobre el plan de marketing y compensaci\u00f3n de Harmonelo 3.0<\/figcaption><\/figure>\n\n<p class=\"has-text-align-center has-small-font-size\">Ayudar a las personas con lo m\u00e1s preciado que tienen -su salud-, \u00bfexiste una misi\u00f3n m\u00e1s hermosa? Harmonelo no es s\u00f3lo un trabajo o un negocio, es realmente una misi\u00f3n que tiene el poder de curar no s\u00f3lo la cabeza y el cuerpo, sino incluso la cartera. <\/p>\n\n<p class=\"has-text-align-center has-small-font-size\">Desgraciadamente, vivimos en un mundo material y, si quieres encontrar tranquilidad, necesitas tener resuelta la parte de los ingresos, y la buena noticia es que, si realmente te apasiona Harmonelo, no hay necesidad de buscar otro \u00abtrabajo\u00bb. Porque incluso eso, Harmonelo lo resuelve eficazmente. \u00bfDe d\u00f3nde proceden exactamente todas esas generosas recompensas?    <\/p>\n\n<p class=\"has-text-align-center has-small-font-size\">Lo descubrir\u00e1s en este pr\u00f3ximo entrenamiento, que antes era s\u00f3lo para nuestros miembros m\u00e1s activos, y ahora, porque la empresa quiere apoyarte, t\u00fa tambi\u00e9n tienes acceso a esta grabaci\u00f3n, as\u00ed que a qu\u00e9 esperas, \u00a1aprov\u00e9chalo! \ud83d\ude42  <\/p>\n\n<div class=\"wp-block-buttons is-content-justification-center is-layout-flex wp-container-core-buttons-is-layout-a89b3969 wp-block-buttons-is-layout-flex\">\n<div class=\"wp-block-button\"><a class=\"wp-block-button__link wp-element-button\" href=\"https:\/\/cloud.harmonelo.com\/apps\/sharingpath\/mkarmazin\/HARMONELO\/RECORDINGS\/CZ%20+%20SK\/MLM%20&amp;%20KOMPENZA%C4%8CN%C3%8D%20PL%C3%81N\/Marketing%20Harmonelo%2022.3.2026.mp4\" target=\"_blank\" rel=\"noreferrer noopener\">QUIERO SABER POR QU\u00c9 EL MARKETING DE HARMONELO ES EL MEJOR<\/a><\/div>\n<\/div>\n\n<hr class=\"wp-block-separator has-alpha-channel-opacity is-style-wide\"\/>\n\n<hr class=\"wp-block-separator has-alpha-channel-opacity is-style-wide\"\/>\n\n<h1 class=\"wp-block-heading has-text-align-center\" style=\"margin-top:var(--wp--preset--spacing--medium);margin-right:var(--wp--preset--spacing--medium);margin-bottom:var(--wp--preset--spacing--medium);margin-left:var(--wp--preset--spacing--medium)\"><em>CURSO MLM &#8211; 8 PASOS PARA CONSTRUIR UNA RED (BIBLIA MLM DE LA \u00abA\u00bb A LA \u00abZ\u00bb)<\/em><\/h1>\n\n<figure class=\"wp-block-image size-large\"><a href=\"https:\/\/harmonelo.com\/cs\/products\/MLM_SYSTEM\" target=\"_blank\" rel=\"noreferrer noopener\"><img loading=\"lazy\" decoding=\"async\" width=\"1024\" height=\"857\" src=\"https:\/\/marketing.harmonelo.io\/wp-content\/uploads\/2026\/04\/Snimek-obrazovky-2026-04-24-v-10.01.09-1024x857.png\" alt=\"\" class=\"wp-image-1838466\" srcset=\"https:\/\/marketing.harmonelo.io\/wp-content\/uploads\/2026\/04\/Snimek-obrazovky-2026-04-24-v-10.01.09-1024x857.png 1024w, https:\/\/marketing.harmonelo.io\/wp-content\/uploads\/2026\/04\/Snimek-obrazovky-2026-04-24-v-10.01.09-300x251.png 300w, https:\/\/marketing.harmonelo.io\/wp-content\/uploads\/2026\/04\/Snimek-obrazovky-2026-04-24-v-10.01.09-768x643.png 768w, https:\/\/marketing.harmonelo.io\/wp-content\/uploads\/2026\/04\/Snimek-obrazovky-2026-04-24-v-10.01.09-1536x1285.png 1536w, https:\/\/marketing.harmonelo.io\/wp-content\/uploads\/2026\/04\/Snimek-obrazovky-2026-04-24-v-10.01.09.png 1678w\" sizes=\"auto, (max-width: 1024px) 100vw, 1024px\" \/><\/a><\/figure>\n\n<h2 class=\"wp-block-heading has-text-align-center\">\u00bfQu\u00e9 te ense\u00f1ar\u00e1 este videocurso de 11 horas?<\/h2>\n\n<h2 class=\"wp-block-heading has-text-align-center\">(8 pasos b\u00e1sicos de MLM):<\/h2>\n\n<ol class=\"wp-block-list\">\n<li>Por qu\u00e9 el MLM es una de las pocas oportunidades para la mayor\u00eda de la gente hoy en d\u00eda<\/li>\n\n\n\n<li>C\u00f3mo establecer las expectativas\/estrategia adecuadas<\/li>\n\n\n\n<li>De d\u00f3nde sacamos los contactos adecuados y para que no se nos acaben<\/li>\n\n\n\n<li>C\u00f3mo tratar correctamente los contactos fr\u00edos y calientes, ejemplos<\/li>\n\n\n\n<li>C\u00f3mo presentar adecuadamente la oportunidad y los productos<\/li>\n\n\n\n<li>C\u00f3mo hacer contactos despu\u00e9s de una presentaci\u00f3n SIN presiones<\/li>\n\n\n\n<li>C\u00f3mo ense\u00f1ar a los reci\u00e9n llegados, c\u00f3mo empezar correctamente, qu\u00e9 hacer<\/li>\n\n\n\n<li>\u00bfC\u00f3mo se construye una red para que haya duplicaci\u00f3n y crecimiento constante?<\/li>\n<\/ol>\n\n<h3 class=\"wp-block-heading has-text-align-center\"><strong>Extracto del 1er m\u00f3dulo del curso MLM OTHER way: <\/strong><a href=\"https:\/\/youtu.be\/adfCGON5Wkw\"><strong>https:\/\/youtu.be\/adfCGON5Wkw<\/strong><\/a><\/h3>\n\n<p style=\"margin-top:var(--wp--preset--spacing--20);margin-right:0;margin-bottom:var(--wp--preset--spacing--20);margin-left:0\">Toma este atajo y construye bien tu negocio desde el principio.<\/p>\n\n<p class=\"has-text-align-center\">Aprende de los triunfadores y benef\u00edciate de 11 horas de conocimientos directamente de nuestro Director Comercial Michal Karmaz\u00edn.  <\/p>\n\n<div class=\"wp-block-buttons is-content-justification-center is-layout-flex wp-container-core-buttons-is-layout-a89b3969 wp-block-buttons-is-layout-flex\">\n<div class=\"wp-block-button\"><a class=\"wp-block-button__link wp-element-button\" href=\"https:\/\/harmonelo.com\/cs\/products\/MLM_SYSTEM\" target=\"_blank\" rel=\"noreferrer noopener\">QUIERO DOMINAR EL ARTE DE MLM &#8211; VIDEO CURSO QUIERO MLM (CZ)<\/a><\/div>\n<\/div>\n\n<hr class=\"wp-block-separator has-alpha-channel-opacity is-style-wide\"\/>\n\n<h1 class=\"wp-block-heading has-text-align-center\"><em>\u00bfC\u00d3MO GENERAR UNOS INGRESOS ESTABLES?  <\/em><\/h1>\n\n<hr class=\"wp-block-separator has-alpha-channel-opacity\"\/>\n\n<h1 class=\"wp-block-heading has-text-align-center\">\u00a1LA RESPUESTA ES EL SISTEMA MLM!<\/h1>\n\n<p class=\"has-text-align-center\">Harmonelo consiste en <mark style=\"background-color:rgba(0, 0, 0, 0)\" class=\"has-inline-color has-primary-color\">equilibrar<\/mark> varios \u00e1mbitos de la vida. Nos ocupamos de armonizar la salud <mark style=\"background-color:rgba(0, 0, 0, 0)\" class=\"has-inline-color has-primary-color\">f\u00edsica<\/mark> y <mark style=\"background-color:rgba(0, 0, 0, 0)\" class=\"has-inline-color has-primary-color\">mental<\/mark>, as\u00ed como la <mark style=\"background-color:rgba(0, 0, 0, 0)\" class=\"has-inline-color has-primary-color\">financiera<\/mark>.<\/p>\n\n<p class=\"has-text-align-center\">Tienes una oportunidad realmente \u00fanica de obtener muchos consejos valiosos de nuestro Director de Ventas <strong><mark style=\"background-color:rgba(0, 0, 0, 0)\" class=\"has-inline-color has-primary-color\">Michal Karmaz\u00edn<\/mark><\/strong> que te aconsejar\u00e1 <mark style=\"background-color:rgba(0, 0, 0, 0)\" class=\"has-inline-color has-primary-color\">\u00abc\u00f3mo hacerlo\u00bb<\/mark> en su gran <strong>SISTEMA MLM<\/strong>.  <\/p>\n\n<p class=\"has-text-align-center\">Estar\u00e1s un paso m\u00e1s cerca de la INDEPENDENCIA FINANCIERA. Cr\u00e9ame, este curso merece la pena.<\/p>\n\n<figure class=\"wp-block-embed is-type-video is-provider-youtube wp-block-embed-youtube wp-embed-aspect-16-9 wp-has-aspect-ratio\"><div class=\"wp-block-embed__wrapper\">\n<iframe loading=\"lazy\" title=\"MODUL 1\" width=\"500\" height=\"281\" src=\"https:\/\/www.youtube.com\/embed\/PuFtedaOfjE?feature=oembed\" frameborder=\"0\" allow=\"accelerometer; autoplay; clipboard-write; encrypted-media; gyroscope; picture-in-picture; web-share\" referrerpolicy=\"strict-origin-when-cross-origin\" allowfullscreen><\/iframe>\n<\/div><\/figure>\n\n<p class=\"has-text-align-center\">Puedes comprarlo en su <mark style=\"background-color:rgba(0, 0, 0, 0)\" class=\"has-inline-color has-primary-color\">tienda electr\u00f3nica<\/mark>. No espere m\u00e1s y comience <mark style=\"background-color:rgba(0, 0, 0, 0)\" class=\"has-inline-color has-primary-color\">HOY<\/mark> su formaci\u00f3n.<\/p>\n\n<p class=\"has-text-align-center\">Este gran <mark style=\"background-color:rgba(0, 0, 0, 0)\" class=\"has-inline-color has-primary-color\">tr\u00e1iler<\/mark> se ha traducido a estos idiomas:<\/p>\n\n<p class=\"has-text-align-center\">CZ, SK, EN, DE, HU, RO, IT, ES, FR, PL, BG, GR, RU<\/p>\n\n<p class=\"has-text-align-center\">Lamentablemente, por ahora todo el curso s\u00f3lo est\u00e1 disponible en CZ, pero no s\u00f3lo para el mercado nacional sino tambi\u00e9n para el extranjero tenemos una <strong>generaci\u00f3n completamente nueva de educaci\u00f3n que admite m\u00e1s de 90 idiomas<\/strong> &#8211; \u00a1demos la bienvenida a EDU SYSTEM 2.0 con tu patrocinador privado de IA Harmonelo, que nunca duerme y que lo sabe absolutamente todo!<\/p>\n\n<h1 class=\"wp-block-heading has-text-align-center\"><em>PERSONAL<\/em> <em>PATROCINADOR AI &#8211; TU LLAVE AL CONOCIMIENTO COMPLETO DEL MUNDO DE HARMONELO <\/em> <\/h1>\n\n<figure class=\"wp-block-image aligncenter size-full is-resized\"><a href=\"https:\/\/harmonelo.com\/cs\/products\/CHATBOT\" target=\"_blank\" rel=\" noreferrer noopener\"><img loading=\"lazy\" decoding=\"async\" width=\"1280\" height=\"1024\" src=\"https:\/\/marketing.harmonelo.io\/wp-content\/uploads\/2026\/04\/ChatGPT-Image-27.-3.-2026-14_08_21.png\" alt=\"\" class=\"wp-image-1838480\" style=\"width:600px;height:undefinedpx\" srcset=\"https:\/\/marketing.harmonelo.io\/wp-content\/uploads\/2026\/04\/ChatGPT-Image-27.-3.-2026-14_08_21.png 1280w, https:\/\/marketing.harmonelo.io\/wp-content\/uploads\/2026\/04\/ChatGPT-Image-27.-3.-2026-14_08_21-300x240.png 300w, https:\/\/marketing.harmonelo.io\/wp-content\/uploads\/2026\/04\/ChatGPT-Image-27.-3.-2026-14_08_21-1024x819.png 1024w, https:\/\/marketing.harmonelo.io\/wp-content\/uploads\/2026\/04\/ChatGPT-Image-27.-3.-2026-14_08_21-768x614.png 768w\" sizes=\"auto, (max-width: 1280px) 100vw, 1280px\" \/><\/a><\/figure>\n\n<p class=\"has-text-align-center\">Desbloquea el poder de la IA adaptada a tu negocio. Obt\u00e9n acceso instant\u00e1neo a nuestro chatbot m\u00e1s avanzado dedicado a los negocios de Harmonelo y MLM.   <\/p>\n\n<p class=\"has-text-align-center\">Nuestro Patrocinador AI ha sido formado en todo lo que puedas necesitar en el negocio de Harmonelo &#8211; \u00a1no s\u00f3lo conoce todos los productos, todo el plan de compensaci\u00f3n, sino tambi\u00e9n c\u00f3mo construir adecuadamente una red de negocio de duplicaci\u00f3n constante!  <\/p>\n\n<p class=\"has-text-align-center\">En pocas palabras, la IA Patrocinadora del SISTEMA EDU 2.0 lo sabe todo sobre el mundo de Harmonelo y, adem\u00e1s, \u00a1nunca deja de aprender!  <\/p>\n\n<div class=\"wp-block-buttons is-content-justification-center is-layout-flex wp-container-core-buttons-is-layout-a89b3969 wp-block-buttons-is-layout-flex\">\n<div class=\"wp-block-button\"><a class=\"wp-block-button__link wp-element-button\" href=\"https:\/\/harmonelo.com\/cs\/products\/CHATBOT\" target=\"_blank\" rel=\"noreferrer noopener\">QUIERO A MI PADRINO AI Y CON EL CONSTRUIR TODA EUROPA<\/a><\/div>\n<\/div>\n\n<p class=\"has-text-align-center\">Esta suscripci\u00f3n digital te ofrece asistencia las 24 horas del d\u00eda para ayudarte a resolver consultas complejas y aumentar tu productividad al instante.  <\/p>\n\n<p class=\"has-text-align-center\">Es compatible con m\u00e1s de 90 idiomas y te ofrece la oportunidad de crear un negocio internacional sin barreras ling\u00fc\u00edsticas.  <\/p>\n\n<p class=\"has-text-align-center\">Toda Europa est\u00e1 ahora al alcance de tu mano.  <\/p>\n\n<p class=\"has-text-align-center\">Incluso sin conocimientos ling\u00fc\u00edsticos.<\/p>\n","protected":false},"excerpt":{"rendered":"<p>LAS GRABACIONES DE LOS LIVESTREAMS PROFESIONALES QUE YA HAN TENIDO LUGAR SE PUEDEN ENCONTRAR EN LA OFICINA COMO GRABACIONES VIP (80+ PV) DEGUSTACI\u00d3N GRATUITA DE VIP RECORDS: EL PLAN DE COMPENSACI\u00d3N QUE HIZO POSIBLE M\u00c1S DE 100 MILLONARIOS Si un comerciante no puede ganar dinero y mantenerse a s\u00ed mismo, entonces no puede dedicarse a [&hellip;]<\/p>\n","protected":false},"author":2,"featured_media":0,"parent":0,"menu_order":0,"comment_status":"closed","ping_status":"closed","template":"","meta":{"_eb_attr":"","footnotes":""},"class_list":["post-1806065","page","type-page","status-publish","hentry"],"_links":{"self":[{"href":"https:\/\/marketing.harmonelo.io\/es\/wp-json\/wp\/v2\/pages\/1806065","targetHints":{"allow":["GET"]}}],"collection":[{"href":"https:\/\/marketing.harmonelo.io\/es\/wp-json\/wp\/v2\/pages"}],"about":[{"href":"https:\/\/marketing.harmonelo.io\/es\/wp-json\/wp\/v2\/types\/page"}],"author":[{"embeddable":true,"href":"https:\/\/marketing.harmonelo.io\/es\/wp-json\/wp\/v2\/users\/2"}],"replies":[{"embeddable":true,"href":"https:\/\/marketing.harmonelo.io\/es\/wp-json\/wp\/v2\/comments?post=1806065"}],"version-history":[{"count":165,"href":"https:\/\/marketing.harmonelo.io\/es\/wp-json\/wp\/v2\/pages\/1806065\/revisions"}],"predecessor-version":[{"id":1838650,"href":"https:\/\/marketing.harmonelo.io\/es\/wp-json\/wp\/v2\/pages\/1806065\/revisions\/1838650"}],"wp:attachment":[{"href":"https:\/\/marketing.harmonelo.io\/es\/wp-json\/wp\/v2\/media?parent=1806065"}],"curies":[{"name":"wp","href":"https:\/\/api.w.org\/{rel}","templated":true}]}}