{"id":1804864,"date":"2023-04-12T10:59:49","date_gmt":"2023-04-12T08:59:49","guid":{"rendered":"https:\/\/marketing.harmonelo.io\/%e2%9c%a8-muesli-que-le-encantara-a-tu-microbioma\/"},"modified":"2024-02-26T22:56:57","modified_gmt":"2024-02-26T21:56:57","slug":"%e2%9c%a8-muesli-que-le-encantara-a-tu-microbioma","status":"publish","type":"page","link":"https:\/\/marketing.harmonelo.io\/es\/%e2%9c%a8-muesli-que-le-encantara-a-tu-microbioma\/","title":{"rendered":"\u2728 Muesli que le encantar\u00e1 a tu microbioma"},"content":{"rendered":"\n<figure class=\"wp-block-image size-large\"><img loading=\"lazy\" decoding=\"async\" width=\"1024\" height=\"1024\" src=\"https:\/\/marketing.harmonelo.io\/wp-content\/uploads\/2023\/04\/version1uuidD5F9E477-ACC1-4087-ACFD-1B70E5597FBAmodecompatiblenoloc0.jpeg-1024x1024.jpg\" alt=\"\" class=\"wp-image-1333216\" srcset=\"https:\/\/marketing.harmonelo.io\/wp-content\/uploads\/2023\/04\/version1uuidD5F9E477-ACC1-4087-ACFD-1B70E5597FBAmodecompatiblenoloc0.jpeg-1024x1024.jpg 1024w, https:\/\/marketing.harmonelo.io\/wp-content\/uploads\/2023\/04\/version1uuidD5F9E477-ACC1-4087-ACFD-1B70E5597FBAmodecompatiblenoloc0.jpeg-300x300.jpg 300w, https:\/\/marketing.harmonelo.io\/wp-content\/uploads\/2023\/04\/version1uuidD5F9E477-ACC1-4087-ACFD-1B70E5597FBAmodecompatiblenoloc0.jpeg-150x150.jpg 150w, https:\/\/marketing.harmonelo.io\/wp-content\/uploads\/2023\/04\/version1uuidD5F9E477-ACC1-4087-ACFD-1B70E5597FBAmodecompatiblenoloc0.jpeg-768x768.jpg 768w, https:\/\/marketing.harmonelo.io\/wp-content\/uploads\/2023\/04\/version1uuidD5F9E477-ACC1-4087-ACFD-1B70E5597FBAmodecompatiblenoloc0.jpeg-12x12.jpg 12w, https:\/\/marketing.harmonelo.io\/wp-content\/uploads\/2023\/04\/version1uuidD5F9E477-ACC1-4087-ACFD-1B70E5597FBAmodecompatiblenoloc0.jpeg.jpg 1200w\" sizes=\"auto, (max-width: 1024px) 100vw, 1024px\" \/><\/figure>\n\n<p><\/p>\n\n<h2 class=\"wp-block-heading\">Ingredientes:<\/h2>\n\n<ul class=\"wp-block-list\">\n<li>4 manzanas (sin pelar, cortadas en trozos m\u00e1s peque\u00f1os)<\/li>\n\n\n\n<li>2 tazas de k\u00e9fir sin az\u00facar<\/li>\n\n\n\n<li>1\/2 taza de copos de cereales<\/li>\n\n\n\n<li>1\/4 taza de nueces picadas<\/li>\n\n\n\n<li>2 cucharadas de linaza molida<\/li>\n\n\n\n<li>2 cucharadas de zumo de lim\u00f3n<\/li>\n\n\n\n<li>1\/4 cucharadita de nuez moscada<\/li>\n\n\n\n<li>1\/4 cucharadita de sal<\/li>\n\n\n\n<li>jarabe de achicoria para aromatizar<\/li>\n\n\n\n<li>20 ml Harmonelo Vitalidad<\/li>\n<\/ul>\n\n<h2 class=\"wp-block-heading\">\ud83d\udd38Progreso:  <\/h2>\n\n<ul class=\"wp-block-list\">\n<li>Mezcle las manzanas troceadas con el k\u00e9fir, los copos, las nueces, la linaza, el zumo de lim\u00f3n, la nuez moscada, la sal y Harmonel Vitality. Gu\u00e1rdelo en el frigor\u00edfico toda la noche. Servir ligeramente rociado con sirope de achicoria.<\/li>\n<\/ul>\n\n<p><strong><mark style=\"background-color:rgba(0, 0, 0, 0)\" class=\"has-inline-color has-primary-color\">\ud83d\udca1\u00a1De esta forma el<em>muesli preparado durar\u00e1 varios d\u00edas en la nevera!<\/em><\/mark><\/strong><\/p>\n\n<p class=\"has-text-align-center\">\u00a1Hag\u00e1moslo con gusto! Espero que este desayuno equilibrado nutricionalmente y que te ahorra tiempo te haya alegrado el d\u00eda \ud83c\udf1e.<\/p>\n\n<div class=\"wp-block-buttons is-content-justification-center is-layout-flex wp-container-core-buttons-is-layout-a89b3969 wp-block-buttons-is-layout-flex\">\n<div class=\"wp-block-button\"><a class=\"wp-block-button__link has-text-align-center wp-element-button\" href=\"https:\/\/harmonelo.com\/harmonelo-vitality-d513\/\" target=\"_blank\" rel=\"noreferrer noopener\">ME INTERESA EL HARMONELO VITALITY<\/a><\/div>\n<\/div>\n","protected":false},"excerpt":{"rendered":"<p>Ingredientes: \ud83d\udd38Progreso: \ud83d\udca1\u00a1De esta forma elmuesli preparado durar\u00e1 varios d\u00edas en la nevera! \u00a1Hag\u00e1moslo con gusto! Espero que este desayuno equilibrado nutricionalmente y que te ahorra tiempo te haya alegrado el d\u00eda \ud83c\udf1e.<\/p>\n","protected":false},"author":5,"featured_media":0,"parent":0,"menu_order":0,"comment_status":"closed","ping_status":"closed","template":"","meta":{"_eb_attr":"","footnotes":""},"class_list":["post-1804864","page","type-page","status-publish","hentry"],"_links":{"self":[{"href":"https:\/\/marketing.harmonelo.io\/es\/wp-json\/wp\/v2\/pages\/1804864","targetHints":{"allow":["GET"]}}],"collection":[{"href":"https:\/\/marketing.harmonelo.io\/es\/wp-json\/wp\/v2\/pages"}],"about":[{"href":"https:\/\/marketing.harmonelo.io\/es\/wp-json\/wp\/v2\/types\/page"}],"author":[{"embeddable":true,"href":"https:\/\/marketing.harmonelo.io\/es\/wp-json\/wp\/v2\/users\/5"}],"replies":[{"embeddable":true,"href":"https:\/\/marketing.harmonelo.io\/es\/wp-json\/wp\/v2\/comments?post=1804864"}],"version-history":[{"count":1,"href":"https:\/\/marketing.harmonelo.io\/es\/wp-json\/wp\/v2\/pages\/1804864\/revisions"}],"predecessor-version":[{"id":1804868,"href":"https:\/\/marketing.harmonelo.io\/es\/wp-json\/wp\/v2\/pages\/1804864\/revisions\/1804868"}],"wp:attachment":[{"href":"https:\/\/marketing.harmonelo.io\/es\/wp-json\/wp\/v2\/media?parent=1804864"}],"curies":[{"name":"wp","href":"https:\/\/api.w.org\/{rel}","templated":true}]}}