{"id":1804847,"date":"2023-04-05T16:27:28","date_gmt":"2023-04-05T14:27:28","guid":{"rendered":"https:\/\/marketing.harmonelo.io\/especial-de-pascua%f0%9f%a5%9a\/"},"modified":"2024-02-26T22:56:56","modified_gmt":"2024-02-26T21:56:56","slug":"especial-de-pascua%f0%9f%a5%9a","status":"publish","type":"page","link":"https:\/\/marketing.harmonelo.io\/es\/especial-de-pascua%f0%9f%a5%9a\/","title":{"rendered":"Especial de Pascua\ud83e\udd5a"},"content":{"rendered":"\n<hr class=\"wp-block-separator has-alpha-channel-opacity\"\/>\n\n<p class=\"has-text-align-center has-large-font-size\">\ud83d\udc9b\ud83d\udc9c\ud83d\udc9a<\/p>\n\n<p class=\"has-text-align-center\">La Pascua ya est\u00e1 aqu\u00ed. Por este motivo, hemos preparado un n\u00famero especial dedicado a la Semana Santa.  <em><mark style=\"background-color:rgba(0, 0, 0, 0)\" class=\"has-inline-color has-primary-color\">\u00bfSabes cu\u00e1nto tiempo hay que conservar los huevos cocidos?<\/mark><\/em> <em><mark style=\"background-color:rgba(0, 0, 0, 0)\" class=\"has-inline-color has-primary-color\">\u00bfC\u00f3mo puedes te\u00f1ir tus propios huevos en casa utilizando componentes naturales?<\/mark><\/em> <em><mark style=\"background-color:rgba(0, 0, 0, 0)\" class=\"has-inline-color has-primary-color\">\u00bfCon qu\u00e9 puede sorprender este a\u00f1o a los que piden dulces?<\/mark> <\/em>Esto y mucho m\u00e1s se puede encontrar en este post.<\/p>\n\n<figure class=\"wp-block-image size-large\"><img loading=\"lazy\" decoding=\"async\" width=\"1024\" height=\"1024\" src=\"https:\/\/marketing.harmonelo.io\/wp-content\/uploads\/2023\/04\/IMG_1138-1024x1024.png\" alt=\"\" class=\"wp-image-1245900\" srcset=\"https:\/\/marketing.harmonelo.io\/wp-content\/uploads\/2023\/04\/IMG_1138-1024x1024.png 1024w, https:\/\/marketing.harmonelo.io\/wp-content\/uploads\/2023\/04\/IMG_1138-300x300.png 300w, https:\/\/marketing.harmonelo.io\/wp-content\/uploads\/2023\/04\/IMG_1138-150x150.png 150w, https:\/\/marketing.harmonelo.io\/wp-content\/uploads\/2023\/04\/IMG_1138-768x768.png 768w, https:\/\/marketing.harmonelo.io\/wp-content\/uploads\/2023\/04\/IMG_1138-12x12.png 12w, https:\/\/marketing.harmonelo.io\/wp-content\/uploads\/2023\/04\/IMG_1138.png 1080w\" sizes=\"auto, (max-width: 1024px) 100vw, 1024px\" \/><\/figure>\n\n<h1 class=\"wp-block-heading has-text-align-center\"><strong>\n  <mark style=\"background-color:rgba(0, 0, 0, 0)\" class=\"has-inline-color has-primary-color\">C\u00f3mo te\u00f1ir los huevos utilizando componentes naturales?<\/mark>\n<\/strong>\ud83e\udd5a<\/h1>\n\n<p>Hay todo tipo de tintes para huevos por todas partes. Pero \u00bfsab\u00eda que puede decorar sus huevos desde la comodidad de su casa y utilizar componentes en los que quiz\u00e1 no hubiera pensado en un principio?<\/p>\n\n<h2 class=\"wp-block-heading has-text-align-center\">C\u00f3mo se hace eso? \ud83d\udd11<\/h2>\n\n<p class=\"has-text-align-center\">\ud83e\udd5a En primer lugar, hay que limpiar y lavar (desengrasar) cada huevo antes de te\u00f1irlo. Por ejemplo, puedes utilizar un l\u00edquido lavavajillas o una combinaci\u00f3n de agua tibia y sosa como ayuda. Estos pasos garantizar\u00e1n que el color deseado se fije mejor en el huevo. Ahora s\u00f3lo tienes que elegir el color final que prefieras.  <\/p>\n\n<ol class=\"wp-block-list\">\n<li><mark style=\"background-color:rgba(0, 0, 0, 0)\" class=\"has-inline-color has-primary-color\"><strong>CEBOLLA<\/strong>:<\/mark> La piel de <mark style=\"background-color:rgba(0, 0, 0, 0)\" class=\"has-inline-color has-primary-color\">la cebolla<\/mark> puede dar a los huevos un bonito color marr\u00f3n caramelo.<\/li>\n\n\n\n<li><strong>\n  <mark style=\"background-color:rgba(0, 0, 0, 0)\" class=\"has-inline-color has-primary-color\">KURKUM<\/mark>\n<\/strong><mark style=\"background-color:rgba(0, 0, 0, 0)\" class=\"has-inline-color has-primary-color\"><strong>R<\/strong>: <\/mark>Con la c\u00farcuma se puede conseguir un tono amarillo caramelo a juego.  <\/li>\n\n\n\n<li><mark style=\"background-color:rgba(0, 0, 0, 0)\" class=\"has-inline-color has-primary-color\">\n  <strong>ORO ROJO:<\/strong>\n<\/mark> La col lombarda le ayudar\u00e1 a conjurar un sorprendente tono de azul.<\/li>\n\n\n\n<li><mark style=\"background-color:rgba(0, 0, 0, 0)\" class=\"has-inline-color has-primary-color\"><strong>L\u00cdNEA ROJA<\/strong>: <\/mark>En este caso conseguir\u00e1s un bonito color rojo.<\/li>\n\n\n\n<li><strong>\n  <mark style=\"background-color:rgba(0, 0, 0, 0)\" class=\"has-inline-color has-primary-color\">PETR\u017dEL: <\/mark>\n<\/strong>Con perejil puedes conseguir un bonito tono verde.<\/li>\n<\/ol>\n\n<p class=\"has-text-align-center\">Ponga cualquier componente que desee para colorear los huevos (pieles de cebolla, c\u00farcuma, etc.) en la olla y c\u00fabrala con 700-800 ml de agua. A\u00f1adir 2 cucharadas de vinagre y una pizca de sal. A continuaci\u00f3n, llevar a ebullici\u00f3n. A continuaci\u00f3n, a\u00f1ade los huevos que quieras colorear y cu\u00e9celos durante 10 minutos. Retirar del fuego y dejar los huevos en el agua desglasada hasta que se enfr\u00eden. Seguro que los colores resultantes te encantar\u00e1n tanto como a nosotros \ud83d\udc9b\ud83d\udc9c\ud83d\udc9a.<\/p>\n\n<div style=\"height:30px\" aria-hidden=\"true\" class=\"wp-block-spacer\"><\/div>\n\n<figure class=\"wp-block-image size-large\"><img loading=\"lazy\" decoding=\"async\" width=\"1024\" height=\"684\" src=\"https:\/\/marketing.harmonelo.io\/wp-content\/uploads\/2023\/04\/pexels-ksenia-chernaya-3980600-1024x684.jpg\" alt=\"\" class=\"wp-image-1245905\" srcset=\"https:\/\/marketing.harmonelo.io\/wp-content\/uploads\/2023\/04\/pexels-ksenia-chernaya-3980600-1024x684.jpg 1024w, https:\/\/marketing.harmonelo.io\/wp-content\/uploads\/2023\/04\/pexels-ksenia-chernaya-3980600-300x200.jpg 300w, https:\/\/marketing.harmonelo.io\/wp-content\/uploads\/2023\/04\/pexels-ksenia-chernaya-3980600-768x513.jpg 768w, https:\/\/marketing.harmonelo.io\/wp-content\/uploads\/2023\/04\/pexels-ksenia-chernaya-3980600-1536x1025.jpg 1536w, https:\/\/marketing.harmonelo.io\/wp-content\/uploads\/2023\/04\/pexels-ksenia-chernaya-3980600-2048x1367.jpg 2048w, https:\/\/marketing.harmonelo.io\/wp-content\/uploads\/2023\/04\/pexels-ksenia-chernaya-3980600-18x12.jpg 18w\" sizes=\"auto, (max-width: 1024px) 100vw, 1024px\" \/><\/figure>\n\n<div style=\"height:20px\" aria-hidden=\"true\" class=\"wp-block-spacer\"><\/div>\n\n<h1 class=\"wp-block-heading has-text-align-center\">C\u00f3mo conservar los huevos duros? \ud83d\udca1<\/h1>\n\n<ol class=\"wp-block-list\">\n<li>Incluso un huevo cocido tiene una vida \u00fatil limitada.<\/li>\n\n\n\n<li>A temperatura ambiente, la vida \u00fatil de los huevos cocidos disminuye r\u00e1pidamente. Su vida \u00fatil es de unos 2-3 d\u00edas.<\/li>\n\n\n\n<li>Sin embargo, los huevos pueden durar entre 7 y 14 d\u00edas en el frigor\u00edfico (si los enfr\u00edas despu\u00e9s de cocinarlos y los guardas en la nevera).<\/li>\n\n\n\n<li>Por supuesto, lo ideal es consumir o procesar los huevos lo antes posible.<\/li>\n<\/ol>\n\n<div style=\"height:27px\" aria-hidden=\"true\" class=\"wp-block-spacer\"><\/div>\n\n<figure class=\"wp-block-image size-large\"><img loading=\"lazy\" decoding=\"async\" width=\"1024\" height=\"683\" src=\"https:\/\/marketing.harmonelo.io\/wp-content\/uploads\/2023\/04\/pexels-roman-odintsov-6897341-1024x683.jpg\" alt=\"\" class=\"wp-image-1245904\" srcset=\"https:\/\/marketing.harmonelo.io\/wp-content\/uploads\/2023\/04\/pexels-roman-odintsov-6897341-1024x683.jpg 1024w, https:\/\/marketing.harmonelo.io\/wp-content\/uploads\/2023\/04\/pexels-roman-odintsov-6897341-300x200.jpg 300w, https:\/\/marketing.harmonelo.io\/wp-content\/uploads\/2023\/04\/pexels-roman-odintsov-6897341-768x512.jpg 768w, https:\/\/marketing.harmonelo.io\/wp-content\/uploads\/2023\/04\/pexels-roman-odintsov-6897341-1536x1024.jpg 1536w, https:\/\/marketing.harmonelo.io\/wp-content\/uploads\/2023\/04\/pexels-roman-odintsov-6897341-2048x1365.jpg 2048w, https:\/\/marketing.harmonelo.io\/wp-content\/uploads\/2023\/04\/pexels-roman-odintsov-6897341-18x12.jpg 18w\" sizes=\"auto, (max-width: 1024px) 100vw, 1024px\" \/><\/figure>\n\n<h1 class=\"wp-block-heading has-text-align-center\">Con qu\u00e9 puedes sorprender este a\u00f1o a los que piden \u00abtruco o trato\u00bb? \ud83d\udca1<\/h1>\n\n<p class=\"has-text-align-center\">Este a\u00f1o, puedes deslumbrar a tus \u00abtruco o trato\u00bb con un gesto original. En lugar de huevos decorativos, un conejito de chocolate o un buen trago de slivovitz casero, puede ofrecer a su visitante la cantidad diaria recomendada de uno de nuestros suplementos l\u00edquidos. Especialmente aquellos que no han tenido el placer de Harmonelo antes, \u00a1seguro que estar\u00e1n <mark style=\"background-color:rgba(0, 0, 0, 0)\" class=\"has-inline-color has-primary-color\">encantados!<\/mark><\/p>\n\n<figure class=\"wp-block-image size-large\"><img loading=\"lazy\" decoding=\"async\" width=\"1024\" height=\"1024\" src=\"https:\/\/marketing.harmonelo.io\/wp-content\/uploads\/2023\/04\/37-1024x1024.jpg\" alt=\"\" class=\"wp-image-1245903\" srcset=\"https:\/\/marketing.harmonelo.io\/wp-content\/uploads\/2023\/04\/37-1024x1024.jpg 1024w, https:\/\/marketing.harmonelo.io\/wp-content\/uploads\/2023\/04\/37-300x300.jpg 300w, https:\/\/marketing.harmonelo.io\/wp-content\/uploads\/2023\/04\/37-150x150.jpg 150w, https:\/\/marketing.harmonelo.io\/wp-content\/uploads\/2023\/04\/37-768x768.jpg 768w, https:\/\/marketing.harmonelo.io\/wp-content\/uploads\/2023\/04\/37-12x12.jpg 12w, https:\/\/marketing.harmonelo.io\/wp-content\/uploads\/2023\/04\/37.jpg 1200w\" sizes=\"auto, (max-width: 1024px) 100vw, 1024px\" \/><\/figure>\n\n<div class=\"wp-block-buttons is-content-justification-center is-layout-flex wp-container-core-buttons-is-layout-a89b3969 wp-block-buttons-is-layout-flex\">\n<div class=\"wp-block-button\"><a class=\"wp-block-button__link wp-element-button\" href=\"https:\/\/harmonelo.com\/harmonelo-life-d512\/\" target=\"_blank\" rel=\"noreferrer noopener\">PRU\u00c9BALO CON HARMONELO LIFE<\/a><\/div>\n<\/div>\n\n<p class=\"has-text-align-center\">Su sabor agradable y equilibrado conquistar\u00e1 a m\u00e1s de uno.  <\/p>\n\n<p class=\"has-text-align-center has-large-font-size\">\ud83d\udc9b\ud83d\udc9c\ud83d\udc9a<\/p>\n","protected":false},"excerpt":{"rendered":"<p>\ud83d\udc9b\ud83d\udc9c\ud83d\udc9a La Pascua ya est\u00e1 aqu\u00ed. Por este motivo, hemos preparado un n\u00famero especial dedicado a la Semana Santa. \u00bfSabes cu\u00e1nto tiempo hay que conservar los huevos cocidos? \u00bfC\u00f3mo puedes te\u00f1ir tus propios huevos en casa utilizando componentes naturales? \u00bfCon qu\u00e9 puede sorprender este a\u00f1o a los que piden dulces? Esto y mucho m\u00e1s se [&hellip;]<\/p>\n","protected":false},"author":5,"featured_media":0,"parent":0,"menu_order":0,"comment_status":"closed","ping_status":"closed","template":"","meta":{"_eb_attr":"","footnotes":""},"class_list":["post-1804847","page","type-page","status-publish","hentry"],"_links":{"self":[{"href":"https:\/\/marketing.harmonelo.io\/es\/wp-json\/wp\/v2\/pages\/1804847","targetHints":{"allow":["GET"]}}],"collection":[{"href":"https:\/\/marketing.harmonelo.io\/es\/wp-json\/wp\/v2\/pages"}],"about":[{"href":"https:\/\/marketing.harmonelo.io\/es\/wp-json\/wp\/v2\/types\/page"}],"author":[{"embeddable":true,"href":"https:\/\/marketing.harmonelo.io\/es\/wp-json\/wp\/v2\/users\/5"}],"replies":[{"embeddable":true,"href":"https:\/\/marketing.harmonelo.io\/es\/wp-json\/wp\/v2\/comments?post=1804847"}],"version-history":[{"count":1,"href":"https:\/\/marketing.harmonelo.io\/es\/wp-json\/wp\/v2\/pages\/1804847\/revisions"}],"predecessor-version":[{"id":1804849,"href":"https:\/\/marketing.harmonelo.io\/es\/wp-json\/wp\/v2\/pages\/1804847\/revisions\/1804849"}],"wp:attachment":[{"href":"https:\/\/marketing.harmonelo.io\/es\/wp-json\/wp\/v2\/media?parent=1804847"}],"curies":[{"name":"wp","href":"https:\/\/api.w.org\/{rel}","templated":true}]}}